{"id":11784,"date":"2024-04-20T02:50:08","date_gmt":"2024-04-20T02:50:08","guid":{"rendered":"https:\/\/www.lastchance.deals\/dk\/produkt\/moebel-sofa-sengeben-101b-4-stykker-sort-2\/"},"modified":"2025-03-24T12:18:59","modified_gmt":"2025-03-24T12:18:59","slug":"moebel-sofa-sengeben-101b-4-stykker-sort-2","status":"publish","type":"product","link":"https:\/\/last-chance.dk\/?product=moebel-sofa-sengeben-101b-4-stykker-sort-2","title":{"rendered":"M\u00f8bel \/ sofa \/ sengeben 101B, 4 stykker sort"},"content":{"rendered":"<p>Er du p\u00e5 udkig efter en nem og billig m\u00e5de at forny dit m\u00f8bel, sofa eller seng? S\u00e5 er disse sengeben fra ForrestDecor lige noget for dig! De er lavet af plast i en flot sort farve, der passer til enhver stil. De har en dimension p\u00e5 145x145x50mm og kommer i et s\u00e6t af 4 stykker. Du kan nemt montere dem p\u00e5 dit m\u00f8bel med de medf\u00f8lgende skruer og beslag. Disse sengeben vil give dit m\u00f8bel et l\u00f8ft og skabe mere plads under det. De er ogs\u00e5 holdbare og lette at reng\u00f8re. Bestil dem i dag og giv dit m\u00f8bel et nyt look!<\/p>\n<p><\/p>\n<p>Leveringstid: Leveringstid 1 uge<br \/>\nMateriale: plast<br \/>\nFarve: sort<br \/>\nDimensioner: 150x150x50mm<br \/>\nBel\u00f8b: 4<br \/>\nFabrikant: ForrestDecor<\/p>\n","protected":false},"excerpt":{"rendered":"<p>Er du p\u00e5 udkig efter en nem og billig m\u00e5de at forny dit m\u00f8bel, sofa eller seng? S\u00e5 er disse sengeben fra ForrestDecor lige noget for dig! De er lavet af plast i en flot sort farve, der passer til enhver stil. De har en dimension p\u00e5 145x145x50mm og kommer i et s\u00e6t af 4 [&hellip;]<\/p>\n","protected":false},"featured_media":11783,"comment_status":"open","ping_status":"closed","template":"","meta":[],"product_brand":[],"product_cat":[260],"product_tag":[],"class_list":{"0":"post-11784","1":"product","2":"type-product","3":"status-publish","4":"has-post-thumbnail","6":"product_cat-furniture-legs","8":"first","9":"instock","10":"shipping-taxable","11":"purchasable","12":"product-type-simple"},"yoast_head":"<!-- This site is optimized with the Yoast SEO plugin v24.8.1 - https:\/\/yoast.com\/wordpress\/plugins\/seo\/ -->\n<title>M\u00f8bel \/ sofa \/ sengeben 101B, 4 stykker sort - LASTCHANCE Deals | Danmark<\/title>\n<meta name=\"robots\" content=\"index, follow, max-snippet:-1, max-image-preview:large, max-video-preview:-1\" \/>\n<link rel=\"canonical\" href=\"https:\/\/last-chance.dk\/?product=moebel-sofa-sengeben-101b-4-stykker-sort-2\" \/>\n<meta property=\"og:locale\" content=\"da_DK\" \/>\n<meta property=\"og:type\" content=\"article\" \/>\n<meta property=\"og:title\" content=\"M\u00f8bel \/ sofa \/ sengeben 101B, 4 stykker sort - LASTCHANCE Deals | Danmark\" \/>\n<meta property=\"og:description\" content=\"Er du p\u00e5 udkig efter en nem og billig m\u00e5de at forny dit m\u00f8bel, sofa eller seng? S\u00e5 er disse sengeben fra ForrestDecor lige noget for dig! De er lavet af plast i en flot sort farve, der passer til enhver stil. De har en dimension p\u00e5 145x145x50mm og kommer i et s\u00e6t af 4 [&hellip;]\" \/>\n<meta property=\"og:url\" content=\"https:\/\/last-chance.dk\/?product=moebel-sofa-sengeben-101b-4-stykker-sort-2\" \/>\n<meta property=\"og:site_name\" content=\"LASTCHANCE Deals | Danmark\" \/>\n<meta property=\"article:modified_time\" content=\"2025-03-24T12:18:59+00:00\" \/>\n<meta property=\"og:image\" content=\"https:\/\/last-chance.dk\/wp-content\/uploads\/2024\/04\/sofa_leg_plastic_l_2.jpg\" \/>\n\t<meta property=\"og:image:width\" content=\"1200\" \/>\n\t<meta property=\"og:image:height\" content=\"800\" \/>\n\t<meta property=\"og:image:type\" content=\"image\/jpeg\" \/>\n<meta name=\"twitter:card\" content=\"summary_large_image\" \/>\n<meta name=\"twitter:label1\" content=\"Estimeret l\u00e6setid\" \/>\n\t<meta name=\"twitter:data1\" content=\"1 minut\" \/>\n<script type=\"application\/ld+json\" class=\"yoast-schema-graph\">{\"@context\":\"https:\/\/schema.org\",\"@graph\":[{\"@type\":\"WebPage\",\"@id\":\"https:\/\/last-chance.dk\/?product=moebel-sofa-sengeben-101b-4-stykker-sort-2\",\"url\":\"https:\/\/last-chance.dk\/?product=moebel-sofa-sengeben-101b-4-stykker-sort-2\",\"name\":\"M\u00f8bel \/ sofa \/ sengeben 101B, 4 stykker sort - LASTCHANCE Deals | Danmark\",\"isPartOf\":{\"@id\":\"https:\/\/last-chance.dk\/#website\"},\"primaryImageOfPage\":{\"@id\":\"https:\/\/last-chance.dk\/?product=moebel-sofa-sengeben-101b-4-stykker-sort-2#primaryimage\"},\"image\":{\"@id\":\"https:\/\/last-chance.dk\/?product=moebel-sofa-sengeben-101b-4-stykker-sort-2#primaryimage\"},\"thumbnailUrl\":\"https:\/\/last-chance.dk\/wp-content\/uploads\/2024\/04\/sofa_leg_plastic_l_2.jpg\",\"datePublished\":\"2024-04-20T02:50:08+00:00\",\"dateModified\":\"2025-03-24T12:18:59+00:00\",\"breadcrumb\":{\"@id\":\"https:\/\/last-chance.dk\/?product=moebel-sofa-sengeben-101b-4-stykker-sort-2#breadcrumb\"},\"inLanguage\":\"da-DK\",\"potentialAction\":[{\"@type\":\"ReadAction\",\"target\":[\"https:\/\/last-chance.dk\/?product=moebel-sofa-sengeben-101b-4-stykker-sort-2\"]}]},{\"@type\":\"ImageObject\",\"inLanguage\":\"da-DK\",\"@id\":\"https:\/\/last-chance.dk\/?product=moebel-sofa-sengeben-101b-4-stykker-sort-2#primaryimage\",\"url\":\"https:\/\/last-chance.dk\/wp-content\/uploads\/2024\/04\/sofa_leg_plastic_l_2.jpg\",\"contentUrl\":\"https:\/\/last-chance.dk\/wp-content\/uploads\/2024\/04\/sofa_leg_plastic_l_2.jpg\",\"width\":1200,\"height\":800},{\"@type\":\"BreadcrumbList\",\"@id\":\"https:\/\/last-chance.dk\/?product=moebel-sofa-sengeben-101b-4-stykker-sort-2#breadcrumb\",\"itemListElement\":[{\"@type\":\"ListItem\",\"position\":1,\"name\":\"Home\",\"item\":\"https:\/\/last-chance.dk\/\"},{\"@type\":\"ListItem\",\"position\":2,\"name\":\"M\u00f8bel \/ sofa \/ sengeben 101B, 4 stykker sort\"}]},{\"@type\":\"WebSite\",\"@id\":\"https:\/\/last-chance.dk\/#website\",\"url\":\"https:\/\/last-chance.dk\/\",\"name\":\"LASTCHANCE Deals | Danmark\",\"description\":\"LASTCHANCE Deals | Danmark\",\"publisher\":{\"@id\":\"https:\/\/last-chance.dk\/#organization\"},\"potentialAction\":[{\"@type\":\"SearchAction\",\"target\":{\"@type\":\"EntryPoint\",\"urlTemplate\":\"https:\/\/last-chance.dk\/?s={search_term_string}\"},\"query-input\":{\"@type\":\"PropertyValueSpecification\",\"valueRequired\":true,\"valueName\":\"search_term_string\"}}],\"inLanguage\":\"da-DK\"},{\"@type\":\"Organization\",\"@id\":\"https:\/\/last-chance.dk\/#organization\",\"name\":\"LASTCHANCE Deals | Danmark\",\"url\":\"https:\/\/last-chance.dk\/\",\"logo\":{\"@type\":\"ImageObject\",\"inLanguage\":\"da-DK\",\"@id\":\"https:\/\/last-chance.dk\/#\/schema\/logo\/image\/\",\"url\":\"https:\/\/last-chance.dk\/wp-content\/uploads\/2023\/10\/lastchancedeals_logo_dk_white.png\",\"contentUrl\":\"https:\/\/last-chance.dk\/wp-content\/uploads\/2023\/10\/lastchancedeals_logo_dk_white.png\",\"width\":470,\"height\":110,\"caption\":\"LASTCHANCE Deals | Danmark\"},\"image\":{\"@id\":\"https:\/\/last-chance.dk\/#\/schema\/logo\/image\/\"}}]}<\/script>\n<!-- \/ Yoast SEO plugin. -->","yoast_head_json":{"title":"M\u00f8bel \/ sofa \/ sengeben 101B, 4 stykker sort - LASTCHANCE Deals | Danmark","robots":{"index":"index","follow":"follow","max-snippet":"max-snippet:-1","max-image-preview":"max-image-preview:large","max-video-preview":"max-video-preview:-1"},"canonical":"https:\/\/last-chance.dk\/?product=moebel-sofa-sengeben-101b-4-stykker-sort-2","og_locale":"da_DK","og_type":"article","og_title":"M\u00f8bel \/ sofa \/ sengeben 101B, 4 stykker sort - LASTCHANCE Deals | Danmark","og_description":"Er du p\u00e5 udkig efter en nem og billig m\u00e5de at forny dit m\u00f8bel, sofa eller seng? S\u00e5 er disse sengeben fra ForrestDecor lige noget for dig! De er lavet af plast i en flot sort farve, der passer til enhver stil. De har en dimension p\u00e5 145x145x50mm og kommer i et s\u00e6t af 4 [&hellip;]","og_url":"https:\/\/last-chance.dk\/?product=moebel-sofa-sengeben-101b-4-stykker-sort-2","og_site_name":"LASTCHANCE Deals | Danmark","article_modified_time":"2025-03-24T12:18:59+00:00","og_image":[{"width":1200,"height":800,"url":"https:\/\/last-chance.dk\/wp-content\/uploads\/2024\/04\/sofa_leg_plastic_l_2.jpg","type":"image\/jpeg"}],"twitter_card":"summary_large_image","twitter_misc":{"Estimeret l\u00e6setid":"1 minut"},"schema":{"@context":"https:\/\/schema.org","@graph":[{"@type":"WebPage","@id":"https:\/\/last-chance.dk\/?product=moebel-sofa-sengeben-101b-4-stykker-sort-2","url":"https:\/\/last-chance.dk\/?product=moebel-sofa-sengeben-101b-4-stykker-sort-2","name":"M\u00f8bel \/ sofa \/ sengeben 101B, 4 stykker sort - LASTCHANCE Deals | Danmark","isPartOf":{"@id":"https:\/\/last-chance.dk\/#website"},"primaryImageOfPage":{"@id":"https:\/\/last-chance.dk\/?product=moebel-sofa-sengeben-101b-4-stykker-sort-2#primaryimage"},"image":{"@id":"https:\/\/last-chance.dk\/?product=moebel-sofa-sengeben-101b-4-stykker-sort-2#primaryimage"},"thumbnailUrl":"https:\/\/last-chance.dk\/wp-content\/uploads\/2024\/04\/sofa_leg_plastic_l_2.jpg","datePublished":"2024-04-20T02:50:08+00:00","dateModified":"2025-03-24T12:18:59+00:00","breadcrumb":{"@id":"https:\/\/last-chance.dk\/?product=moebel-sofa-sengeben-101b-4-stykker-sort-2#breadcrumb"},"inLanguage":"da-DK","potentialAction":[{"@type":"ReadAction","target":["https:\/\/last-chance.dk\/?product=moebel-sofa-sengeben-101b-4-stykker-sort-2"]}]},{"@type":"ImageObject","inLanguage":"da-DK","@id":"https:\/\/last-chance.dk\/?product=moebel-sofa-sengeben-101b-4-stykker-sort-2#primaryimage","url":"https:\/\/last-chance.dk\/wp-content\/uploads\/2024\/04\/sofa_leg_plastic_l_2.jpg","contentUrl":"https:\/\/last-chance.dk\/wp-content\/uploads\/2024\/04\/sofa_leg_plastic_l_2.jpg","width":1200,"height":800},{"@type":"BreadcrumbList","@id":"https:\/\/last-chance.dk\/?product=moebel-sofa-sengeben-101b-4-stykker-sort-2#breadcrumb","itemListElement":[{"@type":"ListItem","position":1,"name":"Home","item":"https:\/\/last-chance.dk\/"},{"@type":"ListItem","position":2,"name":"M\u00f8bel \/ sofa \/ sengeben 101B, 4 stykker sort"}]},{"@type":"WebSite","@id":"https:\/\/last-chance.dk\/#website","url":"https:\/\/last-chance.dk\/","name":"LASTCHANCE Deals | Danmark","description":"LASTCHANCE Deals | Danmark","publisher":{"@id":"https:\/\/last-chance.dk\/#organization"},"potentialAction":[{"@type":"SearchAction","target":{"@type":"EntryPoint","urlTemplate":"https:\/\/last-chance.dk\/?s={search_term_string}"},"query-input":{"@type":"PropertyValueSpecification","valueRequired":true,"valueName":"search_term_string"}}],"inLanguage":"da-DK"},{"@type":"Organization","@id":"https:\/\/last-chance.dk\/#organization","name":"LASTCHANCE Deals | Danmark","url":"https:\/\/last-chance.dk\/","logo":{"@type":"ImageObject","inLanguage":"da-DK","@id":"https:\/\/last-chance.dk\/#\/schema\/logo\/image\/","url":"https:\/\/last-chance.dk\/wp-content\/uploads\/2023\/10\/lastchancedeals_logo_dk_white.png","contentUrl":"https:\/\/last-chance.dk\/wp-content\/uploads\/2023\/10\/lastchancedeals_logo_dk_white.png","width":470,"height":110,"caption":"LASTCHANCE Deals | Danmark"},"image":{"@id":"https:\/\/last-chance.dk\/#\/schema\/logo\/image\/"}}]}},"_links":{"self":[{"href":"https:\/\/last-chance.dk\/index.php?rest_route=\/wp\/v2\/product\/11784","targetHints":{"allow":["GET"]}}],"collection":[{"href":"https:\/\/last-chance.dk\/index.php?rest_route=\/wp\/v2\/product"}],"about":[{"href":"https:\/\/last-chance.dk\/index.php?rest_route=\/wp\/v2\/types\/product"}],"replies":[{"embeddable":true,"href":"https:\/\/last-chance.dk\/index.php?rest_route=%2Fwp%2Fv2%2Fcomments&post=11784"}],"wp:featuredmedia":[{"embeddable":true,"href":"https:\/\/last-chance.dk\/index.php?rest_route=\/wp\/v2\/media\/11783"}],"wp:attachment":[{"href":"https:\/\/last-chance.dk\/index.php?rest_route=%2Fwp%2Fv2%2Fmedia&parent=11784"}],"wp:term":[{"taxonomy":"product_brand","embeddable":true,"href":"https:\/\/last-chance.dk\/index.php?rest_route=%2Fwp%2Fv2%2Fproduct_brand&post=11784"},{"taxonomy":"product_cat","embeddable":true,"href":"https:\/\/last-chance.dk\/index.php?rest_route=%2Fwp%2Fv2%2Fproduct_cat&post=11784"},{"taxonomy":"product_tag","embeddable":true,"href":"https:\/\/last-chance.dk\/index.php?rest_route=%2Fwp%2Fv2%2Fproduct_tag&post=11784"}],"curies":[{"name":"wp","href":"https:\/\/api.w.org\/{rel}","templated":true}]}}