{"id":13165,"date":"2024-04-22T03:26:59","date_gmt":"2024-04-22T03:26:59","guid":{"rendered":"https:\/\/www.lastchance.deals\/dk\/produkt\/sengebord-ibed\/"},"modified":"2025-09-19T18:23:25","modified_gmt":"2025-09-19T18:23:25","slug":"sengebord-ibed","status":"publish","type":"product","link":"https:\/\/last-chance.dk\/?product=sengebord-ibed","title":{"rendered":"Sengebord iBed"},"content":{"rendered":"<p>\nSengebord iBed er det perfekte valg for dig, der \u00f8nsker et moderne og elegant sengebord med masser af opbevaringsplads. Det er lavet af kunstigt l\u00e6der i sort-hvid farve, der giver det et stilfuldt og sofistikeret udtryk. Sengebordet har en robust ramme af mdf, der sikrer en lang holdbarhed. Det har ogs\u00e5 en praktisk senget\u00f8jskasse, hvor du kan opbevare dit senget\u00f8j eller andre ting. Sengebordet leveres samlet, s\u00e5 du slipper for besv\u00e6ret med at samle det selv. Det er h\u00e5ndlavet i EU af fabrikanten LuxCasa, der er kendt for deres h\u00f8je kvalitet og design. Sengebordet har en 12 m\u00e5neders rammegaranti, s\u00e5 du kan v\u00e6re tryg ved dit k\u00f8b. Sengebord iBed er et sengebord, der vil pynte i ethvert sovev\u00e6relse og give dig en behagelig og luksuri\u00f8s oplevelse.\n<\/p>\n<p><\/p>\n<p>Leveringstid: Leveringstid 1 uge<br \/>\nStil: moderne<br \/>\nMateriale: kunstigt l\u00e6der<br \/>\nRammemateriale: mdf<br \/>\nFarve: sort-hvid<br \/>\nSenget\u00f8jskasse: inkluderet<br \/>\nUdvendige dimensioner: 55x42x58cm<br \/>\nMontage: leveres samlet<br \/>\nGaranti: 12 m\u00e5neders rammegaranti<br \/>\nFabrikant: LuxCasa<br \/>\nFremstillet: i EU h\u00e5ndlavet<\/p>\n","protected":false},"excerpt":{"rendered":"<p>Sengebord iBed er det perfekte valg for dig, der \u00f8nsker et moderne og elegant sengebord med masser af opbevaringsplads. Det er lavet af kunstigt l\u00e6der i sort-hvid farve, der giver det et stilfuldt og sofistikeret udtryk. Sengebordet har en robust ramme af mdf, der sikrer en lang holdbarhed. Det har ogs\u00e5 en praktisk senget\u00f8jskasse, hvor [&hellip;]<\/p>\n","protected":false},"featured_media":13164,"comment_status":"open","ping_status":"closed","template":"","meta":[],"product_brand":[],"product_cat":[157],"product_tag":[],"class_list":{"0":"post-13165","1":"product","2":"type-product","3":"status-publish","4":"has-post-thumbnail","6":"product_cat-bedside-tables","8":"first","9":"instock","10":"shipping-taxable","11":"purchasable","12":"product-type-simple"},"yoast_head":"<!-- This site is optimized with the Yoast SEO plugin v24.8.1 - https:\/\/yoast.com\/wordpress\/plugins\/seo\/ -->\n<title>Sengebord iBed - LASTCHANCE Deals | Danmark<\/title>\n<meta name=\"robots\" content=\"index, follow, max-snippet:-1, max-image-preview:large, max-video-preview:-1\" \/>\n<link rel=\"canonical\" href=\"https:\/\/last-chance.dk\/?product=sengebord-ibed\" \/>\n<meta property=\"og:locale\" content=\"da_DK\" \/>\n<meta property=\"og:type\" content=\"article\" \/>\n<meta property=\"og:title\" content=\"Sengebord iBed - LASTCHANCE Deals | Danmark\" \/>\n<meta property=\"og:description\" content=\"Sengebord iBed er det perfekte valg for dig, der \u00f8nsker et moderne og elegant sengebord med masser af opbevaringsplads. Det er lavet af kunstigt l\u00e6der i sort-hvid farve, der giver det et stilfuldt og sofistikeret udtryk. Sengebordet har en robust ramme af mdf, der sikrer en lang holdbarhed. Det har ogs\u00e5 en praktisk senget\u00f8jskasse, hvor [&hellip;]\" \/>\n<meta property=\"og:url\" content=\"https:\/\/last-chance.dk\/?product=sengebord-ibed\" \/>\n<meta property=\"og:site_name\" content=\"LASTCHANCE Deals | Danmark\" \/>\n<meta property=\"article:modified_time\" content=\"2025-09-19T18:23:25+00:00\" \/>\n<meta property=\"og:image\" content=\"https:\/\/last-chance.dk\/wp-content\/uploads\/2024\/04\/bedside_table_ibed.jpg\" \/>\n\t<meta property=\"og:image:width\" content=\"301\" \/>\n\t<meta property=\"og:image:height\" content=\"297\" \/>\n\t<meta property=\"og:image:type\" content=\"image\/jpeg\" \/>\n<meta name=\"twitter:card\" content=\"summary_large_image\" \/>\n<meta name=\"twitter:label1\" content=\"Estimeret l\u00e6setid\" \/>\n\t<meta name=\"twitter:data1\" content=\"1 minut\" \/>\n<script type=\"application\/ld+json\" class=\"yoast-schema-graph\">{\"@context\":\"https:\/\/schema.org\",\"@graph\":[{\"@type\":\"WebPage\",\"@id\":\"https:\/\/last-chance.dk\/?product=sengebord-ibed\",\"url\":\"https:\/\/last-chance.dk\/?product=sengebord-ibed\",\"name\":\"Sengebord iBed - LASTCHANCE Deals | Danmark\",\"isPartOf\":{\"@id\":\"https:\/\/last-chance.dk\/#website\"},\"primaryImageOfPage\":{\"@id\":\"https:\/\/last-chance.dk\/?product=sengebord-ibed#primaryimage\"},\"image\":{\"@id\":\"https:\/\/last-chance.dk\/?product=sengebord-ibed#primaryimage\"},\"thumbnailUrl\":\"https:\/\/last-chance.dk\/wp-content\/uploads\/2024\/04\/bedside_table_ibed.jpg\",\"datePublished\":\"2024-04-22T03:26:59+00:00\",\"dateModified\":\"2025-09-19T18:23:25+00:00\",\"breadcrumb\":{\"@id\":\"https:\/\/last-chance.dk\/?product=sengebord-ibed#breadcrumb\"},\"inLanguage\":\"da-DK\",\"potentialAction\":[{\"@type\":\"ReadAction\",\"target\":[\"https:\/\/last-chance.dk\/?product=sengebord-ibed\"]}]},{\"@type\":\"ImageObject\",\"inLanguage\":\"da-DK\",\"@id\":\"https:\/\/last-chance.dk\/?product=sengebord-ibed#primaryimage\",\"url\":\"https:\/\/last-chance.dk\/wp-content\/uploads\/2024\/04\/bedside_table_ibed.jpg\",\"contentUrl\":\"https:\/\/last-chance.dk\/wp-content\/uploads\/2024\/04\/bedside_table_ibed.jpg\",\"width\":301,\"height\":297},{\"@type\":\"BreadcrumbList\",\"@id\":\"https:\/\/last-chance.dk\/?product=sengebord-ibed#breadcrumb\",\"itemListElement\":[{\"@type\":\"ListItem\",\"position\":1,\"name\":\"Home\",\"item\":\"https:\/\/last-chance.dk\/\"},{\"@type\":\"ListItem\",\"position\":2,\"name\":\"Sengebord iBed\"}]},{\"@type\":\"WebSite\",\"@id\":\"https:\/\/last-chance.dk\/#website\",\"url\":\"https:\/\/last-chance.dk\/\",\"name\":\"LASTCHANCE Deals | Danmark\",\"description\":\"LASTCHANCE Deals | Danmark\",\"publisher\":{\"@id\":\"https:\/\/last-chance.dk\/#organization\"},\"potentialAction\":[{\"@type\":\"SearchAction\",\"target\":{\"@type\":\"EntryPoint\",\"urlTemplate\":\"https:\/\/last-chance.dk\/?s={search_term_string}\"},\"query-input\":{\"@type\":\"PropertyValueSpecification\",\"valueRequired\":true,\"valueName\":\"search_term_string\"}}],\"inLanguage\":\"da-DK\"},{\"@type\":\"Organization\",\"@id\":\"https:\/\/last-chance.dk\/#organization\",\"name\":\"LASTCHANCE Deals | Danmark\",\"url\":\"https:\/\/last-chance.dk\/\",\"logo\":{\"@type\":\"ImageObject\",\"inLanguage\":\"da-DK\",\"@id\":\"https:\/\/last-chance.dk\/#\/schema\/logo\/image\/\",\"url\":\"https:\/\/last-chance.dk\/wp-content\/uploads\/2023\/10\/lastchancedeals_logo_dk_white.png\",\"contentUrl\":\"https:\/\/last-chance.dk\/wp-content\/uploads\/2023\/10\/lastchancedeals_logo_dk_white.png\",\"width\":470,\"height\":110,\"caption\":\"LASTCHANCE Deals | Danmark\"},\"image\":{\"@id\":\"https:\/\/last-chance.dk\/#\/schema\/logo\/image\/\"}}]}<\/script>\n<!-- \/ Yoast SEO plugin. -->","yoast_head_json":{"title":"Sengebord iBed - LASTCHANCE Deals | Danmark","robots":{"index":"index","follow":"follow","max-snippet":"max-snippet:-1","max-image-preview":"max-image-preview:large","max-video-preview":"max-video-preview:-1"},"canonical":"https:\/\/last-chance.dk\/?product=sengebord-ibed","og_locale":"da_DK","og_type":"article","og_title":"Sengebord iBed - LASTCHANCE Deals | Danmark","og_description":"Sengebord iBed er det perfekte valg for dig, der \u00f8nsker et moderne og elegant sengebord med masser af opbevaringsplads. Det er lavet af kunstigt l\u00e6der i sort-hvid farve, der giver det et stilfuldt og sofistikeret udtryk. Sengebordet har en robust ramme af mdf, der sikrer en lang holdbarhed. Det har ogs\u00e5 en praktisk senget\u00f8jskasse, hvor [&hellip;]","og_url":"https:\/\/last-chance.dk\/?product=sengebord-ibed","og_site_name":"LASTCHANCE Deals | Danmark","article_modified_time":"2025-09-19T18:23:25+00:00","og_image":[{"width":301,"height":297,"url":"https:\/\/last-chance.dk\/wp-content\/uploads\/2024\/04\/bedside_table_ibed.jpg","type":"image\/jpeg"}],"twitter_card":"summary_large_image","twitter_misc":{"Estimeret l\u00e6setid":"1 minut"},"schema":{"@context":"https:\/\/schema.org","@graph":[{"@type":"WebPage","@id":"https:\/\/last-chance.dk\/?product=sengebord-ibed","url":"https:\/\/last-chance.dk\/?product=sengebord-ibed","name":"Sengebord iBed - LASTCHANCE Deals | Danmark","isPartOf":{"@id":"https:\/\/last-chance.dk\/#website"},"primaryImageOfPage":{"@id":"https:\/\/last-chance.dk\/?product=sengebord-ibed#primaryimage"},"image":{"@id":"https:\/\/last-chance.dk\/?product=sengebord-ibed#primaryimage"},"thumbnailUrl":"https:\/\/last-chance.dk\/wp-content\/uploads\/2024\/04\/bedside_table_ibed.jpg","datePublished":"2024-04-22T03:26:59+00:00","dateModified":"2025-09-19T18:23:25+00:00","breadcrumb":{"@id":"https:\/\/last-chance.dk\/?product=sengebord-ibed#breadcrumb"},"inLanguage":"da-DK","potentialAction":[{"@type":"ReadAction","target":["https:\/\/last-chance.dk\/?product=sengebord-ibed"]}]},{"@type":"ImageObject","inLanguage":"da-DK","@id":"https:\/\/last-chance.dk\/?product=sengebord-ibed#primaryimage","url":"https:\/\/last-chance.dk\/wp-content\/uploads\/2024\/04\/bedside_table_ibed.jpg","contentUrl":"https:\/\/last-chance.dk\/wp-content\/uploads\/2024\/04\/bedside_table_ibed.jpg","width":301,"height":297},{"@type":"BreadcrumbList","@id":"https:\/\/last-chance.dk\/?product=sengebord-ibed#breadcrumb","itemListElement":[{"@type":"ListItem","position":1,"name":"Home","item":"https:\/\/last-chance.dk\/"},{"@type":"ListItem","position":2,"name":"Sengebord iBed"}]},{"@type":"WebSite","@id":"https:\/\/last-chance.dk\/#website","url":"https:\/\/last-chance.dk\/","name":"LASTCHANCE Deals | Danmark","description":"LASTCHANCE Deals | Danmark","publisher":{"@id":"https:\/\/last-chance.dk\/#organization"},"potentialAction":[{"@type":"SearchAction","target":{"@type":"EntryPoint","urlTemplate":"https:\/\/last-chance.dk\/?s={search_term_string}"},"query-input":{"@type":"PropertyValueSpecification","valueRequired":true,"valueName":"search_term_string"}}],"inLanguage":"da-DK"},{"@type":"Organization","@id":"https:\/\/last-chance.dk\/#organization","name":"LASTCHANCE Deals | Danmark","url":"https:\/\/last-chance.dk\/","logo":{"@type":"ImageObject","inLanguage":"da-DK","@id":"https:\/\/last-chance.dk\/#\/schema\/logo\/image\/","url":"https:\/\/last-chance.dk\/wp-content\/uploads\/2023\/10\/lastchancedeals_logo_dk_white.png","contentUrl":"https:\/\/last-chance.dk\/wp-content\/uploads\/2023\/10\/lastchancedeals_logo_dk_white.png","width":470,"height":110,"caption":"LASTCHANCE Deals | Danmark"},"image":{"@id":"https:\/\/last-chance.dk\/#\/schema\/logo\/image\/"}}]}},"_links":{"self":[{"href":"https:\/\/last-chance.dk\/index.php?rest_route=\/wp\/v2\/product\/13165","targetHints":{"allow":["GET"]}}],"collection":[{"href":"https:\/\/last-chance.dk\/index.php?rest_route=\/wp\/v2\/product"}],"about":[{"href":"https:\/\/last-chance.dk\/index.php?rest_route=\/wp\/v2\/types\/product"}],"replies":[{"embeddable":true,"href":"https:\/\/last-chance.dk\/index.php?rest_route=%2Fwp%2Fv2%2Fcomments&post=13165"}],"wp:featuredmedia":[{"embeddable":true,"href":"https:\/\/last-chance.dk\/index.php?rest_route=\/wp\/v2\/media\/13164"}],"wp:attachment":[{"href":"https:\/\/last-chance.dk\/index.php?rest_route=%2Fwp%2Fv2%2Fmedia&parent=13165"}],"wp:term":[{"taxonomy":"product_brand","embeddable":true,"href":"https:\/\/last-chance.dk\/index.php?rest_route=%2Fwp%2Fv2%2Fproduct_brand&post=13165"},{"taxonomy":"product_cat","embeddable":true,"href":"https:\/\/last-chance.dk\/index.php?rest_route=%2Fwp%2Fv2%2Fproduct_cat&post=13165"},{"taxonomy":"product_tag","embeddable":true,"href":"https:\/\/last-chance.dk\/index.php?rest_route=%2Fwp%2Fv2%2Fproduct_tag&post=13165"}],"curies":[{"name":"wp","href":"https:\/\/api.w.org\/{rel}","templated":true}]}}