{"id":13234,"date":"2024-05-02T11:53:22","date_gmt":"2024-05-02T11:53:22","guid":{"rendered":"https:\/\/www.lastchance.deals\/dk\/produkt\/formel-sko-caledonian\/"},"modified":"2024-05-03T23:08:20","modified_gmt":"2024-05-03T23:08:20","slug":"formel-sko-caledonian","status":"publish","type":"product","link":"https:\/\/last-chance.dk\/?product=formel-sko-caledonian","title":{"rendered":"Formel sko Caledonian"},"content":{"rendered":"<p>Formelle sko &#8218;Caledonian&#8219;<\/p>\n<p><\/p>\n<p>Disse formelle &#8218;Caledonian&#8219; sko er kunstf\u00e6rdigt lavet af \u00e6gte l\u00e6der og kommer i en klassisk, sort farve. Perfekt til at fuldende dit professionelle look eller til formelle lejligheder. &#8218;Caledonian&#8219; sko er kendetegnet ved deres overlegne h\u00e5ndv\u00e6rk og tidl\u00f8se design, som g\u00f8r dem til et must-have i enhver velkl\u00e6dt mands garderobe. <\/p>\n<p><\/p>\n<p>Disse formelle l\u00e6dersko er ikke kun stilfulde, men ogs\u00e5 holdbare og komfortable, hvilket g\u00f8r dem til et ideelt valg for dem, der s\u00f8ger kvalitet og elegance. De sorte &#8218;Caledonian&#8219; sko tilbyder en sofistikeret stil, der aldrig g\u00e5r af mode.<\/p>\n<p><\/p>\n<p>Disse sko vil uden tvivl tilf\u00f8je et strejf af klasse til din garderobe. De er perfekte til at b\u00e6re p\u00e5 arbejde, til vigtige m\u00f8der eller til specielle lejligheder. Ingen garderobe er komplet uden et par &#8218;Caledonian&#8219;!<\/p>\n<p><\/p>\n<p>Produktspecifikationer:<\/p>\n","protected":false},"excerpt":{"rendered":"<p>Formelle sko &#8218;Caledonian&#8219; Disse formelle &#8218;Caledonian&#8219; sko er kunstf\u00e6rdigt lavet af \u00e6gte l\u00e6der og kommer i en klassisk, sort farve. Perfekt til at fuldende dit professionelle look eller til formelle lejligheder. &#8218;Caledonian&#8219; sko er kendetegnet ved deres overlegne h\u00e5ndv\u00e6rk og tidl\u00f8se design, som g\u00f8r dem til et must-have i enhver velkl\u00e6dt mands garderobe. Disse formelle [&hellip;]<\/p>\n","protected":false},"featured_media":13233,"comment_status":"open","ping_status":"closed","template":"","meta":[],"product_brand":[],"product_cat":[273,274],"product_tag":[],"class_list":{"0":"post-13234","1":"product","2":"type-product","3":"status-publish","4":"has-post-thumbnail","6":"product_cat-mens-shoes","7":"product_cat-shoes","9":"first","10":"instock","11":"shipping-taxable","12":"purchasable","13":"product-type-simple"},"yoast_head":"<!-- This site is optimized with the Yoast SEO plugin v24.8.1 - https:\/\/yoast.com\/wordpress\/plugins\/seo\/ -->\n<title>Formel sko Caledonian - LASTCHANCE Deals | Danmark<\/title>\n<meta name=\"robots\" content=\"index, follow, max-snippet:-1, max-image-preview:large, max-video-preview:-1\" \/>\n<link rel=\"canonical\" href=\"https:\/\/last-chance.dk\/?product=formel-sko-caledonian\" \/>\n<meta property=\"og:locale\" content=\"da_DK\" \/>\n<meta property=\"og:type\" content=\"article\" \/>\n<meta property=\"og:title\" content=\"Formel sko Caledonian - LASTCHANCE Deals | Danmark\" \/>\n<meta property=\"og:description\" content=\"Formelle sko &#8218;Caledonian&#8219; Disse formelle &#8218;Caledonian&#8219; sko er kunstf\u00e6rdigt lavet af \u00e6gte l\u00e6der og kommer i en klassisk, sort farve. Perfekt til at fuldende dit professionelle look eller til formelle lejligheder. &#8218;Caledonian&#8219; sko er kendetegnet ved deres overlegne h\u00e5ndv\u00e6rk og tidl\u00f8se design, som g\u00f8r dem til et must-have i enhver velkl\u00e6dt mands garderobe. Disse formelle [&hellip;]\" \/>\n<meta property=\"og:url\" content=\"https:\/\/last-chance.dk\/?product=formel-sko-caledonian\" \/>\n<meta property=\"og:site_name\" content=\"LASTCHANCE Deals | Danmark\" \/>\n<meta property=\"article:modified_time\" content=\"2024-05-03T23:08:20+00:00\" \/>\n<meta property=\"og:image\" content=\"https:\/\/last-chance.dk\/wp-content\/uploads\/2024\/05\/men-leather-formal-shoe.jpeg\" \/>\n\t<meta property=\"og:image:width\" content=\"500\" \/>\n\t<meta property=\"og:image:height\" content=\"500\" \/>\n\t<meta property=\"og:image:type\" content=\"image\/jpeg\" \/>\n<meta name=\"twitter:card\" content=\"summary_large_image\" \/>\n<meta name=\"twitter:label1\" content=\"Estimeret l\u00e6setid\" \/>\n\t<meta name=\"twitter:data1\" content=\"1 minut\" \/>\n<script type=\"application\/ld+json\" class=\"yoast-schema-graph\">{\"@context\":\"https:\/\/schema.org\",\"@graph\":[{\"@type\":\"WebPage\",\"@id\":\"https:\/\/last-chance.dk\/?product=formel-sko-caledonian\",\"url\":\"https:\/\/last-chance.dk\/?product=formel-sko-caledonian\",\"name\":\"Formel sko Caledonian - LASTCHANCE Deals | Danmark\",\"isPartOf\":{\"@id\":\"https:\/\/last-chance.dk\/#website\"},\"primaryImageOfPage\":{\"@id\":\"https:\/\/last-chance.dk\/?product=formel-sko-caledonian#primaryimage\"},\"image\":{\"@id\":\"https:\/\/last-chance.dk\/?product=formel-sko-caledonian#primaryimage\"},\"thumbnailUrl\":\"https:\/\/last-chance.dk\/wp-content\/uploads\/2024\/05\/men-leather-formal-shoe.jpeg\",\"datePublished\":\"2024-05-02T11:53:22+00:00\",\"dateModified\":\"2024-05-03T23:08:20+00:00\",\"breadcrumb\":{\"@id\":\"https:\/\/last-chance.dk\/?product=formel-sko-caledonian#breadcrumb\"},\"inLanguage\":\"da-DK\",\"potentialAction\":[{\"@type\":\"ReadAction\",\"target\":[\"https:\/\/last-chance.dk\/?product=formel-sko-caledonian\"]}]},{\"@type\":\"ImageObject\",\"inLanguage\":\"da-DK\",\"@id\":\"https:\/\/last-chance.dk\/?product=formel-sko-caledonian#primaryimage\",\"url\":\"https:\/\/last-chance.dk\/wp-content\/uploads\/2024\/05\/men-leather-formal-shoe.jpeg\",\"contentUrl\":\"https:\/\/last-chance.dk\/wp-content\/uploads\/2024\/05\/men-leather-formal-shoe.jpeg\",\"width\":500,\"height\":500},{\"@type\":\"BreadcrumbList\",\"@id\":\"https:\/\/last-chance.dk\/?product=formel-sko-caledonian#breadcrumb\",\"itemListElement\":[{\"@type\":\"ListItem\",\"position\":1,\"name\":\"Home\",\"item\":\"https:\/\/last-chance.dk\/\"},{\"@type\":\"ListItem\",\"position\":2,\"name\":\"Formel sko Caledonian\"}]},{\"@type\":\"WebSite\",\"@id\":\"https:\/\/last-chance.dk\/#website\",\"url\":\"https:\/\/last-chance.dk\/\",\"name\":\"LASTCHANCE Deals | Danmark\",\"description\":\"LASTCHANCE Deals | Danmark\",\"publisher\":{\"@id\":\"https:\/\/last-chance.dk\/#organization\"},\"potentialAction\":[{\"@type\":\"SearchAction\",\"target\":{\"@type\":\"EntryPoint\",\"urlTemplate\":\"https:\/\/last-chance.dk\/?s={search_term_string}\"},\"query-input\":{\"@type\":\"PropertyValueSpecification\",\"valueRequired\":true,\"valueName\":\"search_term_string\"}}],\"inLanguage\":\"da-DK\"},{\"@type\":\"Organization\",\"@id\":\"https:\/\/last-chance.dk\/#organization\",\"name\":\"LASTCHANCE Deals | Danmark\",\"url\":\"https:\/\/last-chance.dk\/\",\"logo\":{\"@type\":\"ImageObject\",\"inLanguage\":\"da-DK\",\"@id\":\"https:\/\/last-chance.dk\/#\/schema\/logo\/image\/\",\"url\":\"https:\/\/last-chance.dk\/wp-content\/uploads\/2023\/10\/lastchancedeals_logo_dk_white.png\",\"contentUrl\":\"https:\/\/last-chance.dk\/wp-content\/uploads\/2023\/10\/lastchancedeals_logo_dk_white.png\",\"width\":470,\"height\":110,\"caption\":\"LASTCHANCE Deals | Danmark\"},\"image\":{\"@id\":\"https:\/\/last-chance.dk\/#\/schema\/logo\/image\/\"}}]}<\/script>\n<!-- \/ Yoast SEO plugin. -->","yoast_head_json":{"title":"Formel sko Caledonian - LASTCHANCE Deals | Danmark","robots":{"index":"index","follow":"follow","max-snippet":"max-snippet:-1","max-image-preview":"max-image-preview:large","max-video-preview":"max-video-preview:-1"},"canonical":"https:\/\/last-chance.dk\/?product=formel-sko-caledonian","og_locale":"da_DK","og_type":"article","og_title":"Formel sko Caledonian - LASTCHANCE Deals | Danmark","og_description":"Formelle sko &#8218;Caledonian&#8219; Disse formelle &#8218;Caledonian&#8219; sko er kunstf\u00e6rdigt lavet af \u00e6gte l\u00e6der og kommer i en klassisk, sort farve. Perfekt til at fuldende dit professionelle look eller til formelle lejligheder. &#8218;Caledonian&#8219; sko er kendetegnet ved deres overlegne h\u00e5ndv\u00e6rk og tidl\u00f8se design, som g\u00f8r dem til et must-have i enhver velkl\u00e6dt mands garderobe. Disse formelle [&hellip;]","og_url":"https:\/\/last-chance.dk\/?product=formel-sko-caledonian","og_site_name":"LASTCHANCE Deals | Danmark","article_modified_time":"2024-05-03T23:08:20+00:00","og_image":[{"width":500,"height":500,"url":"https:\/\/last-chance.dk\/wp-content\/uploads\/2024\/05\/men-leather-formal-shoe.jpeg","type":"image\/jpeg"}],"twitter_card":"summary_large_image","twitter_misc":{"Estimeret l\u00e6setid":"1 minut"},"schema":{"@context":"https:\/\/schema.org","@graph":[{"@type":"WebPage","@id":"https:\/\/last-chance.dk\/?product=formel-sko-caledonian","url":"https:\/\/last-chance.dk\/?product=formel-sko-caledonian","name":"Formel sko Caledonian - LASTCHANCE Deals | Danmark","isPartOf":{"@id":"https:\/\/last-chance.dk\/#website"},"primaryImageOfPage":{"@id":"https:\/\/last-chance.dk\/?product=formel-sko-caledonian#primaryimage"},"image":{"@id":"https:\/\/last-chance.dk\/?product=formel-sko-caledonian#primaryimage"},"thumbnailUrl":"https:\/\/last-chance.dk\/wp-content\/uploads\/2024\/05\/men-leather-formal-shoe.jpeg","datePublished":"2024-05-02T11:53:22+00:00","dateModified":"2024-05-03T23:08:20+00:00","breadcrumb":{"@id":"https:\/\/last-chance.dk\/?product=formel-sko-caledonian#breadcrumb"},"inLanguage":"da-DK","potentialAction":[{"@type":"ReadAction","target":["https:\/\/last-chance.dk\/?product=formel-sko-caledonian"]}]},{"@type":"ImageObject","inLanguage":"da-DK","@id":"https:\/\/last-chance.dk\/?product=formel-sko-caledonian#primaryimage","url":"https:\/\/last-chance.dk\/wp-content\/uploads\/2024\/05\/men-leather-formal-shoe.jpeg","contentUrl":"https:\/\/last-chance.dk\/wp-content\/uploads\/2024\/05\/men-leather-formal-shoe.jpeg","width":500,"height":500},{"@type":"BreadcrumbList","@id":"https:\/\/last-chance.dk\/?product=formel-sko-caledonian#breadcrumb","itemListElement":[{"@type":"ListItem","position":1,"name":"Home","item":"https:\/\/last-chance.dk\/"},{"@type":"ListItem","position":2,"name":"Formel sko Caledonian"}]},{"@type":"WebSite","@id":"https:\/\/last-chance.dk\/#website","url":"https:\/\/last-chance.dk\/","name":"LASTCHANCE Deals | Danmark","description":"LASTCHANCE Deals | Danmark","publisher":{"@id":"https:\/\/last-chance.dk\/#organization"},"potentialAction":[{"@type":"SearchAction","target":{"@type":"EntryPoint","urlTemplate":"https:\/\/last-chance.dk\/?s={search_term_string}"},"query-input":{"@type":"PropertyValueSpecification","valueRequired":true,"valueName":"search_term_string"}}],"inLanguage":"da-DK"},{"@type":"Organization","@id":"https:\/\/last-chance.dk\/#organization","name":"LASTCHANCE Deals | Danmark","url":"https:\/\/last-chance.dk\/","logo":{"@type":"ImageObject","inLanguage":"da-DK","@id":"https:\/\/last-chance.dk\/#\/schema\/logo\/image\/","url":"https:\/\/last-chance.dk\/wp-content\/uploads\/2023\/10\/lastchancedeals_logo_dk_white.png","contentUrl":"https:\/\/last-chance.dk\/wp-content\/uploads\/2023\/10\/lastchancedeals_logo_dk_white.png","width":470,"height":110,"caption":"LASTCHANCE Deals | Danmark"},"image":{"@id":"https:\/\/last-chance.dk\/#\/schema\/logo\/image\/"}}]}},"_links":{"self":[{"href":"https:\/\/last-chance.dk\/index.php?rest_route=\/wp\/v2\/product\/13234","targetHints":{"allow":["GET"]}}],"collection":[{"href":"https:\/\/last-chance.dk\/index.php?rest_route=\/wp\/v2\/product"}],"about":[{"href":"https:\/\/last-chance.dk\/index.php?rest_route=\/wp\/v2\/types\/product"}],"replies":[{"embeddable":true,"href":"https:\/\/last-chance.dk\/index.php?rest_route=%2Fwp%2Fv2%2Fcomments&post=13234"}],"wp:featuredmedia":[{"embeddable":true,"href":"https:\/\/last-chance.dk\/index.php?rest_route=\/wp\/v2\/media\/13233"}],"wp:attachment":[{"href":"https:\/\/last-chance.dk\/index.php?rest_route=%2Fwp%2Fv2%2Fmedia&parent=13234"}],"wp:term":[{"taxonomy":"product_brand","embeddable":true,"href":"https:\/\/last-chance.dk\/index.php?rest_route=%2Fwp%2Fv2%2Fproduct_brand&post=13234"},{"taxonomy":"product_cat","embeddable":true,"href":"https:\/\/last-chance.dk\/index.php?rest_route=%2Fwp%2Fv2%2Fproduct_cat&post=13234"},{"taxonomy":"product_tag","embeddable":true,"href":"https:\/\/last-chance.dk\/index.php?rest_route=%2Fwp%2Fv2%2Fproduct_tag&post=13234"}],"curies":[{"name":"wp","href":"https:\/\/api.w.org\/{rel}","templated":true}]}}