{"id":13240,"date":"2024-05-02T11:54:55","date_gmt":"2024-05-02T11:54:55","guid":{"rendered":"https:\/\/www.lastchance.deals\/dk\/produkt\/vaskemaskine-sensazione\/"},"modified":"2024-05-03T23:08:15","modified_gmt":"2024-05-03T23:08:15","slug":"vaskemaskine-sensazione","status":"publish","type":"product","link":"https:\/\/last-chance.dk\/?product=vaskemaskine-sensazione","title":{"rendered":"Vaskemaskine Sensazione"},"content":{"rendered":"<p>Opdag den praktiske og innovative Sensazione vaskemaskine<\/p>\n<p><\/p>\n<p>Vaskemaskinen, der kommer med fjernbetjening og flere muligheder.<\/p>\n<p><\/p>\n<p>Denne avancerede Sensazione vaskemaskine er designet med ultimativ bekvemmelighed i tankerne. L\u00e6n dig tilbage og slap af, mens fjernbetjeningen giver dig mulighed for at styre alle vaskemaskinens funktioner fra sofaens komfort. Endnu bedre, den har ogs\u00e5 mange flere muligheder, der sikrer optimal ydeevne og perfekte resultater hver gang.<\/p>\n<p><\/p>\n<p>Med en r\u00e6kke forskellige programmer og indstillinger at v\u00e6lge imellem, g\u00f8r denne Sensazione vaskemaskine det nemt at tilpasse vaskecyklussen til dine individuelle behov. G\u00f8r dit vasket\u00f8j til en leg med Sensazione.<\/p>\n<p><\/p>\n<p>Udover at v\u00e6re utrolig bekvem at bruge, er denne vaskemaskine ogs\u00e5 designet til at v\u00e6re milj\u00f8venlig. Det betyder, at du b\u00e5de kan f\u00f8le dig godt tilpas med dit k\u00f8b og hj\u00e6lpe med at reducere dit milj\u00f8aftryk.<\/p>\n<p><\/p>\n<p>Specifikationer:<\/p>\n<p><\/p>\n<p>&#8211; Fjernstyring: Ja<\/p>\n<p><\/p>\n<p>&#8211; Flere valgmuligheder: Ja<\/p>\n<p><\/p>\n<p>&#8211; Milj\u00f8venlig: Ja<\/p>\n<p><\/p>\n<p>K\u00f8b den innovative Sensazione vaskemaskine nu og oplev forskellen i din daglige vask.<\/p>\n","protected":false},"excerpt":{"rendered":"<p>Opdag den praktiske og innovative Sensazione vaskemaskine Vaskemaskinen, der kommer med fjernbetjening og flere muligheder. Denne avancerede Sensazione vaskemaskine er designet med ultimativ bekvemmelighed i tankerne. L\u00e6n dig tilbage og slap af, mens fjernbetjeningen giver dig mulighed for at styre alle vaskemaskinens funktioner fra sofaens komfort. Endnu bedre, den har ogs\u00e5 mange flere muligheder, der [&hellip;]<\/p>\n","protected":false},"featured_media":13239,"comment_status":"open","ping_status":"closed","template":"","meta":[],"product_brand":[],"product_cat":[277],"product_tag":[],"class_list":{"0":"post-13240","1":"product","2":"type-product","3":"status-publish","4":"has-post-thumbnail","6":"product_cat-washing-machine","8":"first","9":"instock","10":"shipping-taxable","11":"purchasable","12":"product-type-simple"},"yoast_head":"<!-- This site is optimized with the Yoast SEO plugin v24.8.1 - https:\/\/yoast.com\/wordpress\/plugins\/seo\/ -->\n<title>Vaskemaskine Sensazione - LASTCHANCE Deals | Danmark<\/title>\n<meta name=\"robots\" content=\"index, follow, max-snippet:-1, max-image-preview:large, max-video-preview:-1\" \/>\n<link rel=\"canonical\" href=\"https:\/\/last-chance.dk\/?product=vaskemaskine-sensazione\" \/>\n<meta property=\"og:locale\" content=\"da_DK\" \/>\n<meta property=\"og:type\" content=\"article\" \/>\n<meta property=\"og:title\" content=\"Vaskemaskine Sensazione - LASTCHANCE Deals | Danmark\" \/>\n<meta property=\"og:description\" content=\"Opdag den praktiske og innovative Sensazione vaskemaskine Vaskemaskinen, der kommer med fjernbetjening og flere muligheder. Denne avancerede Sensazione vaskemaskine er designet med ultimativ bekvemmelighed i tankerne. L\u00e6n dig tilbage og slap af, mens fjernbetjeningen giver dig mulighed for at styre alle vaskemaskinens funktioner fra sofaens komfort. Endnu bedre, den har ogs\u00e5 mange flere muligheder, der [&hellip;]\" \/>\n<meta property=\"og:url\" content=\"https:\/\/last-chance.dk\/?product=vaskemaskine-sensazione\" \/>\n<meta property=\"og:site_name\" content=\"LASTCHANCE Deals | Danmark\" \/>\n<meta property=\"article:modified_time\" content=\"2024-05-03T23:08:15+00:00\" \/>\n<meta property=\"og:image\" content=\"https:\/\/last-chance.dk\/wp-content\/uploads\/2024\/05\/washing-machine.jpg\" \/>\n\t<meta property=\"og:image:width\" content=\"1600\" \/>\n\t<meta property=\"og:image:height\" content=\"1067\" \/>\n\t<meta property=\"og:image:type\" content=\"image\/jpeg\" \/>\n<meta name=\"twitter:card\" content=\"summary_large_image\" \/>\n<meta name=\"twitter:label1\" content=\"Estimeret l\u00e6setid\" \/>\n\t<meta name=\"twitter:data1\" content=\"1 minut\" \/>\n<script type=\"application\/ld+json\" class=\"yoast-schema-graph\">{\"@context\":\"https:\/\/schema.org\",\"@graph\":[{\"@type\":\"WebPage\",\"@id\":\"https:\/\/last-chance.dk\/?product=vaskemaskine-sensazione\",\"url\":\"https:\/\/last-chance.dk\/?product=vaskemaskine-sensazione\",\"name\":\"Vaskemaskine Sensazione - LASTCHANCE Deals | Danmark\",\"isPartOf\":{\"@id\":\"https:\/\/last-chance.dk\/#website\"},\"primaryImageOfPage\":{\"@id\":\"https:\/\/last-chance.dk\/?product=vaskemaskine-sensazione#primaryimage\"},\"image\":{\"@id\":\"https:\/\/last-chance.dk\/?product=vaskemaskine-sensazione#primaryimage\"},\"thumbnailUrl\":\"https:\/\/last-chance.dk\/wp-content\/uploads\/2024\/05\/washing-machine.jpg\",\"datePublished\":\"2024-05-02T11:54:55+00:00\",\"dateModified\":\"2024-05-03T23:08:15+00:00\",\"breadcrumb\":{\"@id\":\"https:\/\/last-chance.dk\/?product=vaskemaskine-sensazione#breadcrumb\"},\"inLanguage\":\"da-DK\",\"potentialAction\":[{\"@type\":\"ReadAction\",\"target\":[\"https:\/\/last-chance.dk\/?product=vaskemaskine-sensazione\"]}]},{\"@type\":\"ImageObject\",\"inLanguage\":\"da-DK\",\"@id\":\"https:\/\/last-chance.dk\/?product=vaskemaskine-sensazione#primaryimage\",\"url\":\"https:\/\/last-chance.dk\/wp-content\/uploads\/2024\/05\/washing-machine.jpg\",\"contentUrl\":\"https:\/\/last-chance.dk\/wp-content\/uploads\/2024\/05\/washing-machine.jpg\",\"width\":1600,\"height\":1067},{\"@type\":\"BreadcrumbList\",\"@id\":\"https:\/\/last-chance.dk\/?product=vaskemaskine-sensazione#breadcrumb\",\"itemListElement\":[{\"@type\":\"ListItem\",\"position\":1,\"name\":\"Home\",\"item\":\"https:\/\/last-chance.dk\/\"},{\"@type\":\"ListItem\",\"position\":2,\"name\":\"Vaskemaskine Sensazione\"}]},{\"@type\":\"WebSite\",\"@id\":\"https:\/\/last-chance.dk\/#website\",\"url\":\"https:\/\/last-chance.dk\/\",\"name\":\"LASTCHANCE Deals | Danmark\",\"description\":\"LASTCHANCE Deals | Danmark\",\"publisher\":{\"@id\":\"https:\/\/last-chance.dk\/#organization\"},\"potentialAction\":[{\"@type\":\"SearchAction\",\"target\":{\"@type\":\"EntryPoint\",\"urlTemplate\":\"https:\/\/last-chance.dk\/?s={search_term_string}\"},\"query-input\":{\"@type\":\"PropertyValueSpecification\",\"valueRequired\":true,\"valueName\":\"search_term_string\"}}],\"inLanguage\":\"da-DK\"},{\"@type\":\"Organization\",\"@id\":\"https:\/\/last-chance.dk\/#organization\",\"name\":\"LASTCHANCE Deals | Danmark\",\"url\":\"https:\/\/last-chance.dk\/\",\"logo\":{\"@type\":\"ImageObject\",\"inLanguage\":\"da-DK\",\"@id\":\"https:\/\/last-chance.dk\/#\/schema\/logo\/image\/\",\"url\":\"https:\/\/last-chance.dk\/wp-content\/uploads\/2023\/10\/lastchancedeals_logo_dk_white.png\",\"contentUrl\":\"https:\/\/last-chance.dk\/wp-content\/uploads\/2023\/10\/lastchancedeals_logo_dk_white.png\",\"width\":470,\"height\":110,\"caption\":\"LASTCHANCE Deals | Danmark\"},\"image\":{\"@id\":\"https:\/\/last-chance.dk\/#\/schema\/logo\/image\/\"}}]}<\/script>\n<!-- \/ Yoast SEO plugin. -->","yoast_head_json":{"title":"Vaskemaskine Sensazione - LASTCHANCE Deals | Danmark","robots":{"index":"index","follow":"follow","max-snippet":"max-snippet:-1","max-image-preview":"max-image-preview:large","max-video-preview":"max-video-preview:-1"},"canonical":"https:\/\/last-chance.dk\/?product=vaskemaskine-sensazione","og_locale":"da_DK","og_type":"article","og_title":"Vaskemaskine Sensazione - LASTCHANCE Deals | Danmark","og_description":"Opdag den praktiske og innovative Sensazione vaskemaskine Vaskemaskinen, der kommer med fjernbetjening og flere muligheder. Denne avancerede Sensazione vaskemaskine er designet med ultimativ bekvemmelighed i tankerne. L\u00e6n dig tilbage og slap af, mens fjernbetjeningen giver dig mulighed for at styre alle vaskemaskinens funktioner fra sofaens komfort. Endnu bedre, den har ogs\u00e5 mange flere muligheder, der [&hellip;]","og_url":"https:\/\/last-chance.dk\/?product=vaskemaskine-sensazione","og_site_name":"LASTCHANCE Deals | Danmark","article_modified_time":"2024-05-03T23:08:15+00:00","og_image":[{"width":1600,"height":1067,"url":"https:\/\/last-chance.dk\/wp-content\/uploads\/2024\/05\/washing-machine.jpg","type":"image\/jpeg"}],"twitter_card":"summary_large_image","twitter_misc":{"Estimeret l\u00e6setid":"1 minut"},"schema":{"@context":"https:\/\/schema.org","@graph":[{"@type":"WebPage","@id":"https:\/\/last-chance.dk\/?product=vaskemaskine-sensazione","url":"https:\/\/last-chance.dk\/?product=vaskemaskine-sensazione","name":"Vaskemaskine Sensazione - LASTCHANCE Deals | Danmark","isPartOf":{"@id":"https:\/\/last-chance.dk\/#website"},"primaryImageOfPage":{"@id":"https:\/\/last-chance.dk\/?product=vaskemaskine-sensazione#primaryimage"},"image":{"@id":"https:\/\/last-chance.dk\/?product=vaskemaskine-sensazione#primaryimage"},"thumbnailUrl":"https:\/\/last-chance.dk\/wp-content\/uploads\/2024\/05\/washing-machine.jpg","datePublished":"2024-05-02T11:54:55+00:00","dateModified":"2024-05-03T23:08:15+00:00","breadcrumb":{"@id":"https:\/\/last-chance.dk\/?product=vaskemaskine-sensazione#breadcrumb"},"inLanguage":"da-DK","potentialAction":[{"@type":"ReadAction","target":["https:\/\/last-chance.dk\/?product=vaskemaskine-sensazione"]}]},{"@type":"ImageObject","inLanguage":"da-DK","@id":"https:\/\/last-chance.dk\/?product=vaskemaskine-sensazione#primaryimage","url":"https:\/\/last-chance.dk\/wp-content\/uploads\/2024\/05\/washing-machine.jpg","contentUrl":"https:\/\/last-chance.dk\/wp-content\/uploads\/2024\/05\/washing-machine.jpg","width":1600,"height":1067},{"@type":"BreadcrumbList","@id":"https:\/\/last-chance.dk\/?product=vaskemaskine-sensazione#breadcrumb","itemListElement":[{"@type":"ListItem","position":1,"name":"Home","item":"https:\/\/last-chance.dk\/"},{"@type":"ListItem","position":2,"name":"Vaskemaskine Sensazione"}]},{"@type":"WebSite","@id":"https:\/\/last-chance.dk\/#website","url":"https:\/\/last-chance.dk\/","name":"LASTCHANCE Deals | Danmark","description":"LASTCHANCE Deals | Danmark","publisher":{"@id":"https:\/\/last-chance.dk\/#organization"},"potentialAction":[{"@type":"SearchAction","target":{"@type":"EntryPoint","urlTemplate":"https:\/\/last-chance.dk\/?s={search_term_string}"},"query-input":{"@type":"PropertyValueSpecification","valueRequired":true,"valueName":"search_term_string"}}],"inLanguage":"da-DK"},{"@type":"Organization","@id":"https:\/\/last-chance.dk\/#organization","name":"LASTCHANCE Deals | Danmark","url":"https:\/\/last-chance.dk\/","logo":{"@type":"ImageObject","inLanguage":"da-DK","@id":"https:\/\/last-chance.dk\/#\/schema\/logo\/image\/","url":"https:\/\/last-chance.dk\/wp-content\/uploads\/2023\/10\/lastchancedeals_logo_dk_white.png","contentUrl":"https:\/\/last-chance.dk\/wp-content\/uploads\/2023\/10\/lastchancedeals_logo_dk_white.png","width":470,"height":110,"caption":"LASTCHANCE Deals | Danmark"},"image":{"@id":"https:\/\/last-chance.dk\/#\/schema\/logo\/image\/"}}]}},"_links":{"self":[{"href":"https:\/\/last-chance.dk\/index.php?rest_route=\/wp\/v2\/product\/13240","targetHints":{"allow":["GET"]}}],"collection":[{"href":"https:\/\/last-chance.dk\/index.php?rest_route=\/wp\/v2\/product"}],"about":[{"href":"https:\/\/last-chance.dk\/index.php?rest_route=\/wp\/v2\/types\/product"}],"replies":[{"embeddable":true,"href":"https:\/\/last-chance.dk\/index.php?rest_route=%2Fwp%2Fv2%2Fcomments&post=13240"}],"wp:featuredmedia":[{"embeddable":true,"href":"https:\/\/last-chance.dk\/index.php?rest_route=\/wp\/v2\/media\/13239"}],"wp:attachment":[{"href":"https:\/\/last-chance.dk\/index.php?rest_route=%2Fwp%2Fv2%2Fmedia&parent=13240"}],"wp:term":[{"taxonomy":"product_brand","embeddable":true,"href":"https:\/\/last-chance.dk\/index.php?rest_route=%2Fwp%2Fv2%2Fproduct_brand&post=13240"},{"taxonomy":"product_cat","embeddable":true,"href":"https:\/\/last-chance.dk\/index.php?rest_route=%2Fwp%2Fv2%2Fproduct_cat&post=13240"},{"taxonomy":"product_tag","embeddable":true,"href":"https:\/\/last-chance.dk\/index.php?rest_route=%2Fwp%2Fv2%2Fproduct_tag&post=13240"}],"curies":[{"name":"wp","href":"https:\/\/api.w.org\/{rel}","templated":true}]}}