{"id":13386,"date":"2024-05-24T03:00:18","date_gmt":"2024-05-24T03:00:18","guid":{"rendered":"https:\/\/www.lastchance.deals\/dk\/produkt\/hvidt-pvc-kunstlaeder-1-4mx25m-rulle\/"},"modified":"2024-05-24T03:00:20","modified_gmt":"2024-05-24T03:00:20","slug":"hvidt-pvc-kunstlaeder-1-4mx25m-rulle","status":"publish","type":"product","link":"https:\/\/last-chance.dk\/?product=hvidt-pvc-kunstlaeder-1-4mx25m-rulle","title":{"rendered":"Hvidt PVC Kunstl\u00e6der 1.4mx25m Rulle"},"content":{"rendered":"<p>Hvis du leder efter et holdbart og stilfuldt materiale til dine m\u00f8bler, tasker eller bekl\u00e6dning, s\u00e5 er hvidt PVC kunstl\u00e6der fra ForrestDecor et godt valg. PVC kunstl\u00e6der er et syntetisk materiale, der ligner \u00e6gte l\u00e6der, men er mere modstandsdygtigt over for slid, vand og pletter. Det er ogs\u00e5 nemt at reng\u00f8re og vedligeholde.<\/p>\n<p>Bredde er: 1,4m og l\u00e6ngde er 25m.<\/p>\n<p>Leveringstid: Leveringstid 1 uge<br \/>\nMateriale: kunstigt l\u00e6der<br \/>\nFarve: hvid<br \/>\nDimensioner: 1.4mx25m<br \/>\nFabrikant: ForrestDecor<\/p>\n","protected":false},"excerpt":{"rendered":"<p>Hvis du leder efter et holdbart og stilfuldt materiale til dine m\u00f8bler, tasker eller bekl\u00e6dning, s\u00e5 er hvidt PVC kunstl\u00e6der fra ForrestDecor et godt valg. PVC kunstl\u00e6der er et syntetisk materiale, der ligner \u00e6gte l\u00e6der, men er mere modstandsdygtigt over for slid, vand og pletter. Det er ogs\u00e5 nemt at reng\u00f8re og vedligeholde. Bredde er: [&hellip;]<\/p>\n","protected":false},"featured_media":13385,"comment_status":"open","ping_status":"closed","template":"","meta":[],"product_brand":[],"product_cat":[278],"product_tag":[],"class_list":{"0":"post-13386","1":"product","2":"type-product","3":"status-publish","4":"has-post-thumbnail","6":"product_cat-upholstery-leather","8":"first","9":"instock","10":"shipping-taxable","11":"purchasable","12":"product-type-simple"},"yoast_head":"<!-- This site is optimized with the Yoast SEO plugin v24.8.1 - https:\/\/yoast.com\/wordpress\/plugins\/seo\/ -->\n<title>Hvidt PVC Kunstl\u00e6der 1.4mx25m Rulle - LASTCHANCE Deals | Danmark<\/title>\n<meta name=\"robots\" content=\"index, follow, max-snippet:-1, max-image-preview:large, max-video-preview:-1\" \/>\n<link rel=\"canonical\" href=\"https:\/\/last-chance.dk\/?product=hvidt-pvc-kunstlaeder-1-4mx25m-rulle\" \/>\n<meta property=\"og:locale\" content=\"da_DK\" \/>\n<meta property=\"og:type\" content=\"article\" \/>\n<meta property=\"og:title\" content=\"Hvidt PVC Kunstl\u00e6der 1.4mx25m Rulle - LASTCHANCE Deals | Danmark\" \/>\n<meta property=\"og:description\" content=\"Hvis du leder efter et holdbart og stilfuldt materiale til dine m\u00f8bler, tasker eller bekl\u00e6dning, s\u00e5 er hvidt PVC kunstl\u00e6der fra ForrestDecor et godt valg. PVC kunstl\u00e6der er et syntetisk materiale, der ligner \u00e6gte l\u00e6der, men er mere modstandsdygtigt over for slid, vand og pletter. Det er ogs\u00e5 nemt at reng\u00f8re og vedligeholde. Bredde er: [&hellip;]\" \/>\n<meta property=\"og:url\" content=\"https:\/\/last-chance.dk\/?product=hvidt-pvc-kunstlaeder-1-4mx25m-rulle\" \/>\n<meta property=\"og:site_name\" content=\"LASTCHANCE Deals | Danmark\" \/>\n<meta property=\"article:modified_time\" content=\"2024-05-24T03:00:20+00:00\" \/>\n<meta property=\"og:image\" content=\"https:\/\/last-chance.dk\/wp-content\/uploads\/2024\/05\/pvc_white_25m_roll_backgr_1.jpg\" \/>\n\t<meta property=\"og:image:width\" content=\"1600\" \/>\n\t<meta property=\"og:image:height\" content=\"1200\" \/>\n\t<meta property=\"og:image:type\" content=\"image\/jpeg\" \/>\n<meta name=\"twitter:card\" content=\"summary_large_image\" \/>\n<script type=\"application\/ld+json\" class=\"yoast-schema-graph\">{\"@context\":\"https:\/\/schema.org\",\"@graph\":[{\"@type\":\"WebPage\",\"@id\":\"https:\/\/last-chance.dk\/?product=hvidt-pvc-kunstlaeder-1-4mx25m-rulle\",\"url\":\"https:\/\/last-chance.dk\/?product=hvidt-pvc-kunstlaeder-1-4mx25m-rulle\",\"name\":\"Hvidt PVC Kunstl\u00e6der 1.4mx25m Rulle - LASTCHANCE Deals | Danmark\",\"isPartOf\":{\"@id\":\"https:\/\/last-chance.dk\/#website\"},\"primaryImageOfPage\":{\"@id\":\"https:\/\/last-chance.dk\/?product=hvidt-pvc-kunstlaeder-1-4mx25m-rulle#primaryimage\"},\"image\":{\"@id\":\"https:\/\/last-chance.dk\/?product=hvidt-pvc-kunstlaeder-1-4mx25m-rulle#primaryimage\"},\"thumbnailUrl\":\"https:\/\/last-chance.dk\/wp-content\/uploads\/2024\/05\/pvc_white_25m_roll_backgr_1.jpg\",\"datePublished\":\"2024-05-24T03:00:18+00:00\",\"dateModified\":\"2024-05-24T03:00:20+00:00\",\"breadcrumb\":{\"@id\":\"https:\/\/last-chance.dk\/?product=hvidt-pvc-kunstlaeder-1-4mx25m-rulle#breadcrumb\"},\"inLanguage\":\"da-DK\",\"potentialAction\":[{\"@type\":\"ReadAction\",\"target\":[\"https:\/\/last-chance.dk\/?product=hvidt-pvc-kunstlaeder-1-4mx25m-rulle\"]}]},{\"@type\":\"ImageObject\",\"inLanguage\":\"da-DK\",\"@id\":\"https:\/\/last-chance.dk\/?product=hvidt-pvc-kunstlaeder-1-4mx25m-rulle#primaryimage\",\"url\":\"https:\/\/last-chance.dk\/wp-content\/uploads\/2024\/05\/pvc_white_25m_roll_backgr_1.jpg\",\"contentUrl\":\"https:\/\/last-chance.dk\/wp-content\/uploads\/2024\/05\/pvc_white_25m_roll_backgr_1.jpg\",\"width\":1600,\"height\":1200},{\"@type\":\"BreadcrumbList\",\"@id\":\"https:\/\/last-chance.dk\/?product=hvidt-pvc-kunstlaeder-1-4mx25m-rulle#breadcrumb\",\"itemListElement\":[{\"@type\":\"ListItem\",\"position\":1,\"name\":\"Home\",\"item\":\"https:\/\/last-chance.dk\/\"},{\"@type\":\"ListItem\",\"position\":2,\"name\":\"Hvidt PVC Kunstl\u00e6der 1.4mx25m Rulle\"}]},{\"@type\":\"WebSite\",\"@id\":\"https:\/\/last-chance.dk\/#website\",\"url\":\"https:\/\/last-chance.dk\/\",\"name\":\"LASTCHANCE Deals | Danmark\",\"description\":\"LASTCHANCE Deals | Danmark\",\"publisher\":{\"@id\":\"https:\/\/last-chance.dk\/#organization\"},\"potentialAction\":[{\"@type\":\"SearchAction\",\"target\":{\"@type\":\"EntryPoint\",\"urlTemplate\":\"https:\/\/last-chance.dk\/?s={search_term_string}\"},\"query-input\":{\"@type\":\"PropertyValueSpecification\",\"valueRequired\":true,\"valueName\":\"search_term_string\"}}],\"inLanguage\":\"da-DK\"},{\"@type\":\"Organization\",\"@id\":\"https:\/\/last-chance.dk\/#organization\",\"name\":\"LASTCHANCE Deals | Danmark\",\"url\":\"https:\/\/last-chance.dk\/\",\"logo\":{\"@type\":\"ImageObject\",\"inLanguage\":\"da-DK\",\"@id\":\"https:\/\/last-chance.dk\/#\/schema\/logo\/image\/\",\"url\":\"https:\/\/last-chance.dk\/wp-content\/uploads\/2023\/10\/lastchancedeals_logo_dk_white.png\",\"contentUrl\":\"https:\/\/last-chance.dk\/wp-content\/uploads\/2023\/10\/lastchancedeals_logo_dk_white.png\",\"width\":470,\"height\":110,\"caption\":\"LASTCHANCE Deals | Danmark\"},\"image\":{\"@id\":\"https:\/\/last-chance.dk\/#\/schema\/logo\/image\/\"}}]}<\/script>\n<!-- \/ Yoast SEO plugin. -->","yoast_head_json":{"title":"Hvidt PVC Kunstl\u00e6der 1.4mx25m Rulle - LASTCHANCE Deals | Danmark","robots":{"index":"index","follow":"follow","max-snippet":"max-snippet:-1","max-image-preview":"max-image-preview:large","max-video-preview":"max-video-preview:-1"},"canonical":"https:\/\/last-chance.dk\/?product=hvidt-pvc-kunstlaeder-1-4mx25m-rulle","og_locale":"da_DK","og_type":"article","og_title":"Hvidt PVC Kunstl\u00e6der 1.4mx25m Rulle - LASTCHANCE Deals | Danmark","og_description":"Hvis du leder efter et holdbart og stilfuldt materiale til dine m\u00f8bler, tasker eller bekl\u00e6dning, s\u00e5 er hvidt PVC kunstl\u00e6der fra ForrestDecor et godt valg. PVC kunstl\u00e6der er et syntetisk materiale, der ligner \u00e6gte l\u00e6der, men er mere modstandsdygtigt over for slid, vand og pletter. Det er ogs\u00e5 nemt at reng\u00f8re og vedligeholde. Bredde er: [&hellip;]","og_url":"https:\/\/last-chance.dk\/?product=hvidt-pvc-kunstlaeder-1-4mx25m-rulle","og_site_name":"LASTCHANCE Deals | Danmark","article_modified_time":"2024-05-24T03:00:20+00:00","og_image":[{"width":1600,"height":1200,"url":"https:\/\/last-chance.dk\/wp-content\/uploads\/2024\/05\/pvc_white_25m_roll_backgr_1.jpg","type":"image\/jpeg"}],"twitter_card":"summary_large_image","schema":{"@context":"https:\/\/schema.org","@graph":[{"@type":"WebPage","@id":"https:\/\/last-chance.dk\/?product=hvidt-pvc-kunstlaeder-1-4mx25m-rulle","url":"https:\/\/last-chance.dk\/?product=hvidt-pvc-kunstlaeder-1-4mx25m-rulle","name":"Hvidt PVC Kunstl\u00e6der 1.4mx25m Rulle - LASTCHANCE Deals | Danmark","isPartOf":{"@id":"https:\/\/last-chance.dk\/#website"},"primaryImageOfPage":{"@id":"https:\/\/last-chance.dk\/?product=hvidt-pvc-kunstlaeder-1-4mx25m-rulle#primaryimage"},"image":{"@id":"https:\/\/last-chance.dk\/?product=hvidt-pvc-kunstlaeder-1-4mx25m-rulle#primaryimage"},"thumbnailUrl":"https:\/\/last-chance.dk\/wp-content\/uploads\/2024\/05\/pvc_white_25m_roll_backgr_1.jpg","datePublished":"2024-05-24T03:00:18+00:00","dateModified":"2024-05-24T03:00:20+00:00","breadcrumb":{"@id":"https:\/\/last-chance.dk\/?product=hvidt-pvc-kunstlaeder-1-4mx25m-rulle#breadcrumb"},"inLanguage":"da-DK","potentialAction":[{"@type":"ReadAction","target":["https:\/\/last-chance.dk\/?product=hvidt-pvc-kunstlaeder-1-4mx25m-rulle"]}]},{"@type":"ImageObject","inLanguage":"da-DK","@id":"https:\/\/last-chance.dk\/?product=hvidt-pvc-kunstlaeder-1-4mx25m-rulle#primaryimage","url":"https:\/\/last-chance.dk\/wp-content\/uploads\/2024\/05\/pvc_white_25m_roll_backgr_1.jpg","contentUrl":"https:\/\/last-chance.dk\/wp-content\/uploads\/2024\/05\/pvc_white_25m_roll_backgr_1.jpg","width":1600,"height":1200},{"@type":"BreadcrumbList","@id":"https:\/\/last-chance.dk\/?product=hvidt-pvc-kunstlaeder-1-4mx25m-rulle#breadcrumb","itemListElement":[{"@type":"ListItem","position":1,"name":"Home","item":"https:\/\/last-chance.dk\/"},{"@type":"ListItem","position":2,"name":"Hvidt PVC Kunstl\u00e6der 1.4mx25m Rulle"}]},{"@type":"WebSite","@id":"https:\/\/last-chance.dk\/#website","url":"https:\/\/last-chance.dk\/","name":"LASTCHANCE Deals | Danmark","description":"LASTCHANCE Deals | Danmark","publisher":{"@id":"https:\/\/last-chance.dk\/#organization"},"potentialAction":[{"@type":"SearchAction","target":{"@type":"EntryPoint","urlTemplate":"https:\/\/last-chance.dk\/?s={search_term_string}"},"query-input":{"@type":"PropertyValueSpecification","valueRequired":true,"valueName":"search_term_string"}}],"inLanguage":"da-DK"},{"@type":"Organization","@id":"https:\/\/last-chance.dk\/#organization","name":"LASTCHANCE Deals | Danmark","url":"https:\/\/last-chance.dk\/","logo":{"@type":"ImageObject","inLanguage":"da-DK","@id":"https:\/\/last-chance.dk\/#\/schema\/logo\/image\/","url":"https:\/\/last-chance.dk\/wp-content\/uploads\/2023\/10\/lastchancedeals_logo_dk_white.png","contentUrl":"https:\/\/last-chance.dk\/wp-content\/uploads\/2023\/10\/lastchancedeals_logo_dk_white.png","width":470,"height":110,"caption":"LASTCHANCE Deals | Danmark"},"image":{"@id":"https:\/\/last-chance.dk\/#\/schema\/logo\/image\/"}}]}},"_links":{"self":[{"href":"https:\/\/last-chance.dk\/index.php?rest_route=\/wp\/v2\/product\/13386","targetHints":{"allow":["GET"]}}],"collection":[{"href":"https:\/\/last-chance.dk\/index.php?rest_route=\/wp\/v2\/product"}],"about":[{"href":"https:\/\/last-chance.dk\/index.php?rest_route=\/wp\/v2\/types\/product"}],"replies":[{"embeddable":true,"href":"https:\/\/last-chance.dk\/index.php?rest_route=%2Fwp%2Fv2%2Fcomments&post=13386"}],"wp:featuredmedia":[{"embeddable":true,"href":"https:\/\/last-chance.dk\/index.php?rest_route=\/wp\/v2\/media\/13385"}],"wp:attachment":[{"href":"https:\/\/last-chance.dk\/index.php?rest_route=%2Fwp%2Fv2%2Fmedia&parent=13386"}],"wp:term":[{"taxonomy":"product_brand","embeddable":true,"href":"https:\/\/last-chance.dk\/index.php?rest_route=%2Fwp%2Fv2%2Fproduct_brand&post=13386"},{"taxonomy":"product_cat","embeddable":true,"href":"https:\/\/last-chance.dk\/index.php?rest_route=%2Fwp%2Fv2%2Fproduct_cat&post=13386"},{"taxonomy":"product_tag","embeddable":true,"href":"https:\/\/last-chance.dk\/index.php?rest_route=%2Fwp%2Fv2%2Fproduct_tag&post=13386"}],"curies":[{"name":"wp","href":"https:\/\/api.w.org\/{rel}","templated":true}]}}