{"id":15356,"date":"2024-06-19T08:42:17","date_gmt":"2024-06-19T08:42:17","guid":{"rendered":"https:\/\/www.lastchance.deals\/dk\/produkt\/gyldent-jernblad-bord-eller-hylde-dekoration-gossamer\/"},"modified":"2025-09-19T17:47:04","modified_gmt":"2025-09-19T17:47:04","slug":"gyldent-jernblad-bord-eller-hylde-dekoration-gossamer","status":"publish","type":"product","link":"https:\/\/last-chance.dk\/?product=gyldent-jernblad-bord-eller-hylde-dekoration-gossamer","title":{"rendered":"Gyldent jernblad bord eller hylde dekoration Gossamer"},"content":{"rendered":"<p> Gylden jernblads bord- eller hylde dekoration kaldet Gossamer <\/p>\n<p><\/p>\n<p> Dette gyldne jernblad er designet til at pynte p\u00e5 bordet eller hylden, og udg\u00f8r en flot tilf\u00f8jelse til ethvert hjem eller kontor. Derudover kan det ogs\u00e5 v\u00e6re en ideel gaveid\u00e9 til dem, der elsker unikke todelinger. <br \/>\nM\u00e6rke: Eurofashion <br \/>\nSt\u00f8rrelse: 29 x 22 x 5.5 cm (L x H x B) <\/p>\n<p><\/p>\n<p> Hver enkelt detalje p\u00e5 dette produkt er h\u00e5ndlavet med pr\u00e6cision, hvilket sikrer, at du f\u00e5r et produkt af allerh\u00f8jeste kvalitet. <br \/>\nMateriale: Jern <br \/>\n<b> Leveringstid: 7-10 arbejdsdage <\/b> <\/p>\n<p><\/p>\n<p> Med sit i\u00f8jnefaldende design er dette guld jernblad sikker p\u00e5 at tilf\u00f8je et strejf af elegance til ethvert rum, det placeres i. Dens livagtige design vil bringe et strejf af naturen ind i dit hjem eller arbejdsplads. <\/p>\n<p><\/p>\n<p> Husk at da dette produkt er lavet af jern, b\u00f8r det reng\u00f8res forsigtigt for at forhindre potentielle skader. <\/p>\n<p><\/p>\n<p> Specifikationer: <br \/>\nMateriale: Jern <br \/>\nM\u00e6rke: Eurofashion <br \/>\nSt\u00f8rrelse: 29 x 22 x 5.5 cm (L x H x B) <br \/>\nLeveringstid: 7-10 arbejdsdage <\/p>\n","protected":false},"excerpt":{"rendered":"<p>Gylden jernblads bord- eller hylde dekoration kaldet Gossamer Dette gyldne jernblad er designet til at pynte p\u00e5 bordet eller hylden, og udg\u00f8r en flot tilf\u00f8jelse til ethvert hjem eller kontor. Derudover kan det ogs\u00e5 v\u00e6re en ideel gaveid\u00e9 til dem, der elsker unikke todelinger. M\u00e6rke: Eurofashion St\u00f8rrelse: 29 x 22 x 5.5 cm (L x [&hellip;]<\/p>\n","protected":false},"featured_media":15352,"comment_status":"open","ping_status":"closed","template":"","meta":[],"product_brand":[],"product_cat":[292],"product_tag":[],"class_list":{"0":"post-15356","1":"product","2":"type-product","3":"status-publish","4":"has-post-thumbnail","6":"product_cat-table-decor","8":"first","9":"instock","10":"shipping-taxable","11":"purchasable","12":"product-type-simple"},"yoast_head":"<!-- This site is optimized with the Yoast SEO plugin v24.8.1 - https:\/\/yoast.com\/wordpress\/plugins\/seo\/ -->\n<title>Gyldent jernblad bord eller hylde dekoration Gossamer - LASTCHANCE Deals | Danmark<\/title>\n<meta name=\"robots\" content=\"index, follow, max-snippet:-1, max-image-preview:large, max-video-preview:-1\" \/>\n<link rel=\"canonical\" href=\"https:\/\/last-chance.dk\/?product=gyldent-jernblad-bord-eller-hylde-dekoration-gossamer\" \/>\n<meta property=\"og:locale\" content=\"da_DK\" \/>\n<meta property=\"og:type\" content=\"article\" \/>\n<meta property=\"og:title\" content=\"Gyldent jernblad bord eller hylde dekoration Gossamer - LASTCHANCE Deals | Danmark\" \/>\n<meta property=\"og:description\" content=\"Gylden jernblads bord- eller hylde dekoration kaldet Gossamer Dette gyldne jernblad er designet til at pynte p\u00e5 bordet eller hylden, og udg\u00f8r en flot tilf\u00f8jelse til ethvert hjem eller kontor. Derudover kan det ogs\u00e5 v\u00e6re en ideel gaveid\u00e9 til dem, der elsker unikke todelinger. M\u00e6rke: Eurofashion St\u00f8rrelse: 29 x 22 x 5.5 cm (L x [&hellip;]\" \/>\n<meta property=\"og:url\" content=\"https:\/\/last-chance.dk\/?product=gyldent-jernblad-bord-eller-hylde-dekoration-gossamer\" \/>\n<meta property=\"og:site_name\" content=\"LASTCHANCE Deals | Danmark\" \/>\n<meta property=\"article:modified_time\" content=\"2025-09-19T17:47:04+00:00\" \/>\n<meta property=\"og:image\" content=\"https:\/\/last-chance.dk\/wp-content\/uploads\/2024\/06\/TBPM2.png\" \/>\n\t<meta property=\"og:image:width\" content=\"739\" \/>\n\t<meta property=\"og:image:height\" content=\"692\" \/>\n\t<meta property=\"og:image:type\" content=\"image\/png\" \/>\n<meta name=\"twitter:card\" content=\"summary_large_image\" \/>\n<meta name=\"twitter:label1\" content=\"Estimeret l\u00e6setid\" \/>\n\t<meta name=\"twitter:data1\" content=\"1 minut\" \/>\n<script type=\"application\/ld+json\" class=\"yoast-schema-graph\">{\"@context\":\"https:\/\/schema.org\",\"@graph\":[{\"@type\":\"WebPage\",\"@id\":\"https:\/\/last-chance.dk\/?product=gyldent-jernblad-bord-eller-hylde-dekoration-gossamer\",\"url\":\"https:\/\/last-chance.dk\/?product=gyldent-jernblad-bord-eller-hylde-dekoration-gossamer\",\"name\":\"Gyldent jernblad bord eller hylde dekoration Gossamer - LASTCHANCE Deals | Danmark\",\"isPartOf\":{\"@id\":\"https:\/\/last-chance.dk\/#website\"},\"primaryImageOfPage\":{\"@id\":\"https:\/\/last-chance.dk\/?product=gyldent-jernblad-bord-eller-hylde-dekoration-gossamer#primaryimage\"},\"image\":{\"@id\":\"https:\/\/last-chance.dk\/?product=gyldent-jernblad-bord-eller-hylde-dekoration-gossamer#primaryimage\"},\"thumbnailUrl\":\"https:\/\/last-chance.dk\/wp-content\/uploads\/2024\/06\/TBPM2.png\",\"datePublished\":\"2024-06-19T08:42:17+00:00\",\"dateModified\":\"2025-09-19T17:47:04+00:00\",\"breadcrumb\":{\"@id\":\"https:\/\/last-chance.dk\/?product=gyldent-jernblad-bord-eller-hylde-dekoration-gossamer#breadcrumb\"},\"inLanguage\":\"da-DK\",\"potentialAction\":[{\"@type\":\"ReadAction\",\"target\":[\"https:\/\/last-chance.dk\/?product=gyldent-jernblad-bord-eller-hylde-dekoration-gossamer\"]}]},{\"@type\":\"ImageObject\",\"inLanguage\":\"da-DK\",\"@id\":\"https:\/\/last-chance.dk\/?product=gyldent-jernblad-bord-eller-hylde-dekoration-gossamer#primaryimage\",\"url\":\"https:\/\/last-chance.dk\/wp-content\/uploads\/2024\/06\/TBPM2.png\",\"contentUrl\":\"https:\/\/last-chance.dk\/wp-content\/uploads\/2024\/06\/TBPM2.png\",\"width\":739,\"height\":692},{\"@type\":\"BreadcrumbList\",\"@id\":\"https:\/\/last-chance.dk\/?product=gyldent-jernblad-bord-eller-hylde-dekoration-gossamer#breadcrumb\",\"itemListElement\":[{\"@type\":\"ListItem\",\"position\":1,\"name\":\"Home\",\"item\":\"https:\/\/last-chance.dk\/\"},{\"@type\":\"ListItem\",\"position\":2,\"name\":\"Gyldent jernblad bord eller hylde dekoration Gossamer\"}]},{\"@type\":\"WebSite\",\"@id\":\"https:\/\/last-chance.dk\/#website\",\"url\":\"https:\/\/last-chance.dk\/\",\"name\":\"LASTCHANCE Deals | Danmark\",\"description\":\"LASTCHANCE Deals | Danmark\",\"publisher\":{\"@id\":\"https:\/\/last-chance.dk\/#organization\"},\"potentialAction\":[{\"@type\":\"SearchAction\",\"target\":{\"@type\":\"EntryPoint\",\"urlTemplate\":\"https:\/\/last-chance.dk\/?s={search_term_string}\"},\"query-input\":{\"@type\":\"PropertyValueSpecification\",\"valueRequired\":true,\"valueName\":\"search_term_string\"}}],\"inLanguage\":\"da-DK\"},{\"@type\":\"Organization\",\"@id\":\"https:\/\/last-chance.dk\/#organization\",\"name\":\"LASTCHANCE Deals | Danmark\",\"url\":\"https:\/\/last-chance.dk\/\",\"logo\":{\"@type\":\"ImageObject\",\"inLanguage\":\"da-DK\",\"@id\":\"https:\/\/last-chance.dk\/#\/schema\/logo\/image\/\",\"url\":\"https:\/\/last-chance.dk\/wp-content\/uploads\/2023\/10\/lastchancedeals_logo_dk_white.png\",\"contentUrl\":\"https:\/\/last-chance.dk\/wp-content\/uploads\/2023\/10\/lastchancedeals_logo_dk_white.png\",\"width\":470,\"height\":110,\"caption\":\"LASTCHANCE Deals | Danmark\"},\"image\":{\"@id\":\"https:\/\/last-chance.dk\/#\/schema\/logo\/image\/\"}}]}<\/script>\n<!-- \/ Yoast SEO plugin. -->","yoast_head_json":{"title":"Gyldent jernblad bord eller hylde dekoration Gossamer - LASTCHANCE Deals | Danmark","robots":{"index":"index","follow":"follow","max-snippet":"max-snippet:-1","max-image-preview":"max-image-preview:large","max-video-preview":"max-video-preview:-1"},"canonical":"https:\/\/last-chance.dk\/?product=gyldent-jernblad-bord-eller-hylde-dekoration-gossamer","og_locale":"da_DK","og_type":"article","og_title":"Gyldent jernblad bord eller hylde dekoration Gossamer - LASTCHANCE Deals | Danmark","og_description":"Gylden jernblads bord- eller hylde dekoration kaldet Gossamer Dette gyldne jernblad er designet til at pynte p\u00e5 bordet eller hylden, og udg\u00f8r en flot tilf\u00f8jelse til ethvert hjem eller kontor. Derudover kan det ogs\u00e5 v\u00e6re en ideel gaveid\u00e9 til dem, der elsker unikke todelinger. M\u00e6rke: Eurofashion St\u00f8rrelse: 29 x 22 x 5.5 cm (L x [&hellip;]","og_url":"https:\/\/last-chance.dk\/?product=gyldent-jernblad-bord-eller-hylde-dekoration-gossamer","og_site_name":"LASTCHANCE Deals | Danmark","article_modified_time":"2025-09-19T17:47:04+00:00","og_image":[{"width":739,"height":692,"url":"https:\/\/last-chance.dk\/wp-content\/uploads\/2024\/06\/TBPM2.png","type":"image\/png"}],"twitter_card":"summary_large_image","twitter_misc":{"Estimeret l\u00e6setid":"1 minut"},"schema":{"@context":"https:\/\/schema.org","@graph":[{"@type":"WebPage","@id":"https:\/\/last-chance.dk\/?product=gyldent-jernblad-bord-eller-hylde-dekoration-gossamer","url":"https:\/\/last-chance.dk\/?product=gyldent-jernblad-bord-eller-hylde-dekoration-gossamer","name":"Gyldent jernblad bord eller hylde dekoration Gossamer - LASTCHANCE Deals | Danmark","isPartOf":{"@id":"https:\/\/last-chance.dk\/#website"},"primaryImageOfPage":{"@id":"https:\/\/last-chance.dk\/?product=gyldent-jernblad-bord-eller-hylde-dekoration-gossamer#primaryimage"},"image":{"@id":"https:\/\/last-chance.dk\/?product=gyldent-jernblad-bord-eller-hylde-dekoration-gossamer#primaryimage"},"thumbnailUrl":"https:\/\/last-chance.dk\/wp-content\/uploads\/2024\/06\/TBPM2.png","datePublished":"2024-06-19T08:42:17+00:00","dateModified":"2025-09-19T17:47:04+00:00","breadcrumb":{"@id":"https:\/\/last-chance.dk\/?product=gyldent-jernblad-bord-eller-hylde-dekoration-gossamer#breadcrumb"},"inLanguage":"da-DK","potentialAction":[{"@type":"ReadAction","target":["https:\/\/last-chance.dk\/?product=gyldent-jernblad-bord-eller-hylde-dekoration-gossamer"]}]},{"@type":"ImageObject","inLanguage":"da-DK","@id":"https:\/\/last-chance.dk\/?product=gyldent-jernblad-bord-eller-hylde-dekoration-gossamer#primaryimage","url":"https:\/\/last-chance.dk\/wp-content\/uploads\/2024\/06\/TBPM2.png","contentUrl":"https:\/\/last-chance.dk\/wp-content\/uploads\/2024\/06\/TBPM2.png","width":739,"height":692},{"@type":"BreadcrumbList","@id":"https:\/\/last-chance.dk\/?product=gyldent-jernblad-bord-eller-hylde-dekoration-gossamer#breadcrumb","itemListElement":[{"@type":"ListItem","position":1,"name":"Home","item":"https:\/\/last-chance.dk\/"},{"@type":"ListItem","position":2,"name":"Gyldent jernblad bord eller hylde dekoration Gossamer"}]},{"@type":"WebSite","@id":"https:\/\/last-chance.dk\/#website","url":"https:\/\/last-chance.dk\/","name":"LASTCHANCE Deals | Danmark","description":"LASTCHANCE Deals | Danmark","publisher":{"@id":"https:\/\/last-chance.dk\/#organization"},"potentialAction":[{"@type":"SearchAction","target":{"@type":"EntryPoint","urlTemplate":"https:\/\/last-chance.dk\/?s={search_term_string}"},"query-input":{"@type":"PropertyValueSpecification","valueRequired":true,"valueName":"search_term_string"}}],"inLanguage":"da-DK"},{"@type":"Organization","@id":"https:\/\/last-chance.dk\/#organization","name":"LASTCHANCE Deals | Danmark","url":"https:\/\/last-chance.dk\/","logo":{"@type":"ImageObject","inLanguage":"da-DK","@id":"https:\/\/last-chance.dk\/#\/schema\/logo\/image\/","url":"https:\/\/last-chance.dk\/wp-content\/uploads\/2023\/10\/lastchancedeals_logo_dk_white.png","contentUrl":"https:\/\/last-chance.dk\/wp-content\/uploads\/2023\/10\/lastchancedeals_logo_dk_white.png","width":470,"height":110,"caption":"LASTCHANCE Deals | Danmark"},"image":{"@id":"https:\/\/last-chance.dk\/#\/schema\/logo\/image\/"}}]}},"_links":{"self":[{"href":"https:\/\/last-chance.dk\/index.php?rest_route=\/wp\/v2\/product\/15356","targetHints":{"allow":["GET"]}}],"collection":[{"href":"https:\/\/last-chance.dk\/index.php?rest_route=\/wp\/v2\/product"}],"about":[{"href":"https:\/\/last-chance.dk\/index.php?rest_route=\/wp\/v2\/types\/product"}],"replies":[{"embeddable":true,"href":"https:\/\/last-chance.dk\/index.php?rest_route=%2Fwp%2Fv2%2Fcomments&post=15356"}],"wp:featuredmedia":[{"embeddable":true,"href":"https:\/\/last-chance.dk\/index.php?rest_route=\/wp\/v2\/media\/15352"}],"wp:attachment":[{"href":"https:\/\/last-chance.dk\/index.php?rest_route=%2Fwp%2Fv2%2Fmedia&parent=15356"}],"wp:term":[{"taxonomy":"product_brand","embeddable":true,"href":"https:\/\/last-chance.dk\/index.php?rest_route=%2Fwp%2Fv2%2Fproduct_brand&post=15356"},{"taxonomy":"product_cat","embeddable":true,"href":"https:\/\/last-chance.dk\/index.php?rest_route=%2Fwp%2Fv2%2Fproduct_cat&post=15356"},{"taxonomy":"product_tag","embeddable":true,"href":"https:\/\/last-chance.dk\/index.php?rest_route=%2Fwp%2Fv2%2Fproduct_tag&post=15356"}],"curies":[{"name":"wp","href":"https:\/\/api.w.org\/{rel}","templated":true}]}}