{"id":15366,"date":"2024-06-19T08:44:22","date_gmt":"2024-06-19T08:44:22","guid":{"rendered":"https:\/\/www.lastchance.deals\/dk\/produkt\/gyldent-jernblad-bord-eller-hylde-dekoration-creatore\/"},"modified":"2025-10-13T11:52:51","modified_gmt":"2025-10-13T11:52:51","slug":"gyldent-jernblad-bord-eller-hylde-dekoration-creatore","status":"publish","type":"product","link":"https:\/\/last-chance.dk\/?product=gyldent-jernblad-bord-eller-hylde-dekoration-creatore","title":{"rendered":"Gyldent jernblad bord eller hylde dekoration Creatore"},"content":{"rendered":"<p> Gyldent jernbladsbord eller hylde dekoration Creatore <\/p>\n<p><\/p>\n<p> En gylden jernblad bord- eller hylde dekoration, der er fantastisk som bordpynt til hjemmet eller kontoret, og g\u00f8r en ideel gaveid\u00e9. <\/p>\n<p><\/p>\n<p> Dette stykke er skabt med stor pr\u00e6cision og h\u00e5ndv\u00e6rk det er m\u00e6rket Eurofashion. Vores gyldne jernblad dekoration er det ideelle element til at give dit rum et strejf af elegance og sk\u00f8nhed. <\/p>\n<p><\/p>\n<p>St\u00f8rrelsen er 31 x 23 x 5,5 cm (L x H x B), hvilket g\u00f8r den tilpas til at passe p\u00e5 et hvilket som helst bord eller hylde uden at tage for meget plads. <\/p>\n<p><\/p>\n<p> Lavet af jern af h\u00f8j kvalitet, sikrer denne dekoration holdbarhed og lang levetid. <\/p>\n<p><\/p>\n<p><b> Leveringstid: <\/b>7-10 arbejdsdage <\/p>\n<p><\/p>\n<p> Produktspecifikationer: <\/p>\n","protected":false},"excerpt":{"rendered":"<p>Gyldent jernbladsbord eller hylde dekoration Creatore En gylden jernblad bord- eller hylde dekoration, der er fantastisk som bordpynt til hjemmet eller kontoret, og g\u00f8r en ideel gaveid\u00e9. Dette stykke er skabt med stor pr\u00e6cision og h\u00e5ndv\u00e6rk det er m\u00e6rket Eurofashion. Vores gyldne jernblad dekoration er det ideelle element til at give dit rum et strejf [&hellip;]<\/p>\n","protected":false},"featured_media":15362,"comment_status":"open","ping_status":"closed","template":"","meta":[],"product_brand":[],"product_cat":[292],"product_tag":[],"class_list":{"0":"post-15366","1":"product","2":"type-product","3":"status-publish","4":"has-post-thumbnail","6":"product_cat-table-decor","8":"first","9":"instock","10":"shipping-taxable","11":"purchasable","12":"product-type-simple"},"yoast_head":"<!-- This site is optimized with the Yoast SEO plugin v24.8.1 - https:\/\/yoast.com\/wordpress\/plugins\/seo\/ -->\n<title>Gyldent jernblad bord eller hylde dekoration Creatore - LASTCHANCE Deals | Danmark<\/title>\n<meta name=\"robots\" content=\"index, follow, max-snippet:-1, max-image-preview:large, max-video-preview:-1\" \/>\n<link rel=\"canonical\" href=\"https:\/\/last-chance.dk\/?product=gyldent-jernblad-bord-eller-hylde-dekoration-creatore\" \/>\n<meta property=\"og:locale\" content=\"da_DK\" \/>\n<meta property=\"og:type\" content=\"article\" \/>\n<meta property=\"og:title\" content=\"Gyldent jernblad bord eller hylde dekoration Creatore - LASTCHANCE Deals | Danmark\" \/>\n<meta property=\"og:description\" content=\"Gyldent jernbladsbord eller hylde dekoration Creatore En gylden jernblad bord- eller hylde dekoration, der er fantastisk som bordpynt til hjemmet eller kontoret, og g\u00f8r en ideel gaveid\u00e9. Dette stykke er skabt med stor pr\u00e6cision og h\u00e5ndv\u00e6rk det er m\u00e6rket Eurofashion. Vores gyldne jernblad dekoration er det ideelle element til at give dit rum et strejf [&hellip;]\" \/>\n<meta property=\"og:url\" content=\"https:\/\/last-chance.dk\/?product=gyldent-jernblad-bord-eller-hylde-dekoration-creatore\" \/>\n<meta property=\"og:site_name\" content=\"LASTCHANCE Deals | Danmark\" \/>\n<meta property=\"article:modified_time\" content=\"2025-10-13T11:52:51+00:00\" \/>\n<meta property=\"og:image\" content=\"https:\/\/last-chance.dk\/wp-content\/uploads\/2024\/06\/TBPM4.png\" \/>\n\t<meta property=\"og:image:width\" content=\"718\" \/>\n\t<meta property=\"og:image:height\" content=\"678\" \/>\n\t<meta property=\"og:image:type\" content=\"image\/png\" \/>\n<meta name=\"twitter:card\" content=\"summary_large_image\" \/>\n<meta name=\"twitter:label1\" content=\"Estimeret l\u00e6setid\" \/>\n\t<meta name=\"twitter:data1\" content=\"1 minut\" \/>\n<script type=\"application\/ld+json\" class=\"yoast-schema-graph\">{\"@context\":\"https:\/\/schema.org\",\"@graph\":[{\"@type\":\"WebPage\",\"@id\":\"https:\/\/last-chance.dk\/?product=gyldent-jernblad-bord-eller-hylde-dekoration-creatore\",\"url\":\"https:\/\/last-chance.dk\/?product=gyldent-jernblad-bord-eller-hylde-dekoration-creatore\",\"name\":\"Gyldent jernblad bord eller hylde dekoration Creatore - LASTCHANCE Deals | Danmark\",\"isPartOf\":{\"@id\":\"https:\/\/last-chance.dk\/#website\"},\"primaryImageOfPage\":{\"@id\":\"https:\/\/last-chance.dk\/?product=gyldent-jernblad-bord-eller-hylde-dekoration-creatore#primaryimage\"},\"image\":{\"@id\":\"https:\/\/last-chance.dk\/?product=gyldent-jernblad-bord-eller-hylde-dekoration-creatore#primaryimage\"},\"thumbnailUrl\":\"https:\/\/last-chance.dk\/wp-content\/uploads\/2024\/06\/TBPM4.png\",\"datePublished\":\"2024-06-19T08:44:22+00:00\",\"dateModified\":\"2025-10-13T11:52:51+00:00\",\"breadcrumb\":{\"@id\":\"https:\/\/last-chance.dk\/?product=gyldent-jernblad-bord-eller-hylde-dekoration-creatore#breadcrumb\"},\"inLanguage\":\"da-DK\",\"potentialAction\":[{\"@type\":\"ReadAction\",\"target\":[\"https:\/\/last-chance.dk\/?product=gyldent-jernblad-bord-eller-hylde-dekoration-creatore\"]}]},{\"@type\":\"ImageObject\",\"inLanguage\":\"da-DK\",\"@id\":\"https:\/\/last-chance.dk\/?product=gyldent-jernblad-bord-eller-hylde-dekoration-creatore#primaryimage\",\"url\":\"https:\/\/last-chance.dk\/wp-content\/uploads\/2024\/06\/TBPM4.png\",\"contentUrl\":\"https:\/\/last-chance.dk\/wp-content\/uploads\/2024\/06\/TBPM4.png\",\"width\":718,\"height\":678},{\"@type\":\"BreadcrumbList\",\"@id\":\"https:\/\/last-chance.dk\/?product=gyldent-jernblad-bord-eller-hylde-dekoration-creatore#breadcrumb\",\"itemListElement\":[{\"@type\":\"ListItem\",\"position\":1,\"name\":\"Home\",\"item\":\"https:\/\/last-chance.dk\/\"},{\"@type\":\"ListItem\",\"position\":2,\"name\":\"Gyldent jernblad bord eller hylde dekoration Creatore\"}]},{\"@type\":\"WebSite\",\"@id\":\"https:\/\/last-chance.dk\/#website\",\"url\":\"https:\/\/last-chance.dk\/\",\"name\":\"LASTCHANCE Deals | Danmark\",\"description\":\"LASTCHANCE Deals | Danmark\",\"publisher\":{\"@id\":\"https:\/\/last-chance.dk\/#organization\"},\"potentialAction\":[{\"@type\":\"SearchAction\",\"target\":{\"@type\":\"EntryPoint\",\"urlTemplate\":\"https:\/\/last-chance.dk\/?s={search_term_string}\"},\"query-input\":{\"@type\":\"PropertyValueSpecification\",\"valueRequired\":true,\"valueName\":\"search_term_string\"}}],\"inLanguage\":\"da-DK\"},{\"@type\":\"Organization\",\"@id\":\"https:\/\/last-chance.dk\/#organization\",\"name\":\"LASTCHANCE Deals | Danmark\",\"url\":\"https:\/\/last-chance.dk\/\",\"logo\":{\"@type\":\"ImageObject\",\"inLanguage\":\"da-DK\",\"@id\":\"https:\/\/last-chance.dk\/#\/schema\/logo\/image\/\",\"url\":\"https:\/\/last-chance.dk\/wp-content\/uploads\/2023\/10\/lastchancedeals_logo_dk_white.png\",\"contentUrl\":\"https:\/\/last-chance.dk\/wp-content\/uploads\/2023\/10\/lastchancedeals_logo_dk_white.png\",\"width\":470,\"height\":110,\"caption\":\"LASTCHANCE Deals | Danmark\"},\"image\":{\"@id\":\"https:\/\/last-chance.dk\/#\/schema\/logo\/image\/\"}}]}<\/script>\n<!-- \/ Yoast SEO plugin. -->","yoast_head_json":{"title":"Gyldent jernblad bord eller hylde dekoration Creatore - LASTCHANCE Deals | Danmark","robots":{"index":"index","follow":"follow","max-snippet":"max-snippet:-1","max-image-preview":"max-image-preview:large","max-video-preview":"max-video-preview:-1"},"canonical":"https:\/\/last-chance.dk\/?product=gyldent-jernblad-bord-eller-hylde-dekoration-creatore","og_locale":"da_DK","og_type":"article","og_title":"Gyldent jernblad bord eller hylde dekoration Creatore - LASTCHANCE Deals | Danmark","og_description":"Gyldent jernbladsbord eller hylde dekoration Creatore En gylden jernblad bord- eller hylde dekoration, der er fantastisk som bordpynt til hjemmet eller kontoret, og g\u00f8r en ideel gaveid\u00e9. Dette stykke er skabt med stor pr\u00e6cision og h\u00e5ndv\u00e6rk det er m\u00e6rket Eurofashion. Vores gyldne jernblad dekoration er det ideelle element til at give dit rum et strejf [&hellip;]","og_url":"https:\/\/last-chance.dk\/?product=gyldent-jernblad-bord-eller-hylde-dekoration-creatore","og_site_name":"LASTCHANCE Deals | Danmark","article_modified_time":"2025-10-13T11:52:51+00:00","og_image":[{"width":718,"height":678,"url":"https:\/\/last-chance.dk\/wp-content\/uploads\/2024\/06\/TBPM4.png","type":"image\/png"}],"twitter_card":"summary_large_image","twitter_misc":{"Estimeret l\u00e6setid":"1 minut"},"schema":{"@context":"https:\/\/schema.org","@graph":[{"@type":"WebPage","@id":"https:\/\/last-chance.dk\/?product=gyldent-jernblad-bord-eller-hylde-dekoration-creatore","url":"https:\/\/last-chance.dk\/?product=gyldent-jernblad-bord-eller-hylde-dekoration-creatore","name":"Gyldent jernblad bord eller hylde dekoration Creatore - LASTCHANCE Deals | Danmark","isPartOf":{"@id":"https:\/\/last-chance.dk\/#website"},"primaryImageOfPage":{"@id":"https:\/\/last-chance.dk\/?product=gyldent-jernblad-bord-eller-hylde-dekoration-creatore#primaryimage"},"image":{"@id":"https:\/\/last-chance.dk\/?product=gyldent-jernblad-bord-eller-hylde-dekoration-creatore#primaryimage"},"thumbnailUrl":"https:\/\/last-chance.dk\/wp-content\/uploads\/2024\/06\/TBPM4.png","datePublished":"2024-06-19T08:44:22+00:00","dateModified":"2025-10-13T11:52:51+00:00","breadcrumb":{"@id":"https:\/\/last-chance.dk\/?product=gyldent-jernblad-bord-eller-hylde-dekoration-creatore#breadcrumb"},"inLanguage":"da-DK","potentialAction":[{"@type":"ReadAction","target":["https:\/\/last-chance.dk\/?product=gyldent-jernblad-bord-eller-hylde-dekoration-creatore"]}]},{"@type":"ImageObject","inLanguage":"da-DK","@id":"https:\/\/last-chance.dk\/?product=gyldent-jernblad-bord-eller-hylde-dekoration-creatore#primaryimage","url":"https:\/\/last-chance.dk\/wp-content\/uploads\/2024\/06\/TBPM4.png","contentUrl":"https:\/\/last-chance.dk\/wp-content\/uploads\/2024\/06\/TBPM4.png","width":718,"height":678},{"@type":"BreadcrumbList","@id":"https:\/\/last-chance.dk\/?product=gyldent-jernblad-bord-eller-hylde-dekoration-creatore#breadcrumb","itemListElement":[{"@type":"ListItem","position":1,"name":"Home","item":"https:\/\/last-chance.dk\/"},{"@type":"ListItem","position":2,"name":"Gyldent jernblad bord eller hylde dekoration Creatore"}]},{"@type":"WebSite","@id":"https:\/\/last-chance.dk\/#website","url":"https:\/\/last-chance.dk\/","name":"LASTCHANCE Deals | Danmark","description":"LASTCHANCE Deals | Danmark","publisher":{"@id":"https:\/\/last-chance.dk\/#organization"},"potentialAction":[{"@type":"SearchAction","target":{"@type":"EntryPoint","urlTemplate":"https:\/\/last-chance.dk\/?s={search_term_string}"},"query-input":{"@type":"PropertyValueSpecification","valueRequired":true,"valueName":"search_term_string"}}],"inLanguage":"da-DK"},{"@type":"Organization","@id":"https:\/\/last-chance.dk\/#organization","name":"LASTCHANCE Deals | Danmark","url":"https:\/\/last-chance.dk\/","logo":{"@type":"ImageObject","inLanguage":"da-DK","@id":"https:\/\/last-chance.dk\/#\/schema\/logo\/image\/","url":"https:\/\/last-chance.dk\/wp-content\/uploads\/2023\/10\/lastchancedeals_logo_dk_white.png","contentUrl":"https:\/\/last-chance.dk\/wp-content\/uploads\/2023\/10\/lastchancedeals_logo_dk_white.png","width":470,"height":110,"caption":"LASTCHANCE Deals | Danmark"},"image":{"@id":"https:\/\/last-chance.dk\/#\/schema\/logo\/image\/"}}]}},"_links":{"self":[{"href":"https:\/\/last-chance.dk\/index.php?rest_route=\/wp\/v2\/product\/15366","targetHints":{"allow":["GET"]}}],"collection":[{"href":"https:\/\/last-chance.dk\/index.php?rest_route=\/wp\/v2\/product"}],"about":[{"href":"https:\/\/last-chance.dk\/index.php?rest_route=\/wp\/v2\/types\/product"}],"replies":[{"embeddable":true,"href":"https:\/\/last-chance.dk\/index.php?rest_route=%2Fwp%2Fv2%2Fcomments&post=15366"}],"wp:featuredmedia":[{"embeddable":true,"href":"https:\/\/last-chance.dk\/index.php?rest_route=\/wp\/v2\/media\/15362"}],"wp:attachment":[{"href":"https:\/\/last-chance.dk\/index.php?rest_route=%2Fwp%2Fv2%2Fmedia&parent=15366"}],"wp:term":[{"taxonomy":"product_brand","embeddable":true,"href":"https:\/\/last-chance.dk\/index.php?rest_route=%2Fwp%2Fv2%2Fproduct_brand&post=15366"},{"taxonomy":"product_cat","embeddable":true,"href":"https:\/\/last-chance.dk\/index.php?rest_route=%2Fwp%2Fv2%2Fproduct_cat&post=15366"},{"taxonomy":"product_tag","embeddable":true,"href":"https:\/\/last-chance.dk\/index.php?rest_route=%2Fwp%2Fv2%2Fproduct_tag&post=15366"}],"curies":[{"name":"wp","href":"https:\/\/api.w.org\/{rel}","templated":true}]}}