{"id":15371,"date":"2024-06-19T08:45:14","date_gmt":"2024-06-19T08:45:14","guid":{"rendered":"https:\/\/www.lastchance.deals\/dk\/produkt\/borddekoration-saet-med-2-keramiske-vaser-roed-granataeble-borddekoration-giulietto\/"},"modified":"2025-09-19T17:33:17","modified_gmt":"2025-09-19T17:33:17","slug":"borddekoration-saet-med-2-keramiske-vaser-roed-granataeble-borddekoration-giulietto","status":"publish","type":"product","link":"https:\/\/last-chance.dk\/?product=borddekoration-saet-med-2-keramiske-vaser-roed-granataeble-borddekoration-giulietto","title":{"rendered":"Borddekoration S\u00e6t med 2 keramiske vaser r\u00f8d granat\u00e6ble borddekoration Giulietto"},"content":{"rendered":"<p>Bordsdekoration S\u00e6t med 2 Keramik vaser r\u00f8d granat\u00e6ble borddekoration Giulietto<\/p>\n<p><\/p>\n<p>Dette s\u00e6t best\u00e5r af to keramiske granat\u00e6bler, der er perfekte til dekoration p\u00e5 bordet eller hylden. De har et unikt og attraktivt design, der kan tilf\u00f8re et strejf af farve og kreativitet til dit hjem, dit kontor eller uanset hvor du v\u00e6lger at placere dem. De kan ogs\u00e5 v\u00e6re en ideel gaveid\u00e9 til nogen, du holder af.<br \/>\nBrand: Eurofashion<br \/>\nSt\u00f8rrelse:<br \/>\nStor: 14 x 14 x 16 cm (L x H x B)<br \/>\nMindre: 10.5 x 10.5 x 12 cm (L x H x B)<br \/>\nMateriale: Keramik<br \/>\n<b> Leveringstid: 7-10 arbejdsdage<\/b><\/p>\n<p><\/p>\n<p>Dette keramiske granat\u00e6ble s\u00e6t er mere end blot almindelige vaser. De er kunstv\u00e6rker, som kan tilf\u00f8re et sofistikeret pr\u00e6g til enhver plads. De rige, dybe r\u00f8de nuancer af granat\u00e6blerne er b\u00e5de i\u00f8jnefaldende og i tr\u00e5d med moderne trends inden for interi\u00f8rdesign.<br \/>\nHvad enten det er til dig selv eller som en gave, vil dette s\u00e6t med 2 keramiske granat\u00e6blevaser v\u00e6re et smukt og meningsfuldt valg. De vil med garanti tilf\u00f8je et strejf af elegance og originalitet til ethvert rum.<br \/>\n<b>Specifikationer:<\/b><br \/>\n&#8211; M\u00e6rke: Eurofashion<br \/>\n&#8211; Materiale: Keramik<br \/>\n&#8211; St\u00f8rrelse: Stor: 14 x 14 x 16 cm (L x H x B), Mindre: 10.5 x 10.5 x 12 cm (L x H x B)<br \/>\n&#8211; Leveringstid: 7-10 arbejdsdage<\/p>\n","protected":false},"excerpt":{"rendered":"<p>Bordsdekoration S\u00e6t med 2 Keramik vaser r\u00f8d granat\u00e6ble borddekoration Giulietto Dette s\u00e6t best\u00e5r af to keramiske granat\u00e6bler, der er perfekte til dekoration p\u00e5 bordet eller hylden. De har et unikt og attraktivt design, der kan tilf\u00f8re et strejf af farve og kreativitet til dit hjem, dit kontor eller uanset hvor du v\u00e6lger at placere dem. [&hellip;]<\/p>\n","protected":false},"featured_media":15367,"comment_status":"open","ping_status":"closed","template":"","meta":[],"product_brand":[],"product_cat":[292],"product_tag":[],"class_list":{"0":"post-15371","1":"product","2":"type-product","3":"status-publish","4":"has-post-thumbnail","6":"product_cat-table-decor","8":"first","9":"instock","10":"shipping-taxable","11":"purchasable","12":"product-type-simple"},"yoast_head":"<!-- This site is optimized with the Yoast SEO plugin v24.8.1 - https:\/\/yoast.com\/wordpress\/plugins\/seo\/ -->\n<title>Borddekoration S\u00e6t med 2 keramiske vaser r\u00f8d granat\u00e6ble borddekoration Giulietto - LASTCHANCE Deals | Danmark<\/title>\n<meta name=\"robots\" content=\"index, follow, max-snippet:-1, max-image-preview:large, max-video-preview:-1\" \/>\n<link rel=\"canonical\" href=\"https:\/\/last-chance.dk\/?product=borddekoration-saet-med-2-keramiske-vaser-roed-granataeble-borddekoration-giulietto\" \/>\n<meta property=\"og:locale\" content=\"da_DK\" \/>\n<meta property=\"og:type\" content=\"article\" \/>\n<meta property=\"og:title\" content=\"Borddekoration S\u00e6t med 2 keramiske vaser r\u00f8d granat\u00e6ble borddekoration Giulietto - LASTCHANCE Deals | Danmark\" \/>\n<meta property=\"og:description\" content=\"Bordsdekoration S\u00e6t med 2 Keramik vaser r\u00f8d granat\u00e6ble borddekoration Giulietto Dette s\u00e6t best\u00e5r af to keramiske granat\u00e6bler, der er perfekte til dekoration p\u00e5 bordet eller hylden. De har et unikt og attraktivt design, der kan tilf\u00f8re et strejf af farve og kreativitet til dit hjem, dit kontor eller uanset hvor du v\u00e6lger at placere dem. [&hellip;]\" \/>\n<meta property=\"og:url\" content=\"https:\/\/last-chance.dk\/?product=borddekoration-saet-med-2-keramiske-vaser-roed-granataeble-borddekoration-giulietto\" \/>\n<meta property=\"og:site_name\" content=\"LASTCHANCE Deals | Danmark\" \/>\n<meta property=\"article:modified_time\" content=\"2025-09-19T17:33:17+00:00\" \/>\n<meta property=\"og:image\" content=\"https:\/\/last-chance.dk\/wp-content\/uploads\/2024\/06\/TBPOM1.png\" \/>\n\t<meta property=\"og:image:width\" content=\"766\" \/>\n\t<meta property=\"og:image:height\" content=\"766\" \/>\n\t<meta property=\"og:image:type\" content=\"image\/png\" \/>\n<meta name=\"twitter:card\" content=\"summary_large_image\" \/>\n<meta name=\"twitter:label1\" content=\"Estimeret l\u00e6setid\" \/>\n\t<meta name=\"twitter:data1\" content=\"1 minut\" \/>\n<script type=\"application\/ld+json\" class=\"yoast-schema-graph\">{\"@context\":\"https:\/\/schema.org\",\"@graph\":[{\"@type\":\"WebPage\",\"@id\":\"https:\/\/last-chance.dk\/?product=borddekoration-saet-med-2-keramiske-vaser-roed-granataeble-borddekoration-giulietto\",\"url\":\"https:\/\/last-chance.dk\/?product=borddekoration-saet-med-2-keramiske-vaser-roed-granataeble-borddekoration-giulietto\",\"name\":\"Borddekoration S\u00e6t med 2 keramiske vaser r\u00f8d granat\u00e6ble borddekoration Giulietto - LASTCHANCE Deals | Danmark\",\"isPartOf\":{\"@id\":\"https:\/\/last-chance.dk\/#website\"},\"primaryImageOfPage\":{\"@id\":\"https:\/\/last-chance.dk\/?product=borddekoration-saet-med-2-keramiske-vaser-roed-granataeble-borddekoration-giulietto#primaryimage\"},\"image\":{\"@id\":\"https:\/\/last-chance.dk\/?product=borddekoration-saet-med-2-keramiske-vaser-roed-granataeble-borddekoration-giulietto#primaryimage\"},\"thumbnailUrl\":\"https:\/\/last-chance.dk\/wp-content\/uploads\/2024\/06\/TBPOM1.png\",\"datePublished\":\"2024-06-19T08:45:14+00:00\",\"dateModified\":\"2025-09-19T17:33:17+00:00\",\"breadcrumb\":{\"@id\":\"https:\/\/last-chance.dk\/?product=borddekoration-saet-med-2-keramiske-vaser-roed-granataeble-borddekoration-giulietto#breadcrumb\"},\"inLanguage\":\"da-DK\",\"potentialAction\":[{\"@type\":\"ReadAction\",\"target\":[\"https:\/\/last-chance.dk\/?product=borddekoration-saet-med-2-keramiske-vaser-roed-granataeble-borddekoration-giulietto\"]}]},{\"@type\":\"ImageObject\",\"inLanguage\":\"da-DK\",\"@id\":\"https:\/\/last-chance.dk\/?product=borddekoration-saet-med-2-keramiske-vaser-roed-granataeble-borddekoration-giulietto#primaryimage\",\"url\":\"https:\/\/last-chance.dk\/wp-content\/uploads\/2024\/06\/TBPOM1.png\",\"contentUrl\":\"https:\/\/last-chance.dk\/wp-content\/uploads\/2024\/06\/TBPOM1.png\",\"width\":766,\"height\":766},{\"@type\":\"BreadcrumbList\",\"@id\":\"https:\/\/last-chance.dk\/?product=borddekoration-saet-med-2-keramiske-vaser-roed-granataeble-borddekoration-giulietto#breadcrumb\",\"itemListElement\":[{\"@type\":\"ListItem\",\"position\":1,\"name\":\"Home\",\"item\":\"https:\/\/last-chance.dk\/\"},{\"@type\":\"ListItem\",\"position\":2,\"name\":\"Borddekoration S\u00e6t med 2 keramiske vaser r\u00f8d granat\u00e6ble borddekoration Giulietto\"}]},{\"@type\":\"WebSite\",\"@id\":\"https:\/\/last-chance.dk\/#website\",\"url\":\"https:\/\/last-chance.dk\/\",\"name\":\"LASTCHANCE Deals | Danmark\",\"description\":\"LASTCHANCE Deals | Danmark\",\"publisher\":{\"@id\":\"https:\/\/last-chance.dk\/#organization\"},\"potentialAction\":[{\"@type\":\"SearchAction\",\"target\":{\"@type\":\"EntryPoint\",\"urlTemplate\":\"https:\/\/last-chance.dk\/?s={search_term_string}\"},\"query-input\":{\"@type\":\"PropertyValueSpecification\",\"valueRequired\":true,\"valueName\":\"search_term_string\"}}],\"inLanguage\":\"da-DK\"},{\"@type\":\"Organization\",\"@id\":\"https:\/\/last-chance.dk\/#organization\",\"name\":\"LASTCHANCE Deals | Danmark\",\"url\":\"https:\/\/last-chance.dk\/\",\"logo\":{\"@type\":\"ImageObject\",\"inLanguage\":\"da-DK\",\"@id\":\"https:\/\/last-chance.dk\/#\/schema\/logo\/image\/\",\"url\":\"https:\/\/last-chance.dk\/wp-content\/uploads\/2023\/10\/lastchancedeals_logo_dk_white.png\",\"contentUrl\":\"https:\/\/last-chance.dk\/wp-content\/uploads\/2023\/10\/lastchancedeals_logo_dk_white.png\",\"width\":470,\"height\":110,\"caption\":\"LASTCHANCE Deals | Danmark\"},\"image\":{\"@id\":\"https:\/\/last-chance.dk\/#\/schema\/logo\/image\/\"}}]}<\/script>\n<!-- \/ Yoast SEO plugin. -->","yoast_head_json":{"title":"Borddekoration S\u00e6t med 2 keramiske vaser r\u00f8d granat\u00e6ble borddekoration Giulietto - LASTCHANCE Deals | Danmark","robots":{"index":"index","follow":"follow","max-snippet":"max-snippet:-1","max-image-preview":"max-image-preview:large","max-video-preview":"max-video-preview:-1"},"canonical":"https:\/\/last-chance.dk\/?product=borddekoration-saet-med-2-keramiske-vaser-roed-granataeble-borddekoration-giulietto","og_locale":"da_DK","og_type":"article","og_title":"Borddekoration S\u00e6t med 2 keramiske vaser r\u00f8d granat\u00e6ble borddekoration Giulietto - LASTCHANCE Deals | Danmark","og_description":"Bordsdekoration S\u00e6t med 2 Keramik vaser r\u00f8d granat\u00e6ble borddekoration Giulietto Dette s\u00e6t best\u00e5r af to keramiske granat\u00e6bler, der er perfekte til dekoration p\u00e5 bordet eller hylden. De har et unikt og attraktivt design, der kan tilf\u00f8re et strejf af farve og kreativitet til dit hjem, dit kontor eller uanset hvor du v\u00e6lger at placere dem. [&hellip;]","og_url":"https:\/\/last-chance.dk\/?product=borddekoration-saet-med-2-keramiske-vaser-roed-granataeble-borddekoration-giulietto","og_site_name":"LASTCHANCE Deals | Danmark","article_modified_time":"2025-09-19T17:33:17+00:00","og_image":[{"width":766,"height":766,"url":"https:\/\/last-chance.dk\/wp-content\/uploads\/2024\/06\/TBPOM1.png","type":"image\/png"}],"twitter_card":"summary_large_image","twitter_misc":{"Estimeret l\u00e6setid":"1 minut"},"schema":{"@context":"https:\/\/schema.org","@graph":[{"@type":"WebPage","@id":"https:\/\/last-chance.dk\/?product=borddekoration-saet-med-2-keramiske-vaser-roed-granataeble-borddekoration-giulietto","url":"https:\/\/last-chance.dk\/?product=borddekoration-saet-med-2-keramiske-vaser-roed-granataeble-borddekoration-giulietto","name":"Borddekoration S\u00e6t med 2 keramiske vaser r\u00f8d granat\u00e6ble borddekoration Giulietto - LASTCHANCE Deals | Danmark","isPartOf":{"@id":"https:\/\/last-chance.dk\/#website"},"primaryImageOfPage":{"@id":"https:\/\/last-chance.dk\/?product=borddekoration-saet-med-2-keramiske-vaser-roed-granataeble-borddekoration-giulietto#primaryimage"},"image":{"@id":"https:\/\/last-chance.dk\/?product=borddekoration-saet-med-2-keramiske-vaser-roed-granataeble-borddekoration-giulietto#primaryimage"},"thumbnailUrl":"https:\/\/last-chance.dk\/wp-content\/uploads\/2024\/06\/TBPOM1.png","datePublished":"2024-06-19T08:45:14+00:00","dateModified":"2025-09-19T17:33:17+00:00","breadcrumb":{"@id":"https:\/\/last-chance.dk\/?product=borddekoration-saet-med-2-keramiske-vaser-roed-granataeble-borddekoration-giulietto#breadcrumb"},"inLanguage":"da-DK","potentialAction":[{"@type":"ReadAction","target":["https:\/\/last-chance.dk\/?product=borddekoration-saet-med-2-keramiske-vaser-roed-granataeble-borddekoration-giulietto"]}]},{"@type":"ImageObject","inLanguage":"da-DK","@id":"https:\/\/last-chance.dk\/?product=borddekoration-saet-med-2-keramiske-vaser-roed-granataeble-borddekoration-giulietto#primaryimage","url":"https:\/\/last-chance.dk\/wp-content\/uploads\/2024\/06\/TBPOM1.png","contentUrl":"https:\/\/last-chance.dk\/wp-content\/uploads\/2024\/06\/TBPOM1.png","width":766,"height":766},{"@type":"BreadcrumbList","@id":"https:\/\/last-chance.dk\/?product=borddekoration-saet-med-2-keramiske-vaser-roed-granataeble-borddekoration-giulietto#breadcrumb","itemListElement":[{"@type":"ListItem","position":1,"name":"Home","item":"https:\/\/last-chance.dk\/"},{"@type":"ListItem","position":2,"name":"Borddekoration S\u00e6t med 2 keramiske vaser r\u00f8d granat\u00e6ble borddekoration Giulietto"}]},{"@type":"WebSite","@id":"https:\/\/last-chance.dk\/#website","url":"https:\/\/last-chance.dk\/","name":"LASTCHANCE Deals | Danmark","description":"LASTCHANCE Deals | Danmark","publisher":{"@id":"https:\/\/last-chance.dk\/#organization"},"potentialAction":[{"@type":"SearchAction","target":{"@type":"EntryPoint","urlTemplate":"https:\/\/last-chance.dk\/?s={search_term_string}"},"query-input":{"@type":"PropertyValueSpecification","valueRequired":true,"valueName":"search_term_string"}}],"inLanguage":"da-DK"},{"@type":"Organization","@id":"https:\/\/last-chance.dk\/#organization","name":"LASTCHANCE Deals | Danmark","url":"https:\/\/last-chance.dk\/","logo":{"@type":"ImageObject","inLanguage":"da-DK","@id":"https:\/\/last-chance.dk\/#\/schema\/logo\/image\/","url":"https:\/\/last-chance.dk\/wp-content\/uploads\/2023\/10\/lastchancedeals_logo_dk_white.png","contentUrl":"https:\/\/last-chance.dk\/wp-content\/uploads\/2023\/10\/lastchancedeals_logo_dk_white.png","width":470,"height":110,"caption":"LASTCHANCE Deals | Danmark"},"image":{"@id":"https:\/\/last-chance.dk\/#\/schema\/logo\/image\/"}}]}},"_links":{"self":[{"href":"https:\/\/last-chance.dk\/index.php?rest_route=\/wp\/v2\/product\/15371","targetHints":{"allow":["GET"]}}],"collection":[{"href":"https:\/\/last-chance.dk\/index.php?rest_route=\/wp\/v2\/product"}],"about":[{"href":"https:\/\/last-chance.dk\/index.php?rest_route=\/wp\/v2\/types\/product"}],"replies":[{"embeddable":true,"href":"https:\/\/last-chance.dk\/index.php?rest_route=%2Fwp%2Fv2%2Fcomments&post=15371"}],"wp:featuredmedia":[{"embeddable":true,"href":"https:\/\/last-chance.dk\/index.php?rest_route=\/wp\/v2\/media\/15367"}],"wp:attachment":[{"href":"https:\/\/last-chance.dk\/index.php?rest_route=%2Fwp%2Fv2%2Fmedia&parent=15371"}],"wp:term":[{"taxonomy":"product_brand","embeddable":true,"href":"https:\/\/last-chance.dk\/index.php?rest_route=%2Fwp%2Fv2%2Fproduct_brand&post=15371"},{"taxonomy":"product_cat","embeddable":true,"href":"https:\/\/last-chance.dk\/index.php?rest_route=%2Fwp%2Fv2%2Fproduct_cat&post=15371"},{"taxonomy":"product_tag","embeddable":true,"href":"https:\/\/last-chance.dk\/index.php?rest_route=%2Fwp%2Fv2%2Fproduct_tag&post=15371"}],"curies":[{"name":"wp","href":"https:\/\/api.w.org\/{rel}","templated":true}]}}