{"id":15414,"date":"2024-06-20T07:55:57","date_gmt":"2024-06-20T07:55:57","guid":{"rendered":"https:\/\/www.lastchance.deals\/dk\/produkt\/skrivebordsfontaene-med-led-lys-borddekoration-til-hjemmet-eller-kontoret-napa\/"},"modified":"2025-03-24T00:15:32","modified_gmt":"2025-03-24T00:15:32","slug":"skrivebordsfontaene-med-led-lys-borddekoration-til-hjemmet-eller-kontoret-napa","status":"publish","type":"product","link":"https:\/\/last-chance.dk\/?product=skrivebordsfontaene-med-led-lys-borddekoration-til-hjemmet-eller-kontoret-napa","title":{"rendered":"Skrivebordsfont\u00e6ne med LED-lys, Borddekoration til hjemmet eller kontoret Napa"},"content":{"rendered":"<p>Skrivebordsfont\u00e6ne med LED-lamper, borddekoration til hjemmet eller kontoret fra Napa<\/p>\n<p>&nbsp;<\/p>\n<p>Denne skrivebordsfont\u00e6ne med LED-lys er perfekt som en borddekoration til hjem, kontor eller endda som en ideel gaveide.<br \/>\nLED-lys og pumpe inkluderet. Dens funktion er simpel: en indbygget pumpe cirkulerer vandet. Se venligst videoen for at se alle dens funktioner.<br \/>\nM\u00e6rke: Eurofashion<br \/>\nSt\u00f8rrelse: 30 x 23,8 x 43 cm (L x H x B)<\/p>\n<p>&nbsp;<\/p>\n<p>Produkt Specifikationer:<br \/>\n<b>M\u00e6rke:<\/b> Eurofashion<br \/>\n<b>St\u00f8rrelse:<\/b> 30 x 23,8 x 43 cm (L x H x B)<br \/>\n<b>Materiale:<\/b> Ikke n\u00e6vnt<br \/>\n<b>Farve:<\/b> Ikke n\u00e6vnt<br \/>\n<b>LED-lys:<\/b> Inkluderet<br \/>\n<b>Pumpe:<\/b> Indbygget og inkluderet<\/p>\n<p>&nbsp;<\/p>\n<p>Med sin unikke design og stemningsfulde LED-belysning er denne font\u00e6ne en fantastisk tilf\u00f8jelse til enhver indretning. Den er let at bruge og opstille, og videoen giver dig en visuel guide i, hvordan font\u00e6nen fungerer.<br \/>\nV\u00e6r venligst opm\u00e6rksom p\u00e5, at leveringstiden er 7-10 arbejdsdage.<\/p>\n<p><b> Leveringstid: 7-10 arbejdsdage<\/b><\/p>\n<p>Video<\/p>\n<figure class=\"wp-block-embed wp-block-embed-youtube is-type-video is-provider-youtube epyt-figure\"><div class=\"wp-block-embed__wrapper\"><iframe loading=\"lazy\"  id=\"_ytid_43532\"  width=\"980\" height=\"551\"  data-origwidth=\"980\" data-origheight=\"551\" src=\"https:\/\/www.youtube.com\/embed\/WP5IMtO9K40?enablejsapi=1&autoplay=0&cc_load_policy=0&cc_lang_pref=&iv_load_policy=1&loop=0&modestbranding=0&rel=1&fs=1&playsinline=0&autohide=2&theme=dark&color=red&controls=1&\" class=\"__youtube_prefs__  no-lazyload\" title=\"YouTube player\"  allow=\"fullscreen; accelerometer; autoplay; clipboard-write; encrypted-media; gyroscope; picture-in-picture\" allowfullscreen data-no-lazy=\"1\" data-skipgform_ajax_framebjll=\"\"><\/iframe><\/div><\/figure>\n<p>&nbsp;<\/p>\n","protected":false},"excerpt":{"rendered":"<p>Skrivebordsfont\u00e6ne med LED-lamper, borddekoration til hjemmet eller kontoret fra Napa &nbsp; Denne skrivebordsfont\u00e6ne med LED-lys er perfekt som en borddekoration til hjem, kontor eller endda som en ideel gaveide. LED-lys og pumpe inkluderet. Dens funktion er simpel: en indbygget pumpe cirkulerer vandet. Se venligst videoen for at se alle dens funktioner. M\u00e6rke: Eurofashion St\u00f8rrelse: 30 [&hellip;]<\/p>\n","protected":false},"featured_media":15410,"comment_status":"open","ping_status":"closed","template":"","meta":[],"product_brand":[],"product_cat":[292],"product_tag":[],"class_list":{"0":"post-15414","1":"product","2":"type-product","3":"status-publish","4":"has-post-thumbnail","6":"product_cat-table-decor","8":"first","9":"instock","10":"shipping-taxable","11":"purchasable","12":"product-type-simple"},"yoast_head":"<!-- This site is optimized with the Yoast SEO plugin v24.8.1 - https:\/\/yoast.com\/wordpress\/plugins\/seo\/ -->\n<title>Skrivebordsfont\u00e6ne med LED-lys, Borddekoration til hjemmet eller kontoret Napa - LASTCHANCE Deals | Danmark<\/title>\n<meta name=\"robots\" content=\"index, follow, max-snippet:-1, max-image-preview:large, max-video-preview:-1\" \/>\n<link rel=\"canonical\" href=\"https:\/\/last-chance.dk\/?product=skrivebordsfontaene-med-led-lys-borddekoration-til-hjemmet-eller-kontoret-napa\" \/>\n<meta property=\"og:locale\" content=\"da_DK\" \/>\n<meta property=\"og:type\" content=\"article\" \/>\n<meta property=\"og:title\" content=\"Skrivebordsfont\u00e6ne med LED-lys, Borddekoration til hjemmet eller kontoret Napa - LASTCHANCE Deals | Danmark\" \/>\n<meta property=\"og:description\" content=\"Skrivebordsfont\u00e6ne med LED-lamper, borddekoration til hjemmet eller kontoret fra Napa &nbsp; Denne skrivebordsfont\u00e6ne med LED-lys er perfekt som en borddekoration til hjem, kontor eller endda som en ideel gaveide. LED-lys og pumpe inkluderet. Dens funktion er simpel: en indbygget pumpe cirkulerer vandet. Se venligst videoen for at se alle dens funktioner. M\u00e6rke: Eurofashion St\u00f8rrelse: 30 [&hellip;]\" \/>\n<meta property=\"og:url\" content=\"https:\/\/last-chance.dk\/?product=skrivebordsfontaene-med-led-lys-borddekoration-til-hjemmet-eller-kontoret-napa\" \/>\n<meta property=\"og:site_name\" content=\"LASTCHANCE Deals | Danmark\" \/>\n<meta property=\"article:modified_time\" content=\"2025-03-24T00:15:32+00:00\" \/>\n<meta property=\"og:image\" content=\"https:\/\/last-chance.dk\/wp-content\/uploads\/2024\/06\/1TBFNT1.png\" \/>\n\t<meta property=\"og:image:width\" content=\"746\" \/>\n\t<meta property=\"og:image:height\" content=\"767\" \/>\n\t<meta property=\"og:image:type\" content=\"image\/png\" \/>\n<meta name=\"twitter:card\" content=\"summary_large_image\" \/>\n<meta name=\"twitter:label1\" content=\"Estimeret l\u00e6setid\" \/>\n\t<meta name=\"twitter:data1\" content=\"1 minut\" \/>\n<script type=\"application\/ld+json\" class=\"yoast-schema-graph\">{\"@context\":\"https:\/\/schema.org\",\"@graph\":[{\"@type\":\"WebPage\",\"@id\":\"https:\/\/last-chance.dk\/?product=skrivebordsfontaene-med-led-lys-borddekoration-til-hjemmet-eller-kontoret-napa\",\"url\":\"https:\/\/last-chance.dk\/?product=skrivebordsfontaene-med-led-lys-borddekoration-til-hjemmet-eller-kontoret-napa\",\"name\":\"Skrivebordsfont\u00e6ne med LED-lys, Borddekoration til hjemmet eller kontoret Napa - LASTCHANCE Deals | Danmark\",\"isPartOf\":{\"@id\":\"https:\/\/last-chance.dk\/#website\"},\"primaryImageOfPage\":{\"@id\":\"https:\/\/last-chance.dk\/?product=skrivebordsfontaene-med-led-lys-borddekoration-til-hjemmet-eller-kontoret-napa#primaryimage\"},\"image\":{\"@id\":\"https:\/\/last-chance.dk\/?product=skrivebordsfontaene-med-led-lys-borddekoration-til-hjemmet-eller-kontoret-napa#primaryimage\"},\"thumbnailUrl\":\"https:\/\/last-chance.dk\/wp-content\/uploads\/2024\/06\/1TBFNT1.png\",\"datePublished\":\"2024-06-20T07:55:57+00:00\",\"dateModified\":\"2025-03-24T00:15:32+00:00\",\"breadcrumb\":{\"@id\":\"https:\/\/last-chance.dk\/?product=skrivebordsfontaene-med-led-lys-borddekoration-til-hjemmet-eller-kontoret-napa#breadcrumb\"},\"inLanguage\":\"da-DK\",\"potentialAction\":[{\"@type\":\"ReadAction\",\"target\":[\"https:\/\/last-chance.dk\/?product=skrivebordsfontaene-med-led-lys-borddekoration-til-hjemmet-eller-kontoret-napa\"]}]},{\"@type\":\"ImageObject\",\"inLanguage\":\"da-DK\",\"@id\":\"https:\/\/last-chance.dk\/?product=skrivebordsfontaene-med-led-lys-borddekoration-til-hjemmet-eller-kontoret-napa#primaryimage\",\"url\":\"https:\/\/last-chance.dk\/wp-content\/uploads\/2024\/06\/1TBFNT1.png\",\"contentUrl\":\"https:\/\/last-chance.dk\/wp-content\/uploads\/2024\/06\/1TBFNT1.png\",\"width\":746,\"height\":767},{\"@type\":\"BreadcrumbList\",\"@id\":\"https:\/\/last-chance.dk\/?product=skrivebordsfontaene-med-led-lys-borddekoration-til-hjemmet-eller-kontoret-napa#breadcrumb\",\"itemListElement\":[{\"@type\":\"ListItem\",\"position\":1,\"name\":\"Home\",\"item\":\"https:\/\/last-chance.dk\/\"},{\"@type\":\"ListItem\",\"position\":2,\"name\":\"Skrivebordsfont\u00e6ne med LED-lys, Borddekoration til hjemmet eller kontoret Napa\"}]},{\"@type\":\"WebSite\",\"@id\":\"https:\/\/last-chance.dk\/#website\",\"url\":\"https:\/\/last-chance.dk\/\",\"name\":\"LASTCHANCE Deals | Danmark\",\"description\":\"LASTCHANCE Deals | Danmark\",\"publisher\":{\"@id\":\"https:\/\/last-chance.dk\/#organization\"},\"potentialAction\":[{\"@type\":\"SearchAction\",\"target\":{\"@type\":\"EntryPoint\",\"urlTemplate\":\"https:\/\/last-chance.dk\/?s={search_term_string}\"},\"query-input\":{\"@type\":\"PropertyValueSpecification\",\"valueRequired\":true,\"valueName\":\"search_term_string\"}}],\"inLanguage\":\"da-DK\"},{\"@type\":\"Organization\",\"@id\":\"https:\/\/last-chance.dk\/#organization\",\"name\":\"LASTCHANCE Deals | Danmark\",\"url\":\"https:\/\/last-chance.dk\/\",\"logo\":{\"@type\":\"ImageObject\",\"inLanguage\":\"da-DK\",\"@id\":\"https:\/\/last-chance.dk\/#\/schema\/logo\/image\/\",\"url\":\"https:\/\/last-chance.dk\/wp-content\/uploads\/2023\/10\/lastchancedeals_logo_dk_white.png\",\"contentUrl\":\"https:\/\/last-chance.dk\/wp-content\/uploads\/2023\/10\/lastchancedeals_logo_dk_white.png\",\"width\":470,\"height\":110,\"caption\":\"LASTCHANCE Deals | Danmark\"},\"image\":{\"@id\":\"https:\/\/last-chance.dk\/#\/schema\/logo\/image\/\"}}]}<\/script>\n<!-- \/ Yoast SEO plugin. -->","yoast_head_json":{"title":"Skrivebordsfont\u00e6ne med LED-lys, Borddekoration til hjemmet eller kontoret Napa - LASTCHANCE Deals | Danmark","robots":{"index":"index","follow":"follow","max-snippet":"max-snippet:-1","max-image-preview":"max-image-preview:large","max-video-preview":"max-video-preview:-1"},"canonical":"https:\/\/last-chance.dk\/?product=skrivebordsfontaene-med-led-lys-borddekoration-til-hjemmet-eller-kontoret-napa","og_locale":"da_DK","og_type":"article","og_title":"Skrivebordsfont\u00e6ne med LED-lys, Borddekoration til hjemmet eller kontoret Napa - LASTCHANCE Deals | Danmark","og_description":"Skrivebordsfont\u00e6ne med LED-lamper, borddekoration til hjemmet eller kontoret fra Napa &nbsp; Denne skrivebordsfont\u00e6ne med LED-lys er perfekt som en borddekoration til hjem, kontor eller endda som en ideel gaveide. LED-lys og pumpe inkluderet. Dens funktion er simpel: en indbygget pumpe cirkulerer vandet. Se venligst videoen for at se alle dens funktioner. M\u00e6rke: Eurofashion St\u00f8rrelse: 30 [&hellip;]","og_url":"https:\/\/last-chance.dk\/?product=skrivebordsfontaene-med-led-lys-borddekoration-til-hjemmet-eller-kontoret-napa","og_site_name":"LASTCHANCE Deals | Danmark","article_modified_time":"2025-03-24T00:15:32+00:00","og_image":[{"width":746,"height":767,"url":"https:\/\/last-chance.dk\/wp-content\/uploads\/2024\/06\/1TBFNT1.png","type":"image\/png"}],"twitter_card":"summary_large_image","twitter_misc":{"Estimeret l\u00e6setid":"1 minut"},"schema":{"@context":"https:\/\/schema.org","@graph":[{"@type":"WebPage","@id":"https:\/\/last-chance.dk\/?product=skrivebordsfontaene-med-led-lys-borddekoration-til-hjemmet-eller-kontoret-napa","url":"https:\/\/last-chance.dk\/?product=skrivebordsfontaene-med-led-lys-borddekoration-til-hjemmet-eller-kontoret-napa","name":"Skrivebordsfont\u00e6ne med LED-lys, Borddekoration til hjemmet eller kontoret Napa - LASTCHANCE Deals | Danmark","isPartOf":{"@id":"https:\/\/last-chance.dk\/#website"},"primaryImageOfPage":{"@id":"https:\/\/last-chance.dk\/?product=skrivebordsfontaene-med-led-lys-borddekoration-til-hjemmet-eller-kontoret-napa#primaryimage"},"image":{"@id":"https:\/\/last-chance.dk\/?product=skrivebordsfontaene-med-led-lys-borddekoration-til-hjemmet-eller-kontoret-napa#primaryimage"},"thumbnailUrl":"https:\/\/last-chance.dk\/wp-content\/uploads\/2024\/06\/1TBFNT1.png","datePublished":"2024-06-20T07:55:57+00:00","dateModified":"2025-03-24T00:15:32+00:00","breadcrumb":{"@id":"https:\/\/last-chance.dk\/?product=skrivebordsfontaene-med-led-lys-borddekoration-til-hjemmet-eller-kontoret-napa#breadcrumb"},"inLanguage":"da-DK","potentialAction":[{"@type":"ReadAction","target":["https:\/\/last-chance.dk\/?product=skrivebordsfontaene-med-led-lys-borddekoration-til-hjemmet-eller-kontoret-napa"]}]},{"@type":"ImageObject","inLanguage":"da-DK","@id":"https:\/\/last-chance.dk\/?product=skrivebordsfontaene-med-led-lys-borddekoration-til-hjemmet-eller-kontoret-napa#primaryimage","url":"https:\/\/last-chance.dk\/wp-content\/uploads\/2024\/06\/1TBFNT1.png","contentUrl":"https:\/\/last-chance.dk\/wp-content\/uploads\/2024\/06\/1TBFNT1.png","width":746,"height":767},{"@type":"BreadcrumbList","@id":"https:\/\/last-chance.dk\/?product=skrivebordsfontaene-med-led-lys-borddekoration-til-hjemmet-eller-kontoret-napa#breadcrumb","itemListElement":[{"@type":"ListItem","position":1,"name":"Home","item":"https:\/\/last-chance.dk\/"},{"@type":"ListItem","position":2,"name":"Skrivebordsfont\u00e6ne med LED-lys, Borddekoration til hjemmet eller kontoret Napa"}]},{"@type":"WebSite","@id":"https:\/\/last-chance.dk\/#website","url":"https:\/\/last-chance.dk\/","name":"LASTCHANCE Deals | Danmark","description":"LASTCHANCE Deals | Danmark","publisher":{"@id":"https:\/\/last-chance.dk\/#organization"},"potentialAction":[{"@type":"SearchAction","target":{"@type":"EntryPoint","urlTemplate":"https:\/\/last-chance.dk\/?s={search_term_string}"},"query-input":{"@type":"PropertyValueSpecification","valueRequired":true,"valueName":"search_term_string"}}],"inLanguage":"da-DK"},{"@type":"Organization","@id":"https:\/\/last-chance.dk\/#organization","name":"LASTCHANCE Deals | Danmark","url":"https:\/\/last-chance.dk\/","logo":{"@type":"ImageObject","inLanguage":"da-DK","@id":"https:\/\/last-chance.dk\/#\/schema\/logo\/image\/","url":"https:\/\/last-chance.dk\/wp-content\/uploads\/2023\/10\/lastchancedeals_logo_dk_white.png","contentUrl":"https:\/\/last-chance.dk\/wp-content\/uploads\/2023\/10\/lastchancedeals_logo_dk_white.png","width":470,"height":110,"caption":"LASTCHANCE Deals | Danmark"},"image":{"@id":"https:\/\/last-chance.dk\/#\/schema\/logo\/image\/"}}]}},"_links":{"self":[{"href":"https:\/\/last-chance.dk\/index.php?rest_route=\/wp\/v2\/product\/15414","targetHints":{"allow":["GET"]}}],"collection":[{"href":"https:\/\/last-chance.dk\/index.php?rest_route=\/wp\/v2\/product"}],"about":[{"href":"https:\/\/last-chance.dk\/index.php?rest_route=\/wp\/v2\/types\/product"}],"replies":[{"embeddable":true,"href":"https:\/\/last-chance.dk\/index.php?rest_route=%2Fwp%2Fv2%2Fcomments&post=15414"}],"wp:featuredmedia":[{"embeddable":true,"href":"https:\/\/last-chance.dk\/index.php?rest_route=\/wp\/v2\/media\/15410"}],"wp:attachment":[{"href":"https:\/\/last-chance.dk\/index.php?rest_route=%2Fwp%2Fv2%2Fmedia&parent=15414"}],"wp:term":[{"taxonomy":"product_brand","embeddable":true,"href":"https:\/\/last-chance.dk\/index.php?rest_route=%2Fwp%2Fv2%2Fproduct_brand&post=15414"},{"taxonomy":"product_cat","embeddable":true,"href":"https:\/\/last-chance.dk\/index.php?rest_route=%2Fwp%2Fv2%2Fproduct_cat&post=15414"},{"taxonomy":"product_tag","embeddable":true,"href":"https:\/\/last-chance.dk\/index.php?rest_route=%2Fwp%2Fv2%2Fproduct_tag&post=15414"}],"curies":[{"name":"wp","href":"https:\/\/api.w.org\/{rel}","templated":true}]}}