{"id":15423,"date":"2024-06-20T07:58:22","date_gmt":"2024-06-20T07:58:22","guid":{"rendered":"https:\/\/www.lastchance.deals\/dk\/produkt\/retro-bilmodel-til-bord-eller-hyldepynt-chalet\/"},"modified":"2025-09-19T18:15:02","modified_gmt":"2025-09-19T18:15:02","slug":"retro-bilmodel-til-bord-eller-hyldepynt-chalet","status":"publish","type":"product","link":"https:\/\/last-chance.dk\/?product=retro-bilmodel-til-bord-eller-hyldepynt-chalet","title":{"rendered":"Retro bilmodel til bord- eller hyldepynt Chalet"},"content":{"rendered":"<p>Retro bilmodel til bord- eller hyldeindretning Chalet<\/p>\n<p><\/p>\n<p>Retro bilmodeller er perfekte som borddekoration i hjemmet eller p\u00e5 kontoret og er desuden en ideel gaveide. Disse modeller er et produkt fra Eurofashion, og de blander et strejf af nostalgi med moderne stil.<\/p>\n<p><\/p>\n<p>St\u00f8rrelsen er 20.5 x 11 x 12 cm (L x H x B), og de vejer s\u00e5 lidt som 0.28 kg, hvilket g\u00f8r dem nemme at im\u00f8dekomme p\u00e5 ethvert skrivebord eller enhver hylde. Disse modeller er udf\u00f8rt i st\u00e5l, hvilket sikrer deres holdbarhed og evne til at modst\u00e5 slid og tidens tand.<\/p>\n<p><\/p>\n<p>Disse flot retro bilmodeller kommer i farverne r\u00f8d og sort, hvilket g\u00f8r, at de nemt kan matche enhver indretningsstil og tilf\u00f8je et unikt designelement til dit rum.<\/p>\n<p><\/p>\n<p>M\u00e6rke: Eurofashion <br \/>\nSt\u00f8rrelse: 20.5 x 11 x 12 cm (L x H x B), 0.28 kg <br \/>\nFarve: R\u00f8d og Sort <br \/>\nMateriale: St\u00e5l <\/p>\n","protected":false},"excerpt":{"rendered":"<p>Retro bilmodel til bord- eller hyldeindretning Chalet Retro bilmodeller er perfekte som borddekoration i hjemmet eller p\u00e5 kontoret og er desuden en ideel gaveide. Disse modeller er et produkt fra Eurofashion, og de blander et strejf af nostalgi med moderne stil. St\u00f8rrelsen er 20.5 x 11 x 12 cm (L x H x B), og [&hellip;]<\/p>\n","protected":false},"featured_media":15422,"comment_status":"open","ping_status":"closed","template":"","meta":[],"product_brand":[],"product_cat":[292],"product_tag":[],"class_list":{"0":"post-15423","1":"product","2":"type-product","3":"status-publish","4":"has-post-thumbnail","6":"product_cat-table-decor","8":"first","9":"instock","10":"shipping-taxable","11":"purchasable","12":"product-type-simple"},"yoast_head":"<!-- This site is optimized with the Yoast SEO plugin v24.8.1 - https:\/\/yoast.com\/wordpress\/plugins\/seo\/ -->\n<title>Retro bilmodel til bord- eller hyldepynt Chalet - LASTCHANCE Deals | Danmark<\/title>\n<meta name=\"robots\" content=\"index, follow, max-snippet:-1, max-image-preview:large, max-video-preview:-1\" \/>\n<link rel=\"canonical\" href=\"https:\/\/last-chance.dk\/?product=retro-bilmodel-til-bord-eller-hyldepynt-chalet\" \/>\n<meta property=\"og:locale\" content=\"da_DK\" \/>\n<meta property=\"og:type\" content=\"article\" \/>\n<meta property=\"og:title\" content=\"Retro bilmodel til bord- eller hyldepynt Chalet - LASTCHANCE Deals | Danmark\" \/>\n<meta property=\"og:description\" content=\"Retro bilmodel til bord- eller hyldeindretning Chalet Retro bilmodeller er perfekte som borddekoration i hjemmet eller p\u00e5 kontoret og er desuden en ideel gaveide. Disse modeller er et produkt fra Eurofashion, og de blander et strejf af nostalgi med moderne stil. St\u00f8rrelsen er 20.5 x 11 x 12 cm (L x H x B), og [&hellip;]\" \/>\n<meta property=\"og:url\" content=\"https:\/\/last-chance.dk\/?product=retro-bilmodel-til-bord-eller-hyldepynt-chalet\" \/>\n<meta property=\"og:site_name\" content=\"LASTCHANCE Deals | Danmark\" \/>\n<meta property=\"article:modified_time\" content=\"2025-09-19T18:15:02+00:00\" \/>\n<meta property=\"og:image\" content=\"https:\/\/last-chance.dk\/wp-content\/uploads\/2024\/06\/1TBTD3.png\" \/>\n\t<meta property=\"og:image:width\" content=\"745\" \/>\n\t<meta property=\"og:image:height\" content=\"577\" \/>\n\t<meta property=\"og:image:type\" content=\"image\/png\" \/>\n<meta name=\"twitter:card\" content=\"summary_large_image\" \/>\n<meta name=\"twitter:label1\" content=\"Estimeret l\u00e6setid\" \/>\n\t<meta name=\"twitter:data1\" content=\"1 minut\" \/>\n<script type=\"application\/ld+json\" class=\"yoast-schema-graph\">{\"@context\":\"https:\/\/schema.org\",\"@graph\":[{\"@type\":\"WebPage\",\"@id\":\"https:\/\/last-chance.dk\/?product=retro-bilmodel-til-bord-eller-hyldepynt-chalet\",\"url\":\"https:\/\/last-chance.dk\/?product=retro-bilmodel-til-bord-eller-hyldepynt-chalet\",\"name\":\"Retro bilmodel til bord- eller hyldepynt Chalet - LASTCHANCE Deals | Danmark\",\"isPartOf\":{\"@id\":\"https:\/\/last-chance.dk\/#website\"},\"primaryImageOfPage\":{\"@id\":\"https:\/\/last-chance.dk\/?product=retro-bilmodel-til-bord-eller-hyldepynt-chalet#primaryimage\"},\"image\":{\"@id\":\"https:\/\/last-chance.dk\/?product=retro-bilmodel-til-bord-eller-hyldepynt-chalet#primaryimage\"},\"thumbnailUrl\":\"https:\/\/last-chance.dk\/wp-content\/uploads\/2024\/06\/1TBTD3.png\",\"datePublished\":\"2024-06-20T07:58:22+00:00\",\"dateModified\":\"2025-09-19T18:15:02+00:00\",\"breadcrumb\":{\"@id\":\"https:\/\/last-chance.dk\/?product=retro-bilmodel-til-bord-eller-hyldepynt-chalet#breadcrumb\"},\"inLanguage\":\"da-DK\",\"potentialAction\":[{\"@type\":\"ReadAction\",\"target\":[\"https:\/\/last-chance.dk\/?product=retro-bilmodel-til-bord-eller-hyldepynt-chalet\"]}]},{\"@type\":\"ImageObject\",\"inLanguage\":\"da-DK\",\"@id\":\"https:\/\/last-chance.dk\/?product=retro-bilmodel-til-bord-eller-hyldepynt-chalet#primaryimage\",\"url\":\"https:\/\/last-chance.dk\/wp-content\/uploads\/2024\/06\/1TBTD3.png\",\"contentUrl\":\"https:\/\/last-chance.dk\/wp-content\/uploads\/2024\/06\/1TBTD3.png\",\"width\":745,\"height\":577},{\"@type\":\"BreadcrumbList\",\"@id\":\"https:\/\/last-chance.dk\/?product=retro-bilmodel-til-bord-eller-hyldepynt-chalet#breadcrumb\",\"itemListElement\":[{\"@type\":\"ListItem\",\"position\":1,\"name\":\"Home\",\"item\":\"https:\/\/last-chance.dk\/\"},{\"@type\":\"ListItem\",\"position\":2,\"name\":\"Retro bilmodel til bord- eller hyldepynt Chalet\"}]},{\"@type\":\"WebSite\",\"@id\":\"https:\/\/last-chance.dk\/#website\",\"url\":\"https:\/\/last-chance.dk\/\",\"name\":\"LASTCHANCE Deals | Danmark\",\"description\":\"LASTCHANCE Deals | Danmark\",\"publisher\":{\"@id\":\"https:\/\/last-chance.dk\/#organization\"},\"potentialAction\":[{\"@type\":\"SearchAction\",\"target\":{\"@type\":\"EntryPoint\",\"urlTemplate\":\"https:\/\/last-chance.dk\/?s={search_term_string}\"},\"query-input\":{\"@type\":\"PropertyValueSpecification\",\"valueRequired\":true,\"valueName\":\"search_term_string\"}}],\"inLanguage\":\"da-DK\"},{\"@type\":\"Organization\",\"@id\":\"https:\/\/last-chance.dk\/#organization\",\"name\":\"LASTCHANCE Deals | Danmark\",\"url\":\"https:\/\/last-chance.dk\/\",\"logo\":{\"@type\":\"ImageObject\",\"inLanguage\":\"da-DK\",\"@id\":\"https:\/\/last-chance.dk\/#\/schema\/logo\/image\/\",\"url\":\"https:\/\/last-chance.dk\/wp-content\/uploads\/2023\/10\/lastchancedeals_logo_dk_white.png\",\"contentUrl\":\"https:\/\/last-chance.dk\/wp-content\/uploads\/2023\/10\/lastchancedeals_logo_dk_white.png\",\"width\":470,\"height\":110,\"caption\":\"LASTCHANCE Deals | Danmark\"},\"image\":{\"@id\":\"https:\/\/last-chance.dk\/#\/schema\/logo\/image\/\"}}]}<\/script>\n<!-- \/ Yoast SEO plugin. -->","yoast_head_json":{"title":"Retro bilmodel til bord- eller hyldepynt Chalet - LASTCHANCE Deals | Danmark","robots":{"index":"index","follow":"follow","max-snippet":"max-snippet:-1","max-image-preview":"max-image-preview:large","max-video-preview":"max-video-preview:-1"},"canonical":"https:\/\/last-chance.dk\/?product=retro-bilmodel-til-bord-eller-hyldepynt-chalet","og_locale":"da_DK","og_type":"article","og_title":"Retro bilmodel til bord- eller hyldepynt Chalet - LASTCHANCE Deals | Danmark","og_description":"Retro bilmodel til bord- eller hyldeindretning Chalet Retro bilmodeller er perfekte som borddekoration i hjemmet eller p\u00e5 kontoret og er desuden en ideel gaveide. Disse modeller er et produkt fra Eurofashion, og de blander et strejf af nostalgi med moderne stil. St\u00f8rrelsen er 20.5 x 11 x 12 cm (L x H x B), og [&hellip;]","og_url":"https:\/\/last-chance.dk\/?product=retro-bilmodel-til-bord-eller-hyldepynt-chalet","og_site_name":"LASTCHANCE Deals | Danmark","article_modified_time":"2025-09-19T18:15:02+00:00","og_image":[{"width":745,"height":577,"url":"https:\/\/last-chance.dk\/wp-content\/uploads\/2024\/06\/1TBTD3.png","type":"image\/png"}],"twitter_card":"summary_large_image","twitter_misc":{"Estimeret l\u00e6setid":"1 minut"},"schema":{"@context":"https:\/\/schema.org","@graph":[{"@type":"WebPage","@id":"https:\/\/last-chance.dk\/?product=retro-bilmodel-til-bord-eller-hyldepynt-chalet","url":"https:\/\/last-chance.dk\/?product=retro-bilmodel-til-bord-eller-hyldepynt-chalet","name":"Retro bilmodel til bord- eller hyldepynt Chalet - LASTCHANCE Deals | Danmark","isPartOf":{"@id":"https:\/\/last-chance.dk\/#website"},"primaryImageOfPage":{"@id":"https:\/\/last-chance.dk\/?product=retro-bilmodel-til-bord-eller-hyldepynt-chalet#primaryimage"},"image":{"@id":"https:\/\/last-chance.dk\/?product=retro-bilmodel-til-bord-eller-hyldepynt-chalet#primaryimage"},"thumbnailUrl":"https:\/\/last-chance.dk\/wp-content\/uploads\/2024\/06\/1TBTD3.png","datePublished":"2024-06-20T07:58:22+00:00","dateModified":"2025-09-19T18:15:02+00:00","breadcrumb":{"@id":"https:\/\/last-chance.dk\/?product=retro-bilmodel-til-bord-eller-hyldepynt-chalet#breadcrumb"},"inLanguage":"da-DK","potentialAction":[{"@type":"ReadAction","target":["https:\/\/last-chance.dk\/?product=retro-bilmodel-til-bord-eller-hyldepynt-chalet"]}]},{"@type":"ImageObject","inLanguage":"da-DK","@id":"https:\/\/last-chance.dk\/?product=retro-bilmodel-til-bord-eller-hyldepynt-chalet#primaryimage","url":"https:\/\/last-chance.dk\/wp-content\/uploads\/2024\/06\/1TBTD3.png","contentUrl":"https:\/\/last-chance.dk\/wp-content\/uploads\/2024\/06\/1TBTD3.png","width":745,"height":577},{"@type":"BreadcrumbList","@id":"https:\/\/last-chance.dk\/?product=retro-bilmodel-til-bord-eller-hyldepynt-chalet#breadcrumb","itemListElement":[{"@type":"ListItem","position":1,"name":"Home","item":"https:\/\/last-chance.dk\/"},{"@type":"ListItem","position":2,"name":"Retro bilmodel til bord- eller hyldepynt Chalet"}]},{"@type":"WebSite","@id":"https:\/\/last-chance.dk\/#website","url":"https:\/\/last-chance.dk\/","name":"LASTCHANCE Deals | Danmark","description":"LASTCHANCE Deals | Danmark","publisher":{"@id":"https:\/\/last-chance.dk\/#organization"},"potentialAction":[{"@type":"SearchAction","target":{"@type":"EntryPoint","urlTemplate":"https:\/\/last-chance.dk\/?s={search_term_string}"},"query-input":{"@type":"PropertyValueSpecification","valueRequired":true,"valueName":"search_term_string"}}],"inLanguage":"da-DK"},{"@type":"Organization","@id":"https:\/\/last-chance.dk\/#organization","name":"LASTCHANCE Deals | Danmark","url":"https:\/\/last-chance.dk\/","logo":{"@type":"ImageObject","inLanguage":"da-DK","@id":"https:\/\/last-chance.dk\/#\/schema\/logo\/image\/","url":"https:\/\/last-chance.dk\/wp-content\/uploads\/2023\/10\/lastchancedeals_logo_dk_white.png","contentUrl":"https:\/\/last-chance.dk\/wp-content\/uploads\/2023\/10\/lastchancedeals_logo_dk_white.png","width":470,"height":110,"caption":"LASTCHANCE Deals | Danmark"},"image":{"@id":"https:\/\/last-chance.dk\/#\/schema\/logo\/image\/"}}]}},"_links":{"self":[{"href":"https:\/\/last-chance.dk\/index.php?rest_route=\/wp\/v2\/product\/15423","targetHints":{"allow":["GET"]}}],"collection":[{"href":"https:\/\/last-chance.dk\/index.php?rest_route=\/wp\/v2\/product"}],"about":[{"href":"https:\/\/last-chance.dk\/index.php?rest_route=\/wp\/v2\/types\/product"}],"replies":[{"embeddable":true,"href":"https:\/\/last-chance.dk\/index.php?rest_route=%2Fwp%2Fv2%2Fcomments&post=15423"}],"wp:featuredmedia":[{"embeddable":true,"href":"https:\/\/last-chance.dk\/index.php?rest_route=\/wp\/v2\/media\/15422"}],"wp:attachment":[{"href":"https:\/\/last-chance.dk\/index.php?rest_route=%2Fwp%2Fv2%2Fmedia&parent=15423"}],"wp:term":[{"taxonomy":"product_brand","embeddable":true,"href":"https:\/\/last-chance.dk\/index.php?rest_route=%2Fwp%2Fv2%2Fproduct_brand&post=15423"},{"taxonomy":"product_cat","embeddable":true,"href":"https:\/\/last-chance.dk\/index.php?rest_route=%2Fwp%2Fv2%2Fproduct_cat&post=15423"},{"taxonomy":"product_tag","embeddable":true,"href":"https:\/\/last-chance.dk\/index.php?rest_route=%2Fwp%2Fv2%2Fproduct_tag&post=15423"}],"curies":[{"name":"wp","href":"https:\/\/api.w.org\/{rel}","templated":true}]}}