{"id":15425,"date":"2024-06-20T07:59:17","date_gmt":"2024-06-20T07:59:17","guid":{"rendered":"https:\/\/www.lastchance.deals\/dk\/produkt\/motorcykelmodel-til-bord-eller-hyldepynt-soffia\/"},"modified":"2025-09-19T18:09:44","modified_gmt":"2025-09-19T18:09:44","slug":"motorcykelmodel-til-bord-eller-hyldepynt-soffia","status":"publish","type":"product","link":"https:\/\/last-chance.dk\/?product=motorcykelmodel-til-bord-eller-hyldepynt-soffia","title":{"rendered":"Motorcykelmodel til bord- eller hyldepynt Soffia"},"content":{"rendered":"<p>Motorcykelmodel til bord- eller hyldeindretning Soffia<\/p>\n<p><\/p>\n<p>Motorcykelmodel til bord- eller hyldeindretning, Perfekt som en borddekorationsgenstand til hjemmet, kontoret, ideel gaveid\u00e9<br \/>\nM\u00e6rke: Eurofashion<br \/>\nSt\u00f8rrelse: 30,5 x 9,5 x 18,5 cm (L x H x B), 2,19 kg<br \/>\nMateriale: St\u00e5l<br \/><b> Leveringstid: 7-10 arbejdsdage<\/b><\/p>\n<p><\/p>\n<p>M\u00e6rke: Eurofashion<br \/>\nSt\u00f8rrelse: 30.5 x 9.5 x 18.5 cm (L x H x W), 2.19 kg<br \/>\nMateriale: St\u00e5l<br \/>\nLeveringstid: 7-10 arbejdsdage<\/p>\n","protected":false},"excerpt":{"rendered":"<p>Motorcykelmodel til bord- eller hyldeindretning Soffia Motorcykelmodel til bord- eller hyldeindretning, Perfekt som en borddekorationsgenstand til hjemmet, kontoret, ideel gaveid\u00e9 M\u00e6rke: Eurofashion St\u00f8rrelse: 30,5 x 9,5 x 18,5 cm (L x H x B), 2,19 kg Materiale: St\u00e5l Leveringstid: 7-10 arbejdsdage M\u00e6rke: Eurofashion St\u00f8rrelse: 30.5 x 9.5 x 18.5 cm (L x H x W), [&hellip;]<\/p>\n","protected":false},"featured_media":15424,"comment_status":"open","ping_status":"closed","template":"","meta":[],"product_brand":[],"product_cat":[292],"product_tag":[],"class_list":{"0":"post-15425","1":"product","2":"type-product","3":"status-publish","4":"has-post-thumbnail","6":"product_cat-table-decor","8":"first","9":"instock","10":"shipping-taxable","11":"purchasable","12":"product-type-simple"},"yoast_head":"<!-- This site is optimized with the Yoast SEO plugin v24.8.1 - https:\/\/yoast.com\/wordpress\/plugins\/seo\/ -->\n<title>Motorcykelmodel til bord- eller hyldepynt Soffia - LASTCHANCE Deals | Danmark<\/title>\n<meta name=\"robots\" content=\"index, follow, max-snippet:-1, max-image-preview:large, max-video-preview:-1\" \/>\n<link rel=\"canonical\" href=\"https:\/\/last-chance.dk\/?product=motorcykelmodel-til-bord-eller-hyldepynt-soffia\" \/>\n<meta property=\"og:locale\" content=\"da_DK\" \/>\n<meta property=\"og:type\" content=\"article\" \/>\n<meta property=\"og:title\" content=\"Motorcykelmodel til bord- eller hyldepynt Soffia - LASTCHANCE Deals | Danmark\" \/>\n<meta property=\"og:description\" content=\"Motorcykelmodel til bord- eller hyldeindretning Soffia Motorcykelmodel til bord- eller hyldeindretning, Perfekt som en borddekorationsgenstand til hjemmet, kontoret, ideel gaveid\u00e9 M\u00e6rke: Eurofashion St\u00f8rrelse: 30,5 x 9,5 x 18,5 cm (L x H x B), 2,19 kg Materiale: St\u00e5l Leveringstid: 7-10 arbejdsdage M\u00e6rke: Eurofashion St\u00f8rrelse: 30.5 x 9.5 x 18.5 cm (L x H x W), [&hellip;]\" \/>\n<meta property=\"og:url\" content=\"https:\/\/last-chance.dk\/?product=motorcykelmodel-til-bord-eller-hyldepynt-soffia\" \/>\n<meta property=\"og:site_name\" content=\"LASTCHANCE Deals | Danmark\" \/>\n<meta property=\"article:modified_time\" content=\"2025-09-19T18:09:44+00:00\" \/>\n<meta property=\"og:image\" content=\"https:\/\/last-chance.dk\/wp-content\/uploads\/2024\/06\/1TBTD4.png\" \/>\n\t<meta property=\"og:image:width\" content=\"757\" \/>\n\t<meta property=\"og:image:height\" content=\"575\" \/>\n\t<meta property=\"og:image:type\" content=\"image\/png\" \/>\n<meta name=\"twitter:card\" content=\"summary_large_image\" \/>\n<script type=\"application\/ld+json\" class=\"yoast-schema-graph\">{\"@context\":\"https:\/\/schema.org\",\"@graph\":[{\"@type\":\"WebPage\",\"@id\":\"https:\/\/last-chance.dk\/?product=motorcykelmodel-til-bord-eller-hyldepynt-soffia\",\"url\":\"https:\/\/last-chance.dk\/?product=motorcykelmodel-til-bord-eller-hyldepynt-soffia\",\"name\":\"Motorcykelmodel til bord- eller hyldepynt Soffia - LASTCHANCE Deals | Danmark\",\"isPartOf\":{\"@id\":\"https:\/\/last-chance.dk\/#website\"},\"primaryImageOfPage\":{\"@id\":\"https:\/\/last-chance.dk\/?product=motorcykelmodel-til-bord-eller-hyldepynt-soffia#primaryimage\"},\"image\":{\"@id\":\"https:\/\/last-chance.dk\/?product=motorcykelmodel-til-bord-eller-hyldepynt-soffia#primaryimage\"},\"thumbnailUrl\":\"https:\/\/last-chance.dk\/wp-content\/uploads\/2024\/06\/1TBTD4.png\",\"datePublished\":\"2024-06-20T07:59:17+00:00\",\"dateModified\":\"2025-09-19T18:09:44+00:00\",\"breadcrumb\":{\"@id\":\"https:\/\/last-chance.dk\/?product=motorcykelmodel-til-bord-eller-hyldepynt-soffia#breadcrumb\"},\"inLanguage\":\"da-DK\",\"potentialAction\":[{\"@type\":\"ReadAction\",\"target\":[\"https:\/\/last-chance.dk\/?product=motorcykelmodel-til-bord-eller-hyldepynt-soffia\"]}]},{\"@type\":\"ImageObject\",\"inLanguage\":\"da-DK\",\"@id\":\"https:\/\/last-chance.dk\/?product=motorcykelmodel-til-bord-eller-hyldepynt-soffia#primaryimage\",\"url\":\"https:\/\/last-chance.dk\/wp-content\/uploads\/2024\/06\/1TBTD4.png\",\"contentUrl\":\"https:\/\/last-chance.dk\/wp-content\/uploads\/2024\/06\/1TBTD4.png\",\"width\":757,\"height\":575},{\"@type\":\"BreadcrumbList\",\"@id\":\"https:\/\/last-chance.dk\/?product=motorcykelmodel-til-bord-eller-hyldepynt-soffia#breadcrumb\",\"itemListElement\":[{\"@type\":\"ListItem\",\"position\":1,\"name\":\"Home\",\"item\":\"https:\/\/last-chance.dk\/\"},{\"@type\":\"ListItem\",\"position\":2,\"name\":\"Motorcykelmodel til bord- eller hyldepynt Soffia\"}]},{\"@type\":\"WebSite\",\"@id\":\"https:\/\/last-chance.dk\/#website\",\"url\":\"https:\/\/last-chance.dk\/\",\"name\":\"LASTCHANCE Deals | Danmark\",\"description\":\"LASTCHANCE Deals | Danmark\",\"publisher\":{\"@id\":\"https:\/\/last-chance.dk\/#organization\"},\"potentialAction\":[{\"@type\":\"SearchAction\",\"target\":{\"@type\":\"EntryPoint\",\"urlTemplate\":\"https:\/\/last-chance.dk\/?s={search_term_string}\"},\"query-input\":{\"@type\":\"PropertyValueSpecification\",\"valueRequired\":true,\"valueName\":\"search_term_string\"}}],\"inLanguage\":\"da-DK\"},{\"@type\":\"Organization\",\"@id\":\"https:\/\/last-chance.dk\/#organization\",\"name\":\"LASTCHANCE Deals | Danmark\",\"url\":\"https:\/\/last-chance.dk\/\",\"logo\":{\"@type\":\"ImageObject\",\"inLanguage\":\"da-DK\",\"@id\":\"https:\/\/last-chance.dk\/#\/schema\/logo\/image\/\",\"url\":\"https:\/\/last-chance.dk\/wp-content\/uploads\/2023\/10\/lastchancedeals_logo_dk_white.png\",\"contentUrl\":\"https:\/\/last-chance.dk\/wp-content\/uploads\/2023\/10\/lastchancedeals_logo_dk_white.png\",\"width\":470,\"height\":110,\"caption\":\"LASTCHANCE Deals | Danmark\"},\"image\":{\"@id\":\"https:\/\/last-chance.dk\/#\/schema\/logo\/image\/\"}}]}<\/script>\n<!-- \/ Yoast SEO plugin. -->","yoast_head_json":{"title":"Motorcykelmodel til bord- eller hyldepynt Soffia - LASTCHANCE Deals | Danmark","robots":{"index":"index","follow":"follow","max-snippet":"max-snippet:-1","max-image-preview":"max-image-preview:large","max-video-preview":"max-video-preview:-1"},"canonical":"https:\/\/last-chance.dk\/?product=motorcykelmodel-til-bord-eller-hyldepynt-soffia","og_locale":"da_DK","og_type":"article","og_title":"Motorcykelmodel til bord- eller hyldepynt Soffia - LASTCHANCE Deals | Danmark","og_description":"Motorcykelmodel til bord- eller hyldeindretning Soffia Motorcykelmodel til bord- eller hyldeindretning, Perfekt som en borddekorationsgenstand til hjemmet, kontoret, ideel gaveid\u00e9 M\u00e6rke: Eurofashion St\u00f8rrelse: 30,5 x 9,5 x 18,5 cm (L x H x B), 2,19 kg Materiale: St\u00e5l Leveringstid: 7-10 arbejdsdage M\u00e6rke: Eurofashion St\u00f8rrelse: 30.5 x 9.5 x 18.5 cm (L x H x W), [&hellip;]","og_url":"https:\/\/last-chance.dk\/?product=motorcykelmodel-til-bord-eller-hyldepynt-soffia","og_site_name":"LASTCHANCE Deals | Danmark","article_modified_time":"2025-09-19T18:09:44+00:00","og_image":[{"width":757,"height":575,"url":"https:\/\/last-chance.dk\/wp-content\/uploads\/2024\/06\/1TBTD4.png","type":"image\/png"}],"twitter_card":"summary_large_image","schema":{"@context":"https:\/\/schema.org","@graph":[{"@type":"WebPage","@id":"https:\/\/last-chance.dk\/?product=motorcykelmodel-til-bord-eller-hyldepynt-soffia","url":"https:\/\/last-chance.dk\/?product=motorcykelmodel-til-bord-eller-hyldepynt-soffia","name":"Motorcykelmodel til bord- eller hyldepynt Soffia - LASTCHANCE Deals | Danmark","isPartOf":{"@id":"https:\/\/last-chance.dk\/#website"},"primaryImageOfPage":{"@id":"https:\/\/last-chance.dk\/?product=motorcykelmodel-til-bord-eller-hyldepynt-soffia#primaryimage"},"image":{"@id":"https:\/\/last-chance.dk\/?product=motorcykelmodel-til-bord-eller-hyldepynt-soffia#primaryimage"},"thumbnailUrl":"https:\/\/last-chance.dk\/wp-content\/uploads\/2024\/06\/1TBTD4.png","datePublished":"2024-06-20T07:59:17+00:00","dateModified":"2025-09-19T18:09:44+00:00","breadcrumb":{"@id":"https:\/\/last-chance.dk\/?product=motorcykelmodel-til-bord-eller-hyldepynt-soffia#breadcrumb"},"inLanguage":"da-DK","potentialAction":[{"@type":"ReadAction","target":["https:\/\/last-chance.dk\/?product=motorcykelmodel-til-bord-eller-hyldepynt-soffia"]}]},{"@type":"ImageObject","inLanguage":"da-DK","@id":"https:\/\/last-chance.dk\/?product=motorcykelmodel-til-bord-eller-hyldepynt-soffia#primaryimage","url":"https:\/\/last-chance.dk\/wp-content\/uploads\/2024\/06\/1TBTD4.png","contentUrl":"https:\/\/last-chance.dk\/wp-content\/uploads\/2024\/06\/1TBTD4.png","width":757,"height":575},{"@type":"BreadcrumbList","@id":"https:\/\/last-chance.dk\/?product=motorcykelmodel-til-bord-eller-hyldepynt-soffia#breadcrumb","itemListElement":[{"@type":"ListItem","position":1,"name":"Home","item":"https:\/\/last-chance.dk\/"},{"@type":"ListItem","position":2,"name":"Motorcykelmodel til bord- eller hyldepynt Soffia"}]},{"@type":"WebSite","@id":"https:\/\/last-chance.dk\/#website","url":"https:\/\/last-chance.dk\/","name":"LASTCHANCE Deals | Danmark","description":"LASTCHANCE Deals | Danmark","publisher":{"@id":"https:\/\/last-chance.dk\/#organization"},"potentialAction":[{"@type":"SearchAction","target":{"@type":"EntryPoint","urlTemplate":"https:\/\/last-chance.dk\/?s={search_term_string}"},"query-input":{"@type":"PropertyValueSpecification","valueRequired":true,"valueName":"search_term_string"}}],"inLanguage":"da-DK"},{"@type":"Organization","@id":"https:\/\/last-chance.dk\/#organization","name":"LASTCHANCE Deals | Danmark","url":"https:\/\/last-chance.dk\/","logo":{"@type":"ImageObject","inLanguage":"da-DK","@id":"https:\/\/last-chance.dk\/#\/schema\/logo\/image\/","url":"https:\/\/last-chance.dk\/wp-content\/uploads\/2023\/10\/lastchancedeals_logo_dk_white.png","contentUrl":"https:\/\/last-chance.dk\/wp-content\/uploads\/2023\/10\/lastchancedeals_logo_dk_white.png","width":470,"height":110,"caption":"LASTCHANCE Deals | Danmark"},"image":{"@id":"https:\/\/last-chance.dk\/#\/schema\/logo\/image\/"}}]}},"_links":{"self":[{"href":"https:\/\/last-chance.dk\/index.php?rest_route=\/wp\/v2\/product\/15425","targetHints":{"allow":["GET"]}}],"collection":[{"href":"https:\/\/last-chance.dk\/index.php?rest_route=\/wp\/v2\/product"}],"about":[{"href":"https:\/\/last-chance.dk\/index.php?rest_route=\/wp\/v2\/types\/product"}],"replies":[{"embeddable":true,"href":"https:\/\/last-chance.dk\/index.php?rest_route=%2Fwp%2Fv2%2Fcomments&post=15425"}],"wp:featuredmedia":[{"embeddable":true,"href":"https:\/\/last-chance.dk\/index.php?rest_route=\/wp\/v2\/media\/15424"}],"wp:attachment":[{"href":"https:\/\/last-chance.dk\/index.php?rest_route=%2Fwp%2Fv2%2Fmedia&parent=15425"}],"wp:term":[{"taxonomy":"product_brand","embeddable":true,"href":"https:\/\/last-chance.dk\/index.php?rest_route=%2Fwp%2Fv2%2Fproduct_brand&post=15425"},{"taxonomy":"product_cat","embeddable":true,"href":"https:\/\/last-chance.dk\/index.php?rest_route=%2Fwp%2Fv2%2Fproduct_cat&post=15425"},{"taxonomy":"product_tag","embeddable":true,"href":"https:\/\/last-chance.dk\/index.php?rest_route=%2Fwp%2Fv2%2Fproduct_tag&post=15425"}],"curies":[{"name":"wp","href":"https:\/\/api.w.org\/{rel}","templated":true}]}}