{"id":15427,"date":"2024-06-20T08:00:04","date_gmt":"2024-06-20T08:00:04","guid":{"rendered":"https:\/\/www.lastchance.deals\/dk\/produkt\/symaskine-model-til-bord-eller-hyldeudsmykning-zephyros\/"},"modified":"2025-10-13T12:04:43","modified_gmt":"2025-10-13T12:04:43","slug":"symaskine-model-til-bord-eller-hyldeudsmykning-zephyros","status":"publish","type":"product","link":"https:\/\/last-chance.dk\/?product=symaskine-model-til-bord-eller-hyldeudsmykning-zephyros","title":{"rendered":"Symaskine model til bord- eller hyldeudsmykning Zephyros"},"content":{"rendered":"<p>Symaskine model til bord eller hylde dekoration Zephyros<\/p>\n<p><\/p>\n<p>Sl\u00e5 to fluer med \u00e9t sm\u00e6k, n\u00e5r du indretter dit hjem eller kontor med denne smukke symaskine model fra Eurofashion. Den tjener ikke kun som en attraktiv bord- eller hylde dekoration, men kan ogs\u00e5 v\u00e6re en unik gaveid\u00e9.<\/p>\n<p><\/p>\n<p>Materiale: St\u00e5l<br \/>\nM\u00e6rke: Eurofashion<br \/>\nSt\u00f8rrelse: 16 x 8,5 x 20 cm (L x H x B); v\u00e6gt: 0,6 kg<\/p>\n<p><\/p>\n<p>Med sit detaljerede design og solide konstruktion er Zephyros symaskine model b\u00e5de \u00e6stetisk tiltalende og holdbar. Den har en karakteristisk stil, der kan skabe en varm og indbydende atmosf\u00e6re i ethvert rum. <\/p>\n<p><\/p>\n<p>For at sikre, at denne model passer ind i din indretning, er den lavet i h\u00f8jkvalitets st\u00e5l. Dens kompakte st\u00f8rrelse p\u00e5 16 x 8,5 x 20 cm g\u00f8r det muligt at placere den n\u00e6sten hvor som helst &#8211; p\u00e5 en reol, skrivebord eller endda p\u00e5 et sidebord i stuen.<\/p>\n<p><\/p>\n<p>Du kan forvente at modtage din bestilling inden for 7-10 arbejdsdage, lige i tide til at tilf\u00f8je en s\u00e6rlig detalje til dit rum eller give den som en tankev\u00e6kkende gave.<\/p>\n<p><\/p>\n<p><b>Produktspecifikationer:<\/b><br \/>\nMateriale: St\u00e5l<br \/>\nM\u00e6rke: Eurofashion<br \/>\nSt\u00f8rrelse: 16 x 8,5 x 20 cm (L x H x B)<br \/>\nLeveringstid: 7-10 arbejdsdage<\/p>\n","protected":false},"excerpt":{"rendered":"<p>Symaskine model til bord eller hylde dekoration Zephyros Sl\u00e5 to fluer med \u00e9t sm\u00e6k, n\u00e5r du indretter dit hjem eller kontor med denne smukke symaskine model fra Eurofashion. Den tjener ikke kun som en attraktiv bord- eller hylde dekoration, men kan ogs\u00e5 v\u00e6re en unik gaveid\u00e9. Materiale: St\u00e5l M\u00e6rke: Eurofashion St\u00f8rrelse: 16 x 8,5 x [&hellip;]<\/p>\n","protected":false},"featured_media":15426,"comment_status":"open","ping_status":"closed","template":"","meta":[],"product_brand":[],"product_cat":[292],"product_tag":[],"class_list":{"0":"post-15427","1":"product","2":"type-product","3":"status-publish","4":"has-post-thumbnail","6":"product_cat-table-decor","8":"first","9":"instock","10":"shipping-taxable","11":"purchasable","12":"product-type-simple"},"yoast_head":"<!-- This site is optimized with the Yoast SEO plugin v24.8.1 - https:\/\/yoast.com\/wordpress\/plugins\/seo\/ -->\n<title>Symaskine model til bord- eller hyldeudsmykning Zephyros - LASTCHANCE Deals | Danmark<\/title>\n<meta name=\"robots\" content=\"index, follow, max-snippet:-1, max-image-preview:large, max-video-preview:-1\" \/>\n<link rel=\"canonical\" href=\"https:\/\/last-chance.dk\/?product=symaskine-model-til-bord-eller-hyldeudsmykning-zephyros\" \/>\n<meta property=\"og:locale\" content=\"da_DK\" \/>\n<meta property=\"og:type\" content=\"article\" \/>\n<meta property=\"og:title\" content=\"Symaskine model til bord- eller hyldeudsmykning Zephyros - LASTCHANCE Deals | Danmark\" \/>\n<meta property=\"og:description\" content=\"Symaskine model til bord eller hylde dekoration Zephyros Sl\u00e5 to fluer med \u00e9t sm\u00e6k, n\u00e5r du indretter dit hjem eller kontor med denne smukke symaskine model fra Eurofashion. Den tjener ikke kun som en attraktiv bord- eller hylde dekoration, men kan ogs\u00e5 v\u00e6re en unik gaveid\u00e9. Materiale: St\u00e5l M\u00e6rke: Eurofashion St\u00f8rrelse: 16 x 8,5 x [&hellip;]\" \/>\n<meta property=\"og:url\" content=\"https:\/\/last-chance.dk\/?product=symaskine-model-til-bord-eller-hyldeudsmykning-zephyros\" \/>\n<meta property=\"og:site_name\" content=\"LASTCHANCE Deals | Danmark\" \/>\n<meta property=\"article:modified_time\" content=\"2025-10-13T12:04:43+00:00\" \/>\n<meta property=\"og:image\" content=\"https:\/\/last-chance.dk\/wp-content\/uploads\/2024\/06\/1TBTD5.png\" \/>\n\t<meta property=\"og:image:width\" content=\"546\" \/>\n\t<meta property=\"og:image:height\" content=\"626\" \/>\n\t<meta property=\"og:image:type\" content=\"image\/png\" \/>\n<meta name=\"twitter:card\" content=\"summary_large_image\" \/>\n<meta name=\"twitter:label1\" content=\"Estimeret l\u00e6setid\" \/>\n\t<meta name=\"twitter:data1\" content=\"1 minut\" \/>\n<script type=\"application\/ld+json\" class=\"yoast-schema-graph\">{\"@context\":\"https:\/\/schema.org\",\"@graph\":[{\"@type\":\"WebPage\",\"@id\":\"https:\/\/last-chance.dk\/?product=symaskine-model-til-bord-eller-hyldeudsmykning-zephyros\",\"url\":\"https:\/\/last-chance.dk\/?product=symaskine-model-til-bord-eller-hyldeudsmykning-zephyros\",\"name\":\"Symaskine model til bord- eller hyldeudsmykning Zephyros - LASTCHANCE Deals | Danmark\",\"isPartOf\":{\"@id\":\"https:\/\/last-chance.dk\/#website\"},\"primaryImageOfPage\":{\"@id\":\"https:\/\/last-chance.dk\/?product=symaskine-model-til-bord-eller-hyldeudsmykning-zephyros#primaryimage\"},\"image\":{\"@id\":\"https:\/\/last-chance.dk\/?product=symaskine-model-til-bord-eller-hyldeudsmykning-zephyros#primaryimage\"},\"thumbnailUrl\":\"https:\/\/last-chance.dk\/wp-content\/uploads\/2024\/06\/1TBTD5.png\",\"datePublished\":\"2024-06-20T08:00:04+00:00\",\"dateModified\":\"2025-10-13T12:04:43+00:00\",\"breadcrumb\":{\"@id\":\"https:\/\/last-chance.dk\/?product=symaskine-model-til-bord-eller-hyldeudsmykning-zephyros#breadcrumb\"},\"inLanguage\":\"da-DK\",\"potentialAction\":[{\"@type\":\"ReadAction\",\"target\":[\"https:\/\/last-chance.dk\/?product=symaskine-model-til-bord-eller-hyldeudsmykning-zephyros\"]}]},{\"@type\":\"ImageObject\",\"inLanguage\":\"da-DK\",\"@id\":\"https:\/\/last-chance.dk\/?product=symaskine-model-til-bord-eller-hyldeudsmykning-zephyros#primaryimage\",\"url\":\"https:\/\/last-chance.dk\/wp-content\/uploads\/2024\/06\/1TBTD5.png\",\"contentUrl\":\"https:\/\/last-chance.dk\/wp-content\/uploads\/2024\/06\/1TBTD5.png\",\"width\":546,\"height\":626},{\"@type\":\"BreadcrumbList\",\"@id\":\"https:\/\/last-chance.dk\/?product=symaskine-model-til-bord-eller-hyldeudsmykning-zephyros#breadcrumb\",\"itemListElement\":[{\"@type\":\"ListItem\",\"position\":1,\"name\":\"Home\",\"item\":\"https:\/\/last-chance.dk\/\"},{\"@type\":\"ListItem\",\"position\":2,\"name\":\"Symaskine model til bord- eller hyldeudsmykning Zephyros\"}]},{\"@type\":\"WebSite\",\"@id\":\"https:\/\/last-chance.dk\/#website\",\"url\":\"https:\/\/last-chance.dk\/\",\"name\":\"LASTCHANCE Deals | Danmark\",\"description\":\"LASTCHANCE Deals | Danmark\",\"publisher\":{\"@id\":\"https:\/\/last-chance.dk\/#organization\"},\"potentialAction\":[{\"@type\":\"SearchAction\",\"target\":{\"@type\":\"EntryPoint\",\"urlTemplate\":\"https:\/\/last-chance.dk\/?s={search_term_string}\"},\"query-input\":{\"@type\":\"PropertyValueSpecification\",\"valueRequired\":true,\"valueName\":\"search_term_string\"}}],\"inLanguage\":\"da-DK\"},{\"@type\":\"Organization\",\"@id\":\"https:\/\/last-chance.dk\/#organization\",\"name\":\"LASTCHANCE Deals | Danmark\",\"url\":\"https:\/\/last-chance.dk\/\",\"logo\":{\"@type\":\"ImageObject\",\"inLanguage\":\"da-DK\",\"@id\":\"https:\/\/last-chance.dk\/#\/schema\/logo\/image\/\",\"url\":\"https:\/\/last-chance.dk\/wp-content\/uploads\/2023\/10\/lastchancedeals_logo_dk_white.png\",\"contentUrl\":\"https:\/\/last-chance.dk\/wp-content\/uploads\/2023\/10\/lastchancedeals_logo_dk_white.png\",\"width\":470,\"height\":110,\"caption\":\"LASTCHANCE Deals | Danmark\"},\"image\":{\"@id\":\"https:\/\/last-chance.dk\/#\/schema\/logo\/image\/\"}}]}<\/script>\n<!-- \/ Yoast SEO plugin. -->","yoast_head_json":{"title":"Symaskine model til bord- eller hyldeudsmykning Zephyros - LASTCHANCE Deals | Danmark","robots":{"index":"index","follow":"follow","max-snippet":"max-snippet:-1","max-image-preview":"max-image-preview:large","max-video-preview":"max-video-preview:-1"},"canonical":"https:\/\/last-chance.dk\/?product=symaskine-model-til-bord-eller-hyldeudsmykning-zephyros","og_locale":"da_DK","og_type":"article","og_title":"Symaskine model til bord- eller hyldeudsmykning Zephyros - LASTCHANCE Deals | Danmark","og_description":"Symaskine model til bord eller hylde dekoration Zephyros Sl\u00e5 to fluer med \u00e9t sm\u00e6k, n\u00e5r du indretter dit hjem eller kontor med denne smukke symaskine model fra Eurofashion. Den tjener ikke kun som en attraktiv bord- eller hylde dekoration, men kan ogs\u00e5 v\u00e6re en unik gaveid\u00e9. Materiale: St\u00e5l M\u00e6rke: Eurofashion St\u00f8rrelse: 16 x 8,5 x [&hellip;]","og_url":"https:\/\/last-chance.dk\/?product=symaskine-model-til-bord-eller-hyldeudsmykning-zephyros","og_site_name":"LASTCHANCE Deals | Danmark","article_modified_time":"2025-10-13T12:04:43+00:00","og_image":[{"width":546,"height":626,"url":"https:\/\/last-chance.dk\/wp-content\/uploads\/2024\/06\/1TBTD5.png","type":"image\/png"}],"twitter_card":"summary_large_image","twitter_misc":{"Estimeret l\u00e6setid":"1 minut"},"schema":{"@context":"https:\/\/schema.org","@graph":[{"@type":"WebPage","@id":"https:\/\/last-chance.dk\/?product=symaskine-model-til-bord-eller-hyldeudsmykning-zephyros","url":"https:\/\/last-chance.dk\/?product=symaskine-model-til-bord-eller-hyldeudsmykning-zephyros","name":"Symaskine model til bord- eller hyldeudsmykning Zephyros - LASTCHANCE Deals | Danmark","isPartOf":{"@id":"https:\/\/last-chance.dk\/#website"},"primaryImageOfPage":{"@id":"https:\/\/last-chance.dk\/?product=symaskine-model-til-bord-eller-hyldeudsmykning-zephyros#primaryimage"},"image":{"@id":"https:\/\/last-chance.dk\/?product=symaskine-model-til-bord-eller-hyldeudsmykning-zephyros#primaryimage"},"thumbnailUrl":"https:\/\/last-chance.dk\/wp-content\/uploads\/2024\/06\/1TBTD5.png","datePublished":"2024-06-20T08:00:04+00:00","dateModified":"2025-10-13T12:04:43+00:00","breadcrumb":{"@id":"https:\/\/last-chance.dk\/?product=symaskine-model-til-bord-eller-hyldeudsmykning-zephyros#breadcrumb"},"inLanguage":"da-DK","potentialAction":[{"@type":"ReadAction","target":["https:\/\/last-chance.dk\/?product=symaskine-model-til-bord-eller-hyldeudsmykning-zephyros"]}]},{"@type":"ImageObject","inLanguage":"da-DK","@id":"https:\/\/last-chance.dk\/?product=symaskine-model-til-bord-eller-hyldeudsmykning-zephyros#primaryimage","url":"https:\/\/last-chance.dk\/wp-content\/uploads\/2024\/06\/1TBTD5.png","contentUrl":"https:\/\/last-chance.dk\/wp-content\/uploads\/2024\/06\/1TBTD5.png","width":546,"height":626},{"@type":"BreadcrumbList","@id":"https:\/\/last-chance.dk\/?product=symaskine-model-til-bord-eller-hyldeudsmykning-zephyros#breadcrumb","itemListElement":[{"@type":"ListItem","position":1,"name":"Home","item":"https:\/\/last-chance.dk\/"},{"@type":"ListItem","position":2,"name":"Symaskine model til bord- eller hyldeudsmykning Zephyros"}]},{"@type":"WebSite","@id":"https:\/\/last-chance.dk\/#website","url":"https:\/\/last-chance.dk\/","name":"LASTCHANCE Deals | Danmark","description":"LASTCHANCE Deals | Danmark","publisher":{"@id":"https:\/\/last-chance.dk\/#organization"},"potentialAction":[{"@type":"SearchAction","target":{"@type":"EntryPoint","urlTemplate":"https:\/\/last-chance.dk\/?s={search_term_string}"},"query-input":{"@type":"PropertyValueSpecification","valueRequired":true,"valueName":"search_term_string"}}],"inLanguage":"da-DK"},{"@type":"Organization","@id":"https:\/\/last-chance.dk\/#organization","name":"LASTCHANCE Deals | Danmark","url":"https:\/\/last-chance.dk\/","logo":{"@type":"ImageObject","inLanguage":"da-DK","@id":"https:\/\/last-chance.dk\/#\/schema\/logo\/image\/","url":"https:\/\/last-chance.dk\/wp-content\/uploads\/2023\/10\/lastchancedeals_logo_dk_white.png","contentUrl":"https:\/\/last-chance.dk\/wp-content\/uploads\/2023\/10\/lastchancedeals_logo_dk_white.png","width":470,"height":110,"caption":"LASTCHANCE Deals | Danmark"},"image":{"@id":"https:\/\/last-chance.dk\/#\/schema\/logo\/image\/"}}]}},"_links":{"self":[{"href":"https:\/\/last-chance.dk\/index.php?rest_route=\/wp\/v2\/product\/15427","targetHints":{"allow":["GET"]}}],"collection":[{"href":"https:\/\/last-chance.dk\/index.php?rest_route=\/wp\/v2\/product"}],"about":[{"href":"https:\/\/last-chance.dk\/index.php?rest_route=\/wp\/v2\/types\/product"}],"replies":[{"embeddable":true,"href":"https:\/\/last-chance.dk\/index.php?rest_route=%2Fwp%2Fv2%2Fcomments&post=15427"}],"wp:featuredmedia":[{"embeddable":true,"href":"https:\/\/last-chance.dk\/index.php?rest_route=\/wp\/v2\/media\/15426"}],"wp:attachment":[{"href":"https:\/\/last-chance.dk\/index.php?rest_route=%2Fwp%2Fv2%2Fmedia&parent=15427"}],"wp:term":[{"taxonomy":"product_brand","embeddable":true,"href":"https:\/\/last-chance.dk\/index.php?rest_route=%2Fwp%2Fv2%2Fproduct_brand&post=15427"},{"taxonomy":"product_cat","embeddable":true,"href":"https:\/\/last-chance.dk\/index.php?rest_route=%2Fwp%2Fv2%2Fproduct_cat&post=15427"},{"taxonomy":"product_tag","embeddable":true,"href":"https:\/\/last-chance.dk\/index.php?rest_route=%2Fwp%2Fv2%2Fproduct_tag&post=15427"}],"curies":[{"name":"wp","href":"https:\/\/api.w.org\/{rel}","templated":true}]}}