{"id":15433,"date":"2024-06-20T08:03:24","date_gmt":"2024-06-20T08:03:24","guid":{"rendered":"https:\/\/www.lastchance.deals\/dk\/produkt\/retro-grammofon-model-til-bord-eller-hyldepynt-palerma\/"},"modified":"2025-09-19T18:15:20","modified_gmt":"2025-09-19T18:15:20","slug":"retro-grammofon-model-til-bord-eller-hyldepynt-palerma","status":"publish","type":"product","link":"https:\/\/last-chance.dk\/?product=retro-grammofon-model-til-bord-eller-hyldepynt-palerma","title":{"rendered":"Retro Grammofon model til bord- eller hyldepynt Palerma"},"content":{"rendered":"<p>Retrofonograf model til bord eller hylde dekoration Palerma<\/p>\n<p><\/p>\n<p>Retrofonograf model til bord- eller hylde dekoration er flot som en borddekorationsgenstand til hjemmet, kontoret, perfekt gaveide<br \/>\nM\u00e6rke: Eurofashion<br \/>\nSt\u00f8rrelse: 10,5 x 9,5 x 17,5 cm (L x H x B) , 0,67 kg<\/p>\n<p><\/p>\n<p><b> Leveringstid: 7-10 arbejdsdage<\/b><\/p>\n<p><\/p>\n<p>Denne unikke model af en retrofonograf til bord- eller hylde dekoration er perfekt til at tilf\u00f8je en vintage touch til dit hjem eller kontor. H\u00e5ndlavet med detaljeret h\u00e5ndv\u00e6rk, oser denne retrofonograf af nostalgisk charme. Den er ideel som en stilfuld tilf\u00f8jelse til din stue, bibliotek eller kontor, eller som en tankefuld gave til en musik- eller vintage-elsker.<\/p>\n<p><\/p>\n<p>Denne retrofonograf model kommer fra m\u00e6rket Eurofashion, kendt for deres h\u00f8j kvalitet og unikke design. Den m\u00e5ler 10,5 x 9,5 x 17,5 cm (L\u00e6ngde x H\u00f8jde x Bredde) og vejer kun 0,67 kg, hvilket g\u00f8r den nem at placere p\u00e5 enhver overflade.<\/p>\n<p><\/p>\n<p>V\u00e6r opm\u00e6rksom p\u00e5, at leveringstiden for denne retrofonograf model er 7 til 10 arbejdsdage.<\/p>\n<p><\/p>\n<p><b>Produkt specifikationer:<\/b><\/p>\n","protected":false},"excerpt":{"rendered":"<p>Retrofonograf model til bord eller hylde dekoration Palerma Retrofonograf model til bord- eller hylde dekoration er flot som en borddekorationsgenstand til hjemmet, kontoret, perfekt gaveide M\u00e6rke: Eurofashion St\u00f8rrelse: 10,5 x 9,5 x 17,5 cm (L x H x B) , 0,67 kg Leveringstid: 7-10 arbejdsdage Denne unikke model af en retrofonograf til bord- eller hylde [&hellip;]<\/p>\n","protected":false},"featured_media":15432,"comment_status":"open","ping_status":"closed","template":"","meta":[],"product_brand":[],"product_cat":[292],"product_tag":[],"class_list":{"0":"post-15433","1":"product","2":"type-product","3":"status-publish","4":"has-post-thumbnail","6":"product_cat-table-decor","8":"first","9":"instock","10":"shipping-taxable","11":"purchasable","12":"product-type-simple"},"yoast_head":"<!-- This site is optimized with the Yoast SEO plugin v24.8.1 - https:\/\/yoast.com\/wordpress\/plugins\/seo\/ -->\n<title>Retro Grammofon model til bord- eller hyldepynt Palerma - LASTCHANCE Deals | Danmark<\/title>\n<meta name=\"robots\" content=\"index, follow, max-snippet:-1, max-image-preview:large, max-video-preview:-1\" \/>\n<link rel=\"canonical\" href=\"https:\/\/last-chance.dk\/?product=retro-grammofon-model-til-bord-eller-hyldepynt-palerma\" \/>\n<meta property=\"og:locale\" content=\"da_DK\" \/>\n<meta property=\"og:type\" content=\"article\" \/>\n<meta property=\"og:title\" content=\"Retro Grammofon model til bord- eller hyldepynt Palerma - LASTCHANCE Deals | Danmark\" \/>\n<meta property=\"og:description\" content=\"Retrofonograf model til bord eller hylde dekoration Palerma Retrofonograf model til bord- eller hylde dekoration er flot som en borddekorationsgenstand til hjemmet, kontoret, perfekt gaveide M\u00e6rke: Eurofashion St\u00f8rrelse: 10,5 x 9,5 x 17,5 cm (L x H x B) , 0,67 kg Leveringstid: 7-10 arbejdsdage Denne unikke model af en retrofonograf til bord- eller hylde [&hellip;]\" \/>\n<meta property=\"og:url\" content=\"https:\/\/last-chance.dk\/?product=retro-grammofon-model-til-bord-eller-hyldepynt-palerma\" \/>\n<meta property=\"og:site_name\" content=\"LASTCHANCE Deals | Danmark\" \/>\n<meta property=\"article:modified_time\" content=\"2025-09-19T18:15:20+00:00\" \/>\n<meta property=\"og:image\" content=\"https:\/\/last-chance.dk\/wp-content\/uploads\/2024\/06\/1TBTD8.png\" \/>\n\t<meta property=\"og:image:width\" content=\"533\" \/>\n\t<meta property=\"og:image:height\" content=\"563\" \/>\n\t<meta property=\"og:image:type\" content=\"image\/png\" \/>\n<meta name=\"twitter:card\" content=\"summary_large_image\" \/>\n<meta name=\"twitter:label1\" content=\"Estimeret l\u00e6setid\" \/>\n\t<meta name=\"twitter:data1\" content=\"1 minut\" \/>\n<script type=\"application\/ld+json\" class=\"yoast-schema-graph\">{\"@context\":\"https:\/\/schema.org\",\"@graph\":[{\"@type\":\"WebPage\",\"@id\":\"https:\/\/last-chance.dk\/?product=retro-grammofon-model-til-bord-eller-hyldepynt-palerma\",\"url\":\"https:\/\/last-chance.dk\/?product=retro-grammofon-model-til-bord-eller-hyldepynt-palerma\",\"name\":\"Retro Grammofon model til bord- eller hyldepynt Palerma - LASTCHANCE Deals | Danmark\",\"isPartOf\":{\"@id\":\"https:\/\/last-chance.dk\/#website\"},\"primaryImageOfPage\":{\"@id\":\"https:\/\/last-chance.dk\/?product=retro-grammofon-model-til-bord-eller-hyldepynt-palerma#primaryimage\"},\"image\":{\"@id\":\"https:\/\/last-chance.dk\/?product=retro-grammofon-model-til-bord-eller-hyldepynt-palerma#primaryimage\"},\"thumbnailUrl\":\"https:\/\/last-chance.dk\/wp-content\/uploads\/2024\/06\/1TBTD8.png\",\"datePublished\":\"2024-06-20T08:03:24+00:00\",\"dateModified\":\"2025-09-19T18:15:20+00:00\",\"breadcrumb\":{\"@id\":\"https:\/\/last-chance.dk\/?product=retro-grammofon-model-til-bord-eller-hyldepynt-palerma#breadcrumb\"},\"inLanguage\":\"da-DK\",\"potentialAction\":[{\"@type\":\"ReadAction\",\"target\":[\"https:\/\/last-chance.dk\/?product=retro-grammofon-model-til-bord-eller-hyldepynt-palerma\"]}]},{\"@type\":\"ImageObject\",\"inLanguage\":\"da-DK\",\"@id\":\"https:\/\/last-chance.dk\/?product=retro-grammofon-model-til-bord-eller-hyldepynt-palerma#primaryimage\",\"url\":\"https:\/\/last-chance.dk\/wp-content\/uploads\/2024\/06\/1TBTD8.png\",\"contentUrl\":\"https:\/\/last-chance.dk\/wp-content\/uploads\/2024\/06\/1TBTD8.png\",\"width\":533,\"height\":563},{\"@type\":\"BreadcrumbList\",\"@id\":\"https:\/\/last-chance.dk\/?product=retro-grammofon-model-til-bord-eller-hyldepynt-palerma#breadcrumb\",\"itemListElement\":[{\"@type\":\"ListItem\",\"position\":1,\"name\":\"Home\",\"item\":\"https:\/\/last-chance.dk\/\"},{\"@type\":\"ListItem\",\"position\":2,\"name\":\"Retro Grammofon model til bord- eller hyldepynt Palerma\"}]},{\"@type\":\"WebSite\",\"@id\":\"https:\/\/last-chance.dk\/#website\",\"url\":\"https:\/\/last-chance.dk\/\",\"name\":\"LASTCHANCE Deals | Danmark\",\"description\":\"LASTCHANCE Deals | Danmark\",\"publisher\":{\"@id\":\"https:\/\/last-chance.dk\/#organization\"},\"potentialAction\":[{\"@type\":\"SearchAction\",\"target\":{\"@type\":\"EntryPoint\",\"urlTemplate\":\"https:\/\/last-chance.dk\/?s={search_term_string}\"},\"query-input\":{\"@type\":\"PropertyValueSpecification\",\"valueRequired\":true,\"valueName\":\"search_term_string\"}}],\"inLanguage\":\"da-DK\"},{\"@type\":\"Organization\",\"@id\":\"https:\/\/last-chance.dk\/#organization\",\"name\":\"LASTCHANCE Deals | Danmark\",\"url\":\"https:\/\/last-chance.dk\/\",\"logo\":{\"@type\":\"ImageObject\",\"inLanguage\":\"da-DK\",\"@id\":\"https:\/\/last-chance.dk\/#\/schema\/logo\/image\/\",\"url\":\"https:\/\/last-chance.dk\/wp-content\/uploads\/2023\/10\/lastchancedeals_logo_dk_white.png\",\"contentUrl\":\"https:\/\/last-chance.dk\/wp-content\/uploads\/2023\/10\/lastchancedeals_logo_dk_white.png\",\"width\":470,\"height\":110,\"caption\":\"LASTCHANCE Deals | Danmark\"},\"image\":{\"@id\":\"https:\/\/last-chance.dk\/#\/schema\/logo\/image\/\"}}]}<\/script>\n<!-- \/ Yoast SEO plugin. -->","yoast_head_json":{"title":"Retro Grammofon model til bord- eller hyldepynt Palerma - LASTCHANCE Deals | Danmark","robots":{"index":"index","follow":"follow","max-snippet":"max-snippet:-1","max-image-preview":"max-image-preview:large","max-video-preview":"max-video-preview:-1"},"canonical":"https:\/\/last-chance.dk\/?product=retro-grammofon-model-til-bord-eller-hyldepynt-palerma","og_locale":"da_DK","og_type":"article","og_title":"Retro Grammofon model til bord- eller hyldepynt Palerma - LASTCHANCE Deals | Danmark","og_description":"Retrofonograf model til bord eller hylde dekoration Palerma Retrofonograf model til bord- eller hylde dekoration er flot som en borddekorationsgenstand til hjemmet, kontoret, perfekt gaveide M\u00e6rke: Eurofashion St\u00f8rrelse: 10,5 x 9,5 x 17,5 cm (L x H x B) , 0,67 kg Leveringstid: 7-10 arbejdsdage Denne unikke model af en retrofonograf til bord- eller hylde [&hellip;]","og_url":"https:\/\/last-chance.dk\/?product=retro-grammofon-model-til-bord-eller-hyldepynt-palerma","og_site_name":"LASTCHANCE Deals | Danmark","article_modified_time":"2025-09-19T18:15:20+00:00","og_image":[{"width":533,"height":563,"url":"https:\/\/last-chance.dk\/wp-content\/uploads\/2024\/06\/1TBTD8.png","type":"image\/png"}],"twitter_card":"summary_large_image","twitter_misc":{"Estimeret l\u00e6setid":"1 minut"},"schema":{"@context":"https:\/\/schema.org","@graph":[{"@type":"WebPage","@id":"https:\/\/last-chance.dk\/?product=retro-grammofon-model-til-bord-eller-hyldepynt-palerma","url":"https:\/\/last-chance.dk\/?product=retro-grammofon-model-til-bord-eller-hyldepynt-palerma","name":"Retro Grammofon model til bord- eller hyldepynt Palerma - LASTCHANCE Deals | Danmark","isPartOf":{"@id":"https:\/\/last-chance.dk\/#website"},"primaryImageOfPage":{"@id":"https:\/\/last-chance.dk\/?product=retro-grammofon-model-til-bord-eller-hyldepynt-palerma#primaryimage"},"image":{"@id":"https:\/\/last-chance.dk\/?product=retro-grammofon-model-til-bord-eller-hyldepynt-palerma#primaryimage"},"thumbnailUrl":"https:\/\/last-chance.dk\/wp-content\/uploads\/2024\/06\/1TBTD8.png","datePublished":"2024-06-20T08:03:24+00:00","dateModified":"2025-09-19T18:15:20+00:00","breadcrumb":{"@id":"https:\/\/last-chance.dk\/?product=retro-grammofon-model-til-bord-eller-hyldepynt-palerma#breadcrumb"},"inLanguage":"da-DK","potentialAction":[{"@type":"ReadAction","target":["https:\/\/last-chance.dk\/?product=retro-grammofon-model-til-bord-eller-hyldepynt-palerma"]}]},{"@type":"ImageObject","inLanguage":"da-DK","@id":"https:\/\/last-chance.dk\/?product=retro-grammofon-model-til-bord-eller-hyldepynt-palerma#primaryimage","url":"https:\/\/last-chance.dk\/wp-content\/uploads\/2024\/06\/1TBTD8.png","contentUrl":"https:\/\/last-chance.dk\/wp-content\/uploads\/2024\/06\/1TBTD8.png","width":533,"height":563},{"@type":"BreadcrumbList","@id":"https:\/\/last-chance.dk\/?product=retro-grammofon-model-til-bord-eller-hyldepynt-palerma#breadcrumb","itemListElement":[{"@type":"ListItem","position":1,"name":"Home","item":"https:\/\/last-chance.dk\/"},{"@type":"ListItem","position":2,"name":"Retro Grammofon model til bord- eller hyldepynt Palerma"}]},{"@type":"WebSite","@id":"https:\/\/last-chance.dk\/#website","url":"https:\/\/last-chance.dk\/","name":"LASTCHANCE Deals | Danmark","description":"LASTCHANCE Deals | Danmark","publisher":{"@id":"https:\/\/last-chance.dk\/#organization"},"potentialAction":[{"@type":"SearchAction","target":{"@type":"EntryPoint","urlTemplate":"https:\/\/last-chance.dk\/?s={search_term_string}"},"query-input":{"@type":"PropertyValueSpecification","valueRequired":true,"valueName":"search_term_string"}}],"inLanguage":"da-DK"},{"@type":"Organization","@id":"https:\/\/last-chance.dk\/#organization","name":"LASTCHANCE Deals | Danmark","url":"https:\/\/last-chance.dk\/","logo":{"@type":"ImageObject","inLanguage":"da-DK","@id":"https:\/\/last-chance.dk\/#\/schema\/logo\/image\/","url":"https:\/\/last-chance.dk\/wp-content\/uploads\/2023\/10\/lastchancedeals_logo_dk_white.png","contentUrl":"https:\/\/last-chance.dk\/wp-content\/uploads\/2023\/10\/lastchancedeals_logo_dk_white.png","width":470,"height":110,"caption":"LASTCHANCE Deals | Danmark"},"image":{"@id":"https:\/\/last-chance.dk\/#\/schema\/logo\/image\/"}}]}},"_links":{"self":[{"href":"https:\/\/last-chance.dk\/index.php?rest_route=\/wp\/v2\/product\/15433","targetHints":{"allow":["GET"]}}],"collection":[{"href":"https:\/\/last-chance.dk\/index.php?rest_route=\/wp\/v2\/product"}],"about":[{"href":"https:\/\/last-chance.dk\/index.php?rest_route=\/wp\/v2\/types\/product"}],"replies":[{"embeddable":true,"href":"https:\/\/last-chance.dk\/index.php?rest_route=%2Fwp%2Fv2%2Fcomments&post=15433"}],"wp:featuredmedia":[{"embeddable":true,"href":"https:\/\/last-chance.dk\/index.php?rest_route=\/wp\/v2\/media\/15432"}],"wp:attachment":[{"href":"https:\/\/last-chance.dk\/index.php?rest_route=%2Fwp%2Fv2%2Fmedia&parent=15433"}],"wp:term":[{"taxonomy":"product_brand","embeddable":true,"href":"https:\/\/last-chance.dk\/index.php?rest_route=%2Fwp%2Fv2%2Fproduct_brand&post=15433"},{"taxonomy":"product_cat","embeddable":true,"href":"https:\/\/last-chance.dk\/index.php?rest_route=%2Fwp%2Fv2%2Fproduct_cat&post=15433"},{"taxonomy":"product_tag","embeddable":true,"href":"https:\/\/last-chance.dk\/index.php?rest_route=%2Fwp%2Fv2%2Fproduct_tag&post=15433"}],"curies":[{"name":"wp","href":"https:\/\/api.w.org\/{rel}","templated":true}]}}