{"id":15548,"date":"2024-07-02T19:54:38","date_gmt":"2024-07-02T19:54:38","guid":{"rendered":"https:\/\/www.lastchance.deals\/dk\/produkt\/tv-bord-svelte\/"},"modified":"2025-10-13T12:08:35","modified_gmt":"2025-10-13T12:08:35","slug":"tv-bord-svelte","status":"publish","type":"product","link":"https:\/\/last-chance.dk\/?product=tv-bord-svelte","title":{"rendered":"TV-bord Svelte"},"content":{"rendered":"<p>M\u00f8d det stilfulde <strong>TV-bord Svelte<\/strong> fra <strong>LuxCasa<\/strong>. Dette funktionelle m\u00f8bel er designet og produceret i EU, hvilket garanterer topkvalitet og holdbarhed. Tilf\u00f8j et strejf af moderne elegance til din stue med vores Svelte TV-bord.<\/p>\n<p><\/p>\n<p>Dette TV-bord m\u00e5ler 140x50x35 cm, hvilket g\u00f8r det til det ideelle valg for at fremvise dit fladsk\u00e6rms tv og opbevare dine medieenheder. Det skal samles, hvilket giver dig friheden til at personalisere det p\u00e5 den m\u00e5de, du finder mest passende for din plads.<\/p>\n<p><\/p>\n<p><strong>Svelte TV-bord<\/strong> kommer med en 12 m\u00e5neders garanti, takket v\u00e6re LuxCasa&#8217;s sikkerhed for kvalitetsm\u00f8bler. V\u00e6r opm\u00e6rksom p\u00e5, at belysningen ikke er inkluderet, hvilket giver dig mulighed for at tilpasse dit nyt TV-bord med din egen foretrukne belysning.<\/p>\n<p><\/p>\n<p>Brug Svelte TV-bord til at skabe et fokuspunkt i din stue og samtidig holde dit TV-omr\u00e5de organiseret og trendy. Med sit rene og minimalistiske design vil det let blande sig med din nuv\u00e6rende indretning og give et st\u00e6nk af moderne atmosf\u00e6re til dit hjem.<\/p>\n<p><\/p>\n<p>Leveringstid: Leveringstid 1-2 uger<br \/>\nFarve: ikke angivet<br \/>\nBelysning: ikke inkluderet<br \/>\nUdvendige dimensioner: 140x50x35 cm<br \/>\nMontage: skal samles<br \/>\nGaranti: 12 m\u00e5neder<br \/>\nLavet: i EU<br \/>\nFabrikant: LuxCasa<\/p>\n","protected":false},"excerpt":{"rendered":"<p>M\u00f8d det stilfulde TV-bord Svelte fra LuxCasa. Dette funktionelle m\u00f8bel er designet og produceret i EU, hvilket garanterer topkvalitet og holdbarhed. Tilf\u00f8j et strejf af moderne elegance til din stue med vores Svelte TV-bord. Dette TV-bord m\u00e5ler 140x50x35 cm, hvilket g\u00f8r det til det ideelle valg for at fremvise dit fladsk\u00e6rms tv og opbevare dine [&hellip;]<\/p>\n","protected":false},"featured_media":15547,"comment_status":"open","ping_status":"closed","template":"","meta":[],"product_brand":[],"product_cat":[152],"product_tag":[],"class_list":{"0":"post-15548","1":"product","2":"type-product","3":"status-publish","4":"has-post-thumbnail","6":"product_cat-tv-stands","8":"first","9":"instock","10":"shipping-taxable","11":"purchasable","12":"product-type-simple"},"yoast_head":"<!-- This site is optimized with the Yoast SEO plugin v24.8.1 - https:\/\/yoast.com\/wordpress\/plugins\/seo\/ -->\n<title>TV-bord Svelte - LASTCHANCE Deals | Danmark<\/title>\n<meta name=\"robots\" content=\"index, follow, max-snippet:-1, max-image-preview:large, max-video-preview:-1\" \/>\n<link rel=\"canonical\" href=\"https:\/\/last-chance.dk\/?product=tv-bord-svelte\" \/>\n<meta property=\"og:locale\" content=\"da_DK\" \/>\n<meta property=\"og:type\" content=\"article\" \/>\n<meta property=\"og:title\" content=\"TV-bord Svelte - LASTCHANCE Deals | Danmark\" \/>\n<meta property=\"og:description\" content=\"M\u00f8d det stilfulde TV-bord Svelte fra LuxCasa. Dette funktionelle m\u00f8bel er designet og produceret i EU, hvilket garanterer topkvalitet og holdbarhed. Tilf\u00f8j et strejf af moderne elegance til din stue med vores Svelte TV-bord. Dette TV-bord m\u00e5ler 140x50x35 cm, hvilket g\u00f8r det til det ideelle valg for at fremvise dit fladsk\u00e6rms tv og opbevare dine [&hellip;]\" \/>\n<meta property=\"og:url\" content=\"https:\/\/last-chance.dk\/?product=tv-bord-svelte\" \/>\n<meta property=\"og:site_name\" content=\"LASTCHANCE Deals | Danmark\" \/>\n<meta property=\"article:modified_time\" content=\"2025-10-13T12:08:35+00:00\" \/>\n<meta property=\"og:image\" content=\"https:\/\/last-chance.dk\/wp-content\/uploads\/2024\/07\/1_2_45.jpg\" \/>\n\t<meta property=\"og:image:width\" content=\"980\" \/>\n\t<meta property=\"og:image:height\" content=\"739\" \/>\n\t<meta property=\"og:image:type\" content=\"image\/jpeg\" \/>\n<meta name=\"twitter:card\" content=\"summary_large_image\" \/>\n<meta name=\"twitter:label1\" content=\"Estimeret l\u00e6setid\" \/>\n\t<meta name=\"twitter:data1\" content=\"1 minut\" \/>\n<script type=\"application\/ld+json\" class=\"yoast-schema-graph\">{\"@context\":\"https:\/\/schema.org\",\"@graph\":[{\"@type\":\"WebPage\",\"@id\":\"https:\/\/last-chance.dk\/?product=tv-bord-svelte\",\"url\":\"https:\/\/last-chance.dk\/?product=tv-bord-svelte\",\"name\":\"TV-bord Svelte - LASTCHANCE Deals | Danmark\",\"isPartOf\":{\"@id\":\"https:\/\/last-chance.dk\/#website\"},\"primaryImageOfPage\":{\"@id\":\"https:\/\/last-chance.dk\/?product=tv-bord-svelte#primaryimage\"},\"image\":{\"@id\":\"https:\/\/last-chance.dk\/?product=tv-bord-svelte#primaryimage\"},\"thumbnailUrl\":\"https:\/\/last-chance.dk\/wp-content\/uploads\/2024\/07\/1_2_45.jpg\",\"datePublished\":\"2024-07-02T19:54:38+00:00\",\"dateModified\":\"2025-10-13T12:08:35+00:00\",\"breadcrumb\":{\"@id\":\"https:\/\/last-chance.dk\/?product=tv-bord-svelte#breadcrumb\"},\"inLanguage\":\"da-DK\",\"potentialAction\":[{\"@type\":\"ReadAction\",\"target\":[\"https:\/\/last-chance.dk\/?product=tv-bord-svelte\"]}]},{\"@type\":\"ImageObject\",\"inLanguage\":\"da-DK\",\"@id\":\"https:\/\/last-chance.dk\/?product=tv-bord-svelte#primaryimage\",\"url\":\"https:\/\/last-chance.dk\/wp-content\/uploads\/2024\/07\/1_2_45.jpg\",\"contentUrl\":\"https:\/\/last-chance.dk\/wp-content\/uploads\/2024\/07\/1_2_45.jpg\",\"width\":5775,\"height\":4354},{\"@type\":\"BreadcrumbList\",\"@id\":\"https:\/\/last-chance.dk\/?product=tv-bord-svelte#breadcrumb\",\"itemListElement\":[{\"@type\":\"ListItem\",\"position\":1,\"name\":\"Home\",\"item\":\"https:\/\/last-chance.dk\/\"},{\"@type\":\"ListItem\",\"position\":2,\"name\":\"TV-bord Svelte\"}]},{\"@type\":\"WebSite\",\"@id\":\"https:\/\/last-chance.dk\/#website\",\"url\":\"https:\/\/last-chance.dk\/\",\"name\":\"LASTCHANCE Deals | Danmark\",\"description\":\"LASTCHANCE Deals | Danmark\",\"publisher\":{\"@id\":\"https:\/\/last-chance.dk\/#organization\"},\"potentialAction\":[{\"@type\":\"SearchAction\",\"target\":{\"@type\":\"EntryPoint\",\"urlTemplate\":\"https:\/\/last-chance.dk\/?s={search_term_string}\"},\"query-input\":{\"@type\":\"PropertyValueSpecification\",\"valueRequired\":true,\"valueName\":\"search_term_string\"}}],\"inLanguage\":\"da-DK\"},{\"@type\":\"Organization\",\"@id\":\"https:\/\/last-chance.dk\/#organization\",\"name\":\"LASTCHANCE Deals | Danmark\",\"url\":\"https:\/\/last-chance.dk\/\",\"logo\":{\"@type\":\"ImageObject\",\"inLanguage\":\"da-DK\",\"@id\":\"https:\/\/last-chance.dk\/#\/schema\/logo\/image\/\",\"url\":\"https:\/\/last-chance.dk\/wp-content\/uploads\/2023\/10\/lastchancedeals_logo_dk_white.png\",\"contentUrl\":\"https:\/\/last-chance.dk\/wp-content\/uploads\/2023\/10\/lastchancedeals_logo_dk_white.png\",\"width\":470,\"height\":110,\"caption\":\"LASTCHANCE Deals | Danmark\"},\"image\":{\"@id\":\"https:\/\/last-chance.dk\/#\/schema\/logo\/image\/\"}}]}<\/script>\n<!-- \/ Yoast SEO plugin. -->","yoast_head_json":{"title":"TV-bord Svelte - LASTCHANCE Deals | Danmark","robots":{"index":"index","follow":"follow","max-snippet":"max-snippet:-1","max-image-preview":"max-image-preview:large","max-video-preview":"max-video-preview:-1"},"canonical":"https:\/\/last-chance.dk\/?product=tv-bord-svelte","og_locale":"da_DK","og_type":"article","og_title":"TV-bord Svelte - LASTCHANCE Deals | Danmark","og_description":"M\u00f8d det stilfulde TV-bord Svelte fra LuxCasa. Dette funktionelle m\u00f8bel er designet og produceret i EU, hvilket garanterer topkvalitet og holdbarhed. Tilf\u00f8j et strejf af moderne elegance til din stue med vores Svelte TV-bord. Dette TV-bord m\u00e5ler 140x50x35 cm, hvilket g\u00f8r det til det ideelle valg for at fremvise dit fladsk\u00e6rms tv og opbevare dine [&hellip;]","og_url":"https:\/\/last-chance.dk\/?product=tv-bord-svelte","og_site_name":"LASTCHANCE Deals | Danmark","article_modified_time":"2025-10-13T12:08:35+00:00","og_image":[{"url":"https:\/\/last-chance.dk\/wp-content\/uploads\/2024\/07\/1_2_45.jpg","width":980,"height":739,"type":"image\/jpeg"}],"twitter_card":"summary_large_image","twitter_misc":{"Estimeret l\u00e6setid":"1 minut"},"schema":{"@context":"https:\/\/schema.org","@graph":[{"@type":"WebPage","@id":"https:\/\/last-chance.dk\/?product=tv-bord-svelte","url":"https:\/\/last-chance.dk\/?product=tv-bord-svelte","name":"TV-bord Svelte - LASTCHANCE Deals | Danmark","isPartOf":{"@id":"https:\/\/last-chance.dk\/#website"},"primaryImageOfPage":{"@id":"https:\/\/last-chance.dk\/?product=tv-bord-svelte#primaryimage"},"image":{"@id":"https:\/\/last-chance.dk\/?product=tv-bord-svelte#primaryimage"},"thumbnailUrl":"https:\/\/last-chance.dk\/wp-content\/uploads\/2024\/07\/1_2_45.jpg","datePublished":"2024-07-02T19:54:38+00:00","dateModified":"2025-10-13T12:08:35+00:00","breadcrumb":{"@id":"https:\/\/last-chance.dk\/?product=tv-bord-svelte#breadcrumb"},"inLanguage":"da-DK","potentialAction":[{"@type":"ReadAction","target":["https:\/\/last-chance.dk\/?product=tv-bord-svelte"]}]},{"@type":"ImageObject","inLanguage":"da-DK","@id":"https:\/\/last-chance.dk\/?product=tv-bord-svelte#primaryimage","url":"https:\/\/last-chance.dk\/wp-content\/uploads\/2024\/07\/1_2_45.jpg","contentUrl":"https:\/\/last-chance.dk\/wp-content\/uploads\/2024\/07\/1_2_45.jpg","width":5775,"height":4354},{"@type":"BreadcrumbList","@id":"https:\/\/last-chance.dk\/?product=tv-bord-svelte#breadcrumb","itemListElement":[{"@type":"ListItem","position":1,"name":"Home","item":"https:\/\/last-chance.dk\/"},{"@type":"ListItem","position":2,"name":"TV-bord Svelte"}]},{"@type":"WebSite","@id":"https:\/\/last-chance.dk\/#website","url":"https:\/\/last-chance.dk\/","name":"LASTCHANCE Deals | Danmark","description":"LASTCHANCE Deals | Danmark","publisher":{"@id":"https:\/\/last-chance.dk\/#organization"},"potentialAction":[{"@type":"SearchAction","target":{"@type":"EntryPoint","urlTemplate":"https:\/\/last-chance.dk\/?s={search_term_string}"},"query-input":{"@type":"PropertyValueSpecification","valueRequired":true,"valueName":"search_term_string"}}],"inLanguage":"da-DK"},{"@type":"Organization","@id":"https:\/\/last-chance.dk\/#organization","name":"LASTCHANCE Deals | Danmark","url":"https:\/\/last-chance.dk\/","logo":{"@type":"ImageObject","inLanguage":"da-DK","@id":"https:\/\/last-chance.dk\/#\/schema\/logo\/image\/","url":"https:\/\/last-chance.dk\/wp-content\/uploads\/2023\/10\/lastchancedeals_logo_dk_white.png","contentUrl":"https:\/\/last-chance.dk\/wp-content\/uploads\/2023\/10\/lastchancedeals_logo_dk_white.png","width":470,"height":110,"caption":"LASTCHANCE Deals | Danmark"},"image":{"@id":"https:\/\/last-chance.dk\/#\/schema\/logo\/image\/"}}]}},"_links":{"self":[{"href":"https:\/\/last-chance.dk\/index.php?rest_route=\/wp\/v2\/product\/15548","targetHints":{"allow":["GET"]}}],"collection":[{"href":"https:\/\/last-chance.dk\/index.php?rest_route=\/wp\/v2\/product"}],"about":[{"href":"https:\/\/last-chance.dk\/index.php?rest_route=\/wp\/v2\/types\/product"}],"replies":[{"embeddable":true,"href":"https:\/\/last-chance.dk\/index.php?rest_route=%2Fwp%2Fv2%2Fcomments&post=15548"}],"wp:featuredmedia":[{"embeddable":true,"href":"https:\/\/last-chance.dk\/index.php?rest_route=\/wp\/v2\/media\/15547"}],"wp:attachment":[{"href":"https:\/\/last-chance.dk\/index.php?rest_route=%2Fwp%2Fv2%2Fmedia&parent=15548"}],"wp:term":[{"taxonomy":"product_brand","embeddable":true,"href":"https:\/\/last-chance.dk\/index.php?rest_route=%2Fwp%2Fv2%2Fproduct_brand&post=15548"},{"taxonomy":"product_cat","embeddable":true,"href":"https:\/\/last-chance.dk\/index.php?rest_route=%2Fwp%2Fv2%2Fproduct_cat&post=15548"},{"taxonomy":"product_tag","embeddable":true,"href":"https:\/\/last-chance.dk\/index.php?rest_route=%2Fwp%2Fv2%2Fproduct_tag&post=15548"}],"curies":[{"name":"wp","href":"https:\/\/api.w.org\/{rel}","templated":true}]}}