{"id":15552,"date":"2024-08-02T21:00:55","date_gmt":"2024-08-02T21:00:55","guid":{"rendered":"https:\/\/www.lastchance.deals\/dk\/produkt\/blomsterhylde-blomsterstativ-bellissima\/"},"modified":"2025-09-19T17:20:04","modified_gmt":"2025-09-19T17:20:04","slug":"blomsterhylde-blomsterstativ-bellissima","status":"publish","type":"product","link":"https:\/\/last-chance.dk\/?product=blomsterhylde-blomsterstativ-bellissima","title":{"rendered":"Blomsterhylde blomsterstativ Bellissima"},"content":{"rendered":"<p>Dets dimensioner er 120x60x33 cm, hvilket giver masser af plads til dine planter. Det er lavet af en kombination af tr\u00e6 og metal, hvilket sikrer, at den er solid, robust og langtidsholdbart. Den hvide farve er ikke kun stilfuld, men ogs\u00e5 diskret nok til at komplementere alle stilarter af hjemmeindretning.<\/p>\n<p><\/p>\n<p>Denne blomsterhylde er beregnet til indend\u00f8rs brug og kr\u00e6ver montage ved ankomsten. Men du beh\u00f8ver ikke bekymre dig, fordi det er nemt at samle og det er affaldsvenligt. Med et bel\u00f8b p\u00e5 1000 stykker er der masser af sk\u00f8nhed at g\u00e5 rundt.<\/p>\n<p><\/p>\n<p>Vores Bellissima blomsterhylde har en 12 m\u00e5neders fabriksgaranti, s\u00e5 du kan v\u00e6re sikker p\u00e5, at dit k\u00f8b er beskyttet.<\/p>\n<p><\/p>\n<p>V\u00e6lg Bellissima blomsterhylde i dag og bring naturens sk\u00f8nhed ind i dit hjem p\u00e5 en elegant m\u00e5de.<\/p>\n<p><\/p>\n<p>Leveringstid: Leveringstid 1 uge<br \/>\nMateriale: tr\u00e6,metal<br \/>\nFarve: hvid<br \/>\nDimensioner: 120x60x33 cm<br \/>\nBeregnet til: Indend\u00f8rs brug<br \/>\nBel\u00f8b: 1000<br \/>\nMontage: skal samles<br \/>\nFabrikant: ForrestDecor<br \/>\nGaranti: 12 m\u00e5neder<\/p>\n","protected":false},"excerpt":{"rendered":"<p>Dets dimensioner er 120x60x33 cm, hvilket giver masser af plads til dine planter. Det er lavet af en kombination af tr\u00e6 og metal, hvilket sikrer, at den er solid, robust og langtidsholdbart. Den hvide farve er ikke kun stilfuld, men ogs\u00e5 diskret nok til at komplementere alle stilarter af hjemmeindretning. Denne blomsterhylde er beregnet til [&hellip;]<\/p>\n","protected":false},"featured_media":15550,"comment_status":"open","ping_status":"closed","template":"","meta":[],"product_brand":[],"product_cat":[184],"product_tag":[],"class_list":{"0":"post-15552","1":"product","2":"type-product","3":"status-publish","4":"has-post-thumbnail","6":"product_cat-flower-stands","8":"first","9":"instock","10":"shipping-taxable","11":"purchasable","12":"product-type-simple"},"yoast_head":"<!-- This site is optimized with the Yoast SEO plugin v24.8.1 - https:\/\/yoast.com\/wordpress\/plugins\/seo\/ -->\n<title>Blomsterhylde blomsterstativ Bellissima - LASTCHANCE Deals | Danmark<\/title>\n<meta name=\"robots\" content=\"index, follow, max-snippet:-1, max-image-preview:large, max-video-preview:-1\" \/>\n<link rel=\"canonical\" href=\"https:\/\/last-chance.dk\/?product=blomsterhylde-blomsterstativ-bellissima\" \/>\n<meta property=\"og:locale\" content=\"da_DK\" \/>\n<meta property=\"og:type\" content=\"article\" \/>\n<meta property=\"og:title\" content=\"Blomsterhylde blomsterstativ Bellissima - LASTCHANCE Deals | Danmark\" \/>\n<meta property=\"og:description\" content=\"Dets dimensioner er 120x60x33 cm, hvilket giver masser af plads til dine planter. Det er lavet af en kombination af tr\u00e6 og metal, hvilket sikrer, at den er solid, robust og langtidsholdbart. Den hvide farve er ikke kun stilfuld, men ogs\u00e5 diskret nok til at komplementere alle stilarter af hjemmeindretning. Denne blomsterhylde er beregnet til [&hellip;]\" \/>\n<meta property=\"og:url\" content=\"https:\/\/last-chance.dk\/?product=blomsterhylde-blomsterstativ-bellissima\" \/>\n<meta property=\"og:site_name\" content=\"LASTCHANCE Deals | Danmark\" \/>\n<meta property=\"article:modified_time\" content=\"2025-09-19T17:20:04+00:00\" \/>\n<meta property=\"og:image\" content=\"https:\/\/last-chance.dk\/wp-content\/uploads\/2024\/08\/040jhqy-1_1.jpg\" \/>\n\t<meta property=\"og:image:width\" content=\"1039\" \/>\n\t<meta property=\"og:image:height\" content=\"1039\" \/>\n\t<meta property=\"og:image:type\" content=\"image\/jpeg\" \/>\n<meta name=\"twitter:card\" content=\"summary_large_image\" \/>\n<meta name=\"twitter:label1\" content=\"Estimeret l\u00e6setid\" \/>\n\t<meta name=\"twitter:data1\" content=\"1 minut\" \/>\n<script type=\"application\/ld+json\" class=\"yoast-schema-graph\">{\"@context\":\"https:\/\/schema.org\",\"@graph\":[{\"@type\":\"WebPage\",\"@id\":\"https:\/\/last-chance.dk\/?product=blomsterhylde-blomsterstativ-bellissima\",\"url\":\"https:\/\/last-chance.dk\/?product=blomsterhylde-blomsterstativ-bellissima\",\"name\":\"Blomsterhylde blomsterstativ Bellissima - LASTCHANCE Deals | Danmark\",\"isPartOf\":{\"@id\":\"https:\/\/last-chance.dk\/#website\"},\"primaryImageOfPage\":{\"@id\":\"https:\/\/last-chance.dk\/?product=blomsterhylde-blomsterstativ-bellissima#primaryimage\"},\"image\":{\"@id\":\"https:\/\/last-chance.dk\/?product=blomsterhylde-blomsterstativ-bellissima#primaryimage\"},\"thumbnailUrl\":\"https:\/\/last-chance.dk\/wp-content\/uploads\/2024\/08\/040jhqy-1_1.jpg\",\"datePublished\":\"2024-08-02T21:00:55+00:00\",\"dateModified\":\"2025-09-19T17:20:04+00:00\",\"breadcrumb\":{\"@id\":\"https:\/\/last-chance.dk\/?product=blomsterhylde-blomsterstativ-bellissima#breadcrumb\"},\"inLanguage\":\"da-DK\",\"potentialAction\":[{\"@type\":\"ReadAction\",\"target\":[\"https:\/\/last-chance.dk\/?product=blomsterhylde-blomsterstativ-bellissima\"]}]},{\"@type\":\"ImageObject\",\"inLanguage\":\"da-DK\",\"@id\":\"https:\/\/last-chance.dk\/?product=blomsterhylde-blomsterstativ-bellissima#primaryimage\",\"url\":\"https:\/\/last-chance.dk\/wp-content\/uploads\/2024\/08\/040jhqy-1_1.jpg\",\"contentUrl\":\"https:\/\/last-chance.dk\/wp-content\/uploads\/2024\/08\/040jhqy-1_1.jpg\",\"width\":1039,\"height\":1039},{\"@type\":\"BreadcrumbList\",\"@id\":\"https:\/\/last-chance.dk\/?product=blomsterhylde-blomsterstativ-bellissima#breadcrumb\",\"itemListElement\":[{\"@type\":\"ListItem\",\"position\":1,\"name\":\"Home\",\"item\":\"https:\/\/last-chance.dk\/\"},{\"@type\":\"ListItem\",\"position\":2,\"name\":\"Blomsterhylde blomsterstativ Bellissima\"}]},{\"@type\":\"WebSite\",\"@id\":\"https:\/\/last-chance.dk\/#website\",\"url\":\"https:\/\/last-chance.dk\/\",\"name\":\"LASTCHANCE Deals | Danmark\",\"description\":\"LASTCHANCE Deals | Danmark\",\"publisher\":{\"@id\":\"https:\/\/last-chance.dk\/#organization\"},\"potentialAction\":[{\"@type\":\"SearchAction\",\"target\":{\"@type\":\"EntryPoint\",\"urlTemplate\":\"https:\/\/last-chance.dk\/?s={search_term_string}\"},\"query-input\":{\"@type\":\"PropertyValueSpecification\",\"valueRequired\":true,\"valueName\":\"search_term_string\"}}],\"inLanguage\":\"da-DK\"},{\"@type\":\"Organization\",\"@id\":\"https:\/\/last-chance.dk\/#organization\",\"name\":\"LASTCHANCE Deals | Danmark\",\"url\":\"https:\/\/last-chance.dk\/\",\"logo\":{\"@type\":\"ImageObject\",\"inLanguage\":\"da-DK\",\"@id\":\"https:\/\/last-chance.dk\/#\/schema\/logo\/image\/\",\"url\":\"https:\/\/last-chance.dk\/wp-content\/uploads\/2023\/10\/lastchancedeals_logo_dk_white.png\",\"contentUrl\":\"https:\/\/last-chance.dk\/wp-content\/uploads\/2023\/10\/lastchancedeals_logo_dk_white.png\",\"width\":470,\"height\":110,\"caption\":\"LASTCHANCE Deals | Danmark\"},\"image\":{\"@id\":\"https:\/\/last-chance.dk\/#\/schema\/logo\/image\/\"}}]}<\/script>\n<!-- \/ Yoast SEO plugin. -->","yoast_head_json":{"title":"Blomsterhylde blomsterstativ Bellissima - LASTCHANCE Deals | Danmark","robots":{"index":"index","follow":"follow","max-snippet":"max-snippet:-1","max-image-preview":"max-image-preview:large","max-video-preview":"max-video-preview:-1"},"canonical":"https:\/\/last-chance.dk\/?product=blomsterhylde-blomsterstativ-bellissima","og_locale":"da_DK","og_type":"article","og_title":"Blomsterhylde blomsterstativ Bellissima - LASTCHANCE Deals | Danmark","og_description":"Dets dimensioner er 120x60x33 cm, hvilket giver masser af plads til dine planter. Det er lavet af en kombination af tr\u00e6 og metal, hvilket sikrer, at den er solid, robust og langtidsholdbart. Den hvide farve er ikke kun stilfuld, men ogs\u00e5 diskret nok til at komplementere alle stilarter af hjemmeindretning. Denne blomsterhylde er beregnet til [&hellip;]","og_url":"https:\/\/last-chance.dk\/?product=blomsterhylde-blomsterstativ-bellissima","og_site_name":"LASTCHANCE Deals | Danmark","article_modified_time":"2025-09-19T17:20:04+00:00","og_image":[{"width":1039,"height":1039,"url":"https:\/\/last-chance.dk\/wp-content\/uploads\/2024\/08\/040jhqy-1_1.jpg","type":"image\/jpeg"}],"twitter_card":"summary_large_image","twitter_misc":{"Estimeret l\u00e6setid":"1 minut"},"schema":{"@context":"https:\/\/schema.org","@graph":[{"@type":"WebPage","@id":"https:\/\/last-chance.dk\/?product=blomsterhylde-blomsterstativ-bellissima","url":"https:\/\/last-chance.dk\/?product=blomsterhylde-blomsterstativ-bellissima","name":"Blomsterhylde blomsterstativ Bellissima - LASTCHANCE Deals | Danmark","isPartOf":{"@id":"https:\/\/last-chance.dk\/#website"},"primaryImageOfPage":{"@id":"https:\/\/last-chance.dk\/?product=blomsterhylde-blomsterstativ-bellissima#primaryimage"},"image":{"@id":"https:\/\/last-chance.dk\/?product=blomsterhylde-blomsterstativ-bellissima#primaryimage"},"thumbnailUrl":"https:\/\/last-chance.dk\/wp-content\/uploads\/2024\/08\/040jhqy-1_1.jpg","datePublished":"2024-08-02T21:00:55+00:00","dateModified":"2025-09-19T17:20:04+00:00","breadcrumb":{"@id":"https:\/\/last-chance.dk\/?product=blomsterhylde-blomsterstativ-bellissima#breadcrumb"},"inLanguage":"da-DK","potentialAction":[{"@type":"ReadAction","target":["https:\/\/last-chance.dk\/?product=blomsterhylde-blomsterstativ-bellissima"]}]},{"@type":"ImageObject","inLanguage":"da-DK","@id":"https:\/\/last-chance.dk\/?product=blomsterhylde-blomsterstativ-bellissima#primaryimage","url":"https:\/\/last-chance.dk\/wp-content\/uploads\/2024\/08\/040jhqy-1_1.jpg","contentUrl":"https:\/\/last-chance.dk\/wp-content\/uploads\/2024\/08\/040jhqy-1_1.jpg","width":1039,"height":1039},{"@type":"BreadcrumbList","@id":"https:\/\/last-chance.dk\/?product=blomsterhylde-blomsterstativ-bellissima#breadcrumb","itemListElement":[{"@type":"ListItem","position":1,"name":"Home","item":"https:\/\/last-chance.dk\/"},{"@type":"ListItem","position":2,"name":"Blomsterhylde blomsterstativ Bellissima"}]},{"@type":"WebSite","@id":"https:\/\/last-chance.dk\/#website","url":"https:\/\/last-chance.dk\/","name":"LASTCHANCE Deals | Danmark","description":"LASTCHANCE Deals | Danmark","publisher":{"@id":"https:\/\/last-chance.dk\/#organization"},"potentialAction":[{"@type":"SearchAction","target":{"@type":"EntryPoint","urlTemplate":"https:\/\/last-chance.dk\/?s={search_term_string}"},"query-input":{"@type":"PropertyValueSpecification","valueRequired":true,"valueName":"search_term_string"}}],"inLanguage":"da-DK"},{"@type":"Organization","@id":"https:\/\/last-chance.dk\/#organization","name":"LASTCHANCE Deals | Danmark","url":"https:\/\/last-chance.dk\/","logo":{"@type":"ImageObject","inLanguage":"da-DK","@id":"https:\/\/last-chance.dk\/#\/schema\/logo\/image\/","url":"https:\/\/last-chance.dk\/wp-content\/uploads\/2023\/10\/lastchancedeals_logo_dk_white.png","contentUrl":"https:\/\/last-chance.dk\/wp-content\/uploads\/2023\/10\/lastchancedeals_logo_dk_white.png","width":470,"height":110,"caption":"LASTCHANCE Deals | Danmark"},"image":{"@id":"https:\/\/last-chance.dk\/#\/schema\/logo\/image\/"}}]}},"_links":{"self":[{"href":"https:\/\/last-chance.dk\/index.php?rest_route=\/wp\/v2\/product\/15552","targetHints":{"allow":["GET"]}}],"collection":[{"href":"https:\/\/last-chance.dk\/index.php?rest_route=\/wp\/v2\/product"}],"about":[{"href":"https:\/\/last-chance.dk\/index.php?rest_route=\/wp\/v2\/types\/product"}],"replies":[{"embeddable":true,"href":"https:\/\/last-chance.dk\/index.php?rest_route=%2Fwp%2Fv2%2Fcomments&post=15552"}],"wp:featuredmedia":[{"embeddable":true,"href":"https:\/\/last-chance.dk\/index.php?rest_route=\/wp\/v2\/media\/15550"}],"wp:attachment":[{"href":"https:\/\/last-chance.dk\/index.php?rest_route=%2Fwp%2Fv2%2Fmedia&parent=15552"}],"wp:term":[{"taxonomy":"product_brand","embeddable":true,"href":"https:\/\/last-chance.dk\/index.php?rest_route=%2Fwp%2Fv2%2Fproduct_brand&post=15552"},{"taxonomy":"product_cat","embeddable":true,"href":"https:\/\/last-chance.dk\/index.php?rest_route=%2Fwp%2Fv2%2Fproduct_cat&post=15552"},{"taxonomy":"product_tag","embeddable":true,"href":"https:\/\/last-chance.dk\/index.php?rest_route=%2Fwp%2Fv2%2Fproduct_tag&post=15552"}],"curies":[{"name":"wp","href":"https:\/\/api.w.org\/{rel}","templated":true}]}}