{"id":15556,"date":"2024-08-02T21:01:13","date_gmt":"2024-08-02T21:01:13","guid":{"rendered":"https:\/\/www.lastchance.deals\/dk\/produkt\/fuglebur-sparrow-blaa-metal\/"},"modified":"2024-08-02T21:01:13","modified_gmt":"2024-08-02T21:01:13","slug":"fuglebur-sparrow-blaa-metal","status":"publish","type":"product","link":"https:\/\/last-chance.dk\/?product=fuglebur-sparrow-blaa-metal","title":{"rendered":"Fuglebur Sparrow bl\u00e5 metal"},"content":{"rendered":"<p>Er du p\u00e5 udkig efter et smukt og praktisk fuglebur til din elskede fugl? S\u00e5 er Fuglebur Sparrow det perfekte valg for dig. Dette fuglebur er lavet af metal i en flot bl\u00e5 farve, der passer til enhver indretning. Det har en rummelig og komfortabel indvendig plads, hvor din fugl kan f\u00f8le sig hjemme og udfolde sig frit. Det har ogs\u00e5 en praktisk skuffe i bunden, der g\u00f8r det nemt at reng\u00f8re buret.<\/p>\n<p><\/p>\n<p>Fuglebur Sparrow f\u00e5s i tre forskellige st\u00f8rrelser, s\u00e5 du kan v\u00e6lge den, der passer bedst til din fugls behov. Du kan ogs\u00e5 v\u00e6lge mellem to forskellige modeller: en med en rund top og en med en flad top. Begge modeller har en stor d\u00f8r i fronten, der giver dig nem adgang til din fugl, samt to mindre d\u00f8re p\u00e5 siderne, hvor du kan h\u00e6nge foder- og vandsk\u00e5le.<\/p>\n<p><\/p>\n<p>Fuglebur Sparrow er et kvalitetsprodukt fra ForrestDecor, en anerkendt fabrikant af fuglebure og tilbeh\u00f8r. Det er lavet med omhu og opm\u00e6rksomhed p\u00e5 detaljer, s\u00e5 du kan v\u00e6re sikker p\u00e5, at du f\u00e5r et holdbart og sikkert fuglebur til din fjerede ven.<\/p>\n<p><\/p>\n<p>Bestil dit Fuglebur Sparrow i dag og gl\u00e6d dig til at give din fugl et nyt og hyggeligt hjem.<\/p>\n<p><\/p>\n<p>Leveringstid: Leveringstid 1 uge<br \/>\nMateriale: metal<br \/>\nFarve: bl\u00e5<br \/>\nDimensioner: 39x27x30cm \/ 48x33x32cm \/ 60x40x40cm<br \/>\nFabrikant: ForrestDecor<\/p>\n","protected":false},"excerpt":{"rendered":"<p>Er du p\u00e5 udkig efter et smukt og praktisk fuglebur til din elskede fugl? S\u00e5 er Fuglebur Sparrow det perfekte valg for dig. Dette fuglebur er lavet af metal i en flot bl\u00e5 farve, der passer til enhver indretning. Det har en rummelig og komfortabel indvendig plads, hvor din fugl kan f\u00f8le sig hjemme og [&hellip;]<\/p>\n","protected":false},"featured_media":15553,"comment_status":"open","ping_status":"closed","template":"","meta":[],"product_brand":[],"product_cat":[294],"product_tag":[],"class_list":{"0":"post-15556","1":"product","2":"type-product","3":"status-publish","4":"has-post-thumbnail","6":"product_cat-bird-cages-stands","8":"first","9":"instock","10":"shipping-taxable","11":"purchasable","12":"product-type-simple"},"yoast_head":"<!-- This site is optimized with the Yoast SEO plugin v24.8.1 - https:\/\/yoast.com\/wordpress\/plugins\/seo\/ -->\n<title>Fuglebur Sparrow bl\u00e5 metal - LASTCHANCE Deals | Danmark<\/title>\n<meta name=\"robots\" content=\"index, follow, max-snippet:-1, max-image-preview:large, max-video-preview:-1\" \/>\n<link rel=\"canonical\" href=\"https:\/\/last-chance.dk\/?product=fuglebur-sparrow-blaa-metal\" \/>\n<meta property=\"og:locale\" content=\"da_DK\" \/>\n<meta property=\"og:type\" content=\"article\" \/>\n<meta property=\"og:title\" content=\"Fuglebur Sparrow bl\u00e5 metal - LASTCHANCE Deals | Danmark\" \/>\n<meta property=\"og:description\" content=\"Er du p\u00e5 udkig efter et smukt og praktisk fuglebur til din elskede fugl? S\u00e5 er Fuglebur Sparrow det perfekte valg for dig. Dette fuglebur er lavet af metal i en flot bl\u00e5 farve, der passer til enhver indretning. Det har en rummelig og komfortabel indvendig plads, hvor din fugl kan f\u00f8le sig hjemme og [&hellip;]\" \/>\n<meta property=\"og:url\" content=\"https:\/\/last-chance.dk\/?product=fuglebur-sparrow-blaa-metal\" \/>\n<meta property=\"og:site_name\" content=\"LASTCHANCE Deals | Danmark\" \/>\n<meta property=\"og:image\" content=\"https:\/\/last-chance.dk\/wp-content\/uploads\/2024\/08\/sparrow1.jpg\" \/>\n\t<meta property=\"og:image:width\" content=\"900\" \/>\n\t<meta property=\"og:image:height\" content=\"599\" \/>\n\t<meta property=\"og:image:type\" content=\"image\/jpeg\" \/>\n<meta name=\"twitter:card\" content=\"summary_large_image\" \/>\n<meta name=\"twitter:label1\" content=\"Estimeret l\u00e6setid\" \/>\n\t<meta name=\"twitter:data1\" content=\"1 minut\" \/>\n<script type=\"application\/ld+json\" class=\"yoast-schema-graph\">{\"@context\":\"https:\/\/schema.org\",\"@graph\":[{\"@type\":\"WebPage\",\"@id\":\"https:\/\/last-chance.dk\/?product=fuglebur-sparrow-blaa-metal\",\"url\":\"https:\/\/last-chance.dk\/?product=fuglebur-sparrow-blaa-metal\",\"name\":\"Fuglebur Sparrow bl\u00e5 metal - LASTCHANCE Deals | Danmark\",\"isPartOf\":{\"@id\":\"https:\/\/last-chance.dk\/#website\"},\"primaryImageOfPage\":{\"@id\":\"https:\/\/last-chance.dk\/?product=fuglebur-sparrow-blaa-metal#primaryimage\"},\"image\":{\"@id\":\"https:\/\/last-chance.dk\/?product=fuglebur-sparrow-blaa-metal#primaryimage\"},\"thumbnailUrl\":\"https:\/\/last-chance.dk\/wp-content\/uploads\/2024\/08\/sparrow1.jpg\",\"datePublished\":\"2024-08-02T21:01:13+00:00\",\"breadcrumb\":{\"@id\":\"https:\/\/last-chance.dk\/?product=fuglebur-sparrow-blaa-metal#breadcrumb\"},\"inLanguage\":\"da-DK\",\"potentialAction\":[{\"@type\":\"ReadAction\",\"target\":[\"https:\/\/last-chance.dk\/?product=fuglebur-sparrow-blaa-metal\"]}]},{\"@type\":\"ImageObject\",\"inLanguage\":\"da-DK\",\"@id\":\"https:\/\/last-chance.dk\/?product=fuglebur-sparrow-blaa-metal#primaryimage\",\"url\":\"https:\/\/last-chance.dk\/wp-content\/uploads\/2024\/08\/sparrow1.jpg\",\"contentUrl\":\"https:\/\/last-chance.dk\/wp-content\/uploads\/2024\/08\/sparrow1.jpg\",\"width\":900,\"height\":599},{\"@type\":\"BreadcrumbList\",\"@id\":\"https:\/\/last-chance.dk\/?product=fuglebur-sparrow-blaa-metal#breadcrumb\",\"itemListElement\":[{\"@type\":\"ListItem\",\"position\":1,\"name\":\"Home\",\"item\":\"https:\/\/last-chance.dk\/\"},{\"@type\":\"ListItem\",\"position\":2,\"name\":\"Fuglebur Sparrow bl\u00e5 metal\"}]},{\"@type\":\"WebSite\",\"@id\":\"https:\/\/last-chance.dk\/#website\",\"url\":\"https:\/\/last-chance.dk\/\",\"name\":\"LASTCHANCE Deals | Danmark\",\"description\":\"LASTCHANCE Deals | Danmark\",\"publisher\":{\"@id\":\"https:\/\/last-chance.dk\/#organization\"},\"potentialAction\":[{\"@type\":\"SearchAction\",\"target\":{\"@type\":\"EntryPoint\",\"urlTemplate\":\"https:\/\/last-chance.dk\/?s={search_term_string}\"},\"query-input\":{\"@type\":\"PropertyValueSpecification\",\"valueRequired\":true,\"valueName\":\"search_term_string\"}}],\"inLanguage\":\"da-DK\"},{\"@type\":\"Organization\",\"@id\":\"https:\/\/last-chance.dk\/#organization\",\"name\":\"LASTCHANCE Deals | Danmark\",\"url\":\"https:\/\/last-chance.dk\/\",\"logo\":{\"@type\":\"ImageObject\",\"inLanguage\":\"da-DK\",\"@id\":\"https:\/\/last-chance.dk\/#\/schema\/logo\/image\/\",\"url\":\"https:\/\/last-chance.dk\/wp-content\/uploads\/2023\/10\/lastchancedeals_logo_dk_white.png\",\"contentUrl\":\"https:\/\/last-chance.dk\/wp-content\/uploads\/2023\/10\/lastchancedeals_logo_dk_white.png\",\"width\":470,\"height\":110,\"caption\":\"LASTCHANCE Deals | Danmark\"},\"image\":{\"@id\":\"https:\/\/last-chance.dk\/#\/schema\/logo\/image\/\"}}]}<\/script>\n<!-- \/ Yoast SEO plugin. -->","yoast_head_json":{"title":"Fuglebur Sparrow bl\u00e5 metal - LASTCHANCE Deals | Danmark","robots":{"index":"index","follow":"follow","max-snippet":"max-snippet:-1","max-image-preview":"max-image-preview:large","max-video-preview":"max-video-preview:-1"},"canonical":"https:\/\/last-chance.dk\/?product=fuglebur-sparrow-blaa-metal","og_locale":"da_DK","og_type":"article","og_title":"Fuglebur Sparrow bl\u00e5 metal - LASTCHANCE Deals | Danmark","og_description":"Er du p\u00e5 udkig efter et smukt og praktisk fuglebur til din elskede fugl? S\u00e5 er Fuglebur Sparrow det perfekte valg for dig. Dette fuglebur er lavet af metal i en flot bl\u00e5 farve, der passer til enhver indretning. Det har en rummelig og komfortabel indvendig plads, hvor din fugl kan f\u00f8le sig hjemme og [&hellip;]","og_url":"https:\/\/last-chance.dk\/?product=fuglebur-sparrow-blaa-metal","og_site_name":"LASTCHANCE Deals | Danmark","og_image":[{"width":900,"height":599,"url":"https:\/\/last-chance.dk\/wp-content\/uploads\/2024\/08\/sparrow1.jpg","type":"image\/jpeg"}],"twitter_card":"summary_large_image","twitter_misc":{"Estimeret l\u00e6setid":"1 minut"},"schema":{"@context":"https:\/\/schema.org","@graph":[{"@type":"WebPage","@id":"https:\/\/last-chance.dk\/?product=fuglebur-sparrow-blaa-metal","url":"https:\/\/last-chance.dk\/?product=fuglebur-sparrow-blaa-metal","name":"Fuglebur Sparrow bl\u00e5 metal - LASTCHANCE Deals | Danmark","isPartOf":{"@id":"https:\/\/last-chance.dk\/#website"},"primaryImageOfPage":{"@id":"https:\/\/last-chance.dk\/?product=fuglebur-sparrow-blaa-metal#primaryimage"},"image":{"@id":"https:\/\/last-chance.dk\/?product=fuglebur-sparrow-blaa-metal#primaryimage"},"thumbnailUrl":"https:\/\/last-chance.dk\/wp-content\/uploads\/2024\/08\/sparrow1.jpg","datePublished":"2024-08-02T21:01:13+00:00","breadcrumb":{"@id":"https:\/\/last-chance.dk\/?product=fuglebur-sparrow-blaa-metal#breadcrumb"},"inLanguage":"da-DK","potentialAction":[{"@type":"ReadAction","target":["https:\/\/last-chance.dk\/?product=fuglebur-sparrow-blaa-metal"]}]},{"@type":"ImageObject","inLanguage":"da-DK","@id":"https:\/\/last-chance.dk\/?product=fuglebur-sparrow-blaa-metal#primaryimage","url":"https:\/\/last-chance.dk\/wp-content\/uploads\/2024\/08\/sparrow1.jpg","contentUrl":"https:\/\/last-chance.dk\/wp-content\/uploads\/2024\/08\/sparrow1.jpg","width":900,"height":599},{"@type":"BreadcrumbList","@id":"https:\/\/last-chance.dk\/?product=fuglebur-sparrow-blaa-metal#breadcrumb","itemListElement":[{"@type":"ListItem","position":1,"name":"Home","item":"https:\/\/last-chance.dk\/"},{"@type":"ListItem","position":2,"name":"Fuglebur Sparrow bl\u00e5 metal"}]},{"@type":"WebSite","@id":"https:\/\/last-chance.dk\/#website","url":"https:\/\/last-chance.dk\/","name":"LASTCHANCE Deals | Danmark","description":"LASTCHANCE Deals | Danmark","publisher":{"@id":"https:\/\/last-chance.dk\/#organization"},"potentialAction":[{"@type":"SearchAction","target":{"@type":"EntryPoint","urlTemplate":"https:\/\/last-chance.dk\/?s={search_term_string}"},"query-input":{"@type":"PropertyValueSpecification","valueRequired":true,"valueName":"search_term_string"}}],"inLanguage":"da-DK"},{"@type":"Organization","@id":"https:\/\/last-chance.dk\/#organization","name":"LASTCHANCE Deals | Danmark","url":"https:\/\/last-chance.dk\/","logo":{"@type":"ImageObject","inLanguage":"da-DK","@id":"https:\/\/last-chance.dk\/#\/schema\/logo\/image\/","url":"https:\/\/last-chance.dk\/wp-content\/uploads\/2023\/10\/lastchancedeals_logo_dk_white.png","contentUrl":"https:\/\/last-chance.dk\/wp-content\/uploads\/2023\/10\/lastchancedeals_logo_dk_white.png","width":470,"height":110,"caption":"LASTCHANCE Deals | Danmark"},"image":{"@id":"https:\/\/last-chance.dk\/#\/schema\/logo\/image\/"}}]}},"_links":{"self":[{"href":"https:\/\/last-chance.dk\/index.php?rest_route=\/wp\/v2\/product\/15556","targetHints":{"allow":["GET"]}}],"collection":[{"href":"https:\/\/last-chance.dk\/index.php?rest_route=\/wp\/v2\/product"}],"about":[{"href":"https:\/\/last-chance.dk\/index.php?rest_route=\/wp\/v2\/types\/product"}],"replies":[{"embeddable":true,"href":"https:\/\/last-chance.dk\/index.php?rest_route=%2Fwp%2Fv2%2Fcomments&post=15556"}],"wp:featuredmedia":[{"embeddable":true,"href":"https:\/\/last-chance.dk\/index.php?rest_route=\/wp\/v2\/media\/15553"}],"wp:attachment":[{"href":"https:\/\/last-chance.dk\/index.php?rest_route=%2Fwp%2Fv2%2Fmedia&parent=15556"}],"wp:term":[{"taxonomy":"product_brand","embeddable":true,"href":"https:\/\/last-chance.dk\/index.php?rest_route=%2Fwp%2Fv2%2Fproduct_brand&post=15556"},{"taxonomy":"product_cat","embeddable":true,"href":"https:\/\/last-chance.dk\/index.php?rest_route=%2Fwp%2Fv2%2Fproduct_cat&post=15556"},{"taxonomy":"product_tag","embeddable":true,"href":"https:\/\/last-chance.dk\/index.php?rest_route=%2Fwp%2Fv2%2Fproduct_tag&post=15556"}],"curies":[{"name":"wp","href":"https:\/\/api.w.org\/{rel}","templated":true}]}}