{"id":15566,"date":"2024-08-02T21:01:43","date_gmt":"2024-08-02T21:01:43","guid":{"rendered":"https:\/\/www.lastchance.deals\/dk\/produkt\/sengebord-anastasia\/"},"modified":"2025-10-13T12:00:56","modified_gmt":"2025-10-13T12:00:56","slug":"sengebord-anastasia","status":"publish","type":"product","link":"https:\/\/last-chance.dk\/?product=sengebord-anastasia","title":{"rendered":"Sengebord Anastasia"},"content":{"rendered":"<p>Sengebord Anastasia er et elegant og praktisk m\u00f8bel til dit sovev\u00e6relse. Det har en klassisk stil med fine detaljer og en hvid farve, der passer til enhver indretning. Det er lavet af mdf, et holdbart og milj\u00f8venligt materiale, der er nemt at reng\u00f8re.<\/p>\n<p><\/p>\n<p>Sengebordet har en rummelig senget\u00f8jskasse, hvor du kan opbevare dit senget\u00f8j, puder eller andre ting. Du kan ogs\u00e5 bruge den \u00f8verste plade til at placere en lampe, en bog eller din mobil. Sengebordet leveres usamlet, men du kan nemt samle det med den medf\u00f8lgende vejledning.<\/p>\n<p><\/p>\n<p>Sengebord Anastasia har en 12 m\u00e5neders rammegaranti fra fabrikanten ForrestDecor, der er kendt for deres kvalitetsm\u00f8bler. Bestil dit sengebord i dag og nyd den komfort og stil, det tilf\u00f8jer til dit sovev\u00e6relse.<\/p>\n<p><\/p>\n<p>Leveringstid: Leveringstid 1 uge<br \/>\nStil: klassisk<br \/>\nMateriale: mdf<br \/>\nFarve: hvid<br \/>\nSenget\u00f8jskasse: inkluderet<br \/>\nUdvendige dimensioner: 48x33x54cm<br \/>\nMontage: skal samles<br \/>\nGaranti: 12 m\u00e5neders rammegaranti<br \/>\nFabrikant: ForrestDecor<\/p>\n","protected":false},"excerpt":{"rendered":"<p>Sengebord Anastasia er et elegant og praktisk m\u00f8bel til dit sovev\u00e6relse. Det har en klassisk stil med fine detaljer og en hvid farve, der passer til enhver indretning. Det er lavet af mdf, et holdbart og milj\u00f8venligt materiale, der er nemt at reng\u00f8re. Sengebordet har en rummelig senget\u00f8jskasse, hvor du kan opbevare dit senget\u00f8j, puder [&hellip;]<\/p>\n","protected":false},"featured_media":15563,"comment_status":"open","ping_status":"closed","template":"","meta":[],"product_brand":[],"product_cat":[157],"product_tag":[],"class_list":{"0":"post-15566","1":"product","2":"type-product","3":"status-publish","4":"has-post-thumbnail","6":"product_cat-bedside-tables","8":"first","9":"instock","10":"shipping-taxable","11":"purchasable","12":"product-type-simple"},"yoast_head":"<!-- This site is optimized with the Yoast SEO plugin v24.8.1 - https:\/\/yoast.com\/wordpress\/plugins\/seo\/ -->\n<title>Sengebord Anastasia - LASTCHANCE Deals | Danmark<\/title>\n<meta name=\"robots\" content=\"index, follow, max-snippet:-1, max-image-preview:large, max-video-preview:-1\" \/>\n<link rel=\"canonical\" href=\"https:\/\/last-chance.dk\/?product=sengebord-anastasia\" \/>\n<meta property=\"og:locale\" content=\"da_DK\" \/>\n<meta property=\"og:type\" content=\"article\" \/>\n<meta property=\"og:title\" content=\"Sengebord Anastasia - LASTCHANCE Deals | Danmark\" \/>\n<meta property=\"og:description\" content=\"Sengebord Anastasia er et elegant og praktisk m\u00f8bel til dit sovev\u00e6relse. Det har en klassisk stil med fine detaljer og en hvid farve, der passer til enhver indretning. Det er lavet af mdf, et holdbart og milj\u00f8venligt materiale, der er nemt at reng\u00f8re. Sengebordet har en rummelig senget\u00f8jskasse, hvor du kan opbevare dit senget\u00f8j, puder [&hellip;]\" \/>\n<meta property=\"og:url\" content=\"https:\/\/last-chance.dk\/?product=sengebord-anastasia\" \/>\n<meta property=\"og:site_name\" content=\"LASTCHANCE Deals | Danmark\" \/>\n<meta property=\"article:modified_time\" content=\"2025-10-13T12:00:56+00:00\" \/>\n<meta property=\"og:image\" content=\"https:\/\/last-chance.dk\/wp-content\/uploads\/2024\/08\/20180115155417.jpg\" \/>\n\t<meta property=\"og:image:width\" content=\"387\" \/>\n\t<meta property=\"og:image:height\" content=\"409\" \/>\n\t<meta property=\"og:image:type\" content=\"image\/jpeg\" \/>\n<meta name=\"twitter:card\" content=\"summary_large_image\" \/>\n<meta name=\"twitter:label1\" content=\"Estimeret l\u00e6setid\" \/>\n\t<meta name=\"twitter:data1\" content=\"1 minut\" \/>\n<script type=\"application\/ld+json\" class=\"yoast-schema-graph\">{\"@context\":\"https:\/\/schema.org\",\"@graph\":[{\"@type\":\"WebPage\",\"@id\":\"https:\/\/last-chance.dk\/?product=sengebord-anastasia\",\"url\":\"https:\/\/last-chance.dk\/?product=sengebord-anastasia\",\"name\":\"Sengebord Anastasia - LASTCHANCE Deals | Danmark\",\"isPartOf\":{\"@id\":\"https:\/\/last-chance.dk\/#website\"},\"primaryImageOfPage\":{\"@id\":\"https:\/\/last-chance.dk\/?product=sengebord-anastasia#primaryimage\"},\"image\":{\"@id\":\"https:\/\/last-chance.dk\/?product=sengebord-anastasia#primaryimage\"},\"thumbnailUrl\":\"https:\/\/last-chance.dk\/wp-content\/uploads\/2024\/08\/20180115155417.jpg\",\"datePublished\":\"2024-08-02T21:01:43+00:00\",\"dateModified\":\"2025-10-13T12:00:56+00:00\",\"breadcrumb\":{\"@id\":\"https:\/\/last-chance.dk\/?product=sengebord-anastasia#breadcrumb\"},\"inLanguage\":\"da-DK\",\"potentialAction\":[{\"@type\":\"ReadAction\",\"target\":[\"https:\/\/last-chance.dk\/?product=sengebord-anastasia\"]}]},{\"@type\":\"ImageObject\",\"inLanguage\":\"da-DK\",\"@id\":\"https:\/\/last-chance.dk\/?product=sengebord-anastasia#primaryimage\",\"url\":\"https:\/\/last-chance.dk\/wp-content\/uploads\/2024\/08\/20180115155417.jpg\",\"contentUrl\":\"https:\/\/last-chance.dk\/wp-content\/uploads\/2024\/08\/20180115155417.jpg\",\"width\":387,\"height\":409},{\"@type\":\"BreadcrumbList\",\"@id\":\"https:\/\/last-chance.dk\/?product=sengebord-anastasia#breadcrumb\",\"itemListElement\":[{\"@type\":\"ListItem\",\"position\":1,\"name\":\"Home\",\"item\":\"https:\/\/last-chance.dk\/\"},{\"@type\":\"ListItem\",\"position\":2,\"name\":\"Sengebord Anastasia\"}]},{\"@type\":\"WebSite\",\"@id\":\"https:\/\/last-chance.dk\/#website\",\"url\":\"https:\/\/last-chance.dk\/\",\"name\":\"LASTCHANCE Deals | Danmark\",\"description\":\"LASTCHANCE Deals | Danmark\",\"publisher\":{\"@id\":\"https:\/\/last-chance.dk\/#organization\"},\"potentialAction\":[{\"@type\":\"SearchAction\",\"target\":{\"@type\":\"EntryPoint\",\"urlTemplate\":\"https:\/\/last-chance.dk\/?s={search_term_string}\"},\"query-input\":{\"@type\":\"PropertyValueSpecification\",\"valueRequired\":true,\"valueName\":\"search_term_string\"}}],\"inLanguage\":\"da-DK\"},{\"@type\":\"Organization\",\"@id\":\"https:\/\/last-chance.dk\/#organization\",\"name\":\"LASTCHANCE Deals | Danmark\",\"url\":\"https:\/\/last-chance.dk\/\",\"logo\":{\"@type\":\"ImageObject\",\"inLanguage\":\"da-DK\",\"@id\":\"https:\/\/last-chance.dk\/#\/schema\/logo\/image\/\",\"url\":\"https:\/\/last-chance.dk\/wp-content\/uploads\/2023\/10\/lastchancedeals_logo_dk_white.png\",\"contentUrl\":\"https:\/\/last-chance.dk\/wp-content\/uploads\/2023\/10\/lastchancedeals_logo_dk_white.png\",\"width\":470,\"height\":110,\"caption\":\"LASTCHANCE Deals | Danmark\"},\"image\":{\"@id\":\"https:\/\/last-chance.dk\/#\/schema\/logo\/image\/\"}}]}<\/script>\n<!-- \/ Yoast SEO plugin. -->","yoast_head_json":{"title":"Sengebord Anastasia - LASTCHANCE Deals | Danmark","robots":{"index":"index","follow":"follow","max-snippet":"max-snippet:-1","max-image-preview":"max-image-preview:large","max-video-preview":"max-video-preview:-1"},"canonical":"https:\/\/last-chance.dk\/?product=sengebord-anastasia","og_locale":"da_DK","og_type":"article","og_title":"Sengebord Anastasia - LASTCHANCE Deals | Danmark","og_description":"Sengebord Anastasia er et elegant og praktisk m\u00f8bel til dit sovev\u00e6relse. Det har en klassisk stil med fine detaljer og en hvid farve, der passer til enhver indretning. Det er lavet af mdf, et holdbart og milj\u00f8venligt materiale, der er nemt at reng\u00f8re. Sengebordet har en rummelig senget\u00f8jskasse, hvor du kan opbevare dit senget\u00f8j, puder [&hellip;]","og_url":"https:\/\/last-chance.dk\/?product=sengebord-anastasia","og_site_name":"LASTCHANCE Deals | Danmark","article_modified_time":"2025-10-13T12:00:56+00:00","og_image":[{"width":387,"height":409,"url":"https:\/\/last-chance.dk\/wp-content\/uploads\/2024\/08\/20180115155417.jpg","type":"image\/jpeg"}],"twitter_card":"summary_large_image","twitter_misc":{"Estimeret l\u00e6setid":"1 minut"},"schema":{"@context":"https:\/\/schema.org","@graph":[{"@type":"WebPage","@id":"https:\/\/last-chance.dk\/?product=sengebord-anastasia","url":"https:\/\/last-chance.dk\/?product=sengebord-anastasia","name":"Sengebord Anastasia - LASTCHANCE Deals | Danmark","isPartOf":{"@id":"https:\/\/last-chance.dk\/#website"},"primaryImageOfPage":{"@id":"https:\/\/last-chance.dk\/?product=sengebord-anastasia#primaryimage"},"image":{"@id":"https:\/\/last-chance.dk\/?product=sengebord-anastasia#primaryimage"},"thumbnailUrl":"https:\/\/last-chance.dk\/wp-content\/uploads\/2024\/08\/20180115155417.jpg","datePublished":"2024-08-02T21:01:43+00:00","dateModified":"2025-10-13T12:00:56+00:00","breadcrumb":{"@id":"https:\/\/last-chance.dk\/?product=sengebord-anastasia#breadcrumb"},"inLanguage":"da-DK","potentialAction":[{"@type":"ReadAction","target":["https:\/\/last-chance.dk\/?product=sengebord-anastasia"]}]},{"@type":"ImageObject","inLanguage":"da-DK","@id":"https:\/\/last-chance.dk\/?product=sengebord-anastasia#primaryimage","url":"https:\/\/last-chance.dk\/wp-content\/uploads\/2024\/08\/20180115155417.jpg","contentUrl":"https:\/\/last-chance.dk\/wp-content\/uploads\/2024\/08\/20180115155417.jpg","width":387,"height":409},{"@type":"BreadcrumbList","@id":"https:\/\/last-chance.dk\/?product=sengebord-anastasia#breadcrumb","itemListElement":[{"@type":"ListItem","position":1,"name":"Home","item":"https:\/\/last-chance.dk\/"},{"@type":"ListItem","position":2,"name":"Sengebord Anastasia"}]},{"@type":"WebSite","@id":"https:\/\/last-chance.dk\/#website","url":"https:\/\/last-chance.dk\/","name":"LASTCHANCE Deals | Danmark","description":"LASTCHANCE Deals | Danmark","publisher":{"@id":"https:\/\/last-chance.dk\/#organization"},"potentialAction":[{"@type":"SearchAction","target":{"@type":"EntryPoint","urlTemplate":"https:\/\/last-chance.dk\/?s={search_term_string}"},"query-input":{"@type":"PropertyValueSpecification","valueRequired":true,"valueName":"search_term_string"}}],"inLanguage":"da-DK"},{"@type":"Organization","@id":"https:\/\/last-chance.dk\/#organization","name":"LASTCHANCE Deals | Danmark","url":"https:\/\/last-chance.dk\/","logo":{"@type":"ImageObject","inLanguage":"da-DK","@id":"https:\/\/last-chance.dk\/#\/schema\/logo\/image\/","url":"https:\/\/last-chance.dk\/wp-content\/uploads\/2023\/10\/lastchancedeals_logo_dk_white.png","contentUrl":"https:\/\/last-chance.dk\/wp-content\/uploads\/2023\/10\/lastchancedeals_logo_dk_white.png","width":470,"height":110,"caption":"LASTCHANCE Deals | Danmark"},"image":{"@id":"https:\/\/last-chance.dk\/#\/schema\/logo\/image\/"}}]}},"_links":{"self":[{"href":"https:\/\/last-chance.dk\/index.php?rest_route=\/wp\/v2\/product\/15566","targetHints":{"allow":["GET"]}}],"collection":[{"href":"https:\/\/last-chance.dk\/index.php?rest_route=\/wp\/v2\/product"}],"about":[{"href":"https:\/\/last-chance.dk\/index.php?rest_route=\/wp\/v2\/types\/product"}],"replies":[{"embeddable":true,"href":"https:\/\/last-chance.dk\/index.php?rest_route=%2Fwp%2Fv2%2Fcomments&post=15566"}],"wp:featuredmedia":[{"embeddable":true,"href":"https:\/\/last-chance.dk\/index.php?rest_route=\/wp\/v2\/media\/15563"}],"wp:attachment":[{"href":"https:\/\/last-chance.dk\/index.php?rest_route=%2Fwp%2Fv2%2Fmedia&parent=15566"}],"wp:term":[{"taxonomy":"product_brand","embeddable":true,"href":"https:\/\/last-chance.dk\/index.php?rest_route=%2Fwp%2Fv2%2Fproduct_brand&post=15566"},{"taxonomy":"product_cat","embeddable":true,"href":"https:\/\/last-chance.dk\/index.php?rest_route=%2Fwp%2Fv2%2Fproduct_cat&post=15566"},{"taxonomy":"product_tag","embeddable":true,"href":"https:\/\/last-chance.dk\/index.php?rest_route=%2Fwp%2Fv2%2Fproduct_tag&post=15566"}],"curies":[{"name":"wp","href":"https:\/\/api.w.org\/{rel}","templated":true}]}}