{"id":15587,"date":"2024-08-02T21:02:53","date_gmt":"2024-08-02T21:02:53","guid":{"rendered":"https:\/\/www.lastchance.deals\/dk\/produkt\/loftslampe-emilea-70x30cm-gylden\/"},"modified":"2025-10-13T11:56:18","modified_gmt":"2025-10-13T11:56:18","slug":"loftslampe-emilea-70x30cm-gylden","status":"publish","type":"product","link":"https:\/\/last-chance.dk\/?product=loftslampe-emilea-70x30cm-gylden","title":{"rendered":"Loftslampe Emilea 70x30cm gylden"},"content":{"rendered":"<p>Loftslampe Emilea er en klassisk og elegant lampe, der passer perfekt til enhver indend\u00f8rs indretning. Lampen er lavet af jern og PVC i en smuk gylden farve, der giver et varmt og hyggeligt lys. Lampen har en rund form og m\u00e5ler 70 cm i diameter og 30 cm i h\u00f8jden. Den leveres i dele og skal samles f\u00f8r brug. Lampen er fra ForrestDecor, en anerkendt producent af kvalitetsbelysning. Lampen har 12 m\u00e5neders garanti, s\u00e5 du kan v\u00e6re sikker p\u00e5 at f\u00e5 et godt produkt.<\/p>\n<p><\/p>\n<p>Loftslampe Emilea er en ideel l\u00f8sning til at skabe en stemningsfuld atmosf\u00e6re i dit hjem. Den kan bruges i stuen, sovev\u00e6relset, spisestuen eller ethvert andet rum, hvor du \u00f8nsker et flot og klassisk udtryk. Lampen er nem at montere og tilslutte, og den har en lang levetid. Bestil din Loftslampe Emilea i dag og nyd dens sk\u00f8nhed og funktion.<\/p>\n<p><\/p>\n<p>Leveringstid: Leveringstid 1 uge<br \/>\nStil: klassisk<br \/>\nMateriale: jern,PVC<br \/>\nBeregnet til: Indend\u00f8rs brug<br \/>\nFarve: gylden<br \/>\nLampestik: ikke inkluderet<br \/>\nUdvendige dimensioner: 70x30cm<br \/>\nFabrikant: ForrestDecor<br \/>\nMontage: skal samles<br \/>\nGaranti: 12 m\u00e5neder<\/p>\n","protected":false},"excerpt":{"rendered":"<p>Loftslampe Emilea er en klassisk og elegant lampe, der passer perfekt til enhver indend\u00f8rs indretning. Lampen er lavet af jern og PVC i en smuk gylden farve, der giver et varmt og hyggeligt lys. Lampen har en rund form og m\u00e5ler 70 cm i diameter og 30 cm i h\u00f8jden. Den leveres i dele og [&hellip;]<\/p>\n","protected":false},"featured_media":15582,"comment_status":"open","ping_status":"closed","template":"","meta":[],"product_brand":[],"product_cat":[155],"product_tag":[],"class_list":{"0":"post-15587","1":"product","2":"type-product","3":"status-publish","4":"has-post-thumbnail","6":"product_cat-chandeliers","8":"first","9":"instock","10":"shipping-taxable","11":"purchasable","12":"product-type-simple"},"yoast_head":"<!-- This site is optimized with the Yoast SEO plugin v24.8.1 - https:\/\/yoast.com\/wordpress\/plugins\/seo\/ -->\n<title>Loftslampe Emilea 70x30cm gylden - LASTCHANCE Deals | Danmark<\/title>\n<meta name=\"robots\" content=\"index, follow, max-snippet:-1, max-image-preview:large, max-video-preview:-1\" \/>\n<link rel=\"canonical\" href=\"https:\/\/last-chance.dk\/?product=loftslampe-emilea-70x30cm-gylden\" \/>\n<meta property=\"og:locale\" content=\"da_DK\" \/>\n<meta property=\"og:type\" content=\"article\" \/>\n<meta property=\"og:title\" content=\"Loftslampe Emilea 70x30cm gylden - LASTCHANCE Deals | Danmark\" \/>\n<meta property=\"og:description\" content=\"Loftslampe Emilea er en klassisk og elegant lampe, der passer perfekt til enhver indend\u00f8rs indretning. Lampen er lavet af jern og PVC i en smuk gylden farve, der giver et varmt og hyggeligt lys. Lampen har en rund form og m\u00e5ler 70 cm i diameter og 30 cm i h\u00f8jden. Den leveres i dele og [&hellip;]\" \/>\n<meta property=\"og:url\" content=\"https:\/\/last-chance.dk\/?product=loftslampe-emilea-70x30cm-gylden\" \/>\n<meta property=\"og:site_name\" content=\"LASTCHANCE Deals | Danmark\" \/>\n<meta property=\"article:modified_time\" content=\"2025-10-13T11:56:18+00:00\" \/>\n<meta property=\"og:image\" content=\"https:\/\/last-chance.dk\/wp-content\/uploads\/2024\/08\/emilea1.jpg\" \/>\n\t<meta property=\"og:image:width\" content=\"790\" \/>\n\t<meta property=\"og:image:height\" content=\"653\" \/>\n\t<meta property=\"og:image:type\" content=\"image\/jpeg\" \/>\n<meta name=\"twitter:card\" content=\"summary_large_image\" \/>\n<meta name=\"twitter:label1\" content=\"Estimeret l\u00e6setid\" \/>\n\t<meta name=\"twitter:data1\" content=\"1 minut\" \/>\n<script type=\"application\/ld+json\" class=\"yoast-schema-graph\">{\"@context\":\"https:\/\/schema.org\",\"@graph\":[{\"@type\":\"WebPage\",\"@id\":\"https:\/\/last-chance.dk\/?product=loftslampe-emilea-70x30cm-gylden\",\"url\":\"https:\/\/last-chance.dk\/?product=loftslampe-emilea-70x30cm-gylden\",\"name\":\"Loftslampe Emilea 70x30cm gylden - LASTCHANCE Deals | Danmark\",\"isPartOf\":{\"@id\":\"https:\/\/last-chance.dk\/#website\"},\"primaryImageOfPage\":{\"@id\":\"https:\/\/last-chance.dk\/?product=loftslampe-emilea-70x30cm-gylden#primaryimage\"},\"image\":{\"@id\":\"https:\/\/last-chance.dk\/?product=loftslampe-emilea-70x30cm-gylden#primaryimage\"},\"thumbnailUrl\":\"https:\/\/last-chance.dk\/wp-content\/uploads\/2024\/08\/emilea1.jpg\",\"datePublished\":\"2024-08-02T21:02:53+00:00\",\"dateModified\":\"2025-10-13T11:56:18+00:00\",\"breadcrumb\":{\"@id\":\"https:\/\/last-chance.dk\/?product=loftslampe-emilea-70x30cm-gylden#breadcrumb\"},\"inLanguage\":\"da-DK\",\"potentialAction\":[{\"@type\":\"ReadAction\",\"target\":[\"https:\/\/last-chance.dk\/?product=loftslampe-emilea-70x30cm-gylden\"]}]},{\"@type\":\"ImageObject\",\"inLanguage\":\"da-DK\",\"@id\":\"https:\/\/last-chance.dk\/?product=loftslampe-emilea-70x30cm-gylden#primaryimage\",\"url\":\"https:\/\/last-chance.dk\/wp-content\/uploads\/2024\/08\/emilea1.jpg\",\"contentUrl\":\"https:\/\/last-chance.dk\/wp-content\/uploads\/2024\/08\/emilea1.jpg\",\"width\":790,\"height\":653},{\"@type\":\"BreadcrumbList\",\"@id\":\"https:\/\/last-chance.dk\/?product=loftslampe-emilea-70x30cm-gylden#breadcrumb\",\"itemListElement\":[{\"@type\":\"ListItem\",\"position\":1,\"name\":\"Home\",\"item\":\"https:\/\/last-chance.dk\/\"},{\"@type\":\"ListItem\",\"position\":2,\"name\":\"Loftslampe Emilea 70x30cm gylden\"}]},{\"@type\":\"WebSite\",\"@id\":\"https:\/\/last-chance.dk\/#website\",\"url\":\"https:\/\/last-chance.dk\/\",\"name\":\"LASTCHANCE Deals | Danmark\",\"description\":\"LASTCHANCE Deals | Danmark\",\"publisher\":{\"@id\":\"https:\/\/last-chance.dk\/#organization\"},\"potentialAction\":[{\"@type\":\"SearchAction\",\"target\":{\"@type\":\"EntryPoint\",\"urlTemplate\":\"https:\/\/last-chance.dk\/?s={search_term_string}\"},\"query-input\":{\"@type\":\"PropertyValueSpecification\",\"valueRequired\":true,\"valueName\":\"search_term_string\"}}],\"inLanguage\":\"da-DK\"},{\"@type\":\"Organization\",\"@id\":\"https:\/\/last-chance.dk\/#organization\",\"name\":\"LASTCHANCE Deals | Danmark\",\"url\":\"https:\/\/last-chance.dk\/\",\"logo\":{\"@type\":\"ImageObject\",\"inLanguage\":\"da-DK\",\"@id\":\"https:\/\/last-chance.dk\/#\/schema\/logo\/image\/\",\"url\":\"https:\/\/last-chance.dk\/wp-content\/uploads\/2023\/10\/lastchancedeals_logo_dk_white.png\",\"contentUrl\":\"https:\/\/last-chance.dk\/wp-content\/uploads\/2023\/10\/lastchancedeals_logo_dk_white.png\",\"width\":470,\"height\":110,\"caption\":\"LASTCHANCE Deals | Danmark\"},\"image\":{\"@id\":\"https:\/\/last-chance.dk\/#\/schema\/logo\/image\/\"}}]}<\/script>\n<!-- \/ Yoast SEO plugin. -->","yoast_head_json":{"title":"Loftslampe Emilea 70x30cm gylden - LASTCHANCE Deals | Danmark","robots":{"index":"index","follow":"follow","max-snippet":"max-snippet:-1","max-image-preview":"max-image-preview:large","max-video-preview":"max-video-preview:-1"},"canonical":"https:\/\/last-chance.dk\/?product=loftslampe-emilea-70x30cm-gylden","og_locale":"da_DK","og_type":"article","og_title":"Loftslampe Emilea 70x30cm gylden - LASTCHANCE Deals | Danmark","og_description":"Loftslampe Emilea er en klassisk og elegant lampe, der passer perfekt til enhver indend\u00f8rs indretning. Lampen er lavet af jern og PVC i en smuk gylden farve, der giver et varmt og hyggeligt lys. Lampen har en rund form og m\u00e5ler 70 cm i diameter og 30 cm i h\u00f8jden. Den leveres i dele og [&hellip;]","og_url":"https:\/\/last-chance.dk\/?product=loftslampe-emilea-70x30cm-gylden","og_site_name":"LASTCHANCE Deals | Danmark","article_modified_time":"2025-10-13T11:56:18+00:00","og_image":[{"width":790,"height":653,"url":"https:\/\/last-chance.dk\/wp-content\/uploads\/2024\/08\/emilea1.jpg","type":"image\/jpeg"}],"twitter_card":"summary_large_image","twitter_misc":{"Estimeret l\u00e6setid":"1 minut"},"schema":{"@context":"https:\/\/schema.org","@graph":[{"@type":"WebPage","@id":"https:\/\/last-chance.dk\/?product=loftslampe-emilea-70x30cm-gylden","url":"https:\/\/last-chance.dk\/?product=loftslampe-emilea-70x30cm-gylden","name":"Loftslampe Emilea 70x30cm gylden - LASTCHANCE Deals | Danmark","isPartOf":{"@id":"https:\/\/last-chance.dk\/#website"},"primaryImageOfPage":{"@id":"https:\/\/last-chance.dk\/?product=loftslampe-emilea-70x30cm-gylden#primaryimage"},"image":{"@id":"https:\/\/last-chance.dk\/?product=loftslampe-emilea-70x30cm-gylden#primaryimage"},"thumbnailUrl":"https:\/\/last-chance.dk\/wp-content\/uploads\/2024\/08\/emilea1.jpg","datePublished":"2024-08-02T21:02:53+00:00","dateModified":"2025-10-13T11:56:18+00:00","breadcrumb":{"@id":"https:\/\/last-chance.dk\/?product=loftslampe-emilea-70x30cm-gylden#breadcrumb"},"inLanguage":"da-DK","potentialAction":[{"@type":"ReadAction","target":["https:\/\/last-chance.dk\/?product=loftslampe-emilea-70x30cm-gylden"]}]},{"@type":"ImageObject","inLanguage":"da-DK","@id":"https:\/\/last-chance.dk\/?product=loftslampe-emilea-70x30cm-gylden#primaryimage","url":"https:\/\/last-chance.dk\/wp-content\/uploads\/2024\/08\/emilea1.jpg","contentUrl":"https:\/\/last-chance.dk\/wp-content\/uploads\/2024\/08\/emilea1.jpg","width":790,"height":653},{"@type":"BreadcrumbList","@id":"https:\/\/last-chance.dk\/?product=loftslampe-emilea-70x30cm-gylden#breadcrumb","itemListElement":[{"@type":"ListItem","position":1,"name":"Home","item":"https:\/\/last-chance.dk\/"},{"@type":"ListItem","position":2,"name":"Loftslampe Emilea 70x30cm gylden"}]},{"@type":"WebSite","@id":"https:\/\/last-chance.dk\/#website","url":"https:\/\/last-chance.dk\/","name":"LASTCHANCE Deals | Danmark","description":"LASTCHANCE Deals | Danmark","publisher":{"@id":"https:\/\/last-chance.dk\/#organization"},"potentialAction":[{"@type":"SearchAction","target":{"@type":"EntryPoint","urlTemplate":"https:\/\/last-chance.dk\/?s={search_term_string}"},"query-input":{"@type":"PropertyValueSpecification","valueRequired":true,"valueName":"search_term_string"}}],"inLanguage":"da-DK"},{"@type":"Organization","@id":"https:\/\/last-chance.dk\/#organization","name":"LASTCHANCE Deals | Danmark","url":"https:\/\/last-chance.dk\/","logo":{"@type":"ImageObject","inLanguage":"da-DK","@id":"https:\/\/last-chance.dk\/#\/schema\/logo\/image\/","url":"https:\/\/last-chance.dk\/wp-content\/uploads\/2023\/10\/lastchancedeals_logo_dk_white.png","contentUrl":"https:\/\/last-chance.dk\/wp-content\/uploads\/2023\/10\/lastchancedeals_logo_dk_white.png","width":470,"height":110,"caption":"LASTCHANCE Deals | Danmark"},"image":{"@id":"https:\/\/last-chance.dk\/#\/schema\/logo\/image\/"}}]}},"_links":{"self":[{"href":"https:\/\/last-chance.dk\/index.php?rest_route=\/wp\/v2\/product\/15587","targetHints":{"allow":["GET"]}}],"collection":[{"href":"https:\/\/last-chance.dk\/index.php?rest_route=\/wp\/v2\/product"}],"about":[{"href":"https:\/\/last-chance.dk\/index.php?rest_route=\/wp\/v2\/types\/product"}],"replies":[{"embeddable":true,"href":"https:\/\/last-chance.dk\/index.php?rest_route=%2Fwp%2Fv2%2Fcomments&post=15587"}],"wp:featuredmedia":[{"embeddable":true,"href":"https:\/\/last-chance.dk\/index.php?rest_route=\/wp\/v2\/media\/15582"}],"wp:attachment":[{"href":"https:\/\/last-chance.dk\/index.php?rest_route=%2Fwp%2Fv2%2Fmedia&parent=15587"}],"wp:term":[{"taxonomy":"product_brand","embeddable":true,"href":"https:\/\/last-chance.dk\/index.php?rest_route=%2Fwp%2Fv2%2Fproduct_brand&post=15587"},{"taxonomy":"product_cat","embeddable":true,"href":"https:\/\/last-chance.dk\/index.php?rest_route=%2Fwp%2Fv2%2Fproduct_cat&post=15587"},{"taxonomy":"product_tag","embeddable":true,"href":"https:\/\/last-chance.dk\/index.php?rest_route=%2Fwp%2Fv2%2Fproduct_tag&post=15587"}],"curies":[{"name":"wp","href":"https:\/\/api.w.org\/{rel}","templated":true}]}}