{"id":15615,"date":"2024-08-02T21:04:36","date_gmt":"2024-08-02T21:04:36","guid":{"rendered":"https:\/\/www.lastchance.deals\/dk\/produkt\/toejstativ-bentlee-metal\/"},"modified":"2024-08-02T21:04:36","modified_gmt":"2024-08-02T21:04:36","slug":"toejstativ-bentlee-metal","status":"publish","type":"product","link":"https:\/\/last-chance.dk\/?product=toejstativ-bentlee-metal","title":{"rendered":"T\u00f8jstativ Bentlee  metal"},"content":{"rendered":"<p>Er du p\u00e5 udkig efter et praktisk og stilfuldt t\u00f8jstativ til dit sovev\u00e6relse, garderobe eller entr\u00e9? S\u00e5 er t\u00f8jstativet Bentlee fra ForrestDecor det perfekte valg for dig. Dette t\u00f8jstativ er lavet af metal i en elegant sort farve, der passer til enhver indretning. Det har en rummelig stang til at h\u00e6nge dit t\u00f8j p\u00e5, samt en hylde i bunden til at opbevare sko, tasker eller kurve. T\u00f8jstativet Bentlee har udvendige dimensioner p\u00e5 60x36x152cm, s\u00e5 det er nemt at placere i ethvert rum. Det skal samles ved levering, men det er en simpel og hurtig proces med de medf\u00f8lgende instruktioner og v\u00e6rkt\u00f8jer. T\u00f8jstativet Bentlee er et kvalitetsprodukt fra ForrestDecor, en f\u00f8rende producent af m\u00f8bler og boligtilbeh\u00f8r. Bestil dit t\u00f8jstativ Bentlee i dag og nyd godt af dets funktionalitet og sk\u00f8nhed.<\/p>\n<p><\/p>\n<p>Leveringstid: Leveringstid 1 uge<br \/>\nMateriale: metal<br \/>\nUdvendige dimensioner: 60x36x152cm<br \/>\nMontage: skal samles<br \/>\nFabrikant: ForrestDecor<\/p>\n","protected":false},"excerpt":{"rendered":"<p>Er du p\u00e5 udkig efter et praktisk og stilfuldt t\u00f8jstativ til dit sovev\u00e6relse, garderobe eller entr\u00e9? S\u00e5 er t\u00f8jstativet Bentlee fra ForrestDecor det perfekte valg for dig. Dette t\u00f8jstativ er lavet af metal i en elegant sort farve, der passer til enhver indretning. Det har en rummelig stang til at h\u00e6nge dit t\u00f8j p\u00e5, samt [&hellip;]<\/p>\n","protected":false},"featured_media":15613,"comment_status":"open","ping_status":"closed","template":"","meta":[],"product_brand":[],"product_cat":[243],"product_tag":[],"class_list":{"0":"post-15615","1":"product","2":"type-product","3":"status-publish","4":"has-post-thumbnail","6":"product_cat-hall","8":"first","9":"instock","10":"shipping-taxable","11":"purchasable","12":"product-type-simple"},"yoast_head":"<!-- This site is optimized with the Yoast SEO plugin v24.8.1 - https:\/\/yoast.com\/wordpress\/plugins\/seo\/ -->\n<title>T\u00f8jstativ Bentlee metal - LASTCHANCE Deals | Danmark<\/title>\n<meta name=\"robots\" content=\"index, follow, max-snippet:-1, max-image-preview:large, max-video-preview:-1\" \/>\n<link rel=\"canonical\" href=\"https:\/\/last-chance.dk\/?product=toejstativ-bentlee-metal\" \/>\n<meta property=\"og:locale\" content=\"da_DK\" \/>\n<meta property=\"og:type\" content=\"article\" \/>\n<meta property=\"og:title\" content=\"T\u00f8jstativ Bentlee metal - LASTCHANCE Deals | Danmark\" \/>\n<meta property=\"og:description\" content=\"Er du p\u00e5 udkig efter et praktisk og stilfuldt t\u00f8jstativ til dit sovev\u00e6relse, garderobe eller entr\u00e9? S\u00e5 er t\u00f8jstativet Bentlee fra ForrestDecor det perfekte valg for dig. Dette t\u00f8jstativ er lavet af metal i en elegant sort farve, der passer til enhver indretning. Det har en rummelig stang til at h\u00e6nge dit t\u00f8j p\u00e5, samt [&hellip;]\" \/>\n<meta property=\"og:url\" content=\"https:\/\/last-chance.dk\/?product=toejstativ-bentlee-metal\" \/>\n<meta property=\"og:site_name\" content=\"LASTCHANCE Deals | Danmark\" \/>\n<meta property=\"og:image\" content=\"https:\/\/last-chance.dk\/wp-content\/uploads\/2024\/08\/bentlee_brown1.jpg\" \/>\n\t<meta property=\"og:image:width\" content=\"800\" \/>\n\t<meta property=\"og:image:height\" content=\"800\" \/>\n\t<meta property=\"og:image:type\" content=\"image\/jpeg\" \/>\n<meta name=\"twitter:card\" content=\"summary_large_image\" \/>\n<meta name=\"twitter:label1\" content=\"Estimeret l\u00e6setid\" \/>\n\t<meta name=\"twitter:data1\" content=\"1 minut\" \/>\n<script type=\"application\/ld+json\" class=\"yoast-schema-graph\">{\"@context\":\"https:\/\/schema.org\",\"@graph\":[{\"@type\":\"WebPage\",\"@id\":\"https:\/\/last-chance.dk\/?product=toejstativ-bentlee-metal\",\"url\":\"https:\/\/last-chance.dk\/?product=toejstativ-bentlee-metal\",\"name\":\"T\u00f8jstativ Bentlee metal - LASTCHANCE Deals | Danmark\",\"isPartOf\":{\"@id\":\"https:\/\/last-chance.dk\/#website\"},\"primaryImageOfPage\":{\"@id\":\"https:\/\/last-chance.dk\/?product=toejstativ-bentlee-metal#primaryimage\"},\"image\":{\"@id\":\"https:\/\/last-chance.dk\/?product=toejstativ-bentlee-metal#primaryimage\"},\"thumbnailUrl\":\"https:\/\/last-chance.dk\/wp-content\/uploads\/2024\/08\/bentlee_brown1.jpg\",\"datePublished\":\"2024-08-02T21:04:36+00:00\",\"breadcrumb\":{\"@id\":\"https:\/\/last-chance.dk\/?product=toejstativ-bentlee-metal#breadcrumb\"},\"inLanguage\":\"da-DK\",\"potentialAction\":[{\"@type\":\"ReadAction\",\"target\":[\"https:\/\/last-chance.dk\/?product=toejstativ-bentlee-metal\"]}]},{\"@type\":\"ImageObject\",\"inLanguage\":\"da-DK\",\"@id\":\"https:\/\/last-chance.dk\/?product=toejstativ-bentlee-metal#primaryimage\",\"url\":\"https:\/\/last-chance.dk\/wp-content\/uploads\/2024\/08\/bentlee_brown1.jpg\",\"contentUrl\":\"https:\/\/last-chance.dk\/wp-content\/uploads\/2024\/08\/bentlee_brown1.jpg\",\"width\":800,\"height\":800},{\"@type\":\"BreadcrumbList\",\"@id\":\"https:\/\/last-chance.dk\/?product=toejstativ-bentlee-metal#breadcrumb\",\"itemListElement\":[{\"@type\":\"ListItem\",\"position\":1,\"name\":\"Home\",\"item\":\"https:\/\/last-chance.dk\/\"},{\"@type\":\"ListItem\",\"position\":2,\"name\":\"T\u00f8jstativ Bentlee metal\"}]},{\"@type\":\"WebSite\",\"@id\":\"https:\/\/last-chance.dk\/#website\",\"url\":\"https:\/\/last-chance.dk\/\",\"name\":\"LASTCHANCE Deals | Danmark\",\"description\":\"LASTCHANCE Deals | Danmark\",\"publisher\":{\"@id\":\"https:\/\/last-chance.dk\/#organization\"},\"potentialAction\":[{\"@type\":\"SearchAction\",\"target\":{\"@type\":\"EntryPoint\",\"urlTemplate\":\"https:\/\/last-chance.dk\/?s={search_term_string}\"},\"query-input\":{\"@type\":\"PropertyValueSpecification\",\"valueRequired\":true,\"valueName\":\"search_term_string\"}}],\"inLanguage\":\"da-DK\"},{\"@type\":\"Organization\",\"@id\":\"https:\/\/last-chance.dk\/#organization\",\"name\":\"LASTCHANCE Deals | Danmark\",\"url\":\"https:\/\/last-chance.dk\/\",\"logo\":{\"@type\":\"ImageObject\",\"inLanguage\":\"da-DK\",\"@id\":\"https:\/\/last-chance.dk\/#\/schema\/logo\/image\/\",\"url\":\"https:\/\/last-chance.dk\/wp-content\/uploads\/2023\/10\/lastchancedeals_logo_dk_white.png\",\"contentUrl\":\"https:\/\/last-chance.dk\/wp-content\/uploads\/2023\/10\/lastchancedeals_logo_dk_white.png\",\"width\":470,\"height\":110,\"caption\":\"LASTCHANCE Deals | Danmark\"},\"image\":{\"@id\":\"https:\/\/last-chance.dk\/#\/schema\/logo\/image\/\"}}]}<\/script>\n<!-- \/ Yoast SEO plugin. -->","yoast_head_json":{"title":"T\u00f8jstativ Bentlee metal - LASTCHANCE Deals | Danmark","robots":{"index":"index","follow":"follow","max-snippet":"max-snippet:-1","max-image-preview":"max-image-preview:large","max-video-preview":"max-video-preview:-1"},"canonical":"https:\/\/last-chance.dk\/?product=toejstativ-bentlee-metal","og_locale":"da_DK","og_type":"article","og_title":"T\u00f8jstativ Bentlee metal - LASTCHANCE Deals | Danmark","og_description":"Er du p\u00e5 udkig efter et praktisk og stilfuldt t\u00f8jstativ til dit sovev\u00e6relse, garderobe eller entr\u00e9? S\u00e5 er t\u00f8jstativet Bentlee fra ForrestDecor det perfekte valg for dig. Dette t\u00f8jstativ er lavet af metal i en elegant sort farve, der passer til enhver indretning. Det har en rummelig stang til at h\u00e6nge dit t\u00f8j p\u00e5, samt [&hellip;]","og_url":"https:\/\/last-chance.dk\/?product=toejstativ-bentlee-metal","og_site_name":"LASTCHANCE Deals | Danmark","og_image":[{"width":800,"height":800,"url":"https:\/\/last-chance.dk\/wp-content\/uploads\/2024\/08\/bentlee_brown1.jpg","type":"image\/jpeg"}],"twitter_card":"summary_large_image","twitter_misc":{"Estimeret l\u00e6setid":"1 minut"},"schema":{"@context":"https:\/\/schema.org","@graph":[{"@type":"WebPage","@id":"https:\/\/last-chance.dk\/?product=toejstativ-bentlee-metal","url":"https:\/\/last-chance.dk\/?product=toejstativ-bentlee-metal","name":"T\u00f8jstativ Bentlee metal - LASTCHANCE Deals | Danmark","isPartOf":{"@id":"https:\/\/last-chance.dk\/#website"},"primaryImageOfPage":{"@id":"https:\/\/last-chance.dk\/?product=toejstativ-bentlee-metal#primaryimage"},"image":{"@id":"https:\/\/last-chance.dk\/?product=toejstativ-bentlee-metal#primaryimage"},"thumbnailUrl":"https:\/\/last-chance.dk\/wp-content\/uploads\/2024\/08\/bentlee_brown1.jpg","datePublished":"2024-08-02T21:04:36+00:00","breadcrumb":{"@id":"https:\/\/last-chance.dk\/?product=toejstativ-bentlee-metal#breadcrumb"},"inLanguage":"da-DK","potentialAction":[{"@type":"ReadAction","target":["https:\/\/last-chance.dk\/?product=toejstativ-bentlee-metal"]}]},{"@type":"ImageObject","inLanguage":"da-DK","@id":"https:\/\/last-chance.dk\/?product=toejstativ-bentlee-metal#primaryimage","url":"https:\/\/last-chance.dk\/wp-content\/uploads\/2024\/08\/bentlee_brown1.jpg","contentUrl":"https:\/\/last-chance.dk\/wp-content\/uploads\/2024\/08\/bentlee_brown1.jpg","width":800,"height":800},{"@type":"BreadcrumbList","@id":"https:\/\/last-chance.dk\/?product=toejstativ-bentlee-metal#breadcrumb","itemListElement":[{"@type":"ListItem","position":1,"name":"Home","item":"https:\/\/last-chance.dk\/"},{"@type":"ListItem","position":2,"name":"T\u00f8jstativ Bentlee metal"}]},{"@type":"WebSite","@id":"https:\/\/last-chance.dk\/#website","url":"https:\/\/last-chance.dk\/","name":"LASTCHANCE Deals | Danmark","description":"LASTCHANCE Deals | Danmark","publisher":{"@id":"https:\/\/last-chance.dk\/#organization"},"potentialAction":[{"@type":"SearchAction","target":{"@type":"EntryPoint","urlTemplate":"https:\/\/last-chance.dk\/?s={search_term_string}"},"query-input":{"@type":"PropertyValueSpecification","valueRequired":true,"valueName":"search_term_string"}}],"inLanguage":"da-DK"},{"@type":"Organization","@id":"https:\/\/last-chance.dk\/#organization","name":"LASTCHANCE Deals | Danmark","url":"https:\/\/last-chance.dk\/","logo":{"@type":"ImageObject","inLanguage":"da-DK","@id":"https:\/\/last-chance.dk\/#\/schema\/logo\/image\/","url":"https:\/\/last-chance.dk\/wp-content\/uploads\/2023\/10\/lastchancedeals_logo_dk_white.png","contentUrl":"https:\/\/last-chance.dk\/wp-content\/uploads\/2023\/10\/lastchancedeals_logo_dk_white.png","width":470,"height":110,"caption":"LASTCHANCE Deals | Danmark"},"image":{"@id":"https:\/\/last-chance.dk\/#\/schema\/logo\/image\/"}}]}},"_links":{"self":[{"href":"https:\/\/last-chance.dk\/index.php?rest_route=\/wp\/v2\/product\/15615","targetHints":{"allow":["GET"]}}],"collection":[{"href":"https:\/\/last-chance.dk\/index.php?rest_route=\/wp\/v2\/product"}],"about":[{"href":"https:\/\/last-chance.dk\/index.php?rest_route=\/wp\/v2\/types\/product"}],"replies":[{"embeddable":true,"href":"https:\/\/last-chance.dk\/index.php?rest_route=%2Fwp%2Fv2%2Fcomments&post=15615"}],"wp:featuredmedia":[{"embeddable":true,"href":"https:\/\/last-chance.dk\/index.php?rest_route=\/wp\/v2\/media\/15613"}],"wp:attachment":[{"href":"https:\/\/last-chance.dk\/index.php?rest_route=%2Fwp%2Fv2%2Fmedia&parent=15615"}],"wp:term":[{"taxonomy":"product_brand","embeddable":true,"href":"https:\/\/last-chance.dk\/index.php?rest_route=%2Fwp%2Fv2%2Fproduct_brand&post=15615"},{"taxonomy":"product_cat","embeddable":true,"href":"https:\/\/last-chance.dk\/index.php?rest_route=%2Fwp%2Fv2%2Fproduct_cat&post=15615"},{"taxonomy":"product_tag","embeddable":true,"href":"https:\/\/last-chance.dk\/index.php?rest_route=%2Fwp%2Fv2%2Fproduct_tag&post=15615"}],"curies":[{"name":"wp","href":"https:\/\/api.w.org\/{rel}","templated":true}]}}