{"id":15619,"date":"2024-08-02T21:04:53","date_gmt":"2024-08-02T21:04:53","guid":{"rendered":"https:\/\/www.lastchance.deals\/dk\/produkt\/yopoyta-modena\/"},"modified":"2025-10-13T12:13:16","modified_gmt":"2025-10-13T12:13:16","slug":"yopoyta-modena","status":"publish","type":"product","link":"https:\/\/last-chance.dk\/?product=yopoyta-modena","title":{"rendered":"Y\u00f6p\u00f6yt\u00e4 Modena"},"content":{"rendered":"<p>Er du p\u00e5 udkig efter en moderne og praktisk y\u00f6p\u00f6yt\u00e4 til dit sovev\u00e6relse? S\u00e5 er Modena y\u00f6p\u00f6yt\u00e4 fra ForrestDecor det perfekte valg for dig. Denne y\u00f6p\u00f6yt\u00e4 er lavet af h\u00f8j kvalitet mdf materiale, der er holdbart og nemt at reng\u00f8re. Den har en rummelig senget\u00f8jskasse, hvor du kan opbevare dit senget\u00f8j eller andre ting. Den har ogs\u00e5 en glat overflade, der giver et elegant udseende til dit rum.<\/p>\n<p><\/p>\n<p>Modena y\u00f6p\u00f6yt\u00e4 har et simpelt og stilfuldt design, der passer til enhver moderne indretning. Den har en rektangul\u00e6r form og m\u00e5ler 47x33x58cm. Den leveres samlet, s\u00e5 du ikke beh\u00f8ver at bekymre dig om montage. Du f\u00e5r ogs\u00e5 12 m\u00e5neders rammegaranti, s\u00e5 du kan v\u00e6re sikker p\u00e5 din investering.<\/p>\n<p><\/p>\n<p>Hvis du vil have en y\u00f6p\u00f6yt\u00e4, der kombinerer funktionalitet og sk\u00f8nhed, s\u00e5 bestil Modena y\u00f6p\u00f6yt\u00e4 fra ForrestDecor i dag. Du vil elske at have denne y\u00f6p\u00f6yt\u00e4 ved siden af din seng hver nat.<\/p>\n<p><\/p>\n<p>Leveringstid: Leveringstid 1 uge<br \/>\nStil: moderne<br \/>\nMateriale: mdf<br \/>\nRammemateriale: mdf<br \/>\nSenget\u00f8jskasse: inkluderet<br \/>\nUdvendige dimensioner: 47x33x58cm<br \/>\nMontage: leveres samlet<br \/>\nGaranti: 12 m\u00e5neders rammegaranti<br \/>\nFabrikant: ForrestDecor<\/p>\n","protected":false},"excerpt":{"rendered":"<p>Er du p\u00e5 udkig efter en moderne og praktisk y\u00f6p\u00f6yt\u00e4 til dit sovev\u00e6relse? S\u00e5 er Modena y\u00f6p\u00f6yt\u00e4 fra ForrestDecor det perfekte valg for dig. Denne y\u00f6p\u00f6yt\u00e4 er lavet af h\u00f8j kvalitet mdf materiale, der er holdbart og nemt at reng\u00f8re. Den har en rummelig senget\u00f8jskasse, hvor du kan opbevare dit senget\u00f8j eller andre ting. Den [&hellip;]<\/p>\n","protected":false},"featured_media":15616,"comment_status":"open","ping_status":"closed","template":"","meta":[],"product_brand":[],"product_cat":[157],"product_tag":[],"class_list":{"0":"post-15619","1":"product","2":"type-product","3":"status-publish","4":"has-post-thumbnail","6":"product_cat-bedside-tables","8":"first","9":"instock","10":"shipping-taxable","11":"purchasable","12":"product-type-simple"},"yoast_head":"<!-- This site is optimized with the Yoast SEO plugin v24.8.1 - https:\/\/yoast.com\/wordpress\/plugins\/seo\/ -->\n<title>Y\u00f6p\u00f6yt\u00e4 Modena - LASTCHANCE Deals | Danmark<\/title>\n<meta name=\"robots\" content=\"index, follow, max-snippet:-1, max-image-preview:large, max-video-preview:-1\" \/>\n<link rel=\"canonical\" href=\"https:\/\/last-chance.dk\/?product=yopoyta-modena\" \/>\n<meta property=\"og:locale\" content=\"da_DK\" \/>\n<meta property=\"og:type\" content=\"article\" \/>\n<meta property=\"og:title\" content=\"Y\u00f6p\u00f6yt\u00e4 Modena - LASTCHANCE Deals | Danmark\" \/>\n<meta property=\"og:description\" content=\"Er du p\u00e5 udkig efter en moderne og praktisk y\u00f6p\u00f6yt\u00e4 til dit sovev\u00e6relse? S\u00e5 er Modena y\u00f6p\u00f6yt\u00e4 fra ForrestDecor det perfekte valg for dig. Denne y\u00f6p\u00f6yt\u00e4 er lavet af h\u00f8j kvalitet mdf materiale, der er holdbart og nemt at reng\u00f8re. Den har en rummelig senget\u00f8jskasse, hvor du kan opbevare dit senget\u00f8j eller andre ting. Den [&hellip;]\" \/>\n<meta property=\"og:url\" content=\"https:\/\/last-chance.dk\/?product=yopoyta-modena\" \/>\n<meta property=\"og:site_name\" content=\"LASTCHANCE Deals | Danmark\" \/>\n<meta property=\"article:modified_time\" content=\"2025-10-13T12:13:16+00:00\" \/>\n<meta property=\"og:image\" content=\"https:\/\/last-chance.dk\/wp-content\/uploads\/2024\/08\/modena1_5.jpg\" \/>\n\t<meta property=\"og:image:width\" content=\"800\" \/>\n\t<meta property=\"og:image:height\" content=\"800\" \/>\n\t<meta property=\"og:image:type\" content=\"image\/jpeg\" \/>\n<meta name=\"twitter:card\" content=\"summary_large_image\" \/>\n<meta name=\"twitter:label1\" content=\"Estimeret l\u00e6setid\" \/>\n\t<meta name=\"twitter:data1\" content=\"1 minut\" \/>\n<script type=\"application\/ld+json\" class=\"yoast-schema-graph\">{\"@context\":\"https:\/\/schema.org\",\"@graph\":[{\"@type\":\"WebPage\",\"@id\":\"https:\/\/last-chance.dk\/?product=yopoyta-modena\",\"url\":\"https:\/\/last-chance.dk\/?product=yopoyta-modena\",\"name\":\"Y\u00f6p\u00f6yt\u00e4 Modena - LASTCHANCE Deals | Danmark\",\"isPartOf\":{\"@id\":\"https:\/\/last-chance.dk\/#website\"},\"primaryImageOfPage\":{\"@id\":\"https:\/\/last-chance.dk\/?product=yopoyta-modena#primaryimage\"},\"image\":{\"@id\":\"https:\/\/last-chance.dk\/?product=yopoyta-modena#primaryimage\"},\"thumbnailUrl\":\"https:\/\/last-chance.dk\/wp-content\/uploads\/2024\/08\/modena1_5.jpg\",\"datePublished\":\"2024-08-02T21:04:53+00:00\",\"dateModified\":\"2025-10-13T12:13:16+00:00\",\"breadcrumb\":{\"@id\":\"https:\/\/last-chance.dk\/?product=yopoyta-modena#breadcrumb\"},\"inLanguage\":\"da-DK\",\"potentialAction\":[{\"@type\":\"ReadAction\",\"target\":[\"https:\/\/last-chance.dk\/?product=yopoyta-modena\"]}]},{\"@type\":\"ImageObject\",\"inLanguage\":\"da-DK\",\"@id\":\"https:\/\/last-chance.dk\/?product=yopoyta-modena#primaryimage\",\"url\":\"https:\/\/last-chance.dk\/wp-content\/uploads\/2024\/08\/modena1_5.jpg\",\"contentUrl\":\"https:\/\/last-chance.dk\/wp-content\/uploads\/2024\/08\/modena1_5.jpg\",\"width\":800,\"height\":800},{\"@type\":\"BreadcrumbList\",\"@id\":\"https:\/\/last-chance.dk\/?product=yopoyta-modena#breadcrumb\",\"itemListElement\":[{\"@type\":\"ListItem\",\"position\":1,\"name\":\"Home\",\"item\":\"https:\/\/last-chance.dk\/\"},{\"@type\":\"ListItem\",\"position\":2,\"name\":\"Y\u00f6p\u00f6yt\u00e4 Modena\"}]},{\"@type\":\"WebSite\",\"@id\":\"https:\/\/last-chance.dk\/#website\",\"url\":\"https:\/\/last-chance.dk\/\",\"name\":\"LASTCHANCE Deals | Danmark\",\"description\":\"LASTCHANCE Deals | Danmark\",\"publisher\":{\"@id\":\"https:\/\/last-chance.dk\/#organization\"},\"potentialAction\":[{\"@type\":\"SearchAction\",\"target\":{\"@type\":\"EntryPoint\",\"urlTemplate\":\"https:\/\/last-chance.dk\/?s={search_term_string}\"},\"query-input\":{\"@type\":\"PropertyValueSpecification\",\"valueRequired\":true,\"valueName\":\"search_term_string\"}}],\"inLanguage\":\"da-DK\"},{\"@type\":\"Organization\",\"@id\":\"https:\/\/last-chance.dk\/#organization\",\"name\":\"LASTCHANCE Deals | Danmark\",\"url\":\"https:\/\/last-chance.dk\/\",\"logo\":{\"@type\":\"ImageObject\",\"inLanguage\":\"da-DK\",\"@id\":\"https:\/\/last-chance.dk\/#\/schema\/logo\/image\/\",\"url\":\"https:\/\/last-chance.dk\/wp-content\/uploads\/2023\/10\/lastchancedeals_logo_dk_white.png\",\"contentUrl\":\"https:\/\/last-chance.dk\/wp-content\/uploads\/2023\/10\/lastchancedeals_logo_dk_white.png\",\"width\":470,\"height\":110,\"caption\":\"LASTCHANCE Deals | Danmark\"},\"image\":{\"@id\":\"https:\/\/last-chance.dk\/#\/schema\/logo\/image\/\"}}]}<\/script>\n<!-- \/ Yoast SEO plugin. -->","yoast_head_json":{"title":"Y\u00f6p\u00f6yt\u00e4 Modena - LASTCHANCE Deals | Danmark","robots":{"index":"index","follow":"follow","max-snippet":"max-snippet:-1","max-image-preview":"max-image-preview:large","max-video-preview":"max-video-preview:-1"},"canonical":"https:\/\/last-chance.dk\/?product=yopoyta-modena","og_locale":"da_DK","og_type":"article","og_title":"Y\u00f6p\u00f6yt\u00e4 Modena - LASTCHANCE Deals | Danmark","og_description":"Er du p\u00e5 udkig efter en moderne og praktisk y\u00f6p\u00f6yt\u00e4 til dit sovev\u00e6relse? S\u00e5 er Modena y\u00f6p\u00f6yt\u00e4 fra ForrestDecor det perfekte valg for dig. Denne y\u00f6p\u00f6yt\u00e4 er lavet af h\u00f8j kvalitet mdf materiale, der er holdbart og nemt at reng\u00f8re. Den har en rummelig senget\u00f8jskasse, hvor du kan opbevare dit senget\u00f8j eller andre ting. Den [&hellip;]","og_url":"https:\/\/last-chance.dk\/?product=yopoyta-modena","og_site_name":"LASTCHANCE Deals | Danmark","article_modified_time":"2025-10-13T12:13:16+00:00","og_image":[{"width":800,"height":800,"url":"https:\/\/last-chance.dk\/wp-content\/uploads\/2024\/08\/modena1_5.jpg","type":"image\/jpeg"}],"twitter_card":"summary_large_image","twitter_misc":{"Estimeret l\u00e6setid":"1 minut"},"schema":{"@context":"https:\/\/schema.org","@graph":[{"@type":"WebPage","@id":"https:\/\/last-chance.dk\/?product=yopoyta-modena","url":"https:\/\/last-chance.dk\/?product=yopoyta-modena","name":"Y\u00f6p\u00f6yt\u00e4 Modena - LASTCHANCE Deals | Danmark","isPartOf":{"@id":"https:\/\/last-chance.dk\/#website"},"primaryImageOfPage":{"@id":"https:\/\/last-chance.dk\/?product=yopoyta-modena#primaryimage"},"image":{"@id":"https:\/\/last-chance.dk\/?product=yopoyta-modena#primaryimage"},"thumbnailUrl":"https:\/\/last-chance.dk\/wp-content\/uploads\/2024\/08\/modena1_5.jpg","datePublished":"2024-08-02T21:04:53+00:00","dateModified":"2025-10-13T12:13:16+00:00","breadcrumb":{"@id":"https:\/\/last-chance.dk\/?product=yopoyta-modena#breadcrumb"},"inLanguage":"da-DK","potentialAction":[{"@type":"ReadAction","target":["https:\/\/last-chance.dk\/?product=yopoyta-modena"]}]},{"@type":"ImageObject","inLanguage":"da-DK","@id":"https:\/\/last-chance.dk\/?product=yopoyta-modena#primaryimage","url":"https:\/\/last-chance.dk\/wp-content\/uploads\/2024\/08\/modena1_5.jpg","contentUrl":"https:\/\/last-chance.dk\/wp-content\/uploads\/2024\/08\/modena1_5.jpg","width":800,"height":800},{"@type":"BreadcrumbList","@id":"https:\/\/last-chance.dk\/?product=yopoyta-modena#breadcrumb","itemListElement":[{"@type":"ListItem","position":1,"name":"Home","item":"https:\/\/last-chance.dk\/"},{"@type":"ListItem","position":2,"name":"Y\u00f6p\u00f6yt\u00e4 Modena"}]},{"@type":"WebSite","@id":"https:\/\/last-chance.dk\/#website","url":"https:\/\/last-chance.dk\/","name":"LASTCHANCE Deals | Danmark","description":"LASTCHANCE Deals | Danmark","publisher":{"@id":"https:\/\/last-chance.dk\/#organization"},"potentialAction":[{"@type":"SearchAction","target":{"@type":"EntryPoint","urlTemplate":"https:\/\/last-chance.dk\/?s={search_term_string}"},"query-input":{"@type":"PropertyValueSpecification","valueRequired":true,"valueName":"search_term_string"}}],"inLanguage":"da-DK"},{"@type":"Organization","@id":"https:\/\/last-chance.dk\/#organization","name":"LASTCHANCE Deals | Danmark","url":"https:\/\/last-chance.dk\/","logo":{"@type":"ImageObject","inLanguage":"da-DK","@id":"https:\/\/last-chance.dk\/#\/schema\/logo\/image\/","url":"https:\/\/last-chance.dk\/wp-content\/uploads\/2023\/10\/lastchancedeals_logo_dk_white.png","contentUrl":"https:\/\/last-chance.dk\/wp-content\/uploads\/2023\/10\/lastchancedeals_logo_dk_white.png","width":470,"height":110,"caption":"LASTCHANCE Deals | Danmark"},"image":{"@id":"https:\/\/last-chance.dk\/#\/schema\/logo\/image\/"}}]}},"_links":{"self":[{"href":"https:\/\/last-chance.dk\/index.php?rest_route=\/wp\/v2\/product\/15619","targetHints":{"allow":["GET"]}}],"collection":[{"href":"https:\/\/last-chance.dk\/index.php?rest_route=\/wp\/v2\/product"}],"about":[{"href":"https:\/\/last-chance.dk\/index.php?rest_route=\/wp\/v2\/types\/product"}],"replies":[{"embeddable":true,"href":"https:\/\/last-chance.dk\/index.php?rest_route=%2Fwp%2Fv2%2Fcomments&post=15619"}],"wp:featuredmedia":[{"embeddable":true,"href":"https:\/\/last-chance.dk\/index.php?rest_route=\/wp\/v2\/media\/15616"}],"wp:attachment":[{"href":"https:\/\/last-chance.dk\/index.php?rest_route=%2Fwp%2Fv2%2Fmedia&parent=15619"}],"wp:term":[{"taxonomy":"product_brand","embeddable":true,"href":"https:\/\/last-chance.dk\/index.php?rest_route=%2Fwp%2Fv2%2Fproduct_brand&post=15619"},{"taxonomy":"product_cat","embeddable":true,"href":"https:\/\/last-chance.dk\/index.php?rest_route=%2Fwp%2Fv2%2Fproduct_cat&post=15619"},{"taxonomy":"product_tag","embeddable":true,"href":"https:\/\/last-chance.dk\/index.php?rest_route=%2Fwp%2Fv2%2Fproduct_tag&post=15619"}],"curies":[{"name":"wp","href":"https:\/\/api.w.org\/{rel}","templated":true}]}}