{"id":15621,"date":"2024-08-02T21:05:06","date_gmt":"2024-08-02T21:05:06","guid":{"rendered":"https:\/\/www.lastchance.deals\/dk\/produkt\/gardiner-bellinzona-hvid\/"},"modified":"2025-09-19T17:42:46","modified_gmt":"2025-09-19T17:42:46","slug":"gardiner-bellinzona-hvid","status":"publish","type":"product","link":"https:\/\/last-chance.dk\/?product=gardiner-bellinzona-hvid","title":{"rendered":"Gardiner Bellinzona hvid"},"content":{"rendered":"<p>\nGardiner Bellinzona er et s\u00e6t af elegante og moderne gardiner, der vil give dit hjem et friskt og lyst udtryk. Gardinerne er lavet af polyester, et holdbart og let materiale, der er nemt at vaske og stryge. Gardinerne har en hvid farve, der passer til enhver indretning og skaber en rolig og hyggelig atmosf\u00e6re. Gardinerne har ogs\u00e5 en praktisk l\u00f8begang, der g\u00f8r det nemt at h\u00e6nge dem op p\u00e5 en gardinstang.\n<\/p>\n<p><\/p>\n<p>\nGardinerne f\u00e5s i to forskellige st\u00f8rrelser: 200x200cm eller 240x180cm. Hver st\u00f8rrelse indeholder to stykker gardiner, s\u00e5 du kan d\u00e6kke et helt vindue eller skabe en symmetrisk effekt. Gardinerne er produceret af ForrestDecor, et firma med mange \u00e5rs erfaring i at lave kvalitetsgardiner til alle slags hjem. Gardinerne er designet i Schweiz og inspireret af den smukke by Bellinzona, der er kendt for sine historiske slotte og bjerglandskaber.\n<\/p>\n<p><\/p>\n<p>\nHvis du leder efter et s\u00e6t af gardiner, der kan forvandle dit rum med stil og elegance, s\u00e5 er Gardiner Bellinzona det perfekte valg for dig. Bestil dem i dag og nyd den forskel, de vil g\u00f8re i dit hjem.\n<\/p>\n<p><\/p>\n<p>Leveringstid: Leveringstid 1 uge<br \/>\nMateriale: polyester<br \/>\nFarve: hvid<br \/>\nDimensioner: 200x200cm \/ 240x180cm<br \/>\nBel\u00f8b: 200x200cm x 2pcs \/ 240x180cm x 2pcs<br \/>\nFabrikant: ForrestDecor<\/p>\n","protected":false},"excerpt":{"rendered":"<p>Gardiner Bellinzona er et s\u00e6t af elegante og moderne gardiner, der vil give dit hjem et friskt og lyst udtryk. Gardinerne er lavet af polyester, et holdbart og let materiale, der er nemt at vaske og stryge. Gardinerne har en hvid farve, der passer til enhver indretning og skaber en rolig og hyggelig atmosf\u00e6re. Gardinerne [&hellip;]<\/p>\n","protected":false},"featured_media":15620,"comment_status":"open","ping_status":"closed","template":"","meta":[],"product_brand":[],"product_cat":[153],"product_tag":[],"class_list":{"0":"post-15621","1":"product","2":"type-product","3":"status-publish","4":"has-post-thumbnail","6":"product_cat-gardiner","8":"first","9":"instock","10":"shipping-taxable","11":"purchasable","12":"product-type-simple"},"yoast_head":"<!-- This site is optimized with the Yoast SEO plugin v24.8.1 - https:\/\/yoast.com\/wordpress\/plugins\/seo\/ -->\n<title>Gardiner Bellinzona hvid - LASTCHANCE Deals | Danmark<\/title>\n<meta name=\"robots\" content=\"index, follow, max-snippet:-1, max-image-preview:large, max-video-preview:-1\" \/>\n<link rel=\"canonical\" href=\"https:\/\/last-chance.dk\/?product=gardiner-bellinzona-hvid\" \/>\n<meta property=\"og:locale\" content=\"da_DK\" \/>\n<meta property=\"og:type\" content=\"article\" \/>\n<meta property=\"og:title\" content=\"Gardiner Bellinzona hvid - LASTCHANCE Deals | Danmark\" \/>\n<meta property=\"og:description\" content=\"Gardiner Bellinzona er et s\u00e6t af elegante og moderne gardiner, der vil give dit hjem et friskt og lyst udtryk. Gardinerne er lavet af polyester, et holdbart og let materiale, der er nemt at vaske og stryge. Gardinerne har en hvid farve, der passer til enhver indretning og skaber en rolig og hyggelig atmosf\u00e6re. Gardinerne [&hellip;]\" \/>\n<meta property=\"og:url\" content=\"https:\/\/last-chance.dk\/?product=gardiner-bellinzona-hvid\" \/>\n<meta property=\"og:site_name\" content=\"LASTCHANCE Deals | Danmark\" \/>\n<meta property=\"article:modified_time\" content=\"2025-09-19T17:42:46+00:00\" \/>\n<meta property=\"og:image\" content=\"https:\/\/last-chance.dk\/wp-content\/uploads\/2024\/08\/bellinzona.jpg\" \/>\n\t<meta property=\"og:image:width\" content=\"800\" \/>\n\t<meta property=\"og:image:height\" content=\"800\" \/>\n\t<meta property=\"og:image:type\" content=\"image\/jpeg\" \/>\n<meta name=\"twitter:card\" content=\"summary_large_image\" \/>\n<meta name=\"twitter:label1\" content=\"Estimeret l\u00e6setid\" \/>\n\t<meta name=\"twitter:data1\" content=\"1 minut\" \/>\n<script type=\"application\/ld+json\" class=\"yoast-schema-graph\">{\"@context\":\"https:\/\/schema.org\",\"@graph\":[{\"@type\":\"WebPage\",\"@id\":\"https:\/\/last-chance.dk\/?product=gardiner-bellinzona-hvid\",\"url\":\"https:\/\/last-chance.dk\/?product=gardiner-bellinzona-hvid\",\"name\":\"Gardiner Bellinzona hvid - LASTCHANCE Deals | Danmark\",\"isPartOf\":{\"@id\":\"https:\/\/last-chance.dk\/#website\"},\"primaryImageOfPage\":{\"@id\":\"https:\/\/last-chance.dk\/?product=gardiner-bellinzona-hvid#primaryimage\"},\"image\":{\"@id\":\"https:\/\/last-chance.dk\/?product=gardiner-bellinzona-hvid#primaryimage\"},\"thumbnailUrl\":\"https:\/\/last-chance.dk\/wp-content\/uploads\/2024\/08\/bellinzona.jpg\",\"datePublished\":\"2024-08-02T21:05:06+00:00\",\"dateModified\":\"2025-09-19T17:42:46+00:00\",\"breadcrumb\":{\"@id\":\"https:\/\/last-chance.dk\/?product=gardiner-bellinzona-hvid#breadcrumb\"},\"inLanguage\":\"da-DK\",\"potentialAction\":[{\"@type\":\"ReadAction\",\"target\":[\"https:\/\/last-chance.dk\/?product=gardiner-bellinzona-hvid\"]}]},{\"@type\":\"ImageObject\",\"inLanguage\":\"da-DK\",\"@id\":\"https:\/\/last-chance.dk\/?product=gardiner-bellinzona-hvid#primaryimage\",\"url\":\"https:\/\/last-chance.dk\/wp-content\/uploads\/2024\/08\/bellinzona.jpg\",\"contentUrl\":\"https:\/\/last-chance.dk\/wp-content\/uploads\/2024\/08\/bellinzona.jpg\",\"width\":800,\"height\":800},{\"@type\":\"BreadcrumbList\",\"@id\":\"https:\/\/last-chance.dk\/?product=gardiner-bellinzona-hvid#breadcrumb\",\"itemListElement\":[{\"@type\":\"ListItem\",\"position\":1,\"name\":\"Home\",\"item\":\"https:\/\/last-chance.dk\/\"},{\"@type\":\"ListItem\",\"position\":2,\"name\":\"Gardiner Bellinzona hvid\"}]},{\"@type\":\"WebSite\",\"@id\":\"https:\/\/last-chance.dk\/#website\",\"url\":\"https:\/\/last-chance.dk\/\",\"name\":\"LASTCHANCE Deals | Danmark\",\"description\":\"LASTCHANCE Deals | Danmark\",\"publisher\":{\"@id\":\"https:\/\/last-chance.dk\/#organization\"},\"potentialAction\":[{\"@type\":\"SearchAction\",\"target\":{\"@type\":\"EntryPoint\",\"urlTemplate\":\"https:\/\/last-chance.dk\/?s={search_term_string}\"},\"query-input\":{\"@type\":\"PropertyValueSpecification\",\"valueRequired\":true,\"valueName\":\"search_term_string\"}}],\"inLanguage\":\"da-DK\"},{\"@type\":\"Organization\",\"@id\":\"https:\/\/last-chance.dk\/#organization\",\"name\":\"LASTCHANCE Deals | Danmark\",\"url\":\"https:\/\/last-chance.dk\/\",\"logo\":{\"@type\":\"ImageObject\",\"inLanguage\":\"da-DK\",\"@id\":\"https:\/\/last-chance.dk\/#\/schema\/logo\/image\/\",\"url\":\"https:\/\/last-chance.dk\/wp-content\/uploads\/2023\/10\/lastchancedeals_logo_dk_white.png\",\"contentUrl\":\"https:\/\/last-chance.dk\/wp-content\/uploads\/2023\/10\/lastchancedeals_logo_dk_white.png\",\"width\":470,\"height\":110,\"caption\":\"LASTCHANCE Deals | Danmark\"},\"image\":{\"@id\":\"https:\/\/last-chance.dk\/#\/schema\/logo\/image\/\"}}]}<\/script>\n<!-- \/ Yoast SEO plugin. -->","yoast_head_json":{"title":"Gardiner Bellinzona hvid - LASTCHANCE Deals | Danmark","robots":{"index":"index","follow":"follow","max-snippet":"max-snippet:-1","max-image-preview":"max-image-preview:large","max-video-preview":"max-video-preview:-1"},"canonical":"https:\/\/last-chance.dk\/?product=gardiner-bellinzona-hvid","og_locale":"da_DK","og_type":"article","og_title":"Gardiner Bellinzona hvid - LASTCHANCE Deals | Danmark","og_description":"Gardiner Bellinzona er et s\u00e6t af elegante og moderne gardiner, der vil give dit hjem et friskt og lyst udtryk. Gardinerne er lavet af polyester, et holdbart og let materiale, der er nemt at vaske og stryge. Gardinerne har en hvid farve, der passer til enhver indretning og skaber en rolig og hyggelig atmosf\u00e6re. Gardinerne [&hellip;]","og_url":"https:\/\/last-chance.dk\/?product=gardiner-bellinzona-hvid","og_site_name":"LASTCHANCE Deals | Danmark","article_modified_time":"2025-09-19T17:42:46+00:00","og_image":[{"width":800,"height":800,"url":"https:\/\/last-chance.dk\/wp-content\/uploads\/2024\/08\/bellinzona.jpg","type":"image\/jpeg"}],"twitter_card":"summary_large_image","twitter_misc":{"Estimeret l\u00e6setid":"1 minut"},"schema":{"@context":"https:\/\/schema.org","@graph":[{"@type":"WebPage","@id":"https:\/\/last-chance.dk\/?product=gardiner-bellinzona-hvid","url":"https:\/\/last-chance.dk\/?product=gardiner-bellinzona-hvid","name":"Gardiner Bellinzona hvid - LASTCHANCE Deals | Danmark","isPartOf":{"@id":"https:\/\/last-chance.dk\/#website"},"primaryImageOfPage":{"@id":"https:\/\/last-chance.dk\/?product=gardiner-bellinzona-hvid#primaryimage"},"image":{"@id":"https:\/\/last-chance.dk\/?product=gardiner-bellinzona-hvid#primaryimage"},"thumbnailUrl":"https:\/\/last-chance.dk\/wp-content\/uploads\/2024\/08\/bellinzona.jpg","datePublished":"2024-08-02T21:05:06+00:00","dateModified":"2025-09-19T17:42:46+00:00","breadcrumb":{"@id":"https:\/\/last-chance.dk\/?product=gardiner-bellinzona-hvid#breadcrumb"},"inLanguage":"da-DK","potentialAction":[{"@type":"ReadAction","target":["https:\/\/last-chance.dk\/?product=gardiner-bellinzona-hvid"]}]},{"@type":"ImageObject","inLanguage":"da-DK","@id":"https:\/\/last-chance.dk\/?product=gardiner-bellinzona-hvid#primaryimage","url":"https:\/\/last-chance.dk\/wp-content\/uploads\/2024\/08\/bellinzona.jpg","contentUrl":"https:\/\/last-chance.dk\/wp-content\/uploads\/2024\/08\/bellinzona.jpg","width":800,"height":800},{"@type":"BreadcrumbList","@id":"https:\/\/last-chance.dk\/?product=gardiner-bellinzona-hvid#breadcrumb","itemListElement":[{"@type":"ListItem","position":1,"name":"Home","item":"https:\/\/last-chance.dk\/"},{"@type":"ListItem","position":2,"name":"Gardiner Bellinzona hvid"}]},{"@type":"WebSite","@id":"https:\/\/last-chance.dk\/#website","url":"https:\/\/last-chance.dk\/","name":"LASTCHANCE Deals | Danmark","description":"LASTCHANCE Deals | Danmark","publisher":{"@id":"https:\/\/last-chance.dk\/#organization"},"potentialAction":[{"@type":"SearchAction","target":{"@type":"EntryPoint","urlTemplate":"https:\/\/last-chance.dk\/?s={search_term_string}"},"query-input":{"@type":"PropertyValueSpecification","valueRequired":true,"valueName":"search_term_string"}}],"inLanguage":"da-DK"},{"@type":"Organization","@id":"https:\/\/last-chance.dk\/#organization","name":"LASTCHANCE Deals | Danmark","url":"https:\/\/last-chance.dk\/","logo":{"@type":"ImageObject","inLanguage":"da-DK","@id":"https:\/\/last-chance.dk\/#\/schema\/logo\/image\/","url":"https:\/\/last-chance.dk\/wp-content\/uploads\/2023\/10\/lastchancedeals_logo_dk_white.png","contentUrl":"https:\/\/last-chance.dk\/wp-content\/uploads\/2023\/10\/lastchancedeals_logo_dk_white.png","width":470,"height":110,"caption":"LASTCHANCE Deals | Danmark"},"image":{"@id":"https:\/\/last-chance.dk\/#\/schema\/logo\/image\/"}}]}},"_links":{"self":[{"href":"https:\/\/last-chance.dk\/index.php?rest_route=\/wp\/v2\/product\/15621","targetHints":{"allow":["GET"]}}],"collection":[{"href":"https:\/\/last-chance.dk\/index.php?rest_route=\/wp\/v2\/product"}],"about":[{"href":"https:\/\/last-chance.dk\/index.php?rest_route=\/wp\/v2\/types\/product"}],"replies":[{"embeddable":true,"href":"https:\/\/last-chance.dk\/index.php?rest_route=%2Fwp%2Fv2%2Fcomments&post=15621"}],"wp:featuredmedia":[{"embeddable":true,"href":"https:\/\/last-chance.dk\/index.php?rest_route=\/wp\/v2\/media\/15620"}],"wp:attachment":[{"href":"https:\/\/last-chance.dk\/index.php?rest_route=%2Fwp%2Fv2%2Fmedia&parent=15621"}],"wp:term":[{"taxonomy":"product_brand","embeddable":true,"href":"https:\/\/last-chance.dk\/index.php?rest_route=%2Fwp%2Fv2%2Fproduct_brand&post=15621"},{"taxonomy":"product_cat","embeddable":true,"href":"https:\/\/last-chance.dk\/index.php?rest_route=%2Fwp%2Fv2%2Fproduct_cat&post=15621"},{"taxonomy":"product_tag","embeddable":true,"href":"https:\/\/last-chance.dk\/index.php?rest_route=%2Fwp%2Fv2%2Fproduct_tag&post=15621"}],"curies":[{"name":"wp","href":"https:\/\/api.w.org\/{rel}","templated":true}]}}