{"id":15624,"date":"2024-08-02T21:05:21","date_gmt":"2024-08-02T21:05:21","guid":{"rendered":"https:\/\/www.lastchance.deals\/dk\/produkt\/gardiner-jamaica-blaa\/"},"modified":"2025-09-19T17:44:16","modified_gmt":"2025-09-19T17:44:16","slug":"gardiner-jamaica-blaa","status":"publish","type":"product","link":"https:\/\/last-chance.dk\/?product=gardiner-jamaica-blaa","title":{"rendered":"Gardiner Jamaica bl\u00e5"},"content":{"rendered":"<p>Dr\u00f8mmer du om at bringe lidt tropisk stemning ind i dit hjem? S\u00e5 er Gardiner Jamaica det perfekte valg for dig. Disse gardiner er lavet af polyester, et let og slidst\u00e6rkt materiale, der er nemt at vaske og stryge. Polyesteren har ogs\u00e5 en smuk glans, der reflekterer lyset og skaber en livlig effekt.<\/p>\n<p><\/p>\n<p>Gardiner Jamaica har en flot bl\u00e5 farve, der minder om det klare havvand i Caribien. Farven er beroligende og harmonisk, og passer godt til mange forskellige indretningsstile. Gardinerne har ogs\u00e5 et elegant m\u00f8nster, der ligner palmeblade, og giver en eksotisk touch til rummet.<\/p>\n<p><\/p>\n<p>Gardiner Jamaica f\u00e5s i to forskellige st\u00f8rrelser: 250x270cm eller 300x270cm. Hver pakke indeholder to stykker gardiner, s\u00e5 du kan d\u00e6kke et stort vindue eller to mindre vinduer. Gardinerne har en praktisk l\u00f8begang i toppen, s\u00e5 du nemt kan h\u00e6nge dem op p\u00e5 en gardinstang.<\/p>\n<p><\/p>\n<p>Gardiner Jamaica er produceret af ForrestDecor, et firma der har specialiseret sig i at lave smukke og kvalitetsrige gardiner til enhver smag. ForrestDecor bruger kun de bedste materialer og de nyeste teknologier til at skabe gardiner, der holder l\u00e6nge og ser fantastiske ud.<\/p>\n<p><\/p>\n<p>Bestil dine Gardiner Jamaica i dag og forvandl dit hjem til et tropisk paradis.<\/p>\n<p><\/p>\n<p>Leveringstid: Leveringstid 1 uge<br \/>\nMateriale: polyester<br \/>\nFarve: bl\u00e5<br \/>\nDimensioner: 250x270cm \/ 300x270cm<br \/>\nBel\u00f8b: 250x270cm x 2pcs \/ 300x270cm x 2pcs<br \/>\nFabrikant: ForrestDecor<\/p>\n","protected":false},"excerpt":{"rendered":"<p>Dr\u00f8mmer du om at bringe lidt tropisk stemning ind i dit hjem? S\u00e5 er Gardiner Jamaica det perfekte valg for dig. Disse gardiner er lavet af polyester, et let og slidst\u00e6rkt materiale, der er nemt at vaske og stryge. Polyesteren har ogs\u00e5 en smuk glans, der reflekterer lyset og skaber en livlig effekt. Gardiner Jamaica [&hellip;]<\/p>\n","protected":false},"featured_media":15622,"comment_status":"open","ping_status":"closed","template":"","meta":[],"product_brand":[],"product_cat":[153],"product_tag":[],"class_list":{"0":"post-15624","1":"product","2":"type-product","3":"status-publish","4":"has-post-thumbnail","6":"product_cat-gardiner","8":"first","9":"instock","10":"shipping-taxable","11":"purchasable","12":"product-type-simple"},"yoast_head":"<!-- This site is optimized with the Yoast SEO plugin v24.8.1 - https:\/\/yoast.com\/wordpress\/plugins\/seo\/ -->\n<title>Gardiner Jamaica bl\u00e5 - LASTCHANCE Deals | Danmark<\/title>\n<meta name=\"robots\" content=\"index, follow, max-snippet:-1, max-image-preview:large, max-video-preview:-1\" \/>\n<link rel=\"canonical\" href=\"https:\/\/last-chance.dk\/?product=gardiner-jamaica-blaa\" \/>\n<meta property=\"og:locale\" content=\"da_DK\" \/>\n<meta property=\"og:type\" content=\"article\" \/>\n<meta property=\"og:title\" content=\"Gardiner Jamaica bl\u00e5 - LASTCHANCE Deals | Danmark\" \/>\n<meta property=\"og:description\" content=\"Dr\u00f8mmer du om at bringe lidt tropisk stemning ind i dit hjem? S\u00e5 er Gardiner Jamaica det perfekte valg for dig. Disse gardiner er lavet af polyester, et let og slidst\u00e6rkt materiale, der er nemt at vaske og stryge. Polyesteren har ogs\u00e5 en smuk glans, der reflekterer lyset og skaber en livlig effekt. Gardiner Jamaica [&hellip;]\" \/>\n<meta property=\"og:url\" content=\"https:\/\/last-chance.dk\/?product=gardiner-jamaica-blaa\" \/>\n<meta property=\"og:site_name\" content=\"LASTCHANCE Deals | Danmark\" \/>\n<meta property=\"article:modified_time\" content=\"2025-09-19T17:44:16+00:00\" \/>\n<meta property=\"og:image\" content=\"https:\/\/last-chance.dk\/wp-content\/uploads\/2024\/08\/jamaica1.jpg\" \/>\n\t<meta property=\"og:image:width\" content=\"800\" \/>\n\t<meta property=\"og:image:height\" content=\"800\" \/>\n\t<meta property=\"og:image:type\" content=\"image\/jpeg\" \/>\n<meta name=\"twitter:card\" content=\"summary_large_image\" \/>\n<meta name=\"twitter:label1\" content=\"Estimeret l\u00e6setid\" \/>\n\t<meta name=\"twitter:data1\" content=\"1 minut\" \/>\n<script type=\"application\/ld+json\" class=\"yoast-schema-graph\">{\"@context\":\"https:\/\/schema.org\",\"@graph\":[{\"@type\":\"WebPage\",\"@id\":\"https:\/\/last-chance.dk\/?product=gardiner-jamaica-blaa\",\"url\":\"https:\/\/last-chance.dk\/?product=gardiner-jamaica-blaa\",\"name\":\"Gardiner Jamaica bl\u00e5 - LASTCHANCE Deals | Danmark\",\"isPartOf\":{\"@id\":\"https:\/\/last-chance.dk\/#website\"},\"primaryImageOfPage\":{\"@id\":\"https:\/\/last-chance.dk\/?product=gardiner-jamaica-blaa#primaryimage\"},\"image\":{\"@id\":\"https:\/\/last-chance.dk\/?product=gardiner-jamaica-blaa#primaryimage\"},\"thumbnailUrl\":\"https:\/\/last-chance.dk\/wp-content\/uploads\/2024\/08\/jamaica1.jpg\",\"datePublished\":\"2024-08-02T21:05:21+00:00\",\"dateModified\":\"2025-09-19T17:44:16+00:00\",\"breadcrumb\":{\"@id\":\"https:\/\/last-chance.dk\/?product=gardiner-jamaica-blaa#breadcrumb\"},\"inLanguage\":\"da-DK\",\"potentialAction\":[{\"@type\":\"ReadAction\",\"target\":[\"https:\/\/last-chance.dk\/?product=gardiner-jamaica-blaa\"]}]},{\"@type\":\"ImageObject\",\"inLanguage\":\"da-DK\",\"@id\":\"https:\/\/last-chance.dk\/?product=gardiner-jamaica-blaa#primaryimage\",\"url\":\"https:\/\/last-chance.dk\/wp-content\/uploads\/2024\/08\/jamaica1.jpg\",\"contentUrl\":\"https:\/\/last-chance.dk\/wp-content\/uploads\/2024\/08\/jamaica1.jpg\",\"width\":800,\"height\":800},{\"@type\":\"BreadcrumbList\",\"@id\":\"https:\/\/last-chance.dk\/?product=gardiner-jamaica-blaa#breadcrumb\",\"itemListElement\":[{\"@type\":\"ListItem\",\"position\":1,\"name\":\"Home\",\"item\":\"https:\/\/last-chance.dk\/\"},{\"@type\":\"ListItem\",\"position\":2,\"name\":\"Gardiner Jamaica bl\u00e5\"}]},{\"@type\":\"WebSite\",\"@id\":\"https:\/\/last-chance.dk\/#website\",\"url\":\"https:\/\/last-chance.dk\/\",\"name\":\"LASTCHANCE Deals | Danmark\",\"description\":\"LASTCHANCE Deals | Danmark\",\"publisher\":{\"@id\":\"https:\/\/last-chance.dk\/#organization\"},\"potentialAction\":[{\"@type\":\"SearchAction\",\"target\":{\"@type\":\"EntryPoint\",\"urlTemplate\":\"https:\/\/last-chance.dk\/?s={search_term_string}\"},\"query-input\":{\"@type\":\"PropertyValueSpecification\",\"valueRequired\":true,\"valueName\":\"search_term_string\"}}],\"inLanguage\":\"da-DK\"},{\"@type\":\"Organization\",\"@id\":\"https:\/\/last-chance.dk\/#organization\",\"name\":\"LASTCHANCE Deals | Danmark\",\"url\":\"https:\/\/last-chance.dk\/\",\"logo\":{\"@type\":\"ImageObject\",\"inLanguage\":\"da-DK\",\"@id\":\"https:\/\/last-chance.dk\/#\/schema\/logo\/image\/\",\"url\":\"https:\/\/last-chance.dk\/wp-content\/uploads\/2023\/10\/lastchancedeals_logo_dk_white.png\",\"contentUrl\":\"https:\/\/last-chance.dk\/wp-content\/uploads\/2023\/10\/lastchancedeals_logo_dk_white.png\",\"width\":470,\"height\":110,\"caption\":\"LASTCHANCE Deals | Danmark\"},\"image\":{\"@id\":\"https:\/\/last-chance.dk\/#\/schema\/logo\/image\/\"}}]}<\/script>\n<!-- \/ Yoast SEO plugin. -->","yoast_head_json":{"title":"Gardiner Jamaica bl\u00e5 - LASTCHANCE Deals | Danmark","robots":{"index":"index","follow":"follow","max-snippet":"max-snippet:-1","max-image-preview":"max-image-preview:large","max-video-preview":"max-video-preview:-1"},"canonical":"https:\/\/last-chance.dk\/?product=gardiner-jamaica-blaa","og_locale":"da_DK","og_type":"article","og_title":"Gardiner Jamaica bl\u00e5 - LASTCHANCE Deals | Danmark","og_description":"Dr\u00f8mmer du om at bringe lidt tropisk stemning ind i dit hjem? S\u00e5 er Gardiner Jamaica det perfekte valg for dig. Disse gardiner er lavet af polyester, et let og slidst\u00e6rkt materiale, der er nemt at vaske og stryge. Polyesteren har ogs\u00e5 en smuk glans, der reflekterer lyset og skaber en livlig effekt. Gardiner Jamaica [&hellip;]","og_url":"https:\/\/last-chance.dk\/?product=gardiner-jamaica-blaa","og_site_name":"LASTCHANCE Deals | Danmark","article_modified_time":"2025-09-19T17:44:16+00:00","og_image":[{"width":800,"height":800,"url":"https:\/\/last-chance.dk\/wp-content\/uploads\/2024\/08\/jamaica1.jpg","type":"image\/jpeg"}],"twitter_card":"summary_large_image","twitter_misc":{"Estimeret l\u00e6setid":"1 minut"},"schema":{"@context":"https:\/\/schema.org","@graph":[{"@type":"WebPage","@id":"https:\/\/last-chance.dk\/?product=gardiner-jamaica-blaa","url":"https:\/\/last-chance.dk\/?product=gardiner-jamaica-blaa","name":"Gardiner Jamaica bl\u00e5 - LASTCHANCE Deals | Danmark","isPartOf":{"@id":"https:\/\/last-chance.dk\/#website"},"primaryImageOfPage":{"@id":"https:\/\/last-chance.dk\/?product=gardiner-jamaica-blaa#primaryimage"},"image":{"@id":"https:\/\/last-chance.dk\/?product=gardiner-jamaica-blaa#primaryimage"},"thumbnailUrl":"https:\/\/last-chance.dk\/wp-content\/uploads\/2024\/08\/jamaica1.jpg","datePublished":"2024-08-02T21:05:21+00:00","dateModified":"2025-09-19T17:44:16+00:00","breadcrumb":{"@id":"https:\/\/last-chance.dk\/?product=gardiner-jamaica-blaa#breadcrumb"},"inLanguage":"da-DK","potentialAction":[{"@type":"ReadAction","target":["https:\/\/last-chance.dk\/?product=gardiner-jamaica-blaa"]}]},{"@type":"ImageObject","inLanguage":"da-DK","@id":"https:\/\/last-chance.dk\/?product=gardiner-jamaica-blaa#primaryimage","url":"https:\/\/last-chance.dk\/wp-content\/uploads\/2024\/08\/jamaica1.jpg","contentUrl":"https:\/\/last-chance.dk\/wp-content\/uploads\/2024\/08\/jamaica1.jpg","width":800,"height":800},{"@type":"BreadcrumbList","@id":"https:\/\/last-chance.dk\/?product=gardiner-jamaica-blaa#breadcrumb","itemListElement":[{"@type":"ListItem","position":1,"name":"Home","item":"https:\/\/last-chance.dk\/"},{"@type":"ListItem","position":2,"name":"Gardiner Jamaica bl\u00e5"}]},{"@type":"WebSite","@id":"https:\/\/last-chance.dk\/#website","url":"https:\/\/last-chance.dk\/","name":"LASTCHANCE Deals | Danmark","description":"LASTCHANCE Deals | Danmark","publisher":{"@id":"https:\/\/last-chance.dk\/#organization"},"potentialAction":[{"@type":"SearchAction","target":{"@type":"EntryPoint","urlTemplate":"https:\/\/last-chance.dk\/?s={search_term_string}"},"query-input":{"@type":"PropertyValueSpecification","valueRequired":true,"valueName":"search_term_string"}}],"inLanguage":"da-DK"},{"@type":"Organization","@id":"https:\/\/last-chance.dk\/#organization","name":"LASTCHANCE Deals | Danmark","url":"https:\/\/last-chance.dk\/","logo":{"@type":"ImageObject","inLanguage":"da-DK","@id":"https:\/\/last-chance.dk\/#\/schema\/logo\/image\/","url":"https:\/\/last-chance.dk\/wp-content\/uploads\/2023\/10\/lastchancedeals_logo_dk_white.png","contentUrl":"https:\/\/last-chance.dk\/wp-content\/uploads\/2023\/10\/lastchancedeals_logo_dk_white.png","width":470,"height":110,"caption":"LASTCHANCE Deals | Danmark"},"image":{"@id":"https:\/\/last-chance.dk\/#\/schema\/logo\/image\/"}}]}},"_links":{"self":[{"href":"https:\/\/last-chance.dk\/index.php?rest_route=\/wp\/v2\/product\/15624","targetHints":{"allow":["GET"]}}],"collection":[{"href":"https:\/\/last-chance.dk\/index.php?rest_route=\/wp\/v2\/product"}],"about":[{"href":"https:\/\/last-chance.dk\/index.php?rest_route=\/wp\/v2\/types\/product"}],"replies":[{"embeddable":true,"href":"https:\/\/last-chance.dk\/index.php?rest_route=%2Fwp%2Fv2%2Fcomments&post=15624"}],"wp:featuredmedia":[{"embeddable":true,"href":"https:\/\/last-chance.dk\/index.php?rest_route=\/wp\/v2\/media\/15622"}],"wp:attachment":[{"href":"https:\/\/last-chance.dk\/index.php?rest_route=%2Fwp%2Fv2%2Fmedia&parent=15624"}],"wp:term":[{"taxonomy":"product_brand","embeddable":true,"href":"https:\/\/last-chance.dk\/index.php?rest_route=%2Fwp%2Fv2%2Fproduct_brand&post=15624"},{"taxonomy":"product_cat","embeddable":true,"href":"https:\/\/last-chance.dk\/index.php?rest_route=%2Fwp%2Fv2%2Fproduct_cat&post=15624"},{"taxonomy":"product_tag","embeddable":true,"href":"https:\/\/last-chance.dk\/index.php?rest_route=%2Fwp%2Fv2%2Fproduct_tag&post=15624"}],"curies":[{"name":"wp","href":"https:\/\/api.w.org\/{rel}","templated":true}]}}