{"id":15626,"date":"2024-08-02T21:05:35","date_gmt":"2024-08-02T21:05:35","guid":{"rendered":"https:\/\/www.lastchance.deals\/dk\/produkt\/spisebordssaet-sean-graa\/"},"modified":"2024-08-02T21:05:35","modified_gmt":"2024-08-02T21:05:35","slug":"spisebordssaet-sean-graa","status":"publish","type":"product","link":"https:\/\/last-chance.dk\/?product=spisebordssaet-sean-graa","title":{"rendered":"Spisebordss\u00e6t Sean gr\u00e5"},"content":{"rendered":"<p>Er du p\u00e5 udkig efter et spisebordss\u00e6t, der passer til din klassiske indretning? S\u00e5 er spisebordss\u00e6t Sean det perfekte valg for dig. Dette s\u00e6t best\u00e5r af et gr\u00e5t bord i m\u00f8belplade og fire matchende stole med polstret s\u00e6de. Bordet har et enkelt og elegant design, der passer til enhver spisestue eller k\u00f8kken. Stolene er komfortable og stabile, s\u00e5 du kan nyde dine m\u00e5ltider i ro og mag. Spisebordss\u00e6t Sean er nemt at samle og reng\u00f8re, og det har en 12 m\u00e5neders rammegaranti fra fabrikanten ForrestDecor. Bestil dit spisebordss\u00e6t Sean i dag og giv din spisestue et nyt look.<\/p>\n<p><\/p>\n<p>Leveringstid: Leveringstid 1 uge<br \/>\nStil: klassisk<br \/>\nMateriale: m\u00f8belplade<br \/>\nFarve: gr\u00e5<br \/>\nAntal stole: 4<br \/>\nBordm\u00e5l: 80x74cm<br \/>\nMontage: skal samles<br \/>\nGaranti: 12 m\u00e5neders rammegaranti<br \/>\nFabrikant: ForrestDecor<\/p>\n","protected":false},"excerpt":{"rendered":"<p>Er du p\u00e5 udkig efter et spisebordss\u00e6t, der passer til din klassiske indretning? S\u00e5 er spisebordss\u00e6t Sean det perfekte valg for dig. Dette s\u00e6t best\u00e5r af et gr\u00e5t bord i m\u00f8belplade og fire matchende stole med polstret s\u00e6de. Bordet har et enkelt og elegant design, der passer til enhver spisestue eller k\u00f8kken. Stolene er komfortable [&hellip;]<\/p>\n","protected":false},"featured_media":15625,"comment_status":"open","ping_status":"closed","template":"","meta":[],"product_brand":[],"product_cat":[224],"product_tag":[],"class_list":{"0":"post-15626","1":"product","2":"type-product","3":"status-publish","4":"has-post-thumbnail","6":"product_cat-dining-sets","8":"first","9":"instock","10":"shipping-taxable","11":"purchasable","12":"product-type-simple"},"yoast_head":"<!-- This site is optimized with the Yoast SEO plugin v24.8.1 - https:\/\/yoast.com\/wordpress\/plugins\/seo\/ -->\n<title>Spisebordss\u00e6t Sean gr\u00e5 - LASTCHANCE Deals | Danmark<\/title>\n<meta name=\"robots\" content=\"index, follow, max-snippet:-1, max-image-preview:large, max-video-preview:-1\" \/>\n<link rel=\"canonical\" href=\"https:\/\/last-chance.dk\/?product=spisebordssaet-sean-graa\" \/>\n<meta property=\"og:locale\" content=\"da_DK\" \/>\n<meta property=\"og:type\" content=\"article\" \/>\n<meta property=\"og:title\" content=\"Spisebordss\u00e6t Sean gr\u00e5 - LASTCHANCE Deals | Danmark\" \/>\n<meta property=\"og:description\" content=\"Er du p\u00e5 udkig efter et spisebordss\u00e6t, der passer til din klassiske indretning? S\u00e5 er spisebordss\u00e6t Sean det perfekte valg for dig. Dette s\u00e6t best\u00e5r af et gr\u00e5t bord i m\u00f8belplade og fire matchende stole med polstret s\u00e6de. Bordet har et enkelt og elegant design, der passer til enhver spisestue eller k\u00f8kken. Stolene er komfortable [&hellip;]\" \/>\n<meta property=\"og:url\" content=\"https:\/\/last-chance.dk\/?product=spisebordssaet-sean-graa\" \/>\n<meta property=\"og:site_name\" content=\"LASTCHANCE Deals | Danmark\" \/>\n<meta property=\"og:image\" content=\"https:\/\/last-chance.dk\/wp-content\/uploads\/2024\/08\/sean.jpg\" \/>\n\t<meta property=\"og:image:width\" content=\"750\" \/>\n\t<meta property=\"og:image:height\" content=\"514\" \/>\n\t<meta property=\"og:image:type\" content=\"image\/jpeg\" \/>\n<meta name=\"twitter:card\" content=\"summary_large_image\" \/>\n<meta name=\"twitter:label1\" content=\"Estimeret l\u00e6setid\" \/>\n\t<meta name=\"twitter:data1\" content=\"1 minut\" \/>\n<script type=\"application\/ld+json\" class=\"yoast-schema-graph\">{\"@context\":\"https:\/\/schema.org\",\"@graph\":[{\"@type\":\"WebPage\",\"@id\":\"https:\/\/last-chance.dk\/?product=spisebordssaet-sean-graa\",\"url\":\"https:\/\/last-chance.dk\/?product=spisebordssaet-sean-graa\",\"name\":\"Spisebordss\u00e6t Sean gr\u00e5 - LASTCHANCE Deals | Danmark\",\"isPartOf\":{\"@id\":\"https:\/\/last-chance.dk\/#website\"},\"primaryImageOfPage\":{\"@id\":\"https:\/\/last-chance.dk\/?product=spisebordssaet-sean-graa#primaryimage\"},\"image\":{\"@id\":\"https:\/\/last-chance.dk\/?product=spisebordssaet-sean-graa#primaryimage\"},\"thumbnailUrl\":\"https:\/\/last-chance.dk\/wp-content\/uploads\/2024\/08\/sean.jpg\",\"datePublished\":\"2024-08-02T21:05:35+00:00\",\"breadcrumb\":{\"@id\":\"https:\/\/last-chance.dk\/?product=spisebordssaet-sean-graa#breadcrumb\"},\"inLanguage\":\"da-DK\",\"potentialAction\":[{\"@type\":\"ReadAction\",\"target\":[\"https:\/\/last-chance.dk\/?product=spisebordssaet-sean-graa\"]}]},{\"@type\":\"ImageObject\",\"inLanguage\":\"da-DK\",\"@id\":\"https:\/\/last-chance.dk\/?product=spisebordssaet-sean-graa#primaryimage\",\"url\":\"https:\/\/last-chance.dk\/wp-content\/uploads\/2024\/08\/sean.jpg\",\"contentUrl\":\"https:\/\/last-chance.dk\/wp-content\/uploads\/2024\/08\/sean.jpg\",\"width\":750,\"height\":514},{\"@type\":\"BreadcrumbList\",\"@id\":\"https:\/\/last-chance.dk\/?product=spisebordssaet-sean-graa#breadcrumb\",\"itemListElement\":[{\"@type\":\"ListItem\",\"position\":1,\"name\":\"Home\",\"item\":\"https:\/\/last-chance.dk\/\"},{\"@type\":\"ListItem\",\"position\":2,\"name\":\"Spisebordss\u00e6t Sean gr\u00e5\"}]},{\"@type\":\"WebSite\",\"@id\":\"https:\/\/last-chance.dk\/#website\",\"url\":\"https:\/\/last-chance.dk\/\",\"name\":\"LASTCHANCE Deals | Danmark\",\"description\":\"LASTCHANCE Deals | Danmark\",\"publisher\":{\"@id\":\"https:\/\/last-chance.dk\/#organization\"},\"potentialAction\":[{\"@type\":\"SearchAction\",\"target\":{\"@type\":\"EntryPoint\",\"urlTemplate\":\"https:\/\/last-chance.dk\/?s={search_term_string}\"},\"query-input\":{\"@type\":\"PropertyValueSpecification\",\"valueRequired\":true,\"valueName\":\"search_term_string\"}}],\"inLanguage\":\"da-DK\"},{\"@type\":\"Organization\",\"@id\":\"https:\/\/last-chance.dk\/#organization\",\"name\":\"LASTCHANCE Deals | Danmark\",\"url\":\"https:\/\/last-chance.dk\/\",\"logo\":{\"@type\":\"ImageObject\",\"inLanguage\":\"da-DK\",\"@id\":\"https:\/\/last-chance.dk\/#\/schema\/logo\/image\/\",\"url\":\"https:\/\/last-chance.dk\/wp-content\/uploads\/2023\/10\/lastchancedeals_logo_dk_white.png\",\"contentUrl\":\"https:\/\/last-chance.dk\/wp-content\/uploads\/2023\/10\/lastchancedeals_logo_dk_white.png\",\"width\":470,\"height\":110,\"caption\":\"LASTCHANCE Deals | Danmark\"},\"image\":{\"@id\":\"https:\/\/last-chance.dk\/#\/schema\/logo\/image\/\"}}]}<\/script>\n<!-- \/ Yoast SEO plugin. -->","yoast_head_json":{"title":"Spisebordss\u00e6t Sean gr\u00e5 - LASTCHANCE Deals | Danmark","robots":{"index":"index","follow":"follow","max-snippet":"max-snippet:-1","max-image-preview":"max-image-preview:large","max-video-preview":"max-video-preview:-1"},"canonical":"https:\/\/last-chance.dk\/?product=spisebordssaet-sean-graa","og_locale":"da_DK","og_type":"article","og_title":"Spisebordss\u00e6t Sean gr\u00e5 - LASTCHANCE Deals | Danmark","og_description":"Er du p\u00e5 udkig efter et spisebordss\u00e6t, der passer til din klassiske indretning? S\u00e5 er spisebordss\u00e6t Sean det perfekte valg for dig. Dette s\u00e6t best\u00e5r af et gr\u00e5t bord i m\u00f8belplade og fire matchende stole med polstret s\u00e6de. Bordet har et enkelt og elegant design, der passer til enhver spisestue eller k\u00f8kken. Stolene er komfortable [&hellip;]","og_url":"https:\/\/last-chance.dk\/?product=spisebordssaet-sean-graa","og_site_name":"LASTCHANCE Deals | Danmark","og_image":[{"width":750,"height":514,"url":"https:\/\/last-chance.dk\/wp-content\/uploads\/2024\/08\/sean.jpg","type":"image\/jpeg"}],"twitter_card":"summary_large_image","twitter_misc":{"Estimeret l\u00e6setid":"1 minut"},"schema":{"@context":"https:\/\/schema.org","@graph":[{"@type":"WebPage","@id":"https:\/\/last-chance.dk\/?product=spisebordssaet-sean-graa","url":"https:\/\/last-chance.dk\/?product=spisebordssaet-sean-graa","name":"Spisebordss\u00e6t Sean gr\u00e5 - LASTCHANCE Deals | Danmark","isPartOf":{"@id":"https:\/\/last-chance.dk\/#website"},"primaryImageOfPage":{"@id":"https:\/\/last-chance.dk\/?product=spisebordssaet-sean-graa#primaryimage"},"image":{"@id":"https:\/\/last-chance.dk\/?product=spisebordssaet-sean-graa#primaryimage"},"thumbnailUrl":"https:\/\/last-chance.dk\/wp-content\/uploads\/2024\/08\/sean.jpg","datePublished":"2024-08-02T21:05:35+00:00","breadcrumb":{"@id":"https:\/\/last-chance.dk\/?product=spisebordssaet-sean-graa#breadcrumb"},"inLanguage":"da-DK","potentialAction":[{"@type":"ReadAction","target":["https:\/\/last-chance.dk\/?product=spisebordssaet-sean-graa"]}]},{"@type":"ImageObject","inLanguage":"da-DK","@id":"https:\/\/last-chance.dk\/?product=spisebordssaet-sean-graa#primaryimage","url":"https:\/\/last-chance.dk\/wp-content\/uploads\/2024\/08\/sean.jpg","contentUrl":"https:\/\/last-chance.dk\/wp-content\/uploads\/2024\/08\/sean.jpg","width":750,"height":514},{"@type":"BreadcrumbList","@id":"https:\/\/last-chance.dk\/?product=spisebordssaet-sean-graa#breadcrumb","itemListElement":[{"@type":"ListItem","position":1,"name":"Home","item":"https:\/\/last-chance.dk\/"},{"@type":"ListItem","position":2,"name":"Spisebordss\u00e6t Sean gr\u00e5"}]},{"@type":"WebSite","@id":"https:\/\/last-chance.dk\/#website","url":"https:\/\/last-chance.dk\/","name":"LASTCHANCE Deals | Danmark","description":"LASTCHANCE Deals | Danmark","publisher":{"@id":"https:\/\/last-chance.dk\/#organization"},"potentialAction":[{"@type":"SearchAction","target":{"@type":"EntryPoint","urlTemplate":"https:\/\/last-chance.dk\/?s={search_term_string}"},"query-input":{"@type":"PropertyValueSpecification","valueRequired":true,"valueName":"search_term_string"}}],"inLanguage":"da-DK"},{"@type":"Organization","@id":"https:\/\/last-chance.dk\/#organization","name":"LASTCHANCE Deals | Danmark","url":"https:\/\/last-chance.dk\/","logo":{"@type":"ImageObject","inLanguage":"da-DK","@id":"https:\/\/last-chance.dk\/#\/schema\/logo\/image\/","url":"https:\/\/last-chance.dk\/wp-content\/uploads\/2023\/10\/lastchancedeals_logo_dk_white.png","contentUrl":"https:\/\/last-chance.dk\/wp-content\/uploads\/2023\/10\/lastchancedeals_logo_dk_white.png","width":470,"height":110,"caption":"LASTCHANCE Deals | Danmark"},"image":{"@id":"https:\/\/last-chance.dk\/#\/schema\/logo\/image\/"}}]}},"_links":{"self":[{"href":"https:\/\/last-chance.dk\/index.php?rest_route=\/wp\/v2\/product\/15626","targetHints":{"allow":["GET"]}}],"collection":[{"href":"https:\/\/last-chance.dk\/index.php?rest_route=\/wp\/v2\/product"}],"about":[{"href":"https:\/\/last-chance.dk\/index.php?rest_route=\/wp\/v2\/types\/product"}],"replies":[{"embeddable":true,"href":"https:\/\/last-chance.dk\/index.php?rest_route=%2Fwp%2Fv2%2Fcomments&post=15626"}],"wp:featuredmedia":[{"embeddable":true,"href":"https:\/\/last-chance.dk\/index.php?rest_route=\/wp\/v2\/media\/15625"}],"wp:attachment":[{"href":"https:\/\/last-chance.dk\/index.php?rest_route=%2Fwp%2Fv2%2Fmedia&parent=15626"}],"wp:term":[{"taxonomy":"product_brand","embeddable":true,"href":"https:\/\/last-chance.dk\/index.php?rest_route=%2Fwp%2Fv2%2Fproduct_brand&post=15626"},{"taxonomy":"product_cat","embeddable":true,"href":"https:\/\/last-chance.dk\/index.php?rest_route=%2Fwp%2Fv2%2Fproduct_cat&post=15626"},{"taxonomy":"product_tag","embeddable":true,"href":"https:\/\/last-chance.dk\/index.php?rest_route=%2Fwp%2Fv2%2Fproduct_tag&post=15626"}],"curies":[{"name":"wp","href":"https:\/\/api.w.org\/{rel}","templated":true}]}}