{"id":15634,"date":"2024-08-02T21:05:52","date_gmt":"2024-08-02T21:05:52","guid":{"rendered":"https:\/\/www.lastchance.deals\/dk\/produkt\/spisebordssaet-4-stole-gavino\/"},"modified":"2025-09-19T18:39:29","modified_gmt":"2025-09-19T18:39:29","slug":"spisebordssaet-4-stole-gavino","status":"publish","type":"product","link":"https:\/\/last-chance.dk\/?product=spisebordssaet-4-stole-gavino","title":{"rendered":"Spisebordss\u00e6t 4 stole Gavino"},"content":{"rendered":"<p>Er du p\u00e5 udkig efter et elegant og komfortabelt spisebordss\u00e6t til din spisestue eller k\u00f8kken? S\u00e5 er dette s\u00e6t fra ForrestDecor det perfekte valg for dig. Det best\u00e5r af et rektangul\u00e6rt bord med en glasplade og fire stole med stofbetr\u00e6k og metalben. Bordet har en praktisk st\u00f8rrelse p\u00e5 100x60x75cm, som passer til de fleste rum. Stolene har et klassisk design med h\u00f8j ryg og arml\u00e6n, som giver dig en behagelig siddeposition. Du kan v\u00e6lge mellem forskellige farver p\u00e5 stoffet, s\u00e5 du kan finde det s\u00e6t, der passer bedst til din indretning.<\/p>\n<p><\/p>\n<p>Dette spisebordss\u00e6t er lavet af materialer af h\u00f8j kvalitet, som er holdbare og nemme at reng\u00f8re. Glaspladen er ridsefast og giver bordet et moderne udtryk. Metalbenene er solide og stabile, og stoffet er bl\u00f8dt og slidst\u00e6rkt. Du f\u00e5r ogs\u00e5 12 m\u00e5neders rammegaranti p\u00e5 dette produkt, s\u00e5 du kan v\u00e6re sikker p\u00e5, at det vil holde i lang tid.<\/p>\n<p><\/p>\n<p>Dette spisebordss\u00e6t kr\u00e6ver montage, men det er ikke sv\u00e6rt at samle. Du f\u00e5r alle de n\u00f8dvendige dele og instruktioner med i pakken, s\u00e5 du kan hurtigt nyde dit nye spisebordss\u00e6t. Bestil det i dag og gl\u00e6d dig til mange hyggelige m\u00e5ltider med familie og venner.<\/p>\n<p><\/p>\n<p>Leveringstid: Leveringstid 1 uge<br \/>\nStil: klassisk<br \/>\nMateriale: stof,glas,metal<br \/>\nAntal stole: 4<br \/>\nBordm\u00e5l: 100x60x75cm<br \/>\nMontage: skal samles<br \/>\nGaranti: 12 m\u00e5neders rammegaranti<br \/>\nFabrikant: ForrestDecor<\/p>\n","protected":false},"excerpt":{"rendered":"<p>Er du p\u00e5 udkig efter et elegant og komfortabelt spisebordss\u00e6t til din spisestue eller k\u00f8kken? S\u00e5 er dette s\u00e6t fra ForrestDecor det perfekte valg for dig. Det best\u00e5r af et rektangul\u00e6rt bord med en glasplade og fire stole med stofbetr\u00e6k og metalben. Bordet har en praktisk st\u00f8rrelse p\u00e5 100x60x75cm, som passer til de fleste rum. [&hellip;]<\/p>\n","protected":false},"featured_media":15627,"comment_status":"open","ping_status":"closed","template":"","meta":[],"product_brand":[],"product_cat":[162],"product_tag":[],"class_list":{"0":"post-15634","1":"product","2":"type-product","3":"status-publish","4":"has-post-thumbnail","6":"product_cat-matplats-set","8":"first","9":"instock","10":"shipping-taxable","11":"purchasable","12":"product-type-simple"},"yoast_head":"<!-- This site is optimized with the Yoast SEO plugin v24.8.1 - https:\/\/yoast.com\/wordpress\/plugins\/seo\/ -->\n<title>Spisebordss\u00e6t 4 stole Gavino - LASTCHANCE Deals | Danmark<\/title>\n<meta name=\"robots\" content=\"index, follow, max-snippet:-1, max-image-preview:large, max-video-preview:-1\" \/>\n<link rel=\"canonical\" href=\"https:\/\/last-chance.dk\/?product=spisebordssaet-4-stole-gavino\" \/>\n<meta property=\"og:locale\" content=\"da_DK\" \/>\n<meta property=\"og:type\" content=\"article\" \/>\n<meta property=\"og:title\" content=\"Spisebordss\u00e6t 4 stole Gavino - LASTCHANCE Deals | Danmark\" \/>\n<meta property=\"og:description\" content=\"Er du p\u00e5 udkig efter et elegant og komfortabelt spisebordss\u00e6t til din spisestue eller k\u00f8kken? S\u00e5 er dette s\u00e6t fra ForrestDecor det perfekte valg for dig. Det best\u00e5r af et rektangul\u00e6rt bord med en glasplade og fire stole med stofbetr\u00e6k og metalben. Bordet har en praktisk st\u00f8rrelse p\u00e5 100x60x75cm, som passer til de fleste rum. [&hellip;]\" \/>\n<meta property=\"og:url\" content=\"https:\/\/last-chance.dk\/?product=spisebordssaet-4-stole-gavino\" \/>\n<meta property=\"og:site_name\" content=\"LASTCHANCE Deals | Danmark\" \/>\n<meta property=\"article:modified_time\" content=\"2025-09-19T18:39:29+00:00\" \/>\n<meta property=\"og:image\" content=\"https:\/\/last-chance.dk\/wp-content\/uploads\/2024\/08\/gavino_black1.jpg\" \/>\n\t<meta property=\"og:image:width\" content=\"784\" \/>\n\t<meta property=\"og:image:height\" content=\"723\" \/>\n\t<meta property=\"og:image:type\" content=\"image\/jpeg\" \/>\n<meta name=\"twitter:card\" content=\"summary_large_image\" \/>\n<meta name=\"twitter:label1\" content=\"Estimeret l\u00e6setid\" \/>\n\t<meta name=\"twitter:data1\" content=\"1 minut\" \/>\n<script type=\"application\/ld+json\" class=\"yoast-schema-graph\">{\"@context\":\"https:\/\/schema.org\",\"@graph\":[{\"@type\":\"WebPage\",\"@id\":\"https:\/\/last-chance.dk\/?product=spisebordssaet-4-stole-gavino\",\"url\":\"https:\/\/last-chance.dk\/?product=spisebordssaet-4-stole-gavino\",\"name\":\"Spisebordss\u00e6t 4 stole Gavino - LASTCHANCE Deals | Danmark\",\"isPartOf\":{\"@id\":\"https:\/\/last-chance.dk\/#website\"},\"primaryImageOfPage\":{\"@id\":\"https:\/\/last-chance.dk\/?product=spisebordssaet-4-stole-gavino#primaryimage\"},\"image\":{\"@id\":\"https:\/\/last-chance.dk\/?product=spisebordssaet-4-stole-gavino#primaryimage\"},\"thumbnailUrl\":\"https:\/\/last-chance.dk\/wp-content\/uploads\/2024\/08\/gavino_black1.jpg\",\"datePublished\":\"2024-08-02T21:05:52+00:00\",\"dateModified\":\"2025-09-19T18:39:29+00:00\",\"breadcrumb\":{\"@id\":\"https:\/\/last-chance.dk\/?product=spisebordssaet-4-stole-gavino#breadcrumb\"},\"inLanguage\":\"da-DK\",\"potentialAction\":[{\"@type\":\"ReadAction\",\"target\":[\"https:\/\/last-chance.dk\/?product=spisebordssaet-4-stole-gavino\"]}]},{\"@type\":\"ImageObject\",\"inLanguage\":\"da-DK\",\"@id\":\"https:\/\/last-chance.dk\/?product=spisebordssaet-4-stole-gavino#primaryimage\",\"url\":\"https:\/\/last-chance.dk\/wp-content\/uploads\/2024\/08\/gavino_black1.jpg\",\"contentUrl\":\"https:\/\/last-chance.dk\/wp-content\/uploads\/2024\/08\/gavino_black1.jpg\",\"width\":784,\"height\":723},{\"@type\":\"BreadcrumbList\",\"@id\":\"https:\/\/last-chance.dk\/?product=spisebordssaet-4-stole-gavino#breadcrumb\",\"itemListElement\":[{\"@type\":\"ListItem\",\"position\":1,\"name\":\"Home\",\"item\":\"https:\/\/last-chance.dk\/\"},{\"@type\":\"ListItem\",\"position\":2,\"name\":\"Spisebordss\u00e6t 4 stole Gavino\"}]},{\"@type\":\"WebSite\",\"@id\":\"https:\/\/last-chance.dk\/#website\",\"url\":\"https:\/\/last-chance.dk\/\",\"name\":\"LASTCHANCE Deals | Danmark\",\"description\":\"LASTCHANCE Deals | Danmark\",\"publisher\":{\"@id\":\"https:\/\/last-chance.dk\/#organization\"},\"potentialAction\":[{\"@type\":\"SearchAction\",\"target\":{\"@type\":\"EntryPoint\",\"urlTemplate\":\"https:\/\/last-chance.dk\/?s={search_term_string}\"},\"query-input\":{\"@type\":\"PropertyValueSpecification\",\"valueRequired\":true,\"valueName\":\"search_term_string\"}}],\"inLanguage\":\"da-DK\"},{\"@type\":\"Organization\",\"@id\":\"https:\/\/last-chance.dk\/#organization\",\"name\":\"LASTCHANCE Deals | Danmark\",\"url\":\"https:\/\/last-chance.dk\/\",\"logo\":{\"@type\":\"ImageObject\",\"inLanguage\":\"da-DK\",\"@id\":\"https:\/\/last-chance.dk\/#\/schema\/logo\/image\/\",\"url\":\"https:\/\/last-chance.dk\/wp-content\/uploads\/2023\/10\/lastchancedeals_logo_dk_white.png\",\"contentUrl\":\"https:\/\/last-chance.dk\/wp-content\/uploads\/2023\/10\/lastchancedeals_logo_dk_white.png\",\"width\":470,\"height\":110,\"caption\":\"LASTCHANCE Deals | Danmark\"},\"image\":{\"@id\":\"https:\/\/last-chance.dk\/#\/schema\/logo\/image\/\"}}]}<\/script>\n<!-- \/ Yoast SEO plugin. -->","yoast_head_json":{"title":"Spisebordss\u00e6t 4 stole Gavino - LASTCHANCE Deals | Danmark","robots":{"index":"index","follow":"follow","max-snippet":"max-snippet:-1","max-image-preview":"max-image-preview:large","max-video-preview":"max-video-preview:-1"},"canonical":"https:\/\/last-chance.dk\/?product=spisebordssaet-4-stole-gavino","og_locale":"da_DK","og_type":"article","og_title":"Spisebordss\u00e6t 4 stole Gavino - LASTCHANCE Deals | Danmark","og_description":"Er du p\u00e5 udkig efter et elegant og komfortabelt spisebordss\u00e6t til din spisestue eller k\u00f8kken? S\u00e5 er dette s\u00e6t fra ForrestDecor det perfekte valg for dig. Det best\u00e5r af et rektangul\u00e6rt bord med en glasplade og fire stole med stofbetr\u00e6k og metalben. Bordet har en praktisk st\u00f8rrelse p\u00e5 100x60x75cm, som passer til de fleste rum. [&hellip;]","og_url":"https:\/\/last-chance.dk\/?product=spisebordssaet-4-stole-gavino","og_site_name":"LASTCHANCE Deals | Danmark","article_modified_time":"2025-09-19T18:39:29+00:00","og_image":[{"width":784,"height":723,"url":"https:\/\/last-chance.dk\/wp-content\/uploads\/2024\/08\/gavino_black1.jpg","type":"image\/jpeg"}],"twitter_card":"summary_large_image","twitter_misc":{"Estimeret l\u00e6setid":"1 minut"},"schema":{"@context":"https:\/\/schema.org","@graph":[{"@type":"WebPage","@id":"https:\/\/last-chance.dk\/?product=spisebordssaet-4-stole-gavino","url":"https:\/\/last-chance.dk\/?product=spisebordssaet-4-stole-gavino","name":"Spisebordss\u00e6t 4 stole Gavino - LASTCHANCE Deals | Danmark","isPartOf":{"@id":"https:\/\/last-chance.dk\/#website"},"primaryImageOfPage":{"@id":"https:\/\/last-chance.dk\/?product=spisebordssaet-4-stole-gavino#primaryimage"},"image":{"@id":"https:\/\/last-chance.dk\/?product=spisebordssaet-4-stole-gavino#primaryimage"},"thumbnailUrl":"https:\/\/last-chance.dk\/wp-content\/uploads\/2024\/08\/gavino_black1.jpg","datePublished":"2024-08-02T21:05:52+00:00","dateModified":"2025-09-19T18:39:29+00:00","breadcrumb":{"@id":"https:\/\/last-chance.dk\/?product=spisebordssaet-4-stole-gavino#breadcrumb"},"inLanguage":"da-DK","potentialAction":[{"@type":"ReadAction","target":["https:\/\/last-chance.dk\/?product=spisebordssaet-4-stole-gavino"]}]},{"@type":"ImageObject","inLanguage":"da-DK","@id":"https:\/\/last-chance.dk\/?product=spisebordssaet-4-stole-gavino#primaryimage","url":"https:\/\/last-chance.dk\/wp-content\/uploads\/2024\/08\/gavino_black1.jpg","contentUrl":"https:\/\/last-chance.dk\/wp-content\/uploads\/2024\/08\/gavino_black1.jpg","width":784,"height":723},{"@type":"BreadcrumbList","@id":"https:\/\/last-chance.dk\/?product=spisebordssaet-4-stole-gavino#breadcrumb","itemListElement":[{"@type":"ListItem","position":1,"name":"Home","item":"https:\/\/last-chance.dk\/"},{"@type":"ListItem","position":2,"name":"Spisebordss\u00e6t 4 stole Gavino"}]},{"@type":"WebSite","@id":"https:\/\/last-chance.dk\/#website","url":"https:\/\/last-chance.dk\/","name":"LASTCHANCE Deals | Danmark","description":"LASTCHANCE Deals | Danmark","publisher":{"@id":"https:\/\/last-chance.dk\/#organization"},"potentialAction":[{"@type":"SearchAction","target":{"@type":"EntryPoint","urlTemplate":"https:\/\/last-chance.dk\/?s={search_term_string}"},"query-input":{"@type":"PropertyValueSpecification","valueRequired":true,"valueName":"search_term_string"}}],"inLanguage":"da-DK"},{"@type":"Organization","@id":"https:\/\/last-chance.dk\/#organization","name":"LASTCHANCE Deals | Danmark","url":"https:\/\/last-chance.dk\/","logo":{"@type":"ImageObject","inLanguage":"da-DK","@id":"https:\/\/last-chance.dk\/#\/schema\/logo\/image\/","url":"https:\/\/last-chance.dk\/wp-content\/uploads\/2023\/10\/lastchancedeals_logo_dk_white.png","contentUrl":"https:\/\/last-chance.dk\/wp-content\/uploads\/2023\/10\/lastchancedeals_logo_dk_white.png","width":470,"height":110,"caption":"LASTCHANCE Deals | Danmark"},"image":{"@id":"https:\/\/last-chance.dk\/#\/schema\/logo\/image\/"}}]}},"_links":{"self":[{"href":"https:\/\/last-chance.dk\/index.php?rest_route=\/wp\/v2\/product\/15634","targetHints":{"allow":["GET"]}}],"collection":[{"href":"https:\/\/last-chance.dk\/index.php?rest_route=\/wp\/v2\/product"}],"about":[{"href":"https:\/\/last-chance.dk\/index.php?rest_route=\/wp\/v2\/types\/product"}],"replies":[{"embeddable":true,"href":"https:\/\/last-chance.dk\/index.php?rest_route=%2Fwp%2Fv2%2Fcomments&post=15634"}],"wp:featuredmedia":[{"embeddable":true,"href":"https:\/\/last-chance.dk\/index.php?rest_route=\/wp\/v2\/media\/15627"}],"wp:attachment":[{"href":"https:\/\/last-chance.dk\/index.php?rest_route=%2Fwp%2Fv2%2Fmedia&parent=15634"}],"wp:term":[{"taxonomy":"product_brand","embeddable":true,"href":"https:\/\/last-chance.dk\/index.php?rest_route=%2Fwp%2Fv2%2Fproduct_brand&post=15634"},{"taxonomy":"product_cat","embeddable":true,"href":"https:\/\/last-chance.dk\/index.php?rest_route=%2Fwp%2Fv2%2Fproduct_cat&post=15634"},{"taxonomy":"product_tag","embeddable":true,"href":"https:\/\/last-chance.dk\/index.php?rest_route=%2Fwp%2Fv2%2Fproduct_tag&post=15634"}],"curies":[{"name":"wp","href":"https:\/\/api.w.org\/{rel}","templated":true}]}}