{"id":15649,"date":"2024-08-02T21:06:43","date_gmt":"2024-08-02T21:06:43","guid":{"rendered":"https:\/\/www.lastchance.deals\/dk\/produkt\/bordlampe-kathleen-30x52cm-soelv\/"},"modified":"2025-09-19T17:35:59","modified_gmt":"2025-09-19T17:35:59","slug":"bordlampe-kathleen-30x52cm-soelv","status":"publish","type":"product","link":"https:\/\/last-chance.dk\/?product=bordlampe-kathleen-30x52cm-soelv","title":{"rendered":"Bordlampe Kathleen 30x52cm s\u00f8lv"},"content":{"rendered":"<p>Bordlampe Kathleen er en elegant og klassisk lampe, der passer perfekt til enhver indretning. Lampen er lavet af plast og krystal, der giver den et smukt og luksuri\u00f8st udseende. Farven er s\u00f8lv, der reflekterer lyset p\u00e5 en flot m\u00e5de. Lampen har en udvendig dimension p\u00e5 30x52cm, s\u00e5 den er nem at placere p\u00e5 et bord eller et skrivebord. Lampen leveres samlet, s\u00e5 du skal bare s\u00e6tte stikket i og t\u00e6nde for den. Lampen har en garanti p\u00e5 12 m\u00e5neder fra fabrikanten ForrestDecor, der er kendt for deres kvalitetsprodukter. Bordlampe Kathleen er en lampe, der vil skabe en hyggelig og stemningsfuld atmosf\u00e6re i dit hjem.<\/p>\n<p><\/p>\n<p>Leveringstid: Leveringstid 1 uge<br \/>\nStil: klassisk<br \/>\nMateriale: plast,krystal<br \/>\nFarve: s\u00f8lv<br \/>\nLampestik: ikke inkluderet<br \/>\nUdvendige dimensioner: 30x52cm<br \/>\nFabrikant: ForrestDecor<br \/>\nMontage: leveres samlet<br \/>\nGaranti: 12 m\u00e5neder<\/p>\n","protected":false},"excerpt":{"rendered":"<p>Bordlampe Kathleen er en elegant og klassisk lampe, der passer perfekt til enhver indretning. Lampen er lavet af plast og krystal, der giver den et smukt og luksuri\u00f8st udseende. Farven er s\u00f8lv, der reflekterer lyset p\u00e5 en flot m\u00e5de. Lampen har en udvendig dimension p\u00e5 30x52cm, s\u00e5 den er nem at placere p\u00e5 et bord [&hellip;]<\/p>\n","protected":false},"featured_media":15648,"comment_status":"open","ping_status":"closed","template":"","meta":[],"product_brand":[],"product_cat":[166],"product_tag":[],"class_list":{"0":"post-15649","1":"product","2":"type-product","3":"status-publish","4":"has-post-thumbnail","6":"product_cat-desk-lamps","8":"first","9":"instock","10":"shipping-taxable","11":"purchasable","12":"product-type-simple"},"yoast_head":"<!-- This site is optimized with the Yoast SEO plugin v24.8.1 - https:\/\/yoast.com\/wordpress\/plugins\/seo\/ -->\n<title>Bordlampe Kathleen 30x52cm s\u00f8lv - LASTCHANCE Deals | Danmark<\/title>\n<meta name=\"robots\" content=\"index, follow, max-snippet:-1, max-image-preview:large, max-video-preview:-1\" \/>\n<link rel=\"canonical\" href=\"https:\/\/last-chance.dk\/?product=bordlampe-kathleen-30x52cm-soelv\" \/>\n<meta property=\"og:locale\" content=\"da_DK\" \/>\n<meta property=\"og:type\" content=\"article\" \/>\n<meta property=\"og:title\" content=\"Bordlampe Kathleen 30x52cm s\u00f8lv - LASTCHANCE Deals | Danmark\" \/>\n<meta property=\"og:description\" content=\"Bordlampe Kathleen er en elegant og klassisk lampe, der passer perfekt til enhver indretning. Lampen er lavet af plast og krystal, der giver den et smukt og luksuri\u00f8st udseende. Farven er s\u00f8lv, der reflekterer lyset p\u00e5 en flot m\u00e5de. Lampen har en udvendig dimension p\u00e5 30x52cm, s\u00e5 den er nem at placere p\u00e5 et bord [&hellip;]\" \/>\n<meta property=\"og:url\" content=\"https:\/\/last-chance.dk\/?product=bordlampe-kathleen-30x52cm-soelv\" \/>\n<meta property=\"og:site_name\" content=\"LASTCHANCE Deals | Danmark\" \/>\n<meta property=\"article:modified_time\" content=\"2025-09-19T17:35:59+00:00\" \/>\n<meta property=\"og:image\" content=\"https:\/\/last-chance.dk\/wp-content\/uploads\/2024\/08\/kathleen1.jpg\" \/>\n\t<meta property=\"og:image:width\" content=\"790\" \/>\n\t<meta property=\"og:image:height\" content=\"701\" \/>\n\t<meta property=\"og:image:type\" content=\"image\/jpeg\" \/>\n<meta name=\"twitter:card\" content=\"summary_large_image\" \/>\n<meta name=\"twitter:label1\" content=\"Estimeret l\u00e6setid\" \/>\n\t<meta name=\"twitter:data1\" content=\"1 minut\" \/>\n<script type=\"application\/ld+json\" class=\"yoast-schema-graph\">{\"@context\":\"https:\/\/schema.org\",\"@graph\":[{\"@type\":\"WebPage\",\"@id\":\"https:\/\/last-chance.dk\/?product=bordlampe-kathleen-30x52cm-soelv\",\"url\":\"https:\/\/last-chance.dk\/?product=bordlampe-kathleen-30x52cm-soelv\",\"name\":\"Bordlampe Kathleen 30x52cm s\u00f8lv - LASTCHANCE Deals | Danmark\",\"isPartOf\":{\"@id\":\"https:\/\/last-chance.dk\/#website\"},\"primaryImageOfPage\":{\"@id\":\"https:\/\/last-chance.dk\/?product=bordlampe-kathleen-30x52cm-soelv#primaryimage\"},\"image\":{\"@id\":\"https:\/\/last-chance.dk\/?product=bordlampe-kathleen-30x52cm-soelv#primaryimage\"},\"thumbnailUrl\":\"https:\/\/last-chance.dk\/wp-content\/uploads\/2024\/08\/kathleen1.jpg\",\"datePublished\":\"2024-08-02T21:06:43+00:00\",\"dateModified\":\"2025-09-19T17:35:59+00:00\",\"breadcrumb\":{\"@id\":\"https:\/\/last-chance.dk\/?product=bordlampe-kathleen-30x52cm-soelv#breadcrumb\"},\"inLanguage\":\"da-DK\",\"potentialAction\":[{\"@type\":\"ReadAction\",\"target\":[\"https:\/\/last-chance.dk\/?product=bordlampe-kathleen-30x52cm-soelv\"]}]},{\"@type\":\"ImageObject\",\"inLanguage\":\"da-DK\",\"@id\":\"https:\/\/last-chance.dk\/?product=bordlampe-kathleen-30x52cm-soelv#primaryimage\",\"url\":\"https:\/\/last-chance.dk\/wp-content\/uploads\/2024\/08\/kathleen1.jpg\",\"contentUrl\":\"https:\/\/last-chance.dk\/wp-content\/uploads\/2024\/08\/kathleen1.jpg\",\"width\":790,\"height\":701},{\"@type\":\"BreadcrumbList\",\"@id\":\"https:\/\/last-chance.dk\/?product=bordlampe-kathleen-30x52cm-soelv#breadcrumb\",\"itemListElement\":[{\"@type\":\"ListItem\",\"position\":1,\"name\":\"Home\",\"item\":\"https:\/\/last-chance.dk\/\"},{\"@type\":\"ListItem\",\"position\":2,\"name\":\"Bordlampe Kathleen 30x52cm s\u00f8lv\"}]},{\"@type\":\"WebSite\",\"@id\":\"https:\/\/last-chance.dk\/#website\",\"url\":\"https:\/\/last-chance.dk\/\",\"name\":\"LASTCHANCE Deals | Danmark\",\"description\":\"LASTCHANCE Deals | Danmark\",\"publisher\":{\"@id\":\"https:\/\/last-chance.dk\/#organization\"},\"potentialAction\":[{\"@type\":\"SearchAction\",\"target\":{\"@type\":\"EntryPoint\",\"urlTemplate\":\"https:\/\/last-chance.dk\/?s={search_term_string}\"},\"query-input\":{\"@type\":\"PropertyValueSpecification\",\"valueRequired\":true,\"valueName\":\"search_term_string\"}}],\"inLanguage\":\"da-DK\"},{\"@type\":\"Organization\",\"@id\":\"https:\/\/last-chance.dk\/#organization\",\"name\":\"LASTCHANCE Deals | Danmark\",\"url\":\"https:\/\/last-chance.dk\/\",\"logo\":{\"@type\":\"ImageObject\",\"inLanguage\":\"da-DK\",\"@id\":\"https:\/\/last-chance.dk\/#\/schema\/logo\/image\/\",\"url\":\"https:\/\/last-chance.dk\/wp-content\/uploads\/2023\/10\/lastchancedeals_logo_dk_white.png\",\"contentUrl\":\"https:\/\/last-chance.dk\/wp-content\/uploads\/2023\/10\/lastchancedeals_logo_dk_white.png\",\"width\":470,\"height\":110,\"caption\":\"LASTCHANCE Deals | Danmark\"},\"image\":{\"@id\":\"https:\/\/last-chance.dk\/#\/schema\/logo\/image\/\"}}]}<\/script>\n<!-- \/ Yoast SEO plugin. -->","yoast_head_json":{"title":"Bordlampe Kathleen 30x52cm s\u00f8lv - LASTCHANCE Deals | Danmark","robots":{"index":"index","follow":"follow","max-snippet":"max-snippet:-1","max-image-preview":"max-image-preview:large","max-video-preview":"max-video-preview:-1"},"canonical":"https:\/\/last-chance.dk\/?product=bordlampe-kathleen-30x52cm-soelv","og_locale":"da_DK","og_type":"article","og_title":"Bordlampe Kathleen 30x52cm s\u00f8lv - LASTCHANCE Deals | Danmark","og_description":"Bordlampe Kathleen er en elegant og klassisk lampe, der passer perfekt til enhver indretning. Lampen er lavet af plast og krystal, der giver den et smukt og luksuri\u00f8st udseende. Farven er s\u00f8lv, der reflekterer lyset p\u00e5 en flot m\u00e5de. Lampen har en udvendig dimension p\u00e5 30x52cm, s\u00e5 den er nem at placere p\u00e5 et bord [&hellip;]","og_url":"https:\/\/last-chance.dk\/?product=bordlampe-kathleen-30x52cm-soelv","og_site_name":"LASTCHANCE Deals | Danmark","article_modified_time":"2025-09-19T17:35:59+00:00","og_image":[{"width":790,"height":701,"url":"https:\/\/last-chance.dk\/wp-content\/uploads\/2024\/08\/kathleen1.jpg","type":"image\/jpeg"}],"twitter_card":"summary_large_image","twitter_misc":{"Estimeret l\u00e6setid":"1 minut"},"schema":{"@context":"https:\/\/schema.org","@graph":[{"@type":"WebPage","@id":"https:\/\/last-chance.dk\/?product=bordlampe-kathleen-30x52cm-soelv","url":"https:\/\/last-chance.dk\/?product=bordlampe-kathleen-30x52cm-soelv","name":"Bordlampe Kathleen 30x52cm s\u00f8lv - LASTCHANCE Deals | Danmark","isPartOf":{"@id":"https:\/\/last-chance.dk\/#website"},"primaryImageOfPage":{"@id":"https:\/\/last-chance.dk\/?product=bordlampe-kathleen-30x52cm-soelv#primaryimage"},"image":{"@id":"https:\/\/last-chance.dk\/?product=bordlampe-kathleen-30x52cm-soelv#primaryimage"},"thumbnailUrl":"https:\/\/last-chance.dk\/wp-content\/uploads\/2024\/08\/kathleen1.jpg","datePublished":"2024-08-02T21:06:43+00:00","dateModified":"2025-09-19T17:35:59+00:00","breadcrumb":{"@id":"https:\/\/last-chance.dk\/?product=bordlampe-kathleen-30x52cm-soelv#breadcrumb"},"inLanguage":"da-DK","potentialAction":[{"@type":"ReadAction","target":["https:\/\/last-chance.dk\/?product=bordlampe-kathleen-30x52cm-soelv"]}]},{"@type":"ImageObject","inLanguage":"da-DK","@id":"https:\/\/last-chance.dk\/?product=bordlampe-kathleen-30x52cm-soelv#primaryimage","url":"https:\/\/last-chance.dk\/wp-content\/uploads\/2024\/08\/kathleen1.jpg","contentUrl":"https:\/\/last-chance.dk\/wp-content\/uploads\/2024\/08\/kathleen1.jpg","width":790,"height":701},{"@type":"BreadcrumbList","@id":"https:\/\/last-chance.dk\/?product=bordlampe-kathleen-30x52cm-soelv#breadcrumb","itemListElement":[{"@type":"ListItem","position":1,"name":"Home","item":"https:\/\/last-chance.dk\/"},{"@type":"ListItem","position":2,"name":"Bordlampe Kathleen 30x52cm s\u00f8lv"}]},{"@type":"WebSite","@id":"https:\/\/last-chance.dk\/#website","url":"https:\/\/last-chance.dk\/","name":"LASTCHANCE Deals | Danmark","description":"LASTCHANCE Deals | Danmark","publisher":{"@id":"https:\/\/last-chance.dk\/#organization"},"potentialAction":[{"@type":"SearchAction","target":{"@type":"EntryPoint","urlTemplate":"https:\/\/last-chance.dk\/?s={search_term_string}"},"query-input":{"@type":"PropertyValueSpecification","valueRequired":true,"valueName":"search_term_string"}}],"inLanguage":"da-DK"},{"@type":"Organization","@id":"https:\/\/last-chance.dk\/#organization","name":"LASTCHANCE Deals | Danmark","url":"https:\/\/last-chance.dk\/","logo":{"@type":"ImageObject","inLanguage":"da-DK","@id":"https:\/\/last-chance.dk\/#\/schema\/logo\/image\/","url":"https:\/\/last-chance.dk\/wp-content\/uploads\/2023\/10\/lastchancedeals_logo_dk_white.png","contentUrl":"https:\/\/last-chance.dk\/wp-content\/uploads\/2023\/10\/lastchancedeals_logo_dk_white.png","width":470,"height":110,"caption":"LASTCHANCE Deals | Danmark"},"image":{"@id":"https:\/\/last-chance.dk\/#\/schema\/logo\/image\/"}}]}},"_links":{"self":[{"href":"https:\/\/last-chance.dk\/index.php?rest_route=\/wp\/v2\/product\/15649","targetHints":{"allow":["GET"]}}],"collection":[{"href":"https:\/\/last-chance.dk\/index.php?rest_route=\/wp\/v2\/product"}],"about":[{"href":"https:\/\/last-chance.dk\/index.php?rest_route=\/wp\/v2\/types\/product"}],"replies":[{"embeddable":true,"href":"https:\/\/last-chance.dk\/index.php?rest_route=%2Fwp%2Fv2%2Fcomments&post=15649"}],"wp:featuredmedia":[{"embeddable":true,"href":"https:\/\/last-chance.dk\/index.php?rest_route=\/wp\/v2\/media\/15648"}],"wp:attachment":[{"href":"https:\/\/last-chance.dk\/index.php?rest_route=%2Fwp%2Fv2%2Fmedia&parent=15649"}],"wp:term":[{"taxonomy":"product_brand","embeddable":true,"href":"https:\/\/last-chance.dk\/index.php?rest_route=%2Fwp%2Fv2%2Fproduct_brand&post=15649"},{"taxonomy":"product_cat","embeddable":true,"href":"https:\/\/last-chance.dk\/index.php?rest_route=%2Fwp%2Fv2%2Fproduct_cat&post=15649"},{"taxonomy":"product_tag","embeddable":true,"href":"https:\/\/last-chance.dk\/index.php?rest_route=%2Fwp%2Fv2%2Fproduct_tag&post=15649"}],"curies":[{"name":"wp","href":"https:\/\/api.w.org\/{rel}","templated":true}]}}