{"id":15653,"date":"2024-08-02T21:06:58","date_gmt":"2024-08-02T21:06:58","guid":{"rendered":"https:\/\/www.lastchance.deals\/dk\/produkt\/taeppe-nicole-160x230cm-hvid-graa\/"},"modified":"2024-08-02T21:06:58","modified_gmt":"2024-08-02T21:06:58","slug":"taeppe-nicole-160x230cm-hvid-graa","status":"publish","type":"product","link":"https:\/\/last-chance.dk\/?product=taeppe-nicole-160x230cm-hvid-graa","title":{"rendered":"T\u00e6ppe Nicole 160x230cm hvid-gr\u00e5"},"content":{"rendered":"<p>Er du p\u00e5 udkig efter et smukt og hyggeligt t\u00e6ppe til dit hjem? S\u00e5 er t\u00e6ppet Nicole fra ForrestDecor det perfekte valg for dig. Dette t\u00e6ppe har et klassisk design med et elegant hvid-gr\u00e5 m\u00f8nster, der passer til enhver indretning. T\u00e6ppet er lavet af polyester, et bl\u00f8dt og slidst\u00e6rkt materiale, der er nemt at reng\u00f8re og vedligeholde. T\u00e6ppet har en st\u00f8rrelse p\u00e5 160x230cm, s\u00e5 det d\u00e6kker et stort omr\u00e5de af dit gulv og skaber en varm og indbydende atmosf\u00e6re. T\u00e6ppet har en garanti p\u00e5 6 m\u00e5neder, s\u00e5 du kan v\u00e6re sikker p\u00e5 at f\u00e5 et kvalitetsprodukt fra ForrestDecor, en f\u00f8rende fabrikant af hjemmetekstiler. Bestil dit t\u00e6ppe Nicole i dag og g\u00f8r dit hjem mere komfortabelt og stilfuldt.<\/p>\n<p><\/p>\n<p>Leveringstid: Leveringstid 1 uge<br \/>\nStil: klassisk<br \/>\nMateriale: polyester<br \/>\nFarve: hvid-gr\u00e5<br \/>\nUdvendige dimensioner: 160x230cm<br \/>\nGaranti: 6 m\u00e5neder<br \/>\nFabrikant: ForrestDecor<\/p>\n","protected":false},"excerpt":{"rendered":"<p>Er du p\u00e5 udkig efter et smukt og hyggeligt t\u00e6ppe til dit hjem? S\u00e5 er t\u00e6ppet Nicole fra ForrestDecor det perfekte valg for dig. Dette t\u00e6ppe har et klassisk design med et elegant hvid-gr\u00e5 m\u00f8nster, der passer til enhver indretning. T\u00e6ppet er lavet af polyester, et bl\u00f8dt og slidst\u00e6rkt materiale, der er nemt at reng\u00f8re [&hellip;]<\/p>\n","protected":false},"featured_media":15650,"comment_status":"open","ping_status":"closed","template":"","meta":[],"product_brand":[],"product_cat":[222],"product_tag":[],"class_list":{"0":"post-15653","1":"product","2":"type-product","3":"status-publish","4":"has-post-thumbnail","6":"product_cat-bath-mats-rugs","8":"first","9":"instock","10":"shipping-taxable","11":"purchasable","12":"product-type-simple"},"yoast_head":"<!-- This site is optimized with the Yoast SEO plugin v24.8.1 - https:\/\/yoast.com\/wordpress\/plugins\/seo\/ -->\n<title>T\u00e6ppe Nicole 160x230cm hvid-gr\u00e5 - LASTCHANCE Deals | Danmark<\/title>\n<meta name=\"robots\" content=\"index, follow, max-snippet:-1, max-image-preview:large, max-video-preview:-1\" \/>\n<link rel=\"canonical\" href=\"https:\/\/last-chance.dk\/?product=taeppe-nicole-160x230cm-hvid-graa\" \/>\n<meta property=\"og:locale\" content=\"da_DK\" \/>\n<meta property=\"og:type\" content=\"article\" \/>\n<meta property=\"og:title\" content=\"T\u00e6ppe Nicole 160x230cm hvid-gr\u00e5 - LASTCHANCE Deals | Danmark\" \/>\n<meta property=\"og:description\" content=\"Er du p\u00e5 udkig efter et smukt og hyggeligt t\u00e6ppe til dit hjem? S\u00e5 er t\u00e6ppet Nicole fra ForrestDecor det perfekte valg for dig. Dette t\u00e6ppe har et klassisk design med et elegant hvid-gr\u00e5 m\u00f8nster, der passer til enhver indretning. T\u00e6ppet er lavet af polyester, et bl\u00f8dt og slidst\u00e6rkt materiale, der er nemt at reng\u00f8re [&hellip;]\" \/>\n<meta property=\"og:url\" content=\"https:\/\/last-chance.dk\/?product=taeppe-nicole-160x230cm-hvid-graa\" \/>\n<meta property=\"og:site_name\" content=\"LASTCHANCE Deals | Danmark\" \/>\n<meta property=\"og:image\" content=\"https:\/\/last-chance.dk\/wp-content\/uploads\/2024\/08\/nicole1_1.jpg\" \/>\n\t<meta property=\"og:image:width\" content=\"800\" \/>\n\t<meta property=\"og:image:height\" content=\"800\" \/>\n\t<meta property=\"og:image:type\" content=\"image\/jpeg\" \/>\n<meta name=\"twitter:card\" content=\"summary_large_image\" \/>\n<meta name=\"twitter:label1\" content=\"Estimeret l\u00e6setid\" \/>\n\t<meta name=\"twitter:data1\" content=\"1 minut\" \/>\n<script type=\"application\/ld+json\" class=\"yoast-schema-graph\">{\"@context\":\"https:\/\/schema.org\",\"@graph\":[{\"@type\":\"WebPage\",\"@id\":\"https:\/\/last-chance.dk\/?product=taeppe-nicole-160x230cm-hvid-graa\",\"url\":\"https:\/\/last-chance.dk\/?product=taeppe-nicole-160x230cm-hvid-graa\",\"name\":\"T\u00e6ppe Nicole 160x230cm hvid-gr\u00e5 - LASTCHANCE Deals | Danmark\",\"isPartOf\":{\"@id\":\"https:\/\/last-chance.dk\/#website\"},\"primaryImageOfPage\":{\"@id\":\"https:\/\/last-chance.dk\/?product=taeppe-nicole-160x230cm-hvid-graa#primaryimage\"},\"image\":{\"@id\":\"https:\/\/last-chance.dk\/?product=taeppe-nicole-160x230cm-hvid-graa#primaryimage\"},\"thumbnailUrl\":\"https:\/\/last-chance.dk\/wp-content\/uploads\/2024\/08\/nicole1_1.jpg\",\"datePublished\":\"2024-08-02T21:06:58+00:00\",\"breadcrumb\":{\"@id\":\"https:\/\/last-chance.dk\/?product=taeppe-nicole-160x230cm-hvid-graa#breadcrumb\"},\"inLanguage\":\"da-DK\",\"potentialAction\":[{\"@type\":\"ReadAction\",\"target\":[\"https:\/\/last-chance.dk\/?product=taeppe-nicole-160x230cm-hvid-graa\"]}]},{\"@type\":\"ImageObject\",\"inLanguage\":\"da-DK\",\"@id\":\"https:\/\/last-chance.dk\/?product=taeppe-nicole-160x230cm-hvid-graa#primaryimage\",\"url\":\"https:\/\/last-chance.dk\/wp-content\/uploads\/2024\/08\/nicole1_1.jpg\",\"contentUrl\":\"https:\/\/last-chance.dk\/wp-content\/uploads\/2024\/08\/nicole1_1.jpg\",\"width\":800,\"height\":800},{\"@type\":\"BreadcrumbList\",\"@id\":\"https:\/\/last-chance.dk\/?product=taeppe-nicole-160x230cm-hvid-graa#breadcrumb\",\"itemListElement\":[{\"@type\":\"ListItem\",\"position\":1,\"name\":\"Home\",\"item\":\"https:\/\/last-chance.dk\/\"},{\"@type\":\"ListItem\",\"position\":2,\"name\":\"T\u00e6ppe Nicole 160x230cm hvid-gr\u00e5\"}]},{\"@type\":\"WebSite\",\"@id\":\"https:\/\/last-chance.dk\/#website\",\"url\":\"https:\/\/last-chance.dk\/\",\"name\":\"LASTCHANCE Deals | Danmark\",\"description\":\"LASTCHANCE Deals | Danmark\",\"publisher\":{\"@id\":\"https:\/\/last-chance.dk\/#organization\"},\"potentialAction\":[{\"@type\":\"SearchAction\",\"target\":{\"@type\":\"EntryPoint\",\"urlTemplate\":\"https:\/\/last-chance.dk\/?s={search_term_string}\"},\"query-input\":{\"@type\":\"PropertyValueSpecification\",\"valueRequired\":true,\"valueName\":\"search_term_string\"}}],\"inLanguage\":\"da-DK\"},{\"@type\":\"Organization\",\"@id\":\"https:\/\/last-chance.dk\/#organization\",\"name\":\"LASTCHANCE Deals | Danmark\",\"url\":\"https:\/\/last-chance.dk\/\",\"logo\":{\"@type\":\"ImageObject\",\"inLanguage\":\"da-DK\",\"@id\":\"https:\/\/last-chance.dk\/#\/schema\/logo\/image\/\",\"url\":\"https:\/\/last-chance.dk\/wp-content\/uploads\/2023\/10\/lastchancedeals_logo_dk_white.png\",\"contentUrl\":\"https:\/\/last-chance.dk\/wp-content\/uploads\/2023\/10\/lastchancedeals_logo_dk_white.png\",\"width\":470,\"height\":110,\"caption\":\"LASTCHANCE Deals | Danmark\"},\"image\":{\"@id\":\"https:\/\/last-chance.dk\/#\/schema\/logo\/image\/\"}}]}<\/script>\n<!-- \/ Yoast SEO plugin. -->","yoast_head_json":{"title":"T\u00e6ppe Nicole 160x230cm hvid-gr\u00e5 - LASTCHANCE Deals | Danmark","robots":{"index":"index","follow":"follow","max-snippet":"max-snippet:-1","max-image-preview":"max-image-preview:large","max-video-preview":"max-video-preview:-1"},"canonical":"https:\/\/last-chance.dk\/?product=taeppe-nicole-160x230cm-hvid-graa","og_locale":"da_DK","og_type":"article","og_title":"T\u00e6ppe Nicole 160x230cm hvid-gr\u00e5 - LASTCHANCE Deals | Danmark","og_description":"Er du p\u00e5 udkig efter et smukt og hyggeligt t\u00e6ppe til dit hjem? S\u00e5 er t\u00e6ppet Nicole fra ForrestDecor det perfekte valg for dig. Dette t\u00e6ppe har et klassisk design med et elegant hvid-gr\u00e5 m\u00f8nster, der passer til enhver indretning. T\u00e6ppet er lavet af polyester, et bl\u00f8dt og slidst\u00e6rkt materiale, der er nemt at reng\u00f8re [&hellip;]","og_url":"https:\/\/last-chance.dk\/?product=taeppe-nicole-160x230cm-hvid-graa","og_site_name":"LASTCHANCE Deals | Danmark","og_image":[{"width":800,"height":800,"url":"https:\/\/last-chance.dk\/wp-content\/uploads\/2024\/08\/nicole1_1.jpg","type":"image\/jpeg"}],"twitter_card":"summary_large_image","twitter_misc":{"Estimeret l\u00e6setid":"1 minut"},"schema":{"@context":"https:\/\/schema.org","@graph":[{"@type":"WebPage","@id":"https:\/\/last-chance.dk\/?product=taeppe-nicole-160x230cm-hvid-graa","url":"https:\/\/last-chance.dk\/?product=taeppe-nicole-160x230cm-hvid-graa","name":"T\u00e6ppe Nicole 160x230cm hvid-gr\u00e5 - LASTCHANCE Deals | Danmark","isPartOf":{"@id":"https:\/\/last-chance.dk\/#website"},"primaryImageOfPage":{"@id":"https:\/\/last-chance.dk\/?product=taeppe-nicole-160x230cm-hvid-graa#primaryimage"},"image":{"@id":"https:\/\/last-chance.dk\/?product=taeppe-nicole-160x230cm-hvid-graa#primaryimage"},"thumbnailUrl":"https:\/\/last-chance.dk\/wp-content\/uploads\/2024\/08\/nicole1_1.jpg","datePublished":"2024-08-02T21:06:58+00:00","breadcrumb":{"@id":"https:\/\/last-chance.dk\/?product=taeppe-nicole-160x230cm-hvid-graa#breadcrumb"},"inLanguage":"da-DK","potentialAction":[{"@type":"ReadAction","target":["https:\/\/last-chance.dk\/?product=taeppe-nicole-160x230cm-hvid-graa"]}]},{"@type":"ImageObject","inLanguage":"da-DK","@id":"https:\/\/last-chance.dk\/?product=taeppe-nicole-160x230cm-hvid-graa#primaryimage","url":"https:\/\/last-chance.dk\/wp-content\/uploads\/2024\/08\/nicole1_1.jpg","contentUrl":"https:\/\/last-chance.dk\/wp-content\/uploads\/2024\/08\/nicole1_1.jpg","width":800,"height":800},{"@type":"BreadcrumbList","@id":"https:\/\/last-chance.dk\/?product=taeppe-nicole-160x230cm-hvid-graa#breadcrumb","itemListElement":[{"@type":"ListItem","position":1,"name":"Home","item":"https:\/\/last-chance.dk\/"},{"@type":"ListItem","position":2,"name":"T\u00e6ppe Nicole 160x230cm hvid-gr\u00e5"}]},{"@type":"WebSite","@id":"https:\/\/last-chance.dk\/#website","url":"https:\/\/last-chance.dk\/","name":"LASTCHANCE Deals | Danmark","description":"LASTCHANCE Deals | Danmark","publisher":{"@id":"https:\/\/last-chance.dk\/#organization"},"potentialAction":[{"@type":"SearchAction","target":{"@type":"EntryPoint","urlTemplate":"https:\/\/last-chance.dk\/?s={search_term_string}"},"query-input":{"@type":"PropertyValueSpecification","valueRequired":true,"valueName":"search_term_string"}}],"inLanguage":"da-DK"},{"@type":"Organization","@id":"https:\/\/last-chance.dk\/#organization","name":"LASTCHANCE Deals | Danmark","url":"https:\/\/last-chance.dk\/","logo":{"@type":"ImageObject","inLanguage":"da-DK","@id":"https:\/\/last-chance.dk\/#\/schema\/logo\/image\/","url":"https:\/\/last-chance.dk\/wp-content\/uploads\/2023\/10\/lastchancedeals_logo_dk_white.png","contentUrl":"https:\/\/last-chance.dk\/wp-content\/uploads\/2023\/10\/lastchancedeals_logo_dk_white.png","width":470,"height":110,"caption":"LASTCHANCE Deals | Danmark"},"image":{"@id":"https:\/\/last-chance.dk\/#\/schema\/logo\/image\/"}}]}},"_links":{"self":[{"href":"https:\/\/last-chance.dk\/index.php?rest_route=\/wp\/v2\/product\/15653","targetHints":{"allow":["GET"]}}],"collection":[{"href":"https:\/\/last-chance.dk\/index.php?rest_route=\/wp\/v2\/product"}],"about":[{"href":"https:\/\/last-chance.dk\/index.php?rest_route=\/wp\/v2\/types\/product"}],"replies":[{"embeddable":true,"href":"https:\/\/last-chance.dk\/index.php?rest_route=%2Fwp%2Fv2%2Fcomments&post=15653"}],"wp:featuredmedia":[{"embeddable":true,"href":"https:\/\/last-chance.dk\/index.php?rest_route=\/wp\/v2\/media\/15650"}],"wp:attachment":[{"href":"https:\/\/last-chance.dk\/index.php?rest_route=%2Fwp%2Fv2%2Fmedia&parent=15653"}],"wp:term":[{"taxonomy":"product_brand","embeddable":true,"href":"https:\/\/last-chance.dk\/index.php?rest_route=%2Fwp%2Fv2%2Fproduct_brand&post=15653"},{"taxonomy":"product_cat","embeddable":true,"href":"https:\/\/last-chance.dk\/index.php?rest_route=%2Fwp%2Fv2%2Fproduct_cat&post=15653"},{"taxonomy":"product_tag","embeddable":true,"href":"https:\/\/last-chance.dk\/index.php?rest_route=%2Fwp%2Fv2%2Fproduct_tag&post=15653"}],"curies":[{"name":"wp","href":"https:\/\/api.w.org\/{rel}","templated":true}]}}