{"id":15655,"date":"2024-08-02T21:07:13","date_gmt":"2024-08-02T21:07:13","guid":{"rendered":"https:\/\/www.lastchance.deals\/dk\/produkt\/taeppe-arman-200x300cm-sort\/"},"modified":"2024-08-02T21:07:13","modified_gmt":"2024-08-02T21:07:13","slug":"taeppe-arman-200x300cm-sort","status":"publish","type":"product","link":"https:\/\/last-chance.dk\/?product=taeppe-arman-200x300cm-sort","title":{"rendered":"T\u00e6ppe Arman 200X300cm sort"},"content":{"rendered":"<p>Leder du efter et klassisk og elegant t\u00e6ppe til din stue, sovev\u00e6relse eller kontor? S\u00e5 er t\u00e6ppet Arman fra ForrestDecor det perfekte valg for dig. Dette t\u00e6ppe er lavet af polyester, et slidst\u00e6rkt og bl\u00f8dt materiale, der er nemt at reng\u00f8re og vedligeholde. T\u00e6ppet har en smuk sort farve, der passer til enhver indretning og skaber en hyggelig atmosf\u00e6re i dit rum. T\u00e6ppet m\u00e5ler 200X300cm, s\u00e5 det d\u00e6kker et stort omr\u00e5de og giver dig komfort og varme under dine f\u00f8dder. T\u00e6ppet har ogs\u00e5 en garanti p\u00e5 6 m\u00e5neder, s\u00e5 du kan v\u00e6re sikker p\u00e5 dets kvalitet og holdbarhed. Bestil dit t\u00e6ppe Arman fra ForrestDecor i dag og nyd et stilfuldt og behageligt t\u00e6ppe i dit hjem.<\/p>\n<p><\/p>\n<p>Leveringstid: Leveringstid 1 uge<br \/>\nStil: klassisk<br \/>\nMateriale: polyester<br \/>\nFarve: sort<br \/>\nUdvendige dimensioner: 200X300cm<br \/>\nGaranti: 6 m\u00e5neder<br \/>\nFabrikant: ForrestDecor<\/p>\n","protected":false},"excerpt":{"rendered":"<p>Leder du efter et klassisk og elegant t\u00e6ppe til din stue, sovev\u00e6relse eller kontor? S\u00e5 er t\u00e6ppet Arman fra ForrestDecor det perfekte valg for dig. Dette t\u00e6ppe er lavet af polyester, et slidst\u00e6rkt og bl\u00f8dt materiale, der er nemt at reng\u00f8re og vedligeholde. T\u00e6ppet har en smuk sort farve, der passer til enhver indretning og [&hellip;]<\/p>\n","protected":false},"featured_media":15654,"comment_status":"open","ping_status":"closed","template":"","meta":[],"product_brand":[],"product_cat":[222],"product_tag":[],"class_list":{"0":"post-15655","1":"product","2":"type-product","3":"status-publish","4":"has-post-thumbnail","6":"product_cat-bath-mats-rugs","8":"first","9":"instock","10":"shipping-taxable","11":"purchasable","12":"product-type-simple"},"yoast_head":"<!-- This site is optimized with the Yoast SEO plugin v24.8.1 - https:\/\/yoast.com\/wordpress\/plugins\/seo\/ -->\n<title>T\u00e6ppe Arman 200X300cm sort - LASTCHANCE Deals | Danmark<\/title>\n<meta name=\"robots\" content=\"index, follow, max-snippet:-1, max-image-preview:large, max-video-preview:-1\" \/>\n<link rel=\"canonical\" href=\"https:\/\/last-chance.dk\/?product=taeppe-arman-200x300cm-sort\" \/>\n<meta property=\"og:locale\" content=\"da_DK\" \/>\n<meta property=\"og:type\" content=\"article\" \/>\n<meta property=\"og:title\" content=\"T\u00e6ppe Arman 200X300cm sort - LASTCHANCE Deals | Danmark\" \/>\n<meta property=\"og:description\" content=\"Leder du efter et klassisk og elegant t\u00e6ppe til din stue, sovev\u00e6relse eller kontor? S\u00e5 er t\u00e6ppet Arman fra ForrestDecor det perfekte valg for dig. Dette t\u00e6ppe er lavet af polyester, et slidst\u00e6rkt og bl\u00f8dt materiale, der er nemt at reng\u00f8re og vedligeholde. T\u00e6ppet har en smuk sort farve, der passer til enhver indretning og [&hellip;]\" \/>\n<meta property=\"og:url\" content=\"https:\/\/last-chance.dk\/?product=taeppe-arman-200x300cm-sort\" \/>\n<meta property=\"og:site_name\" content=\"LASTCHANCE Deals | Danmark\" \/>\n<meta property=\"og:image\" content=\"https:\/\/last-chance.dk\/wp-content\/uploads\/2024\/08\/arman.jpg\" \/>\n\t<meta property=\"og:image:width\" content=\"742\" \/>\n\t<meta property=\"og:image:height\" content=\"659\" \/>\n\t<meta property=\"og:image:type\" content=\"image\/jpeg\" \/>\n<meta name=\"twitter:card\" content=\"summary_large_image\" \/>\n<meta name=\"twitter:label1\" content=\"Estimeret l\u00e6setid\" \/>\n\t<meta name=\"twitter:data1\" content=\"1 minut\" \/>\n<script type=\"application\/ld+json\" class=\"yoast-schema-graph\">{\"@context\":\"https:\/\/schema.org\",\"@graph\":[{\"@type\":\"WebPage\",\"@id\":\"https:\/\/last-chance.dk\/?product=taeppe-arman-200x300cm-sort\",\"url\":\"https:\/\/last-chance.dk\/?product=taeppe-arman-200x300cm-sort\",\"name\":\"T\u00e6ppe Arman 200X300cm sort - LASTCHANCE Deals | Danmark\",\"isPartOf\":{\"@id\":\"https:\/\/last-chance.dk\/#website\"},\"primaryImageOfPage\":{\"@id\":\"https:\/\/last-chance.dk\/?product=taeppe-arman-200x300cm-sort#primaryimage\"},\"image\":{\"@id\":\"https:\/\/last-chance.dk\/?product=taeppe-arman-200x300cm-sort#primaryimage\"},\"thumbnailUrl\":\"https:\/\/last-chance.dk\/wp-content\/uploads\/2024\/08\/arman.jpg\",\"datePublished\":\"2024-08-02T21:07:13+00:00\",\"breadcrumb\":{\"@id\":\"https:\/\/last-chance.dk\/?product=taeppe-arman-200x300cm-sort#breadcrumb\"},\"inLanguage\":\"da-DK\",\"potentialAction\":[{\"@type\":\"ReadAction\",\"target\":[\"https:\/\/last-chance.dk\/?product=taeppe-arman-200x300cm-sort\"]}]},{\"@type\":\"ImageObject\",\"inLanguage\":\"da-DK\",\"@id\":\"https:\/\/last-chance.dk\/?product=taeppe-arman-200x300cm-sort#primaryimage\",\"url\":\"https:\/\/last-chance.dk\/wp-content\/uploads\/2024\/08\/arman.jpg\",\"contentUrl\":\"https:\/\/last-chance.dk\/wp-content\/uploads\/2024\/08\/arman.jpg\",\"width\":742,\"height\":659},{\"@type\":\"BreadcrumbList\",\"@id\":\"https:\/\/last-chance.dk\/?product=taeppe-arman-200x300cm-sort#breadcrumb\",\"itemListElement\":[{\"@type\":\"ListItem\",\"position\":1,\"name\":\"Home\",\"item\":\"https:\/\/last-chance.dk\/\"},{\"@type\":\"ListItem\",\"position\":2,\"name\":\"T\u00e6ppe Arman 200X300cm sort\"}]},{\"@type\":\"WebSite\",\"@id\":\"https:\/\/last-chance.dk\/#website\",\"url\":\"https:\/\/last-chance.dk\/\",\"name\":\"LASTCHANCE Deals | Danmark\",\"description\":\"LASTCHANCE Deals | Danmark\",\"publisher\":{\"@id\":\"https:\/\/last-chance.dk\/#organization\"},\"potentialAction\":[{\"@type\":\"SearchAction\",\"target\":{\"@type\":\"EntryPoint\",\"urlTemplate\":\"https:\/\/last-chance.dk\/?s={search_term_string}\"},\"query-input\":{\"@type\":\"PropertyValueSpecification\",\"valueRequired\":true,\"valueName\":\"search_term_string\"}}],\"inLanguage\":\"da-DK\"},{\"@type\":\"Organization\",\"@id\":\"https:\/\/last-chance.dk\/#organization\",\"name\":\"LASTCHANCE Deals | Danmark\",\"url\":\"https:\/\/last-chance.dk\/\",\"logo\":{\"@type\":\"ImageObject\",\"inLanguage\":\"da-DK\",\"@id\":\"https:\/\/last-chance.dk\/#\/schema\/logo\/image\/\",\"url\":\"https:\/\/last-chance.dk\/wp-content\/uploads\/2023\/10\/lastchancedeals_logo_dk_white.png\",\"contentUrl\":\"https:\/\/last-chance.dk\/wp-content\/uploads\/2023\/10\/lastchancedeals_logo_dk_white.png\",\"width\":470,\"height\":110,\"caption\":\"LASTCHANCE Deals | Danmark\"},\"image\":{\"@id\":\"https:\/\/last-chance.dk\/#\/schema\/logo\/image\/\"}}]}<\/script>\n<!-- \/ Yoast SEO plugin. -->","yoast_head_json":{"title":"T\u00e6ppe Arman 200X300cm sort - LASTCHANCE Deals | Danmark","robots":{"index":"index","follow":"follow","max-snippet":"max-snippet:-1","max-image-preview":"max-image-preview:large","max-video-preview":"max-video-preview:-1"},"canonical":"https:\/\/last-chance.dk\/?product=taeppe-arman-200x300cm-sort","og_locale":"da_DK","og_type":"article","og_title":"T\u00e6ppe Arman 200X300cm sort - LASTCHANCE Deals | Danmark","og_description":"Leder du efter et klassisk og elegant t\u00e6ppe til din stue, sovev\u00e6relse eller kontor? S\u00e5 er t\u00e6ppet Arman fra ForrestDecor det perfekte valg for dig. Dette t\u00e6ppe er lavet af polyester, et slidst\u00e6rkt og bl\u00f8dt materiale, der er nemt at reng\u00f8re og vedligeholde. T\u00e6ppet har en smuk sort farve, der passer til enhver indretning og [&hellip;]","og_url":"https:\/\/last-chance.dk\/?product=taeppe-arman-200x300cm-sort","og_site_name":"LASTCHANCE Deals | Danmark","og_image":[{"width":742,"height":659,"url":"https:\/\/last-chance.dk\/wp-content\/uploads\/2024\/08\/arman.jpg","type":"image\/jpeg"}],"twitter_card":"summary_large_image","twitter_misc":{"Estimeret l\u00e6setid":"1 minut"},"schema":{"@context":"https:\/\/schema.org","@graph":[{"@type":"WebPage","@id":"https:\/\/last-chance.dk\/?product=taeppe-arman-200x300cm-sort","url":"https:\/\/last-chance.dk\/?product=taeppe-arman-200x300cm-sort","name":"T\u00e6ppe Arman 200X300cm sort - LASTCHANCE Deals | Danmark","isPartOf":{"@id":"https:\/\/last-chance.dk\/#website"},"primaryImageOfPage":{"@id":"https:\/\/last-chance.dk\/?product=taeppe-arman-200x300cm-sort#primaryimage"},"image":{"@id":"https:\/\/last-chance.dk\/?product=taeppe-arman-200x300cm-sort#primaryimage"},"thumbnailUrl":"https:\/\/last-chance.dk\/wp-content\/uploads\/2024\/08\/arman.jpg","datePublished":"2024-08-02T21:07:13+00:00","breadcrumb":{"@id":"https:\/\/last-chance.dk\/?product=taeppe-arman-200x300cm-sort#breadcrumb"},"inLanguage":"da-DK","potentialAction":[{"@type":"ReadAction","target":["https:\/\/last-chance.dk\/?product=taeppe-arman-200x300cm-sort"]}]},{"@type":"ImageObject","inLanguage":"da-DK","@id":"https:\/\/last-chance.dk\/?product=taeppe-arman-200x300cm-sort#primaryimage","url":"https:\/\/last-chance.dk\/wp-content\/uploads\/2024\/08\/arman.jpg","contentUrl":"https:\/\/last-chance.dk\/wp-content\/uploads\/2024\/08\/arman.jpg","width":742,"height":659},{"@type":"BreadcrumbList","@id":"https:\/\/last-chance.dk\/?product=taeppe-arman-200x300cm-sort#breadcrumb","itemListElement":[{"@type":"ListItem","position":1,"name":"Home","item":"https:\/\/last-chance.dk\/"},{"@type":"ListItem","position":2,"name":"T\u00e6ppe Arman 200X300cm sort"}]},{"@type":"WebSite","@id":"https:\/\/last-chance.dk\/#website","url":"https:\/\/last-chance.dk\/","name":"LASTCHANCE Deals | Danmark","description":"LASTCHANCE Deals | Danmark","publisher":{"@id":"https:\/\/last-chance.dk\/#organization"},"potentialAction":[{"@type":"SearchAction","target":{"@type":"EntryPoint","urlTemplate":"https:\/\/last-chance.dk\/?s={search_term_string}"},"query-input":{"@type":"PropertyValueSpecification","valueRequired":true,"valueName":"search_term_string"}}],"inLanguage":"da-DK"},{"@type":"Organization","@id":"https:\/\/last-chance.dk\/#organization","name":"LASTCHANCE Deals | Danmark","url":"https:\/\/last-chance.dk\/","logo":{"@type":"ImageObject","inLanguage":"da-DK","@id":"https:\/\/last-chance.dk\/#\/schema\/logo\/image\/","url":"https:\/\/last-chance.dk\/wp-content\/uploads\/2023\/10\/lastchancedeals_logo_dk_white.png","contentUrl":"https:\/\/last-chance.dk\/wp-content\/uploads\/2023\/10\/lastchancedeals_logo_dk_white.png","width":470,"height":110,"caption":"LASTCHANCE Deals | Danmark"},"image":{"@id":"https:\/\/last-chance.dk\/#\/schema\/logo\/image\/"}}]}},"_links":{"self":[{"href":"https:\/\/last-chance.dk\/index.php?rest_route=\/wp\/v2\/product\/15655","targetHints":{"allow":["GET"]}}],"collection":[{"href":"https:\/\/last-chance.dk\/index.php?rest_route=\/wp\/v2\/product"}],"about":[{"href":"https:\/\/last-chance.dk\/index.php?rest_route=\/wp\/v2\/types\/product"}],"replies":[{"embeddable":true,"href":"https:\/\/last-chance.dk\/index.php?rest_route=%2Fwp%2Fv2%2Fcomments&post=15655"}],"wp:featuredmedia":[{"embeddable":true,"href":"https:\/\/last-chance.dk\/index.php?rest_route=\/wp\/v2\/media\/15654"}],"wp:attachment":[{"href":"https:\/\/last-chance.dk\/index.php?rest_route=%2Fwp%2Fv2%2Fmedia&parent=15655"}],"wp:term":[{"taxonomy":"product_brand","embeddable":true,"href":"https:\/\/last-chance.dk\/index.php?rest_route=%2Fwp%2Fv2%2Fproduct_brand&post=15655"},{"taxonomy":"product_cat","embeddable":true,"href":"https:\/\/last-chance.dk\/index.php?rest_route=%2Fwp%2Fv2%2Fproduct_cat&post=15655"},{"taxonomy":"product_tag","embeddable":true,"href":"https:\/\/last-chance.dk\/index.php?rest_route=%2Fwp%2Fv2%2Fproduct_tag&post=15655"}],"curies":[{"name":"wp","href":"https:\/\/api.w.org\/{rel}","templated":true}]}}