{"id":15666,"date":"2024-08-02T21:08:06","date_gmt":"2024-08-02T21:08:06","guid":{"rendered":"https:\/\/www.lastchance.deals\/dk\/produkt\/blomsterbord-blomsterstativ-anemone-45x22x20cm\/"},"modified":"2025-10-13T11:46:59","modified_gmt":"2025-10-13T11:46:59","slug":"blomsterbord-blomsterstativ-anemone-45x22x20cm","status":"publish","type":"product","link":"https:\/\/last-chance.dk\/?product=blomsterbord-blomsterstativ-anemone-45x22x20cm","title":{"rendered":"Blomsterbord blomsterstativ Anemone 45x22x20cm"},"content":{"rendered":"<p>Er du p\u00e5 udkig efter en smuk og praktisk m\u00e5de at vise dine blomster frem? S\u00e5 er blomsterbordet Anemone fra ForrestDecor det perfekte valg for dig. Dette elegante blomsterstativ er lavet af jern og har et rustikt og charmerende design, der passer til enhver have, terrasse eller balkon. Blomsterbordet Anemone har plads til tre potter eller krukker, s\u00e5 du kan skabe din egen personlige blomsterdekoration. Du kan ogs\u00e5 bruge det til at opbevare dine havev\u00e6rkt\u00f8jer, fr\u00f8poser eller andet tilbeh\u00f8r. Blomsterbordet Anemone er nemt at samle og flytte rundt efter behov. Det har en robust og holdbar konstruktion, der kan modst\u00e5 vind og vejr. Blomsterbordet Anemone har udvendige dimensioner p\u00e5 45x22x20cm og vejer kun 1,5 kg. Bestil dit blomsterbord Anemone i dag og giv dine blomster et flot og funktionelt hjem.<\/p>\n<p><\/p>\n<p>Leveringstid: Leveringstid 1 uge<br \/>\nUdvendige dimensioner: 45x22x20cm<br \/>\nFabrikant: ForrestDecor<br \/>\nMateriale: jern<\/p>\n","protected":false},"excerpt":{"rendered":"<p>Er du p\u00e5 udkig efter en smuk og praktisk m\u00e5de at vise dine blomster frem? S\u00e5 er blomsterbordet Anemone fra ForrestDecor det perfekte valg for dig. Dette elegante blomsterstativ er lavet af jern og har et rustikt og charmerende design, der passer til enhver have, terrasse eller balkon. Blomsterbordet Anemone har plads til tre potter [&hellip;]<\/p>\n","protected":false},"featured_media":15660,"comment_status":"open","ping_status":"closed","template":"","meta":[],"product_brand":[],"product_cat":[182],"product_tag":[],"class_list":{"0":"post-15666","1":"product","2":"type-product","3":"status-publish","4":"has-post-thumbnail","6":"product_cat-blombord","8":"first","9":"instock","10":"shipping-taxable","11":"purchasable","12":"product-type-simple"},"yoast_head":"<!-- This site is optimized with the Yoast SEO plugin v24.8.1 - https:\/\/yoast.com\/wordpress\/plugins\/seo\/ -->\n<title>Blomsterbord blomsterstativ Anemone 45x22x20cm - LASTCHANCE Deals | Danmark<\/title>\n<meta name=\"robots\" content=\"index, follow, max-snippet:-1, max-image-preview:large, max-video-preview:-1\" \/>\n<link rel=\"canonical\" href=\"https:\/\/last-chance.dk\/?product=blomsterbord-blomsterstativ-anemone-45x22x20cm\" \/>\n<meta property=\"og:locale\" content=\"da_DK\" \/>\n<meta property=\"og:type\" content=\"article\" \/>\n<meta property=\"og:title\" content=\"Blomsterbord blomsterstativ Anemone 45x22x20cm - LASTCHANCE Deals | Danmark\" \/>\n<meta property=\"og:description\" content=\"Er du p\u00e5 udkig efter en smuk og praktisk m\u00e5de at vise dine blomster frem? S\u00e5 er blomsterbordet Anemone fra ForrestDecor det perfekte valg for dig. Dette elegante blomsterstativ er lavet af jern og har et rustikt og charmerende design, der passer til enhver have, terrasse eller balkon. Blomsterbordet Anemone har plads til tre potter [&hellip;]\" \/>\n<meta property=\"og:url\" content=\"https:\/\/last-chance.dk\/?product=blomsterbord-blomsterstativ-anemone-45x22x20cm\" \/>\n<meta property=\"og:site_name\" content=\"LASTCHANCE Deals | Danmark\" \/>\n<meta property=\"article:modified_time\" content=\"2025-10-13T11:46:59+00:00\" \/>\n<meta property=\"og:image\" content=\"https:\/\/last-chance.dk\/wp-content\/uploads\/2024\/08\/anemone_white1.jpg\" \/>\n\t<meta property=\"og:image:width\" content=\"790\" \/>\n\t<meta property=\"og:image:height\" content=\"798\" \/>\n\t<meta property=\"og:image:type\" content=\"image\/jpeg\" \/>\n<meta name=\"twitter:card\" content=\"summary_large_image\" \/>\n<meta name=\"twitter:label1\" content=\"Estimeret l\u00e6setid\" \/>\n\t<meta name=\"twitter:data1\" content=\"1 minut\" \/>\n<script type=\"application\/ld+json\" class=\"yoast-schema-graph\">{\"@context\":\"https:\/\/schema.org\",\"@graph\":[{\"@type\":\"WebPage\",\"@id\":\"https:\/\/last-chance.dk\/?product=blomsterbord-blomsterstativ-anemone-45x22x20cm\",\"url\":\"https:\/\/last-chance.dk\/?product=blomsterbord-blomsterstativ-anemone-45x22x20cm\",\"name\":\"Blomsterbord blomsterstativ Anemone 45x22x20cm - LASTCHANCE Deals | Danmark\",\"isPartOf\":{\"@id\":\"https:\/\/last-chance.dk\/#website\"},\"primaryImageOfPage\":{\"@id\":\"https:\/\/last-chance.dk\/?product=blomsterbord-blomsterstativ-anemone-45x22x20cm#primaryimage\"},\"image\":{\"@id\":\"https:\/\/last-chance.dk\/?product=blomsterbord-blomsterstativ-anemone-45x22x20cm#primaryimage\"},\"thumbnailUrl\":\"https:\/\/last-chance.dk\/wp-content\/uploads\/2024\/08\/anemone_white1.jpg\",\"datePublished\":\"2024-08-02T21:08:06+00:00\",\"dateModified\":\"2025-10-13T11:46:59+00:00\",\"breadcrumb\":{\"@id\":\"https:\/\/last-chance.dk\/?product=blomsterbord-blomsterstativ-anemone-45x22x20cm#breadcrumb\"},\"inLanguage\":\"da-DK\",\"potentialAction\":[{\"@type\":\"ReadAction\",\"target\":[\"https:\/\/last-chance.dk\/?product=blomsterbord-blomsterstativ-anemone-45x22x20cm\"]}]},{\"@type\":\"ImageObject\",\"inLanguage\":\"da-DK\",\"@id\":\"https:\/\/last-chance.dk\/?product=blomsterbord-blomsterstativ-anemone-45x22x20cm#primaryimage\",\"url\":\"https:\/\/last-chance.dk\/wp-content\/uploads\/2024\/08\/anemone_white1.jpg\",\"contentUrl\":\"https:\/\/last-chance.dk\/wp-content\/uploads\/2024\/08\/anemone_white1.jpg\",\"width\":790,\"height\":798},{\"@type\":\"BreadcrumbList\",\"@id\":\"https:\/\/last-chance.dk\/?product=blomsterbord-blomsterstativ-anemone-45x22x20cm#breadcrumb\",\"itemListElement\":[{\"@type\":\"ListItem\",\"position\":1,\"name\":\"Home\",\"item\":\"https:\/\/last-chance.dk\/\"},{\"@type\":\"ListItem\",\"position\":2,\"name\":\"Blomsterbord blomsterstativ Anemone 45x22x20cm\"}]},{\"@type\":\"WebSite\",\"@id\":\"https:\/\/last-chance.dk\/#website\",\"url\":\"https:\/\/last-chance.dk\/\",\"name\":\"LASTCHANCE Deals | Danmark\",\"description\":\"LASTCHANCE Deals | Danmark\",\"publisher\":{\"@id\":\"https:\/\/last-chance.dk\/#organization\"},\"potentialAction\":[{\"@type\":\"SearchAction\",\"target\":{\"@type\":\"EntryPoint\",\"urlTemplate\":\"https:\/\/last-chance.dk\/?s={search_term_string}\"},\"query-input\":{\"@type\":\"PropertyValueSpecification\",\"valueRequired\":true,\"valueName\":\"search_term_string\"}}],\"inLanguage\":\"da-DK\"},{\"@type\":\"Organization\",\"@id\":\"https:\/\/last-chance.dk\/#organization\",\"name\":\"LASTCHANCE Deals | Danmark\",\"url\":\"https:\/\/last-chance.dk\/\",\"logo\":{\"@type\":\"ImageObject\",\"inLanguage\":\"da-DK\",\"@id\":\"https:\/\/last-chance.dk\/#\/schema\/logo\/image\/\",\"url\":\"https:\/\/last-chance.dk\/wp-content\/uploads\/2023\/10\/lastchancedeals_logo_dk_white.png\",\"contentUrl\":\"https:\/\/last-chance.dk\/wp-content\/uploads\/2023\/10\/lastchancedeals_logo_dk_white.png\",\"width\":470,\"height\":110,\"caption\":\"LASTCHANCE Deals | Danmark\"},\"image\":{\"@id\":\"https:\/\/last-chance.dk\/#\/schema\/logo\/image\/\"}}]}<\/script>\n<!-- \/ Yoast SEO plugin. -->","yoast_head_json":{"title":"Blomsterbord blomsterstativ Anemone 45x22x20cm - LASTCHANCE Deals | Danmark","robots":{"index":"index","follow":"follow","max-snippet":"max-snippet:-1","max-image-preview":"max-image-preview:large","max-video-preview":"max-video-preview:-1"},"canonical":"https:\/\/last-chance.dk\/?product=blomsterbord-blomsterstativ-anemone-45x22x20cm","og_locale":"da_DK","og_type":"article","og_title":"Blomsterbord blomsterstativ Anemone 45x22x20cm - LASTCHANCE Deals | Danmark","og_description":"Er du p\u00e5 udkig efter en smuk og praktisk m\u00e5de at vise dine blomster frem? S\u00e5 er blomsterbordet Anemone fra ForrestDecor det perfekte valg for dig. Dette elegante blomsterstativ er lavet af jern og har et rustikt og charmerende design, der passer til enhver have, terrasse eller balkon. Blomsterbordet Anemone har plads til tre potter [&hellip;]","og_url":"https:\/\/last-chance.dk\/?product=blomsterbord-blomsterstativ-anemone-45x22x20cm","og_site_name":"LASTCHANCE Deals | Danmark","article_modified_time":"2025-10-13T11:46:59+00:00","og_image":[{"width":790,"height":798,"url":"https:\/\/last-chance.dk\/wp-content\/uploads\/2024\/08\/anemone_white1.jpg","type":"image\/jpeg"}],"twitter_card":"summary_large_image","twitter_misc":{"Estimeret l\u00e6setid":"1 minut"},"schema":{"@context":"https:\/\/schema.org","@graph":[{"@type":"WebPage","@id":"https:\/\/last-chance.dk\/?product=blomsterbord-blomsterstativ-anemone-45x22x20cm","url":"https:\/\/last-chance.dk\/?product=blomsterbord-blomsterstativ-anemone-45x22x20cm","name":"Blomsterbord blomsterstativ Anemone 45x22x20cm - LASTCHANCE Deals | Danmark","isPartOf":{"@id":"https:\/\/last-chance.dk\/#website"},"primaryImageOfPage":{"@id":"https:\/\/last-chance.dk\/?product=blomsterbord-blomsterstativ-anemone-45x22x20cm#primaryimage"},"image":{"@id":"https:\/\/last-chance.dk\/?product=blomsterbord-blomsterstativ-anemone-45x22x20cm#primaryimage"},"thumbnailUrl":"https:\/\/last-chance.dk\/wp-content\/uploads\/2024\/08\/anemone_white1.jpg","datePublished":"2024-08-02T21:08:06+00:00","dateModified":"2025-10-13T11:46:59+00:00","breadcrumb":{"@id":"https:\/\/last-chance.dk\/?product=blomsterbord-blomsterstativ-anemone-45x22x20cm#breadcrumb"},"inLanguage":"da-DK","potentialAction":[{"@type":"ReadAction","target":["https:\/\/last-chance.dk\/?product=blomsterbord-blomsterstativ-anemone-45x22x20cm"]}]},{"@type":"ImageObject","inLanguage":"da-DK","@id":"https:\/\/last-chance.dk\/?product=blomsterbord-blomsterstativ-anemone-45x22x20cm#primaryimage","url":"https:\/\/last-chance.dk\/wp-content\/uploads\/2024\/08\/anemone_white1.jpg","contentUrl":"https:\/\/last-chance.dk\/wp-content\/uploads\/2024\/08\/anemone_white1.jpg","width":790,"height":798},{"@type":"BreadcrumbList","@id":"https:\/\/last-chance.dk\/?product=blomsterbord-blomsterstativ-anemone-45x22x20cm#breadcrumb","itemListElement":[{"@type":"ListItem","position":1,"name":"Home","item":"https:\/\/last-chance.dk\/"},{"@type":"ListItem","position":2,"name":"Blomsterbord blomsterstativ Anemone 45x22x20cm"}]},{"@type":"WebSite","@id":"https:\/\/last-chance.dk\/#website","url":"https:\/\/last-chance.dk\/","name":"LASTCHANCE Deals | Danmark","description":"LASTCHANCE Deals | Danmark","publisher":{"@id":"https:\/\/last-chance.dk\/#organization"},"potentialAction":[{"@type":"SearchAction","target":{"@type":"EntryPoint","urlTemplate":"https:\/\/last-chance.dk\/?s={search_term_string}"},"query-input":{"@type":"PropertyValueSpecification","valueRequired":true,"valueName":"search_term_string"}}],"inLanguage":"da-DK"},{"@type":"Organization","@id":"https:\/\/last-chance.dk\/#organization","name":"LASTCHANCE Deals | Danmark","url":"https:\/\/last-chance.dk\/","logo":{"@type":"ImageObject","inLanguage":"da-DK","@id":"https:\/\/last-chance.dk\/#\/schema\/logo\/image\/","url":"https:\/\/last-chance.dk\/wp-content\/uploads\/2023\/10\/lastchancedeals_logo_dk_white.png","contentUrl":"https:\/\/last-chance.dk\/wp-content\/uploads\/2023\/10\/lastchancedeals_logo_dk_white.png","width":470,"height":110,"caption":"LASTCHANCE Deals | Danmark"},"image":{"@id":"https:\/\/last-chance.dk\/#\/schema\/logo\/image\/"}}]}},"_links":{"self":[{"href":"https:\/\/last-chance.dk\/index.php?rest_route=\/wp\/v2\/product\/15666","targetHints":{"allow":["GET"]}}],"collection":[{"href":"https:\/\/last-chance.dk\/index.php?rest_route=\/wp\/v2\/product"}],"about":[{"href":"https:\/\/last-chance.dk\/index.php?rest_route=\/wp\/v2\/types\/product"}],"replies":[{"embeddable":true,"href":"https:\/\/last-chance.dk\/index.php?rest_route=%2Fwp%2Fv2%2Fcomments&post=15666"}],"wp:featuredmedia":[{"embeddable":true,"href":"https:\/\/last-chance.dk\/index.php?rest_route=\/wp\/v2\/media\/15660"}],"wp:attachment":[{"href":"https:\/\/last-chance.dk\/index.php?rest_route=%2Fwp%2Fv2%2Fmedia&parent=15666"}],"wp:term":[{"taxonomy":"product_brand","embeddable":true,"href":"https:\/\/last-chance.dk\/index.php?rest_route=%2Fwp%2Fv2%2Fproduct_brand&post=15666"},{"taxonomy":"product_cat","embeddable":true,"href":"https:\/\/last-chance.dk\/index.php?rest_route=%2Fwp%2Fv2%2Fproduct_cat&post=15666"},{"taxonomy":"product_tag","embeddable":true,"href":"https:\/\/last-chance.dk\/index.php?rest_route=%2Fwp%2Fv2%2Fproduct_tag&post=15666"}],"curies":[{"name":"wp","href":"https:\/\/api.w.org\/{rel}","templated":true}]}}