{"id":15670,"date":"2024-08-02T21:08:20","date_gmt":"2024-08-02T21:08:20","guid":{"rendered":"https:\/\/www.lastchance.deals\/dk\/produkt\/plantepotte-carlotta-harpiks\/"},"modified":"2025-09-19T18:11:47","modified_gmt":"2025-09-19T18:11:47","slug":"plantepotte-carlotta-harpiks","status":"publish","type":"product","link":"https:\/\/last-chance.dk\/?product=plantepotte-carlotta-harpiks","title":{"rendered":"Plantepotte Carlotta harpiks"},"content":{"rendered":"<p>Er du p\u00e5 udkig efter en smuk og holdbar plantepotte til din have eller terrasse? S\u00e5 er plantepotte Carlotta det perfekte valg for dig. Denne plantepotte er lavet af harpiks, et materiale, der er modstandsdygtigt over for vejr og slid. Harpiks er ogs\u00e5 let at reng\u00f8re og vedligeholde, s\u00e5 du kan nyde din plantepotte i mange \u00e5r.<\/p>\n<p><\/p>\n<p>Plantepotte Carlotta har et elegant og moderne design, der passer til enhver stil. Den har en rund form og en glat overflade, der fremh\u00e6ver din plante. Den har ogs\u00e5 et afl\u00f8bshul i bunden, s\u00e5 overskydende vand kan l\u00f8be ud. Plantepotte Carlotta har en diameter p\u00e5 26 cm og en h\u00f8jde p\u00e5 40 cm, s\u00e5 den er rummelig nok til at huse forskellige typer planter.<\/p>\n<p><\/p>\n<p>Plantepotte Carlotta er produceret af ForrestDecor, et firma, der er specialiseret i have- og boligtilbeh\u00f8r. ForrestDecor bruger kun materialer af h\u00f8j kvalitet og har et \u00f8je for detaljer. N\u00e5r du k\u00f8ber en plantepotte fra ForrestDecor, f\u00e5r du et produkt, der er b\u00e5de smukt og funktionelt.<\/p>\n<p><\/p>\n<p>Bestil din plantepotte Carlotta i dag og giv din have eller terrasse et friskt pust. Du vil elske at se din plante vokse og blomstre i denne flotte plantepotte.<\/p>\n<p><\/p>\n<p>Leveringstid: Leveringstid 1 uge<br \/>\nUdvendige dimensioner: 26x40cm<br \/>\nFabrikant: ForrestDecor<br \/>\nMateriale: harpiks<\/p>\n","protected":false},"excerpt":{"rendered":"<p>Er du p\u00e5 udkig efter en smuk og holdbar plantepotte til din have eller terrasse? S\u00e5 er plantepotte Carlotta det perfekte valg for dig. Denne plantepotte er lavet af harpiks, et materiale, der er modstandsdygtigt over for vejr og slid. Harpiks er ogs\u00e5 let at reng\u00f8re og vedligeholde, s\u00e5 du kan nyde din plantepotte i [&hellip;]<\/p>\n","protected":false},"featured_media":15667,"comment_status":"open","ping_status":"closed","template":"","meta":[],"product_brand":[],"product_cat":[183],"product_tag":[],"class_list":{"0":"post-15670","1":"product","2":"type-product","3":"status-publish","4":"has-post-thumbnail","6":"product_cat-blomkrukor","8":"first","9":"instock","10":"shipping-taxable","11":"purchasable","12":"product-type-simple"},"yoast_head":"<!-- This site is optimized with the Yoast SEO plugin v24.8.1 - https:\/\/yoast.com\/wordpress\/plugins\/seo\/ -->\n<title>Plantepotte Carlotta harpiks - LASTCHANCE Deals | Danmark<\/title>\n<meta name=\"robots\" content=\"index, follow, max-snippet:-1, max-image-preview:large, max-video-preview:-1\" \/>\n<link rel=\"canonical\" href=\"https:\/\/last-chance.dk\/?product=plantepotte-carlotta-harpiks\" \/>\n<meta property=\"og:locale\" content=\"da_DK\" \/>\n<meta property=\"og:type\" content=\"article\" \/>\n<meta property=\"og:title\" content=\"Plantepotte Carlotta harpiks - LASTCHANCE Deals | Danmark\" \/>\n<meta property=\"og:description\" content=\"Er du p\u00e5 udkig efter en smuk og holdbar plantepotte til din have eller terrasse? S\u00e5 er plantepotte Carlotta det perfekte valg for dig. Denne plantepotte er lavet af harpiks, et materiale, der er modstandsdygtigt over for vejr og slid. Harpiks er ogs\u00e5 let at reng\u00f8re og vedligeholde, s\u00e5 du kan nyde din plantepotte i [&hellip;]\" \/>\n<meta property=\"og:url\" content=\"https:\/\/last-chance.dk\/?product=plantepotte-carlotta-harpiks\" \/>\n<meta property=\"og:site_name\" content=\"LASTCHANCE Deals | Danmark\" \/>\n<meta property=\"article:modified_time\" content=\"2025-09-19T18:11:47+00:00\" \/>\n<meta property=\"og:image\" content=\"https:\/\/last-chance.dk\/wp-content\/uploads\/2024\/08\/carlotta_lightgrey.jpg\" \/>\n\t<meta property=\"og:image:width\" content=\"800\" \/>\n\t<meta property=\"og:image:height\" content=\"800\" \/>\n\t<meta property=\"og:image:type\" content=\"image\/jpeg\" \/>\n<meta name=\"twitter:card\" content=\"summary_large_image\" \/>\n<meta name=\"twitter:label1\" content=\"Estimeret l\u00e6setid\" \/>\n\t<meta name=\"twitter:data1\" content=\"1 minut\" \/>\n<script type=\"application\/ld+json\" class=\"yoast-schema-graph\">{\"@context\":\"https:\/\/schema.org\",\"@graph\":[{\"@type\":\"WebPage\",\"@id\":\"https:\/\/last-chance.dk\/?product=plantepotte-carlotta-harpiks\",\"url\":\"https:\/\/last-chance.dk\/?product=plantepotte-carlotta-harpiks\",\"name\":\"Plantepotte Carlotta harpiks - LASTCHANCE Deals | Danmark\",\"isPartOf\":{\"@id\":\"https:\/\/last-chance.dk\/#website\"},\"primaryImageOfPage\":{\"@id\":\"https:\/\/last-chance.dk\/?product=plantepotte-carlotta-harpiks#primaryimage\"},\"image\":{\"@id\":\"https:\/\/last-chance.dk\/?product=plantepotte-carlotta-harpiks#primaryimage\"},\"thumbnailUrl\":\"https:\/\/last-chance.dk\/wp-content\/uploads\/2024\/08\/carlotta_lightgrey.jpg\",\"datePublished\":\"2024-08-02T21:08:20+00:00\",\"dateModified\":\"2025-09-19T18:11:47+00:00\",\"breadcrumb\":{\"@id\":\"https:\/\/last-chance.dk\/?product=plantepotte-carlotta-harpiks#breadcrumb\"},\"inLanguage\":\"da-DK\",\"potentialAction\":[{\"@type\":\"ReadAction\",\"target\":[\"https:\/\/last-chance.dk\/?product=plantepotte-carlotta-harpiks\"]}]},{\"@type\":\"ImageObject\",\"inLanguage\":\"da-DK\",\"@id\":\"https:\/\/last-chance.dk\/?product=plantepotte-carlotta-harpiks#primaryimage\",\"url\":\"https:\/\/last-chance.dk\/wp-content\/uploads\/2024\/08\/carlotta_lightgrey.jpg\",\"contentUrl\":\"https:\/\/last-chance.dk\/wp-content\/uploads\/2024\/08\/carlotta_lightgrey.jpg\",\"width\":800,\"height\":800},{\"@type\":\"BreadcrumbList\",\"@id\":\"https:\/\/last-chance.dk\/?product=plantepotte-carlotta-harpiks#breadcrumb\",\"itemListElement\":[{\"@type\":\"ListItem\",\"position\":1,\"name\":\"Home\",\"item\":\"https:\/\/last-chance.dk\/\"},{\"@type\":\"ListItem\",\"position\":2,\"name\":\"Plantepotte Carlotta harpiks\"}]},{\"@type\":\"WebSite\",\"@id\":\"https:\/\/last-chance.dk\/#website\",\"url\":\"https:\/\/last-chance.dk\/\",\"name\":\"LASTCHANCE Deals | Danmark\",\"description\":\"LASTCHANCE Deals | Danmark\",\"publisher\":{\"@id\":\"https:\/\/last-chance.dk\/#organization\"},\"potentialAction\":[{\"@type\":\"SearchAction\",\"target\":{\"@type\":\"EntryPoint\",\"urlTemplate\":\"https:\/\/last-chance.dk\/?s={search_term_string}\"},\"query-input\":{\"@type\":\"PropertyValueSpecification\",\"valueRequired\":true,\"valueName\":\"search_term_string\"}}],\"inLanguage\":\"da-DK\"},{\"@type\":\"Organization\",\"@id\":\"https:\/\/last-chance.dk\/#organization\",\"name\":\"LASTCHANCE Deals | Danmark\",\"url\":\"https:\/\/last-chance.dk\/\",\"logo\":{\"@type\":\"ImageObject\",\"inLanguage\":\"da-DK\",\"@id\":\"https:\/\/last-chance.dk\/#\/schema\/logo\/image\/\",\"url\":\"https:\/\/last-chance.dk\/wp-content\/uploads\/2023\/10\/lastchancedeals_logo_dk_white.png\",\"contentUrl\":\"https:\/\/last-chance.dk\/wp-content\/uploads\/2023\/10\/lastchancedeals_logo_dk_white.png\",\"width\":470,\"height\":110,\"caption\":\"LASTCHANCE Deals | Danmark\"},\"image\":{\"@id\":\"https:\/\/last-chance.dk\/#\/schema\/logo\/image\/\"}}]}<\/script>\n<!-- \/ Yoast SEO plugin. -->","yoast_head_json":{"title":"Plantepotte Carlotta harpiks - LASTCHANCE Deals | Danmark","robots":{"index":"index","follow":"follow","max-snippet":"max-snippet:-1","max-image-preview":"max-image-preview:large","max-video-preview":"max-video-preview:-1"},"canonical":"https:\/\/last-chance.dk\/?product=plantepotte-carlotta-harpiks","og_locale":"da_DK","og_type":"article","og_title":"Plantepotte Carlotta harpiks - LASTCHANCE Deals | Danmark","og_description":"Er du p\u00e5 udkig efter en smuk og holdbar plantepotte til din have eller terrasse? S\u00e5 er plantepotte Carlotta det perfekte valg for dig. Denne plantepotte er lavet af harpiks, et materiale, der er modstandsdygtigt over for vejr og slid. Harpiks er ogs\u00e5 let at reng\u00f8re og vedligeholde, s\u00e5 du kan nyde din plantepotte i [&hellip;]","og_url":"https:\/\/last-chance.dk\/?product=plantepotte-carlotta-harpiks","og_site_name":"LASTCHANCE Deals | Danmark","article_modified_time":"2025-09-19T18:11:47+00:00","og_image":[{"width":800,"height":800,"url":"https:\/\/last-chance.dk\/wp-content\/uploads\/2024\/08\/carlotta_lightgrey.jpg","type":"image\/jpeg"}],"twitter_card":"summary_large_image","twitter_misc":{"Estimeret l\u00e6setid":"1 minut"},"schema":{"@context":"https:\/\/schema.org","@graph":[{"@type":"WebPage","@id":"https:\/\/last-chance.dk\/?product=plantepotte-carlotta-harpiks","url":"https:\/\/last-chance.dk\/?product=plantepotte-carlotta-harpiks","name":"Plantepotte Carlotta harpiks - LASTCHANCE Deals | Danmark","isPartOf":{"@id":"https:\/\/last-chance.dk\/#website"},"primaryImageOfPage":{"@id":"https:\/\/last-chance.dk\/?product=plantepotte-carlotta-harpiks#primaryimage"},"image":{"@id":"https:\/\/last-chance.dk\/?product=plantepotte-carlotta-harpiks#primaryimage"},"thumbnailUrl":"https:\/\/last-chance.dk\/wp-content\/uploads\/2024\/08\/carlotta_lightgrey.jpg","datePublished":"2024-08-02T21:08:20+00:00","dateModified":"2025-09-19T18:11:47+00:00","breadcrumb":{"@id":"https:\/\/last-chance.dk\/?product=plantepotte-carlotta-harpiks#breadcrumb"},"inLanguage":"da-DK","potentialAction":[{"@type":"ReadAction","target":["https:\/\/last-chance.dk\/?product=plantepotte-carlotta-harpiks"]}]},{"@type":"ImageObject","inLanguage":"da-DK","@id":"https:\/\/last-chance.dk\/?product=plantepotte-carlotta-harpiks#primaryimage","url":"https:\/\/last-chance.dk\/wp-content\/uploads\/2024\/08\/carlotta_lightgrey.jpg","contentUrl":"https:\/\/last-chance.dk\/wp-content\/uploads\/2024\/08\/carlotta_lightgrey.jpg","width":800,"height":800},{"@type":"BreadcrumbList","@id":"https:\/\/last-chance.dk\/?product=plantepotte-carlotta-harpiks#breadcrumb","itemListElement":[{"@type":"ListItem","position":1,"name":"Home","item":"https:\/\/last-chance.dk\/"},{"@type":"ListItem","position":2,"name":"Plantepotte Carlotta harpiks"}]},{"@type":"WebSite","@id":"https:\/\/last-chance.dk\/#website","url":"https:\/\/last-chance.dk\/","name":"LASTCHANCE Deals | Danmark","description":"LASTCHANCE Deals | Danmark","publisher":{"@id":"https:\/\/last-chance.dk\/#organization"},"potentialAction":[{"@type":"SearchAction","target":{"@type":"EntryPoint","urlTemplate":"https:\/\/last-chance.dk\/?s={search_term_string}"},"query-input":{"@type":"PropertyValueSpecification","valueRequired":true,"valueName":"search_term_string"}}],"inLanguage":"da-DK"},{"@type":"Organization","@id":"https:\/\/last-chance.dk\/#organization","name":"LASTCHANCE Deals | Danmark","url":"https:\/\/last-chance.dk\/","logo":{"@type":"ImageObject","inLanguage":"da-DK","@id":"https:\/\/last-chance.dk\/#\/schema\/logo\/image\/","url":"https:\/\/last-chance.dk\/wp-content\/uploads\/2023\/10\/lastchancedeals_logo_dk_white.png","contentUrl":"https:\/\/last-chance.dk\/wp-content\/uploads\/2023\/10\/lastchancedeals_logo_dk_white.png","width":470,"height":110,"caption":"LASTCHANCE Deals | Danmark"},"image":{"@id":"https:\/\/last-chance.dk\/#\/schema\/logo\/image\/"}}]}},"_links":{"self":[{"href":"https:\/\/last-chance.dk\/index.php?rest_route=\/wp\/v2\/product\/15670","targetHints":{"allow":["GET"]}}],"collection":[{"href":"https:\/\/last-chance.dk\/index.php?rest_route=\/wp\/v2\/product"}],"about":[{"href":"https:\/\/last-chance.dk\/index.php?rest_route=\/wp\/v2\/types\/product"}],"replies":[{"embeddable":true,"href":"https:\/\/last-chance.dk\/index.php?rest_route=%2Fwp%2Fv2%2Fcomments&post=15670"}],"wp:featuredmedia":[{"embeddable":true,"href":"https:\/\/last-chance.dk\/index.php?rest_route=\/wp\/v2\/media\/15667"}],"wp:attachment":[{"href":"https:\/\/last-chance.dk\/index.php?rest_route=%2Fwp%2Fv2%2Fmedia&parent=15670"}],"wp:term":[{"taxonomy":"product_brand","embeddable":true,"href":"https:\/\/last-chance.dk\/index.php?rest_route=%2Fwp%2Fv2%2Fproduct_brand&post=15670"},{"taxonomy":"product_cat","embeddable":true,"href":"https:\/\/last-chance.dk\/index.php?rest_route=%2Fwp%2Fv2%2Fproduct_cat&post=15670"},{"taxonomy":"product_tag","embeddable":true,"href":"https:\/\/last-chance.dk\/index.php?rest_route=%2Fwp%2Fv2%2Fproduct_tag&post=15670"}],"curies":[{"name":"wp","href":"https:\/\/api.w.org\/{rel}","templated":true}]}}