{"id":15673,"date":"2024-08-02T21:08:36","date_gmt":"2024-08-02T21:08:36","guid":{"rendered":"https:\/\/www.lastchance.deals\/dk\/produkt\/blomsterbord-blomsterstativ-jannelly-80x31cm\/"},"modified":"2025-09-19T17:18:53","modified_gmt":"2025-09-19T17:18:53","slug":"blomsterbord-blomsterstativ-jannelly-80x31cm","status":"publish","type":"product","link":"https:\/\/last-chance.dk\/?product=blomsterbord-blomsterstativ-jannelly-80x31cm","title":{"rendered":"Blomsterbord blomsterstativ Jannelly 80x31cm"},"content":{"rendered":"<p>Er du p\u00e5 udkig efter en smuk og praktisk m\u00e5de at vise dine blomster frem? S\u00e5 er blomsterbordet blomsterstativ Jannelly det perfekte valg for dig. Dette elegante blomsterstativ er lavet af metal og har et stilfuldt design, der passer til enhver indretning. Du kan placere det i din stue, have, terrasse eller balkon og nyde synet af dine yndlingsplanter.<\/p>\n<p><\/p>\n<p>Blomsterbordet blomsterstativ Jannelly har udvendige dimensioner p\u00e5 80x31cm og kan rumme flere potter i forskellige st\u00f8rrelser. Det er ogs\u00e5 nemt at samle og reng\u00f8re. Det er produceret af ForrestDecor, en f\u00f8rende virksomhed inden for have- og boligtilbeh\u00f8r. ForrestDecor bruger kun materialer af h\u00f8j kvalitet og garanterer holdbarhed og tilfredshed.<\/p>\n<p><\/p>\n<p>Bestil dit blomsterbord blomsterstativ Jannelly i dag og giv dine planter et nyt hjem. Du vil elske at se dem vokse og blomstre p\u00e5 dette smukke m\u00f8bel. Det er en fantastisk m\u00e5de at tilf\u00f8je farve og liv til dit hjem.<\/p>\n<p><\/p>\n<p>Leveringstid: Leveringstid 1 uge<br \/>\nUdvendige dimensioner: 80x31cm<br \/>\nFabrikant: ForrestDecor<br \/>\nMateriale: metal<\/p>\n","protected":false},"excerpt":{"rendered":"<p>Er du p\u00e5 udkig efter en smuk og praktisk m\u00e5de at vise dine blomster frem? S\u00e5 er blomsterbordet blomsterstativ Jannelly det perfekte valg for dig. Dette elegante blomsterstativ er lavet af metal og har et stilfuldt design, der passer til enhver indretning. Du kan placere det i din stue, have, terrasse eller balkon og nyde [&hellip;]<\/p>\n","protected":false},"featured_media":15671,"comment_status":"open","ping_status":"closed","template":"","meta":[],"product_brand":[],"product_cat":[184],"product_tag":[],"class_list":{"0":"post-15673","1":"product","2":"type-product","3":"status-publish","4":"has-post-thumbnail","6":"product_cat-flower-stands","8":"first","9":"instock","10":"shipping-taxable","11":"purchasable","12":"product-type-simple"},"yoast_head":"<!-- This site is optimized with the Yoast SEO plugin v24.8.1 - https:\/\/yoast.com\/wordpress\/plugins\/seo\/ -->\n<title>Blomsterbord blomsterstativ Jannelly 80x31cm - LASTCHANCE Deals | Danmark<\/title>\n<meta name=\"robots\" content=\"index, follow, max-snippet:-1, max-image-preview:large, max-video-preview:-1\" \/>\n<link rel=\"canonical\" href=\"https:\/\/last-chance.dk\/?product=blomsterbord-blomsterstativ-jannelly-80x31cm\" \/>\n<meta property=\"og:locale\" content=\"da_DK\" \/>\n<meta property=\"og:type\" content=\"article\" \/>\n<meta property=\"og:title\" content=\"Blomsterbord blomsterstativ Jannelly 80x31cm - LASTCHANCE Deals | Danmark\" \/>\n<meta property=\"og:description\" content=\"Er du p\u00e5 udkig efter en smuk og praktisk m\u00e5de at vise dine blomster frem? S\u00e5 er blomsterbordet blomsterstativ Jannelly det perfekte valg for dig. Dette elegante blomsterstativ er lavet af metal og har et stilfuldt design, der passer til enhver indretning. Du kan placere det i din stue, have, terrasse eller balkon og nyde [&hellip;]\" \/>\n<meta property=\"og:url\" content=\"https:\/\/last-chance.dk\/?product=blomsterbord-blomsterstativ-jannelly-80x31cm\" \/>\n<meta property=\"og:site_name\" content=\"LASTCHANCE Deals | Danmark\" \/>\n<meta property=\"article:modified_time\" content=\"2025-09-19T17:18:53+00:00\" \/>\n<meta property=\"og:image\" content=\"https:\/\/last-chance.dk\/wp-content\/uploads\/2024\/08\/jannelly_white.jpg\" \/>\n\t<meta property=\"og:image:width\" content=\"591\" \/>\n\t<meta property=\"og:image:height\" content=\"787\" \/>\n\t<meta property=\"og:image:type\" content=\"image\/jpeg\" \/>\n<meta name=\"twitter:card\" content=\"summary_large_image\" \/>\n<meta name=\"twitter:label1\" content=\"Estimeret l\u00e6setid\" \/>\n\t<meta name=\"twitter:data1\" content=\"1 minut\" \/>\n<script type=\"application\/ld+json\" class=\"yoast-schema-graph\">{\"@context\":\"https:\/\/schema.org\",\"@graph\":[{\"@type\":\"WebPage\",\"@id\":\"https:\/\/last-chance.dk\/?product=blomsterbord-blomsterstativ-jannelly-80x31cm\",\"url\":\"https:\/\/last-chance.dk\/?product=blomsterbord-blomsterstativ-jannelly-80x31cm\",\"name\":\"Blomsterbord blomsterstativ Jannelly 80x31cm - LASTCHANCE Deals | Danmark\",\"isPartOf\":{\"@id\":\"https:\/\/last-chance.dk\/#website\"},\"primaryImageOfPage\":{\"@id\":\"https:\/\/last-chance.dk\/?product=blomsterbord-blomsterstativ-jannelly-80x31cm#primaryimage\"},\"image\":{\"@id\":\"https:\/\/last-chance.dk\/?product=blomsterbord-blomsterstativ-jannelly-80x31cm#primaryimage\"},\"thumbnailUrl\":\"https:\/\/last-chance.dk\/wp-content\/uploads\/2024\/08\/jannelly_white.jpg\",\"datePublished\":\"2024-08-02T21:08:36+00:00\",\"dateModified\":\"2025-09-19T17:18:53+00:00\",\"breadcrumb\":{\"@id\":\"https:\/\/last-chance.dk\/?product=blomsterbord-blomsterstativ-jannelly-80x31cm#breadcrumb\"},\"inLanguage\":\"da-DK\",\"potentialAction\":[{\"@type\":\"ReadAction\",\"target\":[\"https:\/\/last-chance.dk\/?product=blomsterbord-blomsterstativ-jannelly-80x31cm\"]}]},{\"@type\":\"ImageObject\",\"inLanguage\":\"da-DK\",\"@id\":\"https:\/\/last-chance.dk\/?product=blomsterbord-blomsterstativ-jannelly-80x31cm#primaryimage\",\"url\":\"https:\/\/last-chance.dk\/wp-content\/uploads\/2024\/08\/jannelly_white.jpg\",\"contentUrl\":\"https:\/\/last-chance.dk\/wp-content\/uploads\/2024\/08\/jannelly_white.jpg\",\"width\":591,\"height\":787},{\"@type\":\"BreadcrumbList\",\"@id\":\"https:\/\/last-chance.dk\/?product=blomsterbord-blomsterstativ-jannelly-80x31cm#breadcrumb\",\"itemListElement\":[{\"@type\":\"ListItem\",\"position\":1,\"name\":\"Home\",\"item\":\"https:\/\/last-chance.dk\/\"},{\"@type\":\"ListItem\",\"position\":2,\"name\":\"Blomsterbord blomsterstativ Jannelly 80x31cm\"}]},{\"@type\":\"WebSite\",\"@id\":\"https:\/\/last-chance.dk\/#website\",\"url\":\"https:\/\/last-chance.dk\/\",\"name\":\"LASTCHANCE Deals | Danmark\",\"description\":\"LASTCHANCE Deals | Danmark\",\"publisher\":{\"@id\":\"https:\/\/last-chance.dk\/#organization\"},\"potentialAction\":[{\"@type\":\"SearchAction\",\"target\":{\"@type\":\"EntryPoint\",\"urlTemplate\":\"https:\/\/last-chance.dk\/?s={search_term_string}\"},\"query-input\":{\"@type\":\"PropertyValueSpecification\",\"valueRequired\":true,\"valueName\":\"search_term_string\"}}],\"inLanguage\":\"da-DK\"},{\"@type\":\"Organization\",\"@id\":\"https:\/\/last-chance.dk\/#organization\",\"name\":\"LASTCHANCE Deals | Danmark\",\"url\":\"https:\/\/last-chance.dk\/\",\"logo\":{\"@type\":\"ImageObject\",\"inLanguage\":\"da-DK\",\"@id\":\"https:\/\/last-chance.dk\/#\/schema\/logo\/image\/\",\"url\":\"https:\/\/last-chance.dk\/wp-content\/uploads\/2023\/10\/lastchancedeals_logo_dk_white.png\",\"contentUrl\":\"https:\/\/last-chance.dk\/wp-content\/uploads\/2023\/10\/lastchancedeals_logo_dk_white.png\",\"width\":470,\"height\":110,\"caption\":\"LASTCHANCE Deals | Danmark\"},\"image\":{\"@id\":\"https:\/\/last-chance.dk\/#\/schema\/logo\/image\/\"}}]}<\/script>\n<!-- \/ Yoast SEO plugin. -->","yoast_head_json":{"title":"Blomsterbord blomsterstativ Jannelly 80x31cm - LASTCHANCE Deals | Danmark","robots":{"index":"index","follow":"follow","max-snippet":"max-snippet:-1","max-image-preview":"max-image-preview:large","max-video-preview":"max-video-preview:-1"},"canonical":"https:\/\/last-chance.dk\/?product=blomsterbord-blomsterstativ-jannelly-80x31cm","og_locale":"da_DK","og_type":"article","og_title":"Blomsterbord blomsterstativ Jannelly 80x31cm - LASTCHANCE Deals | Danmark","og_description":"Er du p\u00e5 udkig efter en smuk og praktisk m\u00e5de at vise dine blomster frem? S\u00e5 er blomsterbordet blomsterstativ Jannelly det perfekte valg for dig. Dette elegante blomsterstativ er lavet af metal og har et stilfuldt design, der passer til enhver indretning. Du kan placere det i din stue, have, terrasse eller balkon og nyde [&hellip;]","og_url":"https:\/\/last-chance.dk\/?product=blomsterbord-blomsterstativ-jannelly-80x31cm","og_site_name":"LASTCHANCE Deals | Danmark","article_modified_time":"2025-09-19T17:18:53+00:00","og_image":[{"width":591,"height":787,"url":"https:\/\/last-chance.dk\/wp-content\/uploads\/2024\/08\/jannelly_white.jpg","type":"image\/jpeg"}],"twitter_card":"summary_large_image","twitter_misc":{"Estimeret l\u00e6setid":"1 minut"},"schema":{"@context":"https:\/\/schema.org","@graph":[{"@type":"WebPage","@id":"https:\/\/last-chance.dk\/?product=blomsterbord-blomsterstativ-jannelly-80x31cm","url":"https:\/\/last-chance.dk\/?product=blomsterbord-blomsterstativ-jannelly-80x31cm","name":"Blomsterbord blomsterstativ Jannelly 80x31cm - LASTCHANCE Deals | Danmark","isPartOf":{"@id":"https:\/\/last-chance.dk\/#website"},"primaryImageOfPage":{"@id":"https:\/\/last-chance.dk\/?product=blomsterbord-blomsterstativ-jannelly-80x31cm#primaryimage"},"image":{"@id":"https:\/\/last-chance.dk\/?product=blomsterbord-blomsterstativ-jannelly-80x31cm#primaryimage"},"thumbnailUrl":"https:\/\/last-chance.dk\/wp-content\/uploads\/2024\/08\/jannelly_white.jpg","datePublished":"2024-08-02T21:08:36+00:00","dateModified":"2025-09-19T17:18:53+00:00","breadcrumb":{"@id":"https:\/\/last-chance.dk\/?product=blomsterbord-blomsterstativ-jannelly-80x31cm#breadcrumb"},"inLanguage":"da-DK","potentialAction":[{"@type":"ReadAction","target":["https:\/\/last-chance.dk\/?product=blomsterbord-blomsterstativ-jannelly-80x31cm"]}]},{"@type":"ImageObject","inLanguage":"da-DK","@id":"https:\/\/last-chance.dk\/?product=blomsterbord-blomsterstativ-jannelly-80x31cm#primaryimage","url":"https:\/\/last-chance.dk\/wp-content\/uploads\/2024\/08\/jannelly_white.jpg","contentUrl":"https:\/\/last-chance.dk\/wp-content\/uploads\/2024\/08\/jannelly_white.jpg","width":591,"height":787},{"@type":"BreadcrumbList","@id":"https:\/\/last-chance.dk\/?product=blomsterbord-blomsterstativ-jannelly-80x31cm#breadcrumb","itemListElement":[{"@type":"ListItem","position":1,"name":"Home","item":"https:\/\/last-chance.dk\/"},{"@type":"ListItem","position":2,"name":"Blomsterbord blomsterstativ Jannelly 80x31cm"}]},{"@type":"WebSite","@id":"https:\/\/last-chance.dk\/#website","url":"https:\/\/last-chance.dk\/","name":"LASTCHANCE Deals | Danmark","description":"LASTCHANCE Deals | Danmark","publisher":{"@id":"https:\/\/last-chance.dk\/#organization"},"potentialAction":[{"@type":"SearchAction","target":{"@type":"EntryPoint","urlTemplate":"https:\/\/last-chance.dk\/?s={search_term_string}"},"query-input":{"@type":"PropertyValueSpecification","valueRequired":true,"valueName":"search_term_string"}}],"inLanguage":"da-DK"},{"@type":"Organization","@id":"https:\/\/last-chance.dk\/#organization","name":"LASTCHANCE Deals | Danmark","url":"https:\/\/last-chance.dk\/","logo":{"@type":"ImageObject","inLanguage":"da-DK","@id":"https:\/\/last-chance.dk\/#\/schema\/logo\/image\/","url":"https:\/\/last-chance.dk\/wp-content\/uploads\/2023\/10\/lastchancedeals_logo_dk_white.png","contentUrl":"https:\/\/last-chance.dk\/wp-content\/uploads\/2023\/10\/lastchancedeals_logo_dk_white.png","width":470,"height":110,"caption":"LASTCHANCE Deals | Danmark"},"image":{"@id":"https:\/\/last-chance.dk\/#\/schema\/logo\/image\/"}}]}},"_links":{"self":[{"href":"https:\/\/last-chance.dk\/index.php?rest_route=\/wp\/v2\/product\/15673","targetHints":{"allow":["GET"]}}],"collection":[{"href":"https:\/\/last-chance.dk\/index.php?rest_route=\/wp\/v2\/product"}],"about":[{"href":"https:\/\/last-chance.dk\/index.php?rest_route=\/wp\/v2\/types\/product"}],"replies":[{"embeddable":true,"href":"https:\/\/last-chance.dk\/index.php?rest_route=%2Fwp%2Fv2%2Fcomments&post=15673"}],"wp:featuredmedia":[{"embeddable":true,"href":"https:\/\/last-chance.dk\/index.php?rest_route=\/wp\/v2\/media\/15671"}],"wp:attachment":[{"href":"https:\/\/last-chance.dk\/index.php?rest_route=%2Fwp%2Fv2%2Fmedia&parent=15673"}],"wp:term":[{"taxonomy":"product_brand","embeddable":true,"href":"https:\/\/last-chance.dk\/index.php?rest_route=%2Fwp%2Fv2%2Fproduct_brand&post=15673"},{"taxonomy":"product_cat","embeddable":true,"href":"https:\/\/last-chance.dk\/index.php?rest_route=%2Fwp%2Fv2%2Fproduct_cat&post=15673"},{"taxonomy":"product_tag","embeddable":true,"href":"https:\/\/last-chance.dk\/index.php?rest_route=%2Fwp%2Fv2%2Fproduct_tag&post=15673"}],"curies":[{"name":"wp","href":"https:\/\/api.w.org\/{rel}","templated":true}]}}