{"id":15677,"date":"2024-08-02T21:08:49","date_gmt":"2024-08-02T21:08:49","guid":{"rendered":"https:\/\/www.lastchance.deals\/dk\/produkt\/vase-giu-80cm\/"},"modified":"2025-09-19T19:14:49","modified_gmt":"2025-09-19T19:14:49","slug":"vase-giu-80cm","status":"publish","type":"product","link":"https:\/\/last-chance.dk\/?product=vase-giu-80cm","title":{"rendered":"Vase Giu 80cm"},"content":{"rendered":"<p>\nVase Giu er en smuk og elegant vase, der vil tilf\u00f8je et strejf af stil og klasse til dit hjem. Denne vase er lavet af glas og har en slank og moderne form, der passer til enhver indretning. Vase Giu har en h\u00f8jde p\u00e5 80 cm og kan rumme store buketter af blomster eller grene. Farven p\u00e5 vasen er ikke angivet, s\u00e5 du kan v\u00e6lge den, der passer bedst til dit rum. Vase Giu er fremstillet af ForrestDecor, et firma, der er kendt for at lave kvalitetsprodukter med et unikt design. Vase Giu er en perfekt gave til dig selv eller en, du holder af. Bestil den i dag og nyd den sk\u00f8nhed, den vil bringe til dit hjem.\n<\/p>\n<p><\/p>\n<p>Leveringstid: Leveringstid 1 uge<br \/>\nUdvendige dimensioner: 80cm<br \/>\nFarve: ikke angivet<br \/>\nFabrikant: ForrestDecor<br \/>\nMateriale: glas<\/p>\n","protected":false},"excerpt":{"rendered":"<p>Vase Giu er en smuk og elegant vase, der vil tilf\u00f8je et strejf af stil og klasse til dit hjem. Denne vase er lavet af glas og har en slank og moderne form, der passer til enhver indretning. Vase Giu har en h\u00f8jde p\u00e5 80 cm og kan rumme store buketter af blomster eller grene. [&hellip;]<\/p>\n","protected":false},"featured_media":15674,"comment_status":"open","ping_status":"closed","template":"","meta":[],"product_brand":[],"product_cat":[185],"product_tag":[],"class_list":{"0":"post-15677","1":"product","2":"type-product","3":"status-publish","4":"has-post-thumbnail","6":"product_cat-vases","8":"first","9":"instock","10":"shipping-taxable","11":"purchasable","12":"product-type-simple"},"yoast_head":"<!-- This site is optimized with the Yoast SEO plugin v24.8.1 - https:\/\/yoast.com\/wordpress\/plugins\/seo\/ -->\n<title>Vase Giu 80cm - LASTCHANCE Deals | Danmark<\/title>\n<meta name=\"robots\" content=\"index, follow, max-snippet:-1, max-image-preview:large, max-video-preview:-1\" \/>\n<link rel=\"canonical\" href=\"https:\/\/last-chance.dk\/?product=vase-giu-80cm\" \/>\n<meta property=\"og:locale\" content=\"da_DK\" \/>\n<meta property=\"og:type\" content=\"article\" \/>\n<meta property=\"og:title\" content=\"Vase Giu 80cm - LASTCHANCE Deals | Danmark\" \/>\n<meta property=\"og:description\" content=\"Vase Giu er en smuk og elegant vase, der vil tilf\u00f8je et strejf af stil og klasse til dit hjem. Denne vase er lavet af glas og har en slank og moderne form, der passer til enhver indretning. Vase Giu har en h\u00f8jde p\u00e5 80 cm og kan rumme store buketter af blomster eller grene. [&hellip;]\" \/>\n<meta property=\"og:url\" content=\"https:\/\/last-chance.dk\/?product=vase-giu-80cm\" \/>\n<meta property=\"og:site_name\" content=\"LASTCHANCE Deals | Danmark\" \/>\n<meta property=\"article:modified_time\" content=\"2025-09-19T19:14:49+00:00\" \/>\n<meta property=\"og:image\" content=\"https:\/\/last-chance.dk\/wp-content\/uploads\/2024\/08\/20180102140320.jpg\" \/>\n\t<meta property=\"og:image:width\" content=\"626\" \/>\n\t<meta property=\"og:image:height\" content=\"630\" \/>\n\t<meta property=\"og:image:type\" content=\"image\/jpeg\" \/>\n<meta name=\"twitter:card\" content=\"summary_large_image\" \/>\n<meta name=\"twitter:label1\" content=\"Estimeret l\u00e6setid\" \/>\n\t<meta name=\"twitter:data1\" content=\"1 minut\" \/>\n<script type=\"application\/ld+json\" class=\"yoast-schema-graph\">{\"@context\":\"https:\/\/schema.org\",\"@graph\":[{\"@type\":\"WebPage\",\"@id\":\"https:\/\/last-chance.dk\/?product=vase-giu-80cm\",\"url\":\"https:\/\/last-chance.dk\/?product=vase-giu-80cm\",\"name\":\"Vase Giu 80cm - LASTCHANCE Deals | Danmark\",\"isPartOf\":{\"@id\":\"https:\/\/last-chance.dk\/#website\"},\"primaryImageOfPage\":{\"@id\":\"https:\/\/last-chance.dk\/?product=vase-giu-80cm#primaryimage\"},\"image\":{\"@id\":\"https:\/\/last-chance.dk\/?product=vase-giu-80cm#primaryimage\"},\"thumbnailUrl\":\"https:\/\/last-chance.dk\/wp-content\/uploads\/2024\/08\/20180102140320.jpg\",\"datePublished\":\"2024-08-02T21:08:49+00:00\",\"dateModified\":\"2025-09-19T19:14:49+00:00\",\"breadcrumb\":{\"@id\":\"https:\/\/last-chance.dk\/?product=vase-giu-80cm#breadcrumb\"},\"inLanguage\":\"da-DK\",\"potentialAction\":[{\"@type\":\"ReadAction\",\"target\":[\"https:\/\/last-chance.dk\/?product=vase-giu-80cm\"]}]},{\"@type\":\"ImageObject\",\"inLanguage\":\"da-DK\",\"@id\":\"https:\/\/last-chance.dk\/?product=vase-giu-80cm#primaryimage\",\"url\":\"https:\/\/last-chance.dk\/wp-content\/uploads\/2024\/08\/20180102140320.jpg\",\"contentUrl\":\"https:\/\/last-chance.dk\/wp-content\/uploads\/2024\/08\/20180102140320.jpg\",\"width\":626,\"height\":630},{\"@type\":\"BreadcrumbList\",\"@id\":\"https:\/\/last-chance.dk\/?product=vase-giu-80cm#breadcrumb\",\"itemListElement\":[{\"@type\":\"ListItem\",\"position\":1,\"name\":\"Home\",\"item\":\"https:\/\/last-chance.dk\/\"},{\"@type\":\"ListItem\",\"position\":2,\"name\":\"Vase Giu 80cm\"}]},{\"@type\":\"WebSite\",\"@id\":\"https:\/\/last-chance.dk\/#website\",\"url\":\"https:\/\/last-chance.dk\/\",\"name\":\"LASTCHANCE Deals | Danmark\",\"description\":\"LASTCHANCE Deals | Danmark\",\"publisher\":{\"@id\":\"https:\/\/last-chance.dk\/#organization\"},\"potentialAction\":[{\"@type\":\"SearchAction\",\"target\":{\"@type\":\"EntryPoint\",\"urlTemplate\":\"https:\/\/last-chance.dk\/?s={search_term_string}\"},\"query-input\":{\"@type\":\"PropertyValueSpecification\",\"valueRequired\":true,\"valueName\":\"search_term_string\"}}],\"inLanguage\":\"da-DK\"},{\"@type\":\"Organization\",\"@id\":\"https:\/\/last-chance.dk\/#organization\",\"name\":\"LASTCHANCE Deals | Danmark\",\"url\":\"https:\/\/last-chance.dk\/\",\"logo\":{\"@type\":\"ImageObject\",\"inLanguage\":\"da-DK\",\"@id\":\"https:\/\/last-chance.dk\/#\/schema\/logo\/image\/\",\"url\":\"https:\/\/last-chance.dk\/wp-content\/uploads\/2023\/10\/lastchancedeals_logo_dk_white.png\",\"contentUrl\":\"https:\/\/last-chance.dk\/wp-content\/uploads\/2023\/10\/lastchancedeals_logo_dk_white.png\",\"width\":470,\"height\":110,\"caption\":\"LASTCHANCE Deals | Danmark\"},\"image\":{\"@id\":\"https:\/\/last-chance.dk\/#\/schema\/logo\/image\/\"}}]}<\/script>\n<!-- \/ Yoast SEO plugin. -->","yoast_head_json":{"title":"Vase Giu 80cm - LASTCHANCE Deals | Danmark","robots":{"index":"index","follow":"follow","max-snippet":"max-snippet:-1","max-image-preview":"max-image-preview:large","max-video-preview":"max-video-preview:-1"},"canonical":"https:\/\/last-chance.dk\/?product=vase-giu-80cm","og_locale":"da_DK","og_type":"article","og_title":"Vase Giu 80cm - LASTCHANCE Deals | Danmark","og_description":"Vase Giu er en smuk og elegant vase, der vil tilf\u00f8je et strejf af stil og klasse til dit hjem. Denne vase er lavet af glas og har en slank og moderne form, der passer til enhver indretning. Vase Giu har en h\u00f8jde p\u00e5 80 cm og kan rumme store buketter af blomster eller grene. [&hellip;]","og_url":"https:\/\/last-chance.dk\/?product=vase-giu-80cm","og_site_name":"LASTCHANCE Deals | Danmark","article_modified_time":"2025-09-19T19:14:49+00:00","og_image":[{"width":626,"height":630,"url":"https:\/\/last-chance.dk\/wp-content\/uploads\/2024\/08\/20180102140320.jpg","type":"image\/jpeg"}],"twitter_card":"summary_large_image","twitter_misc":{"Estimeret l\u00e6setid":"1 minut"},"schema":{"@context":"https:\/\/schema.org","@graph":[{"@type":"WebPage","@id":"https:\/\/last-chance.dk\/?product=vase-giu-80cm","url":"https:\/\/last-chance.dk\/?product=vase-giu-80cm","name":"Vase Giu 80cm - LASTCHANCE Deals | Danmark","isPartOf":{"@id":"https:\/\/last-chance.dk\/#website"},"primaryImageOfPage":{"@id":"https:\/\/last-chance.dk\/?product=vase-giu-80cm#primaryimage"},"image":{"@id":"https:\/\/last-chance.dk\/?product=vase-giu-80cm#primaryimage"},"thumbnailUrl":"https:\/\/last-chance.dk\/wp-content\/uploads\/2024\/08\/20180102140320.jpg","datePublished":"2024-08-02T21:08:49+00:00","dateModified":"2025-09-19T19:14:49+00:00","breadcrumb":{"@id":"https:\/\/last-chance.dk\/?product=vase-giu-80cm#breadcrumb"},"inLanguage":"da-DK","potentialAction":[{"@type":"ReadAction","target":["https:\/\/last-chance.dk\/?product=vase-giu-80cm"]}]},{"@type":"ImageObject","inLanguage":"da-DK","@id":"https:\/\/last-chance.dk\/?product=vase-giu-80cm#primaryimage","url":"https:\/\/last-chance.dk\/wp-content\/uploads\/2024\/08\/20180102140320.jpg","contentUrl":"https:\/\/last-chance.dk\/wp-content\/uploads\/2024\/08\/20180102140320.jpg","width":626,"height":630},{"@type":"BreadcrumbList","@id":"https:\/\/last-chance.dk\/?product=vase-giu-80cm#breadcrumb","itemListElement":[{"@type":"ListItem","position":1,"name":"Home","item":"https:\/\/last-chance.dk\/"},{"@type":"ListItem","position":2,"name":"Vase Giu 80cm"}]},{"@type":"WebSite","@id":"https:\/\/last-chance.dk\/#website","url":"https:\/\/last-chance.dk\/","name":"LASTCHANCE Deals | Danmark","description":"LASTCHANCE Deals | Danmark","publisher":{"@id":"https:\/\/last-chance.dk\/#organization"},"potentialAction":[{"@type":"SearchAction","target":{"@type":"EntryPoint","urlTemplate":"https:\/\/last-chance.dk\/?s={search_term_string}"},"query-input":{"@type":"PropertyValueSpecification","valueRequired":true,"valueName":"search_term_string"}}],"inLanguage":"da-DK"},{"@type":"Organization","@id":"https:\/\/last-chance.dk\/#organization","name":"LASTCHANCE Deals | Danmark","url":"https:\/\/last-chance.dk\/","logo":{"@type":"ImageObject","inLanguage":"da-DK","@id":"https:\/\/last-chance.dk\/#\/schema\/logo\/image\/","url":"https:\/\/last-chance.dk\/wp-content\/uploads\/2023\/10\/lastchancedeals_logo_dk_white.png","contentUrl":"https:\/\/last-chance.dk\/wp-content\/uploads\/2023\/10\/lastchancedeals_logo_dk_white.png","width":470,"height":110,"caption":"LASTCHANCE Deals | Danmark"},"image":{"@id":"https:\/\/last-chance.dk\/#\/schema\/logo\/image\/"}}]}},"_links":{"self":[{"href":"https:\/\/last-chance.dk\/index.php?rest_route=\/wp\/v2\/product\/15677","targetHints":{"allow":["GET"]}}],"collection":[{"href":"https:\/\/last-chance.dk\/index.php?rest_route=\/wp\/v2\/product"}],"about":[{"href":"https:\/\/last-chance.dk\/index.php?rest_route=\/wp\/v2\/types\/product"}],"replies":[{"embeddable":true,"href":"https:\/\/last-chance.dk\/index.php?rest_route=%2Fwp%2Fv2%2Fcomments&post=15677"}],"wp:featuredmedia":[{"embeddable":true,"href":"https:\/\/last-chance.dk\/index.php?rest_route=\/wp\/v2\/media\/15674"}],"wp:attachment":[{"href":"https:\/\/last-chance.dk\/index.php?rest_route=%2Fwp%2Fv2%2Fmedia&parent=15677"}],"wp:term":[{"taxonomy":"product_brand","embeddable":true,"href":"https:\/\/last-chance.dk\/index.php?rest_route=%2Fwp%2Fv2%2Fproduct_brand&post=15677"},{"taxonomy":"product_cat","embeddable":true,"href":"https:\/\/last-chance.dk\/index.php?rest_route=%2Fwp%2Fv2%2Fproduct_cat&post=15677"},{"taxonomy":"product_tag","embeddable":true,"href":"https:\/\/last-chance.dk\/index.php?rest_route=%2Fwp%2Fv2%2Fproduct_tag&post=15677"}],"curies":[{"name":"wp","href":"https:\/\/api.w.org\/{rel}","templated":true}]}}