{"id":15682,"date":"2024-08-02T21:09:07","date_gmt":"2024-08-02T21:09:07","guid":{"rendered":"https:\/\/www.lastchance.deals\/dk\/produkt\/vaegur-burlington-50-5x50-5cm\/"},"modified":"2025-10-13T12:11:51","modified_gmt":"2025-10-13T12:11:51","slug":"vaegur-burlington-50-5x50-5cm","status":"publish","type":"product","link":"https:\/\/last-chance.dk\/?product=vaegur-burlington-50-5x50-5cm","title":{"rendered":"V\u00e6gur Burlington 50.5&#215;50.5cm"},"content":{"rendered":"<p>Er du p\u00e5 udkig efter et stilfuldt og moderne v\u00e6gur til dit hjem? S\u00e5 er v\u00e6guret Burlington fra ForrestDecor det perfekte valg for dig. Dette v\u00e6gur er lavet af plast og har et elegant design med store tal og visere. Det har en diameter p\u00e5 50.5 cm og passer til enhver indend\u00f8rs v\u00e6g. V\u00e6guret Burlington er ikke kun et praktisk tidsm\u00e5ler, men ogs\u00e5 en smuk dekoration, der vil tilf\u00f8je et touch af klasse til din stue, sovev\u00e6relse eller kontor.<\/p>\n<p><\/p>\n<p>V\u00e6guret Burlington er nemt at montere og kr\u00e6ver kun et AA-batteri (medf\u00f8lger ikke). Det har en garanti p\u00e5 12 m\u00e5neder fra fabrikanten ForrestDecor, som er en f\u00f8rende producent af kvalitetsure og boligtilbeh\u00f8r. ForrestDecor har mere end 20 \u00e5rs erfaring i branchen og tilbyder et bredt udvalg af ure i forskellige stilarter og materialer.<\/p>\n<p><\/p>\n<p>Bestil dit v\u00e6gur Burlington i dag og nyd den tidl\u00f8se sk\u00f8nhed og funktionalitet af dette fantastiske produkt. Du vil ikke fortryde dit k\u00f8b!<\/p>\n<p><\/p>\n<p>Leveringstid: Leveringstid 1 uge<br \/>\nMateriale: plast<br \/>\nDimensioner: 50.5&#215;50.5cm<br \/>\nBeregnet til: Indend\u00f8rs brug<br \/>\nFabrikant: ForrestDecor<br \/>\nGaranti: 12 m\u00e5neder<\/p>\n","protected":false},"excerpt":{"rendered":"<p>Er du p\u00e5 udkig efter et stilfuldt og moderne v\u00e6gur til dit hjem? S\u00e5 er v\u00e6guret Burlington fra ForrestDecor det perfekte valg for dig. Dette v\u00e6gur er lavet af plast og har et elegant design med store tal og visere. Det har en diameter p\u00e5 50.5 cm og passer til enhver indend\u00f8rs v\u00e6g. V\u00e6guret Burlington [&hellip;]<\/p>\n","protected":false},"featured_media":15678,"comment_status":"open","ping_status":"closed","template":"","meta":[],"product_brand":[],"product_cat":[188],"product_tag":[],"class_list":{"0":"post-15682","1":"product","2":"type-product","3":"status-publish","4":"has-post-thumbnail","6":"product_cat-wall-clocks","8":"first","9":"instock","10":"shipping-taxable","11":"purchasable","12":"product-type-simple"},"yoast_head":"<!-- This site is optimized with the Yoast SEO plugin v24.8.1 - https:\/\/yoast.com\/wordpress\/plugins\/seo\/ -->\n<title>V\u00e6gur Burlington 50.5x50.5cm - LASTCHANCE Deals | Danmark<\/title>\n<meta name=\"robots\" content=\"index, follow, max-snippet:-1, max-image-preview:large, max-video-preview:-1\" \/>\n<link rel=\"canonical\" href=\"https:\/\/last-chance.dk\/?product=vaegur-burlington-50-5x50-5cm\" \/>\n<meta property=\"og:locale\" content=\"da_DK\" \/>\n<meta property=\"og:type\" content=\"article\" \/>\n<meta property=\"og:title\" content=\"V\u00e6gur Burlington 50.5x50.5cm - LASTCHANCE Deals | Danmark\" \/>\n<meta property=\"og:description\" content=\"Er du p\u00e5 udkig efter et stilfuldt og moderne v\u00e6gur til dit hjem? S\u00e5 er v\u00e6guret Burlington fra ForrestDecor det perfekte valg for dig. Dette v\u00e6gur er lavet af plast og har et elegant design med store tal og visere. Det har en diameter p\u00e5 50.5 cm og passer til enhver indend\u00f8rs v\u00e6g. V\u00e6guret Burlington [&hellip;]\" \/>\n<meta property=\"og:url\" content=\"https:\/\/last-chance.dk\/?product=vaegur-burlington-50-5x50-5cm\" \/>\n<meta property=\"og:site_name\" content=\"LASTCHANCE Deals | Danmark\" \/>\n<meta property=\"article:modified_time\" content=\"2025-10-13T12:11:51+00:00\" \/>\n<meta property=\"og:image\" content=\"https:\/\/last-chance.dk\/wp-content\/uploads\/2024\/08\/burlington_beige_1.jpg\" \/>\n\t<meta property=\"og:image:width\" content=\"790\" \/>\n\t<meta property=\"og:image:height\" content=\"913\" \/>\n\t<meta property=\"og:image:type\" content=\"image\/jpeg\" \/>\n<meta name=\"twitter:card\" content=\"summary_large_image\" \/>\n<meta name=\"twitter:label1\" content=\"Estimeret l\u00e6setid\" \/>\n\t<meta name=\"twitter:data1\" content=\"1 minut\" \/>\n<script type=\"application\/ld+json\" class=\"yoast-schema-graph\">{\"@context\":\"https:\/\/schema.org\",\"@graph\":[{\"@type\":\"WebPage\",\"@id\":\"https:\/\/last-chance.dk\/?product=vaegur-burlington-50-5x50-5cm\",\"url\":\"https:\/\/last-chance.dk\/?product=vaegur-burlington-50-5x50-5cm\",\"name\":\"V\u00e6gur Burlington 50.5x50.5cm - LASTCHANCE Deals | Danmark\",\"isPartOf\":{\"@id\":\"https:\/\/last-chance.dk\/#website\"},\"primaryImageOfPage\":{\"@id\":\"https:\/\/last-chance.dk\/?product=vaegur-burlington-50-5x50-5cm#primaryimage\"},\"image\":{\"@id\":\"https:\/\/last-chance.dk\/?product=vaegur-burlington-50-5x50-5cm#primaryimage\"},\"thumbnailUrl\":\"https:\/\/last-chance.dk\/wp-content\/uploads\/2024\/08\/burlington_beige_1.jpg\",\"datePublished\":\"2024-08-02T21:09:07+00:00\",\"dateModified\":\"2025-10-13T12:11:51+00:00\",\"breadcrumb\":{\"@id\":\"https:\/\/last-chance.dk\/?product=vaegur-burlington-50-5x50-5cm#breadcrumb\"},\"inLanguage\":\"da-DK\",\"potentialAction\":[{\"@type\":\"ReadAction\",\"target\":[\"https:\/\/last-chance.dk\/?product=vaegur-burlington-50-5x50-5cm\"]}]},{\"@type\":\"ImageObject\",\"inLanguage\":\"da-DK\",\"@id\":\"https:\/\/last-chance.dk\/?product=vaegur-burlington-50-5x50-5cm#primaryimage\",\"url\":\"https:\/\/last-chance.dk\/wp-content\/uploads\/2024\/08\/burlington_beige_1.jpg\",\"contentUrl\":\"https:\/\/last-chance.dk\/wp-content\/uploads\/2024\/08\/burlington_beige_1.jpg\",\"width\":790,\"height\":913},{\"@type\":\"BreadcrumbList\",\"@id\":\"https:\/\/last-chance.dk\/?product=vaegur-burlington-50-5x50-5cm#breadcrumb\",\"itemListElement\":[{\"@type\":\"ListItem\",\"position\":1,\"name\":\"Home\",\"item\":\"https:\/\/last-chance.dk\/\"},{\"@type\":\"ListItem\",\"position\":2,\"name\":\"V\u00e6gur Burlington 50.5&#215;50.5cm\"}]},{\"@type\":\"WebSite\",\"@id\":\"https:\/\/last-chance.dk\/#website\",\"url\":\"https:\/\/last-chance.dk\/\",\"name\":\"LASTCHANCE Deals | Danmark\",\"description\":\"LASTCHANCE Deals | Danmark\",\"publisher\":{\"@id\":\"https:\/\/last-chance.dk\/#organization\"},\"potentialAction\":[{\"@type\":\"SearchAction\",\"target\":{\"@type\":\"EntryPoint\",\"urlTemplate\":\"https:\/\/last-chance.dk\/?s={search_term_string}\"},\"query-input\":{\"@type\":\"PropertyValueSpecification\",\"valueRequired\":true,\"valueName\":\"search_term_string\"}}],\"inLanguage\":\"da-DK\"},{\"@type\":\"Organization\",\"@id\":\"https:\/\/last-chance.dk\/#organization\",\"name\":\"LASTCHANCE Deals | Danmark\",\"url\":\"https:\/\/last-chance.dk\/\",\"logo\":{\"@type\":\"ImageObject\",\"inLanguage\":\"da-DK\",\"@id\":\"https:\/\/last-chance.dk\/#\/schema\/logo\/image\/\",\"url\":\"https:\/\/last-chance.dk\/wp-content\/uploads\/2023\/10\/lastchancedeals_logo_dk_white.png\",\"contentUrl\":\"https:\/\/last-chance.dk\/wp-content\/uploads\/2023\/10\/lastchancedeals_logo_dk_white.png\",\"width\":470,\"height\":110,\"caption\":\"LASTCHANCE Deals | Danmark\"},\"image\":{\"@id\":\"https:\/\/last-chance.dk\/#\/schema\/logo\/image\/\"}}]}<\/script>\n<!-- \/ Yoast SEO plugin. -->","yoast_head_json":{"title":"V\u00e6gur Burlington 50.5x50.5cm - LASTCHANCE Deals | Danmark","robots":{"index":"index","follow":"follow","max-snippet":"max-snippet:-1","max-image-preview":"max-image-preview:large","max-video-preview":"max-video-preview:-1"},"canonical":"https:\/\/last-chance.dk\/?product=vaegur-burlington-50-5x50-5cm","og_locale":"da_DK","og_type":"article","og_title":"V\u00e6gur Burlington 50.5x50.5cm - LASTCHANCE Deals | Danmark","og_description":"Er du p\u00e5 udkig efter et stilfuldt og moderne v\u00e6gur til dit hjem? S\u00e5 er v\u00e6guret Burlington fra ForrestDecor det perfekte valg for dig. Dette v\u00e6gur er lavet af plast og har et elegant design med store tal og visere. Det har en diameter p\u00e5 50.5 cm og passer til enhver indend\u00f8rs v\u00e6g. V\u00e6guret Burlington [&hellip;]","og_url":"https:\/\/last-chance.dk\/?product=vaegur-burlington-50-5x50-5cm","og_site_name":"LASTCHANCE Deals | Danmark","article_modified_time":"2025-10-13T12:11:51+00:00","og_image":[{"width":790,"height":913,"url":"https:\/\/last-chance.dk\/wp-content\/uploads\/2024\/08\/burlington_beige_1.jpg","type":"image\/jpeg"}],"twitter_card":"summary_large_image","twitter_misc":{"Estimeret l\u00e6setid":"1 minut"},"schema":{"@context":"https:\/\/schema.org","@graph":[{"@type":"WebPage","@id":"https:\/\/last-chance.dk\/?product=vaegur-burlington-50-5x50-5cm","url":"https:\/\/last-chance.dk\/?product=vaegur-burlington-50-5x50-5cm","name":"V\u00e6gur Burlington 50.5x50.5cm - LASTCHANCE Deals | Danmark","isPartOf":{"@id":"https:\/\/last-chance.dk\/#website"},"primaryImageOfPage":{"@id":"https:\/\/last-chance.dk\/?product=vaegur-burlington-50-5x50-5cm#primaryimage"},"image":{"@id":"https:\/\/last-chance.dk\/?product=vaegur-burlington-50-5x50-5cm#primaryimage"},"thumbnailUrl":"https:\/\/last-chance.dk\/wp-content\/uploads\/2024\/08\/burlington_beige_1.jpg","datePublished":"2024-08-02T21:09:07+00:00","dateModified":"2025-10-13T12:11:51+00:00","breadcrumb":{"@id":"https:\/\/last-chance.dk\/?product=vaegur-burlington-50-5x50-5cm#breadcrumb"},"inLanguage":"da-DK","potentialAction":[{"@type":"ReadAction","target":["https:\/\/last-chance.dk\/?product=vaegur-burlington-50-5x50-5cm"]}]},{"@type":"ImageObject","inLanguage":"da-DK","@id":"https:\/\/last-chance.dk\/?product=vaegur-burlington-50-5x50-5cm#primaryimage","url":"https:\/\/last-chance.dk\/wp-content\/uploads\/2024\/08\/burlington_beige_1.jpg","contentUrl":"https:\/\/last-chance.dk\/wp-content\/uploads\/2024\/08\/burlington_beige_1.jpg","width":790,"height":913},{"@type":"BreadcrumbList","@id":"https:\/\/last-chance.dk\/?product=vaegur-burlington-50-5x50-5cm#breadcrumb","itemListElement":[{"@type":"ListItem","position":1,"name":"Home","item":"https:\/\/last-chance.dk\/"},{"@type":"ListItem","position":2,"name":"V\u00e6gur Burlington 50.5&#215;50.5cm"}]},{"@type":"WebSite","@id":"https:\/\/last-chance.dk\/#website","url":"https:\/\/last-chance.dk\/","name":"LASTCHANCE Deals | Danmark","description":"LASTCHANCE Deals | Danmark","publisher":{"@id":"https:\/\/last-chance.dk\/#organization"},"potentialAction":[{"@type":"SearchAction","target":{"@type":"EntryPoint","urlTemplate":"https:\/\/last-chance.dk\/?s={search_term_string}"},"query-input":{"@type":"PropertyValueSpecification","valueRequired":true,"valueName":"search_term_string"}}],"inLanguage":"da-DK"},{"@type":"Organization","@id":"https:\/\/last-chance.dk\/#organization","name":"LASTCHANCE Deals | Danmark","url":"https:\/\/last-chance.dk\/","logo":{"@type":"ImageObject","inLanguage":"da-DK","@id":"https:\/\/last-chance.dk\/#\/schema\/logo\/image\/","url":"https:\/\/last-chance.dk\/wp-content\/uploads\/2023\/10\/lastchancedeals_logo_dk_white.png","contentUrl":"https:\/\/last-chance.dk\/wp-content\/uploads\/2023\/10\/lastchancedeals_logo_dk_white.png","width":470,"height":110,"caption":"LASTCHANCE Deals | Danmark"},"image":{"@id":"https:\/\/last-chance.dk\/#\/schema\/logo\/image\/"}}]}},"_links":{"self":[{"href":"https:\/\/last-chance.dk\/index.php?rest_route=\/wp\/v2\/product\/15682","targetHints":{"allow":["GET"]}}],"collection":[{"href":"https:\/\/last-chance.dk\/index.php?rest_route=\/wp\/v2\/product"}],"about":[{"href":"https:\/\/last-chance.dk\/index.php?rest_route=\/wp\/v2\/types\/product"}],"replies":[{"embeddable":true,"href":"https:\/\/last-chance.dk\/index.php?rest_route=%2Fwp%2Fv2%2Fcomments&post=15682"}],"wp:featuredmedia":[{"embeddable":true,"href":"https:\/\/last-chance.dk\/index.php?rest_route=\/wp\/v2\/media\/15678"}],"wp:attachment":[{"href":"https:\/\/last-chance.dk\/index.php?rest_route=%2Fwp%2Fv2%2Fmedia&parent=15682"}],"wp:term":[{"taxonomy":"product_brand","embeddable":true,"href":"https:\/\/last-chance.dk\/index.php?rest_route=%2Fwp%2Fv2%2Fproduct_brand&post=15682"},{"taxonomy":"product_cat","embeddable":true,"href":"https:\/\/last-chance.dk\/index.php?rest_route=%2Fwp%2Fv2%2Fproduct_cat&post=15682"},{"taxonomy":"product_tag","embeddable":true,"href":"https:\/\/last-chance.dk\/index.php?rest_route=%2Fwp%2Fv2%2Fproduct_tag&post=15682"}],"curies":[{"name":"wp","href":"https:\/\/api.w.org\/{rel}","templated":true}]}}