{"id":15689,"date":"2024-08-02T21:09:24","date_gmt":"2024-08-02T21:09:24","guid":{"rendered":"https:\/\/www.lastchance.deals\/dk\/produkt\/vaegur-madden-gylden-91x33cm\/"},"modified":"2025-10-13T12:12:09","modified_gmt":"2025-10-13T12:12:09","slug":"vaegur-madden-gylden-91x33cm","status":"publish","type":"product","link":"https:\/\/last-chance.dk\/?product=vaegur-madden-gylden-91x33cm","title":{"rendered":"V\u00e6gur Madden gylden 91x33cm"},"content":{"rendered":"<p>Er du p\u00e5 udkig efter et stilfuldt og moderne v\u00e6gur til dit hjem? S\u00e5 er v\u00e6guret Madden fra ForrestDecor det perfekte valg for dig. Dette v\u00e6gur er lavet af metal i en smuk gylden farve, der giver et elegant og luksuri\u00f8st udtryk. V\u00e6guret har et minimalistisk design med tynde visere og ingen tal, s\u00e5 du kan nyde den rene og enkle \u00e6stetik. V\u00e6guret har en stor diameter p\u00e5 91 cm og en dybde p\u00e5 33 cm, s\u00e5 det vil skabe et flot blikfang p\u00e5 din v\u00e6g. V\u00e6guret er beregnet til indend\u00f8rs brug og passer perfekt til stuen, sovev\u00e6relset, kontoret eller enhver anden rum i dit hjem. V\u00e6guret Madden fra ForrestDecor er et kvalitetsprodukt, der kommer med 12 m\u00e5neders garanti. Bestil dit v\u00e6gur i dag og giv dit hjem et nyt og sp\u00e6ndende look.<\/p>\n<p><\/p>\n<p>Leveringstid: Leveringstid 1 uge<br \/>\nMateriale: metal<br \/>\nFarve: gylden<br \/>\nDimensioner: 91x33cm<br \/>\nBeregnet til: Indend\u00f8rs brug<br \/>\nFabrikant: ForrestDecor<br \/>\nGaranti: 12 m\u00e5neder<\/p>\n","protected":false},"excerpt":{"rendered":"<p>Er du p\u00e5 udkig efter et stilfuldt og moderne v\u00e6gur til dit hjem? S\u00e5 er v\u00e6guret Madden fra ForrestDecor det perfekte valg for dig. Dette v\u00e6gur er lavet af metal i en smuk gylden farve, der giver et elegant og luksuri\u00f8st udtryk. V\u00e6guret har et minimalistisk design med tynde visere og ingen tal, s\u00e5 du [&hellip;]<\/p>\n","protected":false},"featured_media":15683,"comment_status":"open","ping_status":"closed","template":"","meta":[],"product_brand":[],"product_cat":[189],"product_tag":[],"class_list":{"0":"post-15689","1":"product","2":"type-product","3":"status-publish","4":"has-post-thumbnail","6":"product_cat-vaggklockor","8":"first","9":"instock","10":"shipping-taxable","11":"purchasable","12":"product-type-simple"},"yoast_head":"<!-- This site is optimized with the Yoast SEO plugin v24.8.1 - https:\/\/yoast.com\/wordpress\/plugins\/seo\/ -->\n<title>V\u00e6gur Madden gylden 91x33cm - LASTCHANCE Deals | Danmark<\/title>\n<meta name=\"robots\" content=\"index, follow, max-snippet:-1, max-image-preview:large, max-video-preview:-1\" \/>\n<link rel=\"canonical\" href=\"https:\/\/last-chance.dk\/?product=vaegur-madden-gylden-91x33cm\" \/>\n<meta property=\"og:locale\" content=\"da_DK\" \/>\n<meta property=\"og:type\" content=\"article\" \/>\n<meta property=\"og:title\" content=\"V\u00e6gur Madden gylden 91x33cm - LASTCHANCE Deals | Danmark\" \/>\n<meta property=\"og:description\" content=\"Er du p\u00e5 udkig efter et stilfuldt og moderne v\u00e6gur til dit hjem? S\u00e5 er v\u00e6guret Madden fra ForrestDecor det perfekte valg for dig. Dette v\u00e6gur er lavet af metal i en smuk gylden farve, der giver et elegant og luksuri\u00f8st udtryk. V\u00e6guret har et minimalistisk design med tynde visere og ingen tal, s\u00e5 du [&hellip;]\" \/>\n<meta property=\"og:url\" content=\"https:\/\/last-chance.dk\/?product=vaegur-madden-gylden-91x33cm\" \/>\n<meta property=\"og:site_name\" content=\"LASTCHANCE Deals | Danmark\" \/>\n<meta property=\"article:modified_time\" content=\"2025-10-13T12:12:09+00:00\" \/>\n<meta property=\"og:image\" content=\"https:\/\/last-chance.dk\/wp-content\/uploads\/2024\/08\/bf023h-6.jpeg\" \/>\n\t<meta property=\"og:image:width\" content=\"750\" \/>\n\t<meta property=\"og:image:height\" content=\"680\" \/>\n\t<meta property=\"og:image:type\" content=\"image\/jpeg\" \/>\n<meta name=\"twitter:card\" content=\"summary_large_image\" \/>\n<meta name=\"twitter:label1\" content=\"Estimeret l\u00e6setid\" \/>\n\t<meta name=\"twitter:data1\" content=\"1 minut\" \/>\n<script type=\"application\/ld+json\" class=\"yoast-schema-graph\">{\"@context\":\"https:\/\/schema.org\",\"@graph\":[{\"@type\":\"WebPage\",\"@id\":\"https:\/\/last-chance.dk\/?product=vaegur-madden-gylden-91x33cm\",\"url\":\"https:\/\/last-chance.dk\/?product=vaegur-madden-gylden-91x33cm\",\"name\":\"V\u00e6gur Madden gylden 91x33cm - LASTCHANCE Deals | Danmark\",\"isPartOf\":{\"@id\":\"https:\/\/last-chance.dk\/#website\"},\"primaryImageOfPage\":{\"@id\":\"https:\/\/last-chance.dk\/?product=vaegur-madden-gylden-91x33cm#primaryimage\"},\"image\":{\"@id\":\"https:\/\/last-chance.dk\/?product=vaegur-madden-gylden-91x33cm#primaryimage\"},\"thumbnailUrl\":\"https:\/\/last-chance.dk\/wp-content\/uploads\/2024\/08\/bf023h-6.jpeg\",\"datePublished\":\"2024-08-02T21:09:24+00:00\",\"dateModified\":\"2025-10-13T12:12:09+00:00\",\"breadcrumb\":{\"@id\":\"https:\/\/last-chance.dk\/?product=vaegur-madden-gylden-91x33cm#breadcrumb\"},\"inLanguage\":\"da-DK\",\"potentialAction\":[{\"@type\":\"ReadAction\",\"target\":[\"https:\/\/last-chance.dk\/?product=vaegur-madden-gylden-91x33cm\"]}]},{\"@type\":\"ImageObject\",\"inLanguage\":\"da-DK\",\"@id\":\"https:\/\/last-chance.dk\/?product=vaegur-madden-gylden-91x33cm#primaryimage\",\"url\":\"https:\/\/last-chance.dk\/wp-content\/uploads\/2024\/08\/bf023h-6.jpeg\",\"contentUrl\":\"https:\/\/last-chance.dk\/wp-content\/uploads\/2024\/08\/bf023h-6.jpeg\",\"width\":750,\"height\":680},{\"@type\":\"BreadcrumbList\",\"@id\":\"https:\/\/last-chance.dk\/?product=vaegur-madden-gylden-91x33cm#breadcrumb\",\"itemListElement\":[{\"@type\":\"ListItem\",\"position\":1,\"name\":\"Home\",\"item\":\"https:\/\/last-chance.dk\/\"},{\"@type\":\"ListItem\",\"position\":2,\"name\":\"V\u00e6gur Madden gylden 91x33cm\"}]},{\"@type\":\"WebSite\",\"@id\":\"https:\/\/last-chance.dk\/#website\",\"url\":\"https:\/\/last-chance.dk\/\",\"name\":\"LASTCHANCE Deals | Danmark\",\"description\":\"LASTCHANCE Deals | Danmark\",\"publisher\":{\"@id\":\"https:\/\/last-chance.dk\/#organization\"},\"potentialAction\":[{\"@type\":\"SearchAction\",\"target\":{\"@type\":\"EntryPoint\",\"urlTemplate\":\"https:\/\/last-chance.dk\/?s={search_term_string}\"},\"query-input\":{\"@type\":\"PropertyValueSpecification\",\"valueRequired\":true,\"valueName\":\"search_term_string\"}}],\"inLanguage\":\"da-DK\"},{\"@type\":\"Organization\",\"@id\":\"https:\/\/last-chance.dk\/#organization\",\"name\":\"LASTCHANCE Deals | Danmark\",\"url\":\"https:\/\/last-chance.dk\/\",\"logo\":{\"@type\":\"ImageObject\",\"inLanguage\":\"da-DK\",\"@id\":\"https:\/\/last-chance.dk\/#\/schema\/logo\/image\/\",\"url\":\"https:\/\/last-chance.dk\/wp-content\/uploads\/2023\/10\/lastchancedeals_logo_dk_white.png\",\"contentUrl\":\"https:\/\/last-chance.dk\/wp-content\/uploads\/2023\/10\/lastchancedeals_logo_dk_white.png\",\"width\":470,\"height\":110,\"caption\":\"LASTCHANCE Deals | Danmark\"},\"image\":{\"@id\":\"https:\/\/last-chance.dk\/#\/schema\/logo\/image\/\"}}]}<\/script>\n<!-- \/ Yoast SEO plugin. -->","yoast_head_json":{"title":"V\u00e6gur Madden gylden 91x33cm - LASTCHANCE Deals | Danmark","robots":{"index":"index","follow":"follow","max-snippet":"max-snippet:-1","max-image-preview":"max-image-preview:large","max-video-preview":"max-video-preview:-1"},"canonical":"https:\/\/last-chance.dk\/?product=vaegur-madden-gylden-91x33cm","og_locale":"da_DK","og_type":"article","og_title":"V\u00e6gur Madden gylden 91x33cm - LASTCHANCE Deals | Danmark","og_description":"Er du p\u00e5 udkig efter et stilfuldt og moderne v\u00e6gur til dit hjem? S\u00e5 er v\u00e6guret Madden fra ForrestDecor det perfekte valg for dig. Dette v\u00e6gur er lavet af metal i en smuk gylden farve, der giver et elegant og luksuri\u00f8st udtryk. V\u00e6guret har et minimalistisk design med tynde visere og ingen tal, s\u00e5 du [&hellip;]","og_url":"https:\/\/last-chance.dk\/?product=vaegur-madden-gylden-91x33cm","og_site_name":"LASTCHANCE Deals | Danmark","article_modified_time":"2025-10-13T12:12:09+00:00","og_image":[{"width":750,"height":680,"url":"https:\/\/last-chance.dk\/wp-content\/uploads\/2024\/08\/bf023h-6.jpeg","type":"image\/jpeg"}],"twitter_card":"summary_large_image","twitter_misc":{"Estimeret l\u00e6setid":"1 minut"},"schema":{"@context":"https:\/\/schema.org","@graph":[{"@type":"WebPage","@id":"https:\/\/last-chance.dk\/?product=vaegur-madden-gylden-91x33cm","url":"https:\/\/last-chance.dk\/?product=vaegur-madden-gylden-91x33cm","name":"V\u00e6gur Madden gylden 91x33cm - LASTCHANCE Deals | Danmark","isPartOf":{"@id":"https:\/\/last-chance.dk\/#website"},"primaryImageOfPage":{"@id":"https:\/\/last-chance.dk\/?product=vaegur-madden-gylden-91x33cm#primaryimage"},"image":{"@id":"https:\/\/last-chance.dk\/?product=vaegur-madden-gylden-91x33cm#primaryimage"},"thumbnailUrl":"https:\/\/last-chance.dk\/wp-content\/uploads\/2024\/08\/bf023h-6.jpeg","datePublished":"2024-08-02T21:09:24+00:00","dateModified":"2025-10-13T12:12:09+00:00","breadcrumb":{"@id":"https:\/\/last-chance.dk\/?product=vaegur-madden-gylden-91x33cm#breadcrumb"},"inLanguage":"da-DK","potentialAction":[{"@type":"ReadAction","target":["https:\/\/last-chance.dk\/?product=vaegur-madden-gylden-91x33cm"]}]},{"@type":"ImageObject","inLanguage":"da-DK","@id":"https:\/\/last-chance.dk\/?product=vaegur-madden-gylden-91x33cm#primaryimage","url":"https:\/\/last-chance.dk\/wp-content\/uploads\/2024\/08\/bf023h-6.jpeg","contentUrl":"https:\/\/last-chance.dk\/wp-content\/uploads\/2024\/08\/bf023h-6.jpeg","width":750,"height":680},{"@type":"BreadcrumbList","@id":"https:\/\/last-chance.dk\/?product=vaegur-madden-gylden-91x33cm#breadcrumb","itemListElement":[{"@type":"ListItem","position":1,"name":"Home","item":"https:\/\/last-chance.dk\/"},{"@type":"ListItem","position":2,"name":"V\u00e6gur Madden gylden 91x33cm"}]},{"@type":"WebSite","@id":"https:\/\/last-chance.dk\/#website","url":"https:\/\/last-chance.dk\/","name":"LASTCHANCE Deals | Danmark","description":"LASTCHANCE Deals | Danmark","publisher":{"@id":"https:\/\/last-chance.dk\/#organization"},"potentialAction":[{"@type":"SearchAction","target":{"@type":"EntryPoint","urlTemplate":"https:\/\/last-chance.dk\/?s={search_term_string}"},"query-input":{"@type":"PropertyValueSpecification","valueRequired":true,"valueName":"search_term_string"}}],"inLanguage":"da-DK"},{"@type":"Organization","@id":"https:\/\/last-chance.dk\/#organization","name":"LASTCHANCE Deals | Danmark","url":"https:\/\/last-chance.dk\/","logo":{"@type":"ImageObject","inLanguage":"da-DK","@id":"https:\/\/last-chance.dk\/#\/schema\/logo\/image\/","url":"https:\/\/last-chance.dk\/wp-content\/uploads\/2023\/10\/lastchancedeals_logo_dk_white.png","contentUrl":"https:\/\/last-chance.dk\/wp-content\/uploads\/2023\/10\/lastchancedeals_logo_dk_white.png","width":470,"height":110,"caption":"LASTCHANCE Deals | Danmark"},"image":{"@id":"https:\/\/last-chance.dk\/#\/schema\/logo\/image\/"}}]}},"_links":{"self":[{"href":"https:\/\/last-chance.dk\/index.php?rest_route=\/wp\/v2\/product\/15689","targetHints":{"allow":["GET"]}}],"collection":[{"href":"https:\/\/last-chance.dk\/index.php?rest_route=\/wp\/v2\/product"}],"about":[{"href":"https:\/\/last-chance.dk\/index.php?rest_route=\/wp\/v2\/types\/product"}],"replies":[{"embeddable":true,"href":"https:\/\/last-chance.dk\/index.php?rest_route=%2Fwp%2Fv2%2Fcomments&post=15689"}],"wp:featuredmedia":[{"embeddable":true,"href":"https:\/\/last-chance.dk\/index.php?rest_route=\/wp\/v2\/media\/15683"}],"wp:attachment":[{"href":"https:\/\/last-chance.dk\/index.php?rest_route=%2Fwp%2Fv2%2Fmedia&parent=15689"}],"wp:term":[{"taxonomy":"product_brand","embeddable":true,"href":"https:\/\/last-chance.dk\/index.php?rest_route=%2Fwp%2Fv2%2Fproduct_brand&post=15689"},{"taxonomy":"product_cat","embeddable":true,"href":"https:\/\/last-chance.dk\/index.php?rest_route=%2Fwp%2Fv2%2Fproduct_cat&post=15689"},{"taxonomy":"product_tag","embeddable":true,"href":"https:\/\/last-chance.dk\/index.php?rest_route=%2Fwp%2Fv2%2Fproduct_tag&post=15689"}],"curies":[{"name":"wp","href":"https:\/\/api.w.org\/{rel}","templated":true}]}}