{"id":15693,"date":"2024-08-02T21:09:55","date_gmt":"2024-08-02T21:09:55","guid":{"rendered":"https:\/\/www.lastchance.deals\/dk\/produkt\/rosanne-kunstig-blomst-flerfarvet-33x27cm\/"},"modified":"2025-10-13T11:59:04","modified_gmt":"2025-10-13T11:59:04","slug":"rosanne-kunstig-blomst-flerfarvet-33x27cm","status":"publish","type":"product","link":"https:\/\/last-chance.dk\/?product=rosanne-kunstig-blomst-flerfarvet-33x27cm","title":{"rendered":"Rosanne kunstig blomst flerfarvet 33x27cm"},"content":{"rendered":"<p>Er du p\u00e5 udkig efter en smuk og holdbar kunstig blomst til at pynte dit hjem eller kontor? S\u00e5 er Rosanne kunstig blomst det perfekte valg for dig!<\/p>\n<p><\/p>\n<p>Rosanne kunstig blomst er en flot og naturtro dekoration, der vil bringe farve og liv til ethvert rum. Den har en flerfarvet blomsterkrans med gr\u00f8nne blade og en brun kurv, der giver den et rustikt og charmerende udtryk. Den m\u00e5ler 33x27cm, s\u00e5 den passer fint p\u00e5 et bord, en hylde eller en vindueskarm.<\/p>\n<p><\/p>\n<p>Rosanne kunstig blomst er lavet af plast af h\u00f8j kvalitet, der er modstandsdygtigt over for falmen, st\u00f8v og vand. Du beh\u00f8ver ikke at bekymre dig om at vande den eller skifte den ud, da den vil holde sig frisk og smuk i lang tid. Du kan nemt reng\u00f8re den med en fugtig klud eller en h\u00e5rt\u00f8rrer.<\/p>\n<p><\/p>\n<p>Rosanne kunstig blomst er produceret af ForrestDecor, et anerkendt m\u00e6rke inden for kunstige planter og blomster. De bruger avanceret teknologi og h\u00e5ndv\u00e6rk til at skabe realistiske og detaljerede produkter, der vil gl\u00e6de dig og dine g\u00e6ster.<\/p>\n<p><\/p>\n<p>Bestil din Rosanne kunstig blomst i dag og nyd dens sk\u00f8nhed og fordele!<\/p>\n<p><\/p>\n<p>Leveringstid: Leveringstid 1 uge<br \/>\nUdvendige dimensioner: 33x27cm<br \/>\nFarve: flerfarvet<br \/>\nFabrikant: ForrestDecor<br \/>\nMateriale: plast<\/p>\n","protected":false},"excerpt":{"rendered":"<p>Er du p\u00e5 udkig efter en smuk og holdbar kunstig blomst til at pynte dit hjem eller kontor? S\u00e5 er Rosanne kunstig blomst det perfekte valg for dig! Rosanne kunstig blomst er en flot og naturtro dekoration, der vil bringe farve og liv til ethvert rum. Den har en flerfarvet blomsterkrans med gr\u00f8nne blade og [&hellip;]<\/p>\n","protected":false},"featured_media":15692,"comment_status":"open","ping_status":"closed","template":"","meta":[],"product_brand":[],"product_cat":[190],"product_tag":[],"class_list":{"0":"post-15693","1":"product","2":"type-product","3":"status-publish","4":"has-post-thumbnail","6":"product_cat-artificial-trees-and-flowers","8":"first","9":"instock","10":"shipping-taxable","11":"purchasable","12":"product-type-simple"},"yoast_head":"<!-- This site is optimized with the Yoast SEO plugin v24.8.1 - https:\/\/yoast.com\/wordpress\/plugins\/seo\/ -->\n<title>Rosanne kunstig blomst flerfarvet 33x27cm - LASTCHANCE Deals | Danmark<\/title>\n<meta name=\"robots\" content=\"index, follow, max-snippet:-1, max-image-preview:large, max-video-preview:-1\" \/>\n<link rel=\"canonical\" href=\"https:\/\/last-chance.dk\/?product=rosanne-kunstig-blomst-flerfarvet-33x27cm\" \/>\n<meta property=\"og:locale\" content=\"da_DK\" \/>\n<meta property=\"og:type\" content=\"article\" \/>\n<meta property=\"og:title\" content=\"Rosanne kunstig blomst flerfarvet 33x27cm - LASTCHANCE Deals | Danmark\" \/>\n<meta property=\"og:description\" content=\"Er du p\u00e5 udkig efter en smuk og holdbar kunstig blomst til at pynte dit hjem eller kontor? S\u00e5 er Rosanne kunstig blomst det perfekte valg for dig! Rosanne kunstig blomst er en flot og naturtro dekoration, der vil bringe farve og liv til ethvert rum. Den har en flerfarvet blomsterkrans med gr\u00f8nne blade og [&hellip;]\" \/>\n<meta property=\"og:url\" content=\"https:\/\/last-chance.dk\/?product=rosanne-kunstig-blomst-flerfarvet-33x27cm\" \/>\n<meta property=\"og:site_name\" content=\"LASTCHANCE Deals | Danmark\" \/>\n<meta property=\"article:modified_time\" content=\"2025-10-13T11:59:04+00:00\" \/>\n<meta property=\"og:image\" content=\"https:\/\/last-chance.dk\/wp-content\/uploads\/2024\/08\/rosanne.jpg\" \/>\n\t<meta property=\"og:image:width\" content=\"400\" \/>\n\t<meta property=\"og:image:height\" content=\"400\" \/>\n\t<meta property=\"og:image:type\" content=\"image\/jpeg\" \/>\n<meta name=\"twitter:card\" content=\"summary_large_image\" \/>\n<meta name=\"twitter:label1\" content=\"Estimeret l\u00e6setid\" \/>\n\t<meta name=\"twitter:data1\" content=\"1 minut\" \/>\n<script type=\"application\/ld+json\" class=\"yoast-schema-graph\">{\"@context\":\"https:\/\/schema.org\",\"@graph\":[{\"@type\":\"WebPage\",\"@id\":\"https:\/\/last-chance.dk\/?product=rosanne-kunstig-blomst-flerfarvet-33x27cm\",\"url\":\"https:\/\/last-chance.dk\/?product=rosanne-kunstig-blomst-flerfarvet-33x27cm\",\"name\":\"Rosanne kunstig blomst flerfarvet 33x27cm - LASTCHANCE Deals | Danmark\",\"isPartOf\":{\"@id\":\"https:\/\/last-chance.dk\/#website\"},\"primaryImageOfPage\":{\"@id\":\"https:\/\/last-chance.dk\/?product=rosanne-kunstig-blomst-flerfarvet-33x27cm#primaryimage\"},\"image\":{\"@id\":\"https:\/\/last-chance.dk\/?product=rosanne-kunstig-blomst-flerfarvet-33x27cm#primaryimage\"},\"thumbnailUrl\":\"https:\/\/last-chance.dk\/wp-content\/uploads\/2024\/08\/rosanne.jpg\",\"datePublished\":\"2024-08-02T21:09:55+00:00\",\"dateModified\":\"2025-10-13T11:59:04+00:00\",\"breadcrumb\":{\"@id\":\"https:\/\/last-chance.dk\/?product=rosanne-kunstig-blomst-flerfarvet-33x27cm#breadcrumb\"},\"inLanguage\":\"da-DK\",\"potentialAction\":[{\"@type\":\"ReadAction\",\"target\":[\"https:\/\/last-chance.dk\/?product=rosanne-kunstig-blomst-flerfarvet-33x27cm\"]}]},{\"@type\":\"ImageObject\",\"inLanguage\":\"da-DK\",\"@id\":\"https:\/\/last-chance.dk\/?product=rosanne-kunstig-blomst-flerfarvet-33x27cm#primaryimage\",\"url\":\"https:\/\/last-chance.dk\/wp-content\/uploads\/2024\/08\/rosanne.jpg\",\"contentUrl\":\"https:\/\/last-chance.dk\/wp-content\/uploads\/2024\/08\/rosanne.jpg\",\"width\":400,\"height\":400},{\"@type\":\"BreadcrumbList\",\"@id\":\"https:\/\/last-chance.dk\/?product=rosanne-kunstig-blomst-flerfarvet-33x27cm#breadcrumb\",\"itemListElement\":[{\"@type\":\"ListItem\",\"position\":1,\"name\":\"Home\",\"item\":\"https:\/\/last-chance.dk\/\"},{\"@type\":\"ListItem\",\"position\":2,\"name\":\"Rosanne kunstig blomst flerfarvet 33x27cm\"}]},{\"@type\":\"WebSite\",\"@id\":\"https:\/\/last-chance.dk\/#website\",\"url\":\"https:\/\/last-chance.dk\/\",\"name\":\"LASTCHANCE Deals | Danmark\",\"description\":\"LASTCHANCE Deals | Danmark\",\"publisher\":{\"@id\":\"https:\/\/last-chance.dk\/#organization\"},\"potentialAction\":[{\"@type\":\"SearchAction\",\"target\":{\"@type\":\"EntryPoint\",\"urlTemplate\":\"https:\/\/last-chance.dk\/?s={search_term_string}\"},\"query-input\":{\"@type\":\"PropertyValueSpecification\",\"valueRequired\":true,\"valueName\":\"search_term_string\"}}],\"inLanguage\":\"da-DK\"},{\"@type\":\"Organization\",\"@id\":\"https:\/\/last-chance.dk\/#organization\",\"name\":\"LASTCHANCE Deals | Danmark\",\"url\":\"https:\/\/last-chance.dk\/\",\"logo\":{\"@type\":\"ImageObject\",\"inLanguage\":\"da-DK\",\"@id\":\"https:\/\/last-chance.dk\/#\/schema\/logo\/image\/\",\"url\":\"https:\/\/last-chance.dk\/wp-content\/uploads\/2023\/10\/lastchancedeals_logo_dk_white.png\",\"contentUrl\":\"https:\/\/last-chance.dk\/wp-content\/uploads\/2023\/10\/lastchancedeals_logo_dk_white.png\",\"width\":470,\"height\":110,\"caption\":\"LASTCHANCE Deals | Danmark\"},\"image\":{\"@id\":\"https:\/\/last-chance.dk\/#\/schema\/logo\/image\/\"}}]}<\/script>\n<!-- \/ Yoast SEO plugin. -->","yoast_head_json":{"title":"Rosanne kunstig blomst flerfarvet 33x27cm - LASTCHANCE Deals | Danmark","robots":{"index":"index","follow":"follow","max-snippet":"max-snippet:-1","max-image-preview":"max-image-preview:large","max-video-preview":"max-video-preview:-1"},"canonical":"https:\/\/last-chance.dk\/?product=rosanne-kunstig-blomst-flerfarvet-33x27cm","og_locale":"da_DK","og_type":"article","og_title":"Rosanne kunstig blomst flerfarvet 33x27cm - LASTCHANCE Deals | Danmark","og_description":"Er du p\u00e5 udkig efter en smuk og holdbar kunstig blomst til at pynte dit hjem eller kontor? S\u00e5 er Rosanne kunstig blomst det perfekte valg for dig! Rosanne kunstig blomst er en flot og naturtro dekoration, der vil bringe farve og liv til ethvert rum. Den har en flerfarvet blomsterkrans med gr\u00f8nne blade og [&hellip;]","og_url":"https:\/\/last-chance.dk\/?product=rosanne-kunstig-blomst-flerfarvet-33x27cm","og_site_name":"LASTCHANCE Deals | Danmark","article_modified_time":"2025-10-13T11:59:04+00:00","og_image":[{"width":400,"height":400,"url":"https:\/\/last-chance.dk\/wp-content\/uploads\/2024\/08\/rosanne.jpg","type":"image\/jpeg"}],"twitter_card":"summary_large_image","twitter_misc":{"Estimeret l\u00e6setid":"1 minut"},"schema":{"@context":"https:\/\/schema.org","@graph":[{"@type":"WebPage","@id":"https:\/\/last-chance.dk\/?product=rosanne-kunstig-blomst-flerfarvet-33x27cm","url":"https:\/\/last-chance.dk\/?product=rosanne-kunstig-blomst-flerfarvet-33x27cm","name":"Rosanne kunstig blomst flerfarvet 33x27cm - LASTCHANCE Deals | Danmark","isPartOf":{"@id":"https:\/\/last-chance.dk\/#website"},"primaryImageOfPage":{"@id":"https:\/\/last-chance.dk\/?product=rosanne-kunstig-blomst-flerfarvet-33x27cm#primaryimage"},"image":{"@id":"https:\/\/last-chance.dk\/?product=rosanne-kunstig-blomst-flerfarvet-33x27cm#primaryimage"},"thumbnailUrl":"https:\/\/last-chance.dk\/wp-content\/uploads\/2024\/08\/rosanne.jpg","datePublished":"2024-08-02T21:09:55+00:00","dateModified":"2025-10-13T11:59:04+00:00","breadcrumb":{"@id":"https:\/\/last-chance.dk\/?product=rosanne-kunstig-blomst-flerfarvet-33x27cm#breadcrumb"},"inLanguage":"da-DK","potentialAction":[{"@type":"ReadAction","target":["https:\/\/last-chance.dk\/?product=rosanne-kunstig-blomst-flerfarvet-33x27cm"]}]},{"@type":"ImageObject","inLanguage":"da-DK","@id":"https:\/\/last-chance.dk\/?product=rosanne-kunstig-blomst-flerfarvet-33x27cm#primaryimage","url":"https:\/\/last-chance.dk\/wp-content\/uploads\/2024\/08\/rosanne.jpg","contentUrl":"https:\/\/last-chance.dk\/wp-content\/uploads\/2024\/08\/rosanne.jpg","width":400,"height":400},{"@type":"BreadcrumbList","@id":"https:\/\/last-chance.dk\/?product=rosanne-kunstig-blomst-flerfarvet-33x27cm#breadcrumb","itemListElement":[{"@type":"ListItem","position":1,"name":"Home","item":"https:\/\/last-chance.dk\/"},{"@type":"ListItem","position":2,"name":"Rosanne kunstig blomst flerfarvet 33x27cm"}]},{"@type":"WebSite","@id":"https:\/\/last-chance.dk\/#website","url":"https:\/\/last-chance.dk\/","name":"LASTCHANCE Deals | Danmark","description":"LASTCHANCE Deals | Danmark","publisher":{"@id":"https:\/\/last-chance.dk\/#organization"},"potentialAction":[{"@type":"SearchAction","target":{"@type":"EntryPoint","urlTemplate":"https:\/\/last-chance.dk\/?s={search_term_string}"},"query-input":{"@type":"PropertyValueSpecification","valueRequired":true,"valueName":"search_term_string"}}],"inLanguage":"da-DK"},{"@type":"Organization","@id":"https:\/\/last-chance.dk\/#organization","name":"LASTCHANCE Deals | Danmark","url":"https:\/\/last-chance.dk\/","logo":{"@type":"ImageObject","inLanguage":"da-DK","@id":"https:\/\/last-chance.dk\/#\/schema\/logo\/image\/","url":"https:\/\/last-chance.dk\/wp-content\/uploads\/2023\/10\/lastchancedeals_logo_dk_white.png","contentUrl":"https:\/\/last-chance.dk\/wp-content\/uploads\/2023\/10\/lastchancedeals_logo_dk_white.png","width":470,"height":110,"caption":"LASTCHANCE Deals | Danmark"},"image":{"@id":"https:\/\/last-chance.dk\/#\/schema\/logo\/image\/"}}]}},"_links":{"self":[{"href":"https:\/\/last-chance.dk\/index.php?rest_route=\/wp\/v2\/product\/15693","targetHints":{"allow":["GET"]}}],"collection":[{"href":"https:\/\/last-chance.dk\/index.php?rest_route=\/wp\/v2\/product"}],"about":[{"href":"https:\/\/last-chance.dk\/index.php?rest_route=\/wp\/v2\/types\/product"}],"replies":[{"embeddable":true,"href":"https:\/\/last-chance.dk\/index.php?rest_route=%2Fwp%2Fv2%2Fcomments&post=15693"}],"wp:featuredmedia":[{"embeddable":true,"href":"https:\/\/last-chance.dk\/index.php?rest_route=\/wp\/v2\/media\/15692"}],"wp:attachment":[{"href":"https:\/\/last-chance.dk\/index.php?rest_route=%2Fwp%2Fv2%2Fmedia&parent=15693"}],"wp:term":[{"taxonomy":"product_brand","embeddable":true,"href":"https:\/\/last-chance.dk\/index.php?rest_route=%2Fwp%2Fv2%2Fproduct_brand&post=15693"},{"taxonomy":"product_cat","embeddable":true,"href":"https:\/\/last-chance.dk\/index.php?rest_route=%2Fwp%2Fv2%2Fproduct_cat&post=15693"},{"taxonomy":"product_tag","embeddable":true,"href":"https:\/\/last-chance.dk\/index.php?rest_route=%2Fwp%2Fv2%2Fproduct_tag&post=15693"}],"curies":[{"name":"wp","href":"https:\/\/api.w.org\/{rel}","templated":true}]}}