{"id":15720,"date":"2024-08-02T21:11:25","date_gmt":"2024-08-02T21:11:25","guid":{"rendered":"https:\/\/www.lastchance.deals\/dk\/produkt\/moerklaegnings-rullegardin-ohio-100x200cm\/"},"modified":"2024-08-02T21:11:25","modified_gmt":"2024-08-02T21:11:25","slug":"moerklaegnings-rullegardin-ohio-100x200cm","status":"publish","type":"product","link":"https:\/\/last-chance.dk\/?product=moerklaegnings-rullegardin-ohio-100x200cm","title":{"rendered":"M\u00f8rkl\u00e6gnings rullegardin Ohio 100x200cm"},"content":{"rendered":"<p>Er du p\u00e5 udkig efter et m\u00f8rkl\u00e6gnings rullegardin, der kan skabe en hyggelig og behagelig atmosf\u00e6re i dit hjem? S\u00e5 er dette produkt fra ForrestDecor m\u00e5ske noget for dig. Det er et m\u00f8rkl\u00e6gnings rullegardin i polyester, der har en flot og neutral farve, som passer til enhver indretning. Det har dimensioner p\u00e5 100x200cm, s\u00e5 det d\u00e6kker et stort vindue eller en d\u00f8r. Det er nemt at montere og betjene med en k\u00e6de i siden. Du kan justere h\u00f8jden af rullegardinet efter dit behov og \u00f8nske.<\/p>\n<p><\/p>\n<p>M\u00f8rkl\u00e6gnings rullegardin Ohio 100x200cm er et ideelt valg, hvis du vil have et m\u00f8rkt og roligt rum til at sove, slappe af eller se film. Det blokerer effektivt sollyset og varmen udefra, s\u00e5 du kan nyde en god nats s\u00f8vn eller en hyggestund i sofaen. Det er ogs\u00e5 godt for din privatliv, da det forhindrer nysgerrige blikke udefra. Det er lavet af polyester, som er et slidst\u00e6rkt og let reng\u00f8rligt materiale. Du kan nemt t\u00f8rre det af med en fugtig klud eller st\u00f8vsuge det med en bl\u00f8d b\u00f8rste.<\/p>\n<p><\/p>\n<p>Hvis du vil have et m\u00f8rkl\u00e6gnings rullegardin Ohio 100x200cm til dit hjem, kan du bestille det her p\u00e5 vores webshop. Vi har et stort udvalg af forskellige st\u00f8rrelser og farver, s\u00e5 du kan finde det perfekte match til dit rum. Vi leverer hurtigt og sikkert til din adresse, s\u00e5 du kan gl\u00e6de dig over dit nye rullegardin i l\u00f8bet af kort tid. Bestil i dag og f\u00e5 et m\u00f8rkl\u00e6gnings rullegardin Ohio 100x200cm til en fantastisk pris!<\/p>\n<p><\/p>\n<p>Leveringstid: Leveringstid 1 uge<br \/>\nMateriale: polyester<br \/>\nFarve: ikke angivet<br \/>\nDimensioner: 100x200cm<br \/>\nBel\u00f8b: 100x200cm x 1pc<br \/>\nFabrikant: ForrestDecor<\/p>\n","protected":false},"excerpt":{"rendered":"<p>Er du p\u00e5 udkig efter et m\u00f8rkl\u00e6gnings rullegardin, der kan skabe en hyggelig og behagelig atmosf\u00e6re i dit hjem? S\u00e5 er dette produkt fra ForrestDecor m\u00e5ske noget for dig. Det er et m\u00f8rkl\u00e6gnings rullegardin i polyester, der har en flot og neutral farve, som passer til enhver indretning. Det har dimensioner p\u00e5 100x200cm, s\u00e5 det [&hellip;]<\/p>\n","protected":false},"featured_media":15716,"comment_status":"open","ping_status":"closed","template":"","meta":[],"product_brand":[],"product_cat":[299],"product_tag":[],"class_list":{"0":"post-15720","1":"product","2":"type-product","3":"status-publish","4":"has-post-thumbnail","6":"product_cat-rullgardiner","8":"first","9":"instock","10":"shipping-taxable","11":"purchasable","12":"product-type-simple"},"yoast_head":"<!-- This site is optimized with the Yoast SEO plugin v24.8.1 - https:\/\/yoast.com\/wordpress\/plugins\/seo\/ -->\n<title>M\u00f8rkl\u00e6gnings rullegardin Ohio 100x200cm - LASTCHANCE Deals | Danmark<\/title>\n<meta name=\"robots\" content=\"index, follow, max-snippet:-1, max-image-preview:large, max-video-preview:-1\" \/>\n<link rel=\"canonical\" href=\"https:\/\/last-chance.dk\/?product=moerklaegnings-rullegardin-ohio-100x200cm\" \/>\n<meta property=\"og:locale\" content=\"da_DK\" \/>\n<meta property=\"og:type\" content=\"article\" \/>\n<meta property=\"og:title\" content=\"M\u00f8rkl\u00e6gnings rullegardin Ohio 100x200cm - LASTCHANCE Deals | Danmark\" \/>\n<meta property=\"og:description\" content=\"Er du p\u00e5 udkig efter et m\u00f8rkl\u00e6gnings rullegardin, der kan skabe en hyggelig og behagelig atmosf\u00e6re i dit hjem? S\u00e5 er dette produkt fra ForrestDecor m\u00e5ske noget for dig. Det er et m\u00f8rkl\u00e6gnings rullegardin i polyester, der har en flot og neutral farve, som passer til enhver indretning. Det har dimensioner p\u00e5 100x200cm, s\u00e5 det [&hellip;]\" \/>\n<meta property=\"og:url\" content=\"https:\/\/last-chance.dk\/?product=moerklaegnings-rullegardin-ohio-100x200cm\" \/>\n<meta property=\"og:site_name\" content=\"LASTCHANCE Deals | Danmark\" \/>\n<meta property=\"og:image\" content=\"https:\/\/last-chance.dk\/wp-content\/uploads\/2024\/08\/ohio_a.jpg\" \/>\n\t<meta property=\"og:image:width\" content=\"679\" \/>\n\t<meta property=\"og:image:height\" content=\"797\" \/>\n\t<meta property=\"og:image:type\" content=\"image\/jpeg\" \/>\n<meta name=\"twitter:card\" content=\"summary_large_image\" \/>\n<meta name=\"twitter:label1\" content=\"Estimeret l\u00e6setid\" \/>\n\t<meta name=\"twitter:data1\" content=\"1 minut\" \/>\n<script type=\"application\/ld+json\" class=\"yoast-schema-graph\">{\"@context\":\"https:\/\/schema.org\",\"@graph\":[{\"@type\":\"WebPage\",\"@id\":\"https:\/\/last-chance.dk\/?product=moerklaegnings-rullegardin-ohio-100x200cm\",\"url\":\"https:\/\/last-chance.dk\/?product=moerklaegnings-rullegardin-ohio-100x200cm\",\"name\":\"M\u00f8rkl\u00e6gnings rullegardin Ohio 100x200cm - LASTCHANCE Deals | Danmark\",\"isPartOf\":{\"@id\":\"https:\/\/last-chance.dk\/#website\"},\"primaryImageOfPage\":{\"@id\":\"https:\/\/last-chance.dk\/?product=moerklaegnings-rullegardin-ohio-100x200cm#primaryimage\"},\"image\":{\"@id\":\"https:\/\/last-chance.dk\/?product=moerklaegnings-rullegardin-ohio-100x200cm#primaryimage\"},\"thumbnailUrl\":\"https:\/\/last-chance.dk\/wp-content\/uploads\/2024\/08\/ohio_a.jpg\",\"datePublished\":\"2024-08-02T21:11:25+00:00\",\"breadcrumb\":{\"@id\":\"https:\/\/last-chance.dk\/?product=moerklaegnings-rullegardin-ohio-100x200cm#breadcrumb\"},\"inLanguage\":\"da-DK\",\"potentialAction\":[{\"@type\":\"ReadAction\",\"target\":[\"https:\/\/last-chance.dk\/?product=moerklaegnings-rullegardin-ohio-100x200cm\"]}]},{\"@type\":\"ImageObject\",\"inLanguage\":\"da-DK\",\"@id\":\"https:\/\/last-chance.dk\/?product=moerklaegnings-rullegardin-ohio-100x200cm#primaryimage\",\"url\":\"https:\/\/last-chance.dk\/wp-content\/uploads\/2024\/08\/ohio_a.jpg\",\"contentUrl\":\"https:\/\/last-chance.dk\/wp-content\/uploads\/2024\/08\/ohio_a.jpg\",\"width\":679,\"height\":797},{\"@type\":\"BreadcrumbList\",\"@id\":\"https:\/\/last-chance.dk\/?product=moerklaegnings-rullegardin-ohio-100x200cm#breadcrumb\",\"itemListElement\":[{\"@type\":\"ListItem\",\"position\":1,\"name\":\"Home\",\"item\":\"https:\/\/last-chance.dk\/\"},{\"@type\":\"ListItem\",\"position\":2,\"name\":\"M\u00f8rkl\u00e6gnings rullegardin Ohio 100x200cm\"}]},{\"@type\":\"WebSite\",\"@id\":\"https:\/\/last-chance.dk\/#website\",\"url\":\"https:\/\/last-chance.dk\/\",\"name\":\"LASTCHANCE Deals | Danmark\",\"description\":\"LASTCHANCE Deals | Danmark\",\"publisher\":{\"@id\":\"https:\/\/last-chance.dk\/#organization\"},\"potentialAction\":[{\"@type\":\"SearchAction\",\"target\":{\"@type\":\"EntryPoint\",\"urlTemplate\":\"https:\/\/last-chance.dk\/?s={search_term_string}\"},\"query-input\":{\"@type\":\"PropertyValueSpecification\",\"valueRequired\":true,\"valueName\":\"search_term_string\"}}],\"inLanguage\":\"da-DK\"},{\"@type\":\"Organization\",\"@id\":\"https:\/\/last-chance.dk\/#organization\",\"name\":\"LASTCHANCE Deals | Danmark\",\"url\":\"https:\/\/last-chance.dk\/\",\"logo\":{\"@type\":\"ImageObject\",\"inLanguage\":\"da-DK\",\"@id\":\"https:\/\/last-chance.dk\/#\/schema\/logo\/image\/\",\"url\":\"https:\/\/last-chance.dk\/wp-content\/uploads\/2023\/10\/lastchancedeals_logo_dk_white.png\",\"contentUrl\":\"https:\/\/last-chance.dk\/wp-content\/uploads\/2023\/10\/lastchancedeals_logo_dk_white.png\",\"width\":470,\"height\":110,\"caption\":\"LASTCHANCE Deals | Danmark\"},\"image\":{\"@id\":\"https:\/\/last-chance.dk\/#\/schema\/logo\/image\/\"}}]}<\/script>\n<!-- \/ Yoast SEO plugin. -->","yoast_head_json":{"title":"M\u00f8rkl\u00e6gnings rullegardin Ohio 100x200cm - LASTCHANCE Deals | Danmark","robots":{"index":"index","follow":"follow","max-snippet":"max-snippet:-1","max-image-preview":"max-image-preview:large","max-video-preview":"max-video-preview:-1"},"canonical":"https:\/\/last-chance.dk\/?product=moerklaegnings-rullegardin-ohio-100x200cm","og_locale":"da_DK","og_type":"article","og_title":"M\u00f8rkl\u00e6gnings rullegardin Ohio 100x200cm - LASTCHANCE Deals | Danmark","og_description":"Er du p\u00e5 udkig efter et m\u00f8rkl\u00e6gnings rullegardin, der kan skabe en hyggelig og behagelig atmosf\u00e6re i dit hjem? S\u00e5 er dette produkt fra ForrestDecor m\u00e5ske noget for dig. Det er et m\u00f8rkl\u00e6gnings rullegardin i polyester, der har en flot og neutral farve, som passer til enhver indretning. Det har dimensioner p\u00e5 100x200cm, s\u00e5 det [&hellip;]","og_url":"https:\/\/last-chance.dk\/?product=moerklaegnings-rullegardin-ohio-100x200cm","og_site_name":"LASTCHANCE Deals | Danmark","og_image":[{"width":679,"height":797,"url":"https:\/\/last-chance.dk\/wp-content\/uploads\/2024\/08\/ohio_a.jpg","type":"image\/jpeg"}],"twitter_card":"summary_large_image","twitter_misc":{"Estimeret l\u00e6setid":"1 minut"},"schema":{"@context":"https:\/\/schema.org","@graph":[{"@type":"WebPage","@id":"https:\/\/last-chance.dk\/?product=moerklaegnings-rullegardin-ohio-100x200cm","url":"https:\/\/last-chance.dk\/?product=moerklaegnings-rullegardin-ohio-100x200cm","name":"M\u00f8rkl\u00e6gnings rullegardin Ohio 100x200cm - LASTCHANCE Deals | Danmark","isPartOf":{"@id":"https:\/\/last-chance.dk\/#website"},"primaryImageOfPage":{"@id":"https:\/\/last-chance.dk\/?product=moerklaegnings-rullegardin-ohio-100x200cm#primaryimage"},"image":{"@id":"https:\/\/last-chance.dk\/?product=moerklaegnings-rullegardin-ohio-100x200cm#primaryimage"},"thumbnailUrl":"https:\/\/last-chance.dk\/wp-content\/uploads\/2024\/08\/ohio_a.jpg","datePublished":"2024-08-02T21:11:25+00:00","breadcrumb":{"@id":"https:\/\/last-chance.dk\/?product=moerklaegnings-rullegardin-ohio-100x200cm#breadcrumb"},"inLanguage":"da-DK","potentialAction":[{"@type":"ReadAction","target":["https:\/\/last-chance.dk\/?product=moerklaegnings-rullegardin-ohio-100x200cm"]}]},{"@type":"ImageObject","inLanguage":"da-DK","@id":"https:\/\/last-chance.dk\/?product=moerklaegnings-rullegardin-ohio-100x200cm#primaryimage","url":"https:\/\/last-chance.dk\/wp-content\/uploads\/2024\/08\/ohio_a.jpg","contentUrl":"https:\/\/last-chance.dk\/wp-content\/uploads\/2024\/08\/ohio_a.jpg","width":679,"height":797},{"@type":"BreadcrumbList","@id":"https:\/\/last-chance.dk\/?product=moerklaegnings-rullegardin-ohio-100x200cm#breadcrumb","itemListElement":[{"@type":"ListItem","position":1,"name":"Home","item":"https:\/\/last-chance.dk\/"},{"@type":"ListItem","position":2,"name":"M\u00f8rkl\u00e6gnings rullegardin Ohio 100x200cm"}]},{"@type":"WebSite","@id":"https:\/\/last-chance.dk\/#website","url":"https:\/\/last-chance.dk\/","name":"LASTCHANCE Deals | Danmark","description":"LASTCHANCE Deals | Danmark","publisher":{"@id":"https:\/\/last-chance.dk\/#organization"},"potentialAction":[{"@type":"SearchAction","target":{"@type":"EntryPoint","urlTemplate":"https:\/\/last-chance.dk\/?s={search_term_string}"},"query-input":{"@type":"PropertyValueSpecification","valueRequired":true,"valueName":"search_term_string"}}],"inLanguage":"da-DK"},{"@type":"Organization","@id":"https:\/\/last-chance.dk\/#organization","name":"LASTCHANCE Deals | Danmark","url":"https:\/\/last-chance.dk\/","logo":{"@type":"ImageObject","inLanguage":"da-DK","@id":"https:\/\/last-chance.dk\/#\/schema\/logo\/image\/","url":"https:\/\/last-chance.dk\/wp-content\/uploads\/2023\/10\/lastchancedeals_logo_dk_white.png","contentUrl":"https:\/\/last-chance.dk\/wp-content\/uploads\/2023\/10\/lastchancedeals_logo_dk_white.png","width":470,"height":110,"caption":"LASTCHANCE Deals | Danmark"},"image":{"@id":"https:\/\/last-chance.dk\/#\/schema\/logo\/image\/"}}]}},"_links":{"self":[{"href":"https:\/\/last-chance.dk\/index.php?rest_route=\/wp\/v2\/product\/15720","targetHints":{"allow":["GET"]}}],"collection":[{"href":"https:\/\/last-chance.dk\/index.php?rest_route=\/wp\/v2\/product"}],"about":[{"href":"https:\/\/last-chance.dk\/index.php?rest_route=\/wp\/v2\/types\/product"}],"replies":[{"embeddable":true,"href":"https:\/\/last-chance.dk\/index.php?rest_route=%2Fwp%2Fv2%2Fcomments&post=15720"}],"wp:featuredmedia":[{"embeddable":true,"href":"https:\/\/last-chance.dk\/index.php?rest_route=\/wp\/v2\/media\/15716"}],"wp:attachment":[{"href":"https:\/\/last-chance.dk\/index.php?rest_route=%2Fwp%2Fv2%2Fmedia&parent=15720"}],"wp:term":[{"taxonomy":"product_brand","embeddable":true,"href":"https:\/\/last-chance.dk\/index.php?rest_route=%2Fwp%2Fv2%2Fproduct_brand&post=15720"},{"taxonomy":"product_cat","embeddable":true,"href":"https:\/\/last-chance.dk\/index.php?rest_route=%2Fwp%2Fv2%2Fproduct_cat&post=15720"},{"taxonomy":"product_tag","embeddable":true,"href":"https:\/\/last-chance.dk\/index.php?rest_route=%2Fwp%2Fv2%2Fproduct_tag&post=15720"}],"curies":[{"name":"wp","href":"https:\/\/api.w.org\/{rel}","templated":true}]}}