{"id":15731,"date":"2024-08-02T21:11:44","date_gmt":"2024-08-02T21:11:44","guid":{"rendered":"https:\/\/www.lastchance.deals\/dk\/produkt\/sofabetraek-camrose-230-300cm\/"},"modified":"2024-08-02T21:11:44","modified_gmt":"2024-08-02T21:11:44","slug":"sofabetraek-camrose-230-300cm","status":"publish","type":"product","link":"https:\/\/last-chance.dk\/?product=sofabetraek-camrose-230-300cm","title":{"rendered":"Sofabetr\u00e6k Camrose 230-300cm"},"content":{"rendered":"<p>Er du tr\u00e6t af din gamle sofa, men har ikke lyst til at k\u00f8be en ny? S\u00e5 er dette sofabetr\u00e6k fra ForrestDecor lige noget for dig. Det er lavet af stof i h\u00f8j kvalitet, der er bl\u00f8dt og behageligt at sidde p\u00e5. Det passer til sofaer med en l\u00e6ngde mellem 230 og 300 cm, s\u00e5 du kan nemt finde det, der passer til din sofa. Det er ogs\u00e5 nemt at tage af og p\u00e5, s\u00e5 du kan vaske det efter behov.<\/p>\n<p><\/p>\n<p>Sofabetr\u00e6kket har et enkelt og elegant design, der passer til enhver indretning. Det f\u00e5s i forskellige farver, s\u00e5 du kan v\u00e6lge den, der matcher din stil. Du kan ogs\u00e5 kombinere det med puder og t\u00e6pper for at skabe et hyggeligt og personligt udtryk. Med dette sofabetr\u00e6k kan du forny din sofa uden at bruge en formue.<\/p>\n<p><\/p>\n<p>Bestil dit sofabetr\u00e6k Camrose 230-300cm i dag og gl\u00e6d dig til at give din sofa et nyt look.<\/p>\n<p><\/p>\n<p>Leveringstid: Leveringstid 1 uge<br \/>\nMateriale: stof<br \/>\nDimensioner: 230-300cm<br \/>\nFabrikant: ForrestDecor<\/p>\n","protected":false},"excerpt":{"rendered":"<p>Er du tr\u00e6t af din gamle sofa, men har ikke lyst til at k\u00f8be en ny? S\u00e5 er dette sofabetr\u00e6k fra ForrestDecor lige noget for dig. Det er lavet af stof i h\u00f8j kvalitet, der er bl\u00f8dt og behageligt at sidde p\u00e5. Det passer til sofaer med en l\u00e6ngde mellem 230 og 300 cm, s\u00e5 [&hellip;]<\/p>\n","protected":false},"featured_media":15721,"comment_status":"open","ping_status":"closed","template":"","meta":[],"product_brand":[],"product_cat":[244],"product_tag":[],"class_list":{"0":"post-15731","1":"product","2":"type-product","3":"status-publish","4":"has-post-thumbnail","6":"product_cat-soffoverdrag","8":"first","9":"instock","10":"shipping-taxable","11":"purchasable","12":"product-type-simple"},"yoast_head":"<!-- This site is optimized with the Yoast SEO plugin v24.8.1 - https:\/\/yoast.com\/wordpress\/plugins\/seo\/ -->\n<title>Sofabetr\u00e6k Camrose 230-300cm - LASTCHANCE Deals | Danmark<\/title>\n<meta name=\"robots\" content=\"index, follow, max-snippet:-1, max-image-preview:large, max-video-preview:-1\" \/>\n<link rel=\"canonical\" href=\"https:\/\/last-chance.dk\/?product=sofabetraek-camrose-230-300cm\" \/>\n<meta property=\"og:locale\" content=\"da_DK\" \/>\n<meta property=\"og:type\" content=\"article\" \/>\n<meta property=\"og:title\" content=\"Sofabetr\u00e6k Camrose 230-300cm - LASTCHANCE Deals | Danmark\" \/>\n<meta property=\"og:description\" content=\"Er du tr\u00e6t af din gamle sofa, men har ikke lyst til at k\u00f8be en ny? S\u00e5 er dette sofabetr\u00e6k fra ForrestDecor lige noget for dig. Det er lavet af stof i h\u00f8j kvalitet, der er bl\u00f8dt og behageligt at sidde p\u00e5. Det passer til sofaer med en l\u00e6ngde mellem 230 og 300 cm, s\u00e5 [&hellip;]\" \/>\n<meta property=\"og:url\" content=\"https:\/\/last-chance.dk\/?product=sofabetraek-camrose-230-300cm\" \/>\n<meta property=\"og:site_name\" content=\"LASTCHANCE Deals | Danmark\" \/>\n<meta property=\"og:image\" content=\"https:\/\/last-chance.dk\/wp-content\/uploads\/2024\/08\/camrose_grey1_2.jpg\" \/>\n\t<meta property=\"og:image:width\" content=\"800\" \/>\n\t<meta property=\"og:image:height\" content=\"800\" \/>\n\t<meta property=\"og:image:type\" content=\"image\/jpeg\" \/>\n<meta name=\"twitter:card\" content=\"summary_large_image\" \/>\n<meta name=\"twitter:label1\" content=\"Estimeret l\u00e6setid\" \/>\n\t<meta name=\"twitter:data1\" content=\"1 minut\" \/>\n<script type=\"application\/ld+json\" class=\"yoast-schema-graph\">{\"@context\":\"https:\/\/schema.org\",\"@graph\":[{\"@type\":\"WebPage\",\"@id\":\"https:\/\/last-chance.dk\/?product=sofabetraek-camrose-230-300cm\",\"url\":\"https:\/\/last-chance.dk\/?product=sofabetraek-camrose-230-300cm\",\"name\":\"Sofabetr\u00e6k Camrose 230-300cm - LASTCHANCE Deals | Danmark\",\"isPartOf\":{\"@id\":\"https:\/\/last-chance.dk\/#website\"},\"primaryImageOfPage\":{\"@id\":\"https:\/\/last-chance.dk\/?product=sofabetraek-camrose-230-300cm#primaryimage\"},\"image\":{\"@id\":\"https:\/\/last-chance.dk\/?product=sofabetraek-camrose-230-300cm#primaryimage\"},\"thumbnailUrl\":\"https:\/\/last-chance.dk\/wp-content\/uploads\/2024\/08\/camrose_grey1_2.jpg\",\"datePublished\":\"2024-08-02T21:11:44+00:00\",\"breadcrumb\":{\"@id\":\"https:\/\/last-chance.dk\/?product=sofabetraek-camrose-230-300cm#breadcrumb\"},\"inLanguage\":\"da-DK\",\"potentialAction\":[{\"@type\":\"ReadAction\",\"target\":[\"https:\/\/last-chance.dk\/?product=sofabetraek-camrose-230-300cm\"]}]},{\"@type\":\"ImageObject\",\"inLanguage\":\"da-DK\",\"@id\":\"https:\/\/last-chance.dk\/?product=sofabetraek-camrose-230-300cm#primaryimage\",\"url\":\"https:\/\/last-chance.dk\/wp-content\/uploads\/2024\/08\/camrose_grey1_2.jpg\",\"contentUrl\":\"https:\/\/last-chance.dk\/wp-content\/uploads\/2024\/08\/camrose_grey1_2.jpg\",\"width\":800,\"height\":800},{\"@type\":\"BreadcrumbList\",\"@id\":\"https:\/\/last-chance.dk\/?product=sofabetraek-camrose-230-300cm#breadcrumb\",\"itemListElement\":[{\"@type\":\"ListItem\",\"position\":1,\"name\":\"Home\",\"item\":\"https:\/\/last-chance.dk\/\"},{\"@type\":\"ListItem\",\"position\":2,\"name\":\"Sofabetr\u00e6k Camrose 230-300cm\"}]},{\"@type\":\"WebSite\",\"@id\":\"https:\/\/last-chance.dk\/#website\",\"url\":\"https:\/\/last-chance.dk\/\",\"name\":\"LASTCHANCE Deals | Danmark\",\"description\":\"LASTCHANCE Deals | Danmark\",\"publisher\":{\"@id\":\"https:\/\/last-chance.dk\/#organization\"},\"potentialAction\":[{\"@type\":\"SearchAction\",\"target\":{\"@type\":\"EntryPoint\",\"urlTemplate\":\"https:\/\/last-chance.dk\/?s={search_term_string}\"},\"query-input\":{\"@type\":\"PropertyValueSpecification\",\"valueRequired\":true,\"valueName\":\"search_term_string\"}}],\"inLanguage\":\"da-DK\"},{\"@type\":\"Organization\",\"@id\":\"https:\/\/last-chance.dk\/#organization\",\"name\":\"LASTCHANCE Deals | Danmark\",\"url\":\"https:\/\/last-chance.dk\/\",\"logo\":{\"@type\":\"ImageObject\",\"inLanguage\":\"da-DK\",\"@id\":\"https:\/\/last-chance.dk\/#\/schema\/logo\/image\/\",\"url\":\"https:\/\/last-chance.dk\/wp-content\/uploads\/2023\/10\/lastchancedeals_logo_dk_white.png\",\"contentUrl\":\"https:\/\/last-chance.dk\/wp-content\/uploads\/2023\/10\/lastchancedeals_logo_dk_white.png\",\"width\":470,\"height\":110,\"caption\":\"LASTCHANCE Deals | Danmark\"},\"image\":{\"@id\":\"https:\/\/last-chance.dk\/#\/schema\/logo\/image\/\"}}]}<\/script>\n<!-- \/ Yoast SEO plugin. -->","yoast_head_json":{"title":"Sofabetr\u00e6k Camrose 230-300cm - LASTCHANCE Deals | Danmark","robots":{"index":"index","follow":"follow","max-snippet":"max-snippet:-1","max-image-preview":"max-image-preview:large","max-video-preview":"max-video-preview:-1"},"canonical":"https:\/\/last-chance.dk\/?product=sofabetraek-camrose-230-300cm","og_locale":"da_DK","og_type":"article","og_title":"Sofabetr\u00e6k Camrose 230-300cm - LASTCHANCE Deals | Danmark","og_description":"Er du tr\u00e6t af din gamle sofa, men har ikke lyst til at k\u00f8be en ny? S\u00e5 er dette sofabetr\u00e6k fra ForrestDecor lige noget for dig. Det er lavet af stof i h\u00f8j kvalitet, der er bl\u00f8dt og behageligt at sidde p\u00e5. Det passer til sofaer med en l\u00e6ngde mellem 230 og 300 cm, s\u00e5 [&hellip;]","og_url":"https:\/\/last-chance.dk\/?product=sofabetraek-camrose-230-300cm","og_site_name":"LASTCHANCE Deals | Danmark","og_image":[{"width":800,"height":800,"url":"https:\/\/last-chance.dk\/wp-content\/uploads\/2024\/08\/camrose_grey1_2.jpg","type":"image\/jpeg"}],"twitter_card":"summary_large_image","twitter_misc":{"Estimeret l\u00e6setid":"1 minut"},"schema":{"@context":"https:\/\/schema.org","@graph":[{"@type":"WebPage","@id":"https:\/\/last-chance.dk\/?product=sofabetraek-camrose-230-300cm","url":"https:\/\/last-chance.dk\/?product=sofabetraek-camrose-230-300cm","name":"Sofabetr\u00e6k Camrose 230-300cm - LASTCHANCE Deals | Danmark","isPartOf":{"@id":"https:\/\/last-chance.dk\/#website"},"primaryImageOfPage":{"@id":"https:\/\/last-chance.dk\/?product=sofabetraek-camrose-230-300cm#primaryimage"},"image":{"@id":"https:\/\/last-chance.dk\/?product=sofabetraek-camrose-230-300cm#primaryimage"},"thumbnailUrl":"https:\/\/last-chance.dk\/wp-content\/uploads\/2024\/08\/camrose_grey1_2.jpg","datePublished":"2024-08-02T21:11:44+00:00","breadcrumb":{"@id":"https:\/\/last-chance.dk\/?product=sofabetraek-camrose-230-300cm#breadcrumb"},"inLanguage":"da-DK","potentialAction":[{"@type":"ReadAction","target":["https:\/\/last-chance.dk\/?product=sofabetraek-camrose-230-300cm"]}]},{"@type":"ImageObject","inLanguage":"da-DK","@id":"https:\/\/last-chance.dk\/?product=sofabetraek-camrose-230-300cm#primaryimage","url":"https:\/\/last-chance.dk\/wp-content\/uploads\/2024\/08\/camrose_grey1_2.jpg","contentUrl":"https:\/\/last-chance.dk\/wp-content\/uploads\/2024\/08\/camrose_grey1_2.jpg","width":800,"height":800},{"@type":"BreadcrumbList","@id":"https:\/\/last-chance.dk\/?product=sofabetraek-camrose-230-300cm#breadcrumb","itemListElement":[{"@type":"ListItem","position":1,"name":"Home","item":"https:\/\/last-chance.dk\/"},{"@type":"ListItem","position":2,"name":"Sofabetr\u00e6k Camrose 230-300cm"}]},{"@type":"WebSite","@id":"https:\/\/last-chance.dk\/#website","url":"https:\/\/last-chance.dk\/","name":"LASTCHANCE Deals | Danmark","description":"LASTCHANCE Deals | Danmark","publisher":{"@id":"https:\/\/last-chance.dk\/#organization"},"potentialAction":[{"@type":"SearchAction","target":{"@type":"EntryPoint","urlTemplate":"https:\/\/last-chance.dk\/?s={search_term_string}"},"query-input":{"@type":"PropertyValueSpecification","valueRequired":true,"valueName":"search_term_string"}}],"inLanguage":"da-DK"},{"@type":"Organization","@id":"https:\/\/last-chance.dk\/#organization","name":"LASTCHANCE Deals | Danmark","url":"https:\/\/last-chance.dk\/","logo":{"@type":"ImageObject","inLanguage":"da-DK","@id":"https:\/\/last-chance.dk\/#\/schema\/logo\/image\/","url":"https:\/\/last-chance.dk\/wp-content\/uploads\/2023\/10\/lastchancedeals_logo_dk_white.png","contentUrl":"https:\/\/last-chance.dk\/wp-content\/uploads\/2023\/10\/lastchancedeals_logo_dk_white.png","width":470,"height":110,"caption":"LASTCHANCE Deals | Danmark"},"image":{"@id":"https:\/\/last-chance.dk\/#\/schema\/logo\/image\/"}}]}},"_links":{"self":[{"href":"https:\/\/last-chance.dk\/index.php?rest_route=\/wp\/v2\/product\/15731","targetHints":{"allow":["GET"]}}],"collection":[{"href":"https:\/\/last-chance.dk\/index.php?rest_route=\/wp\/v2\/product"}],"about":[{"href":"https:\/\/last-chance.dk\/index.php?rest_route=\/wp\/v2\/types\/product"}],"replies":[{"embeddable":true,"href":"https:\/\/last-chance.dk\/index.php?rest_route=%2Fwp%2Fv2%2Fcomments&post=15731"}],"wp:featuredmedia":[{"embeddable":true,"href":"https:\/\/last-chance.dk\/index.php?rest_route=\/wp\/v2\/media\/15721"}],"wp:attachment":[{"href":"https:\/\/last-chance.dk\/index.php?rest_route=%2Fwp%2Fv2%2Fmedia&parent=15731"}],"wp:term":[{"taxonomy":"product_brand","embeddable":true,"href":"https:\/\/last-chance.dk\/index.php?rest_route=%2Fwp%2Fv2%2Fproduct_brand&post=15731"},{"taxonomy":"product_cat","embeddable":true,"href":"https:\/\/last-chance.dk\/index.php?rest_route=%2Fwp%2Fv2%2Fproduct_cat&post=15731"},{"taxonomy":"product_tag","embeddable":true,"href":"https:\/\/last-chance.dk\/index.php?rest_route=%2Fwp%2Fv2%2Fproduct_tag&post=15731"}],"curies":[{"name":"wp","href":"https:\/\/api.w.org\/{rel}","templated":true}]}}