{"id":15743,"date":"2024-08-02T21:12:01","date_gmt":"2024-08-02T21:12:01","guid":{"rendered":"https:\/\/www.lastchance.deals\/dk\/produkt\/badeforhaeng-amreen-180x200cm\/"},"modified":"2024-08-02T21:12:01","modified_gmt":"2024-08-02T21:12:01","slug":"badeforhaeng-amreen-180x200cm","status":"publish","type":"product","link":"https:\/\/last-chance.dk\/?product=badeforhaeng-amreen-180x200cm","title":{"rendered":"Badeforh\u00e6ng Amreen 180x200cm"},"content":{"rendered":"<p>Er du p\u00e5 udkig efter et nyt badeforh\u00e6ng til dit badev\u00e6relse? S\u00e5 er badeforh\u00e6nget Amreen fra ForrestDecor et godt valg. Det er lavet af polyester, som er et slidst\u00e6rkt og vandafvisende materiale, der holder dit gulv t\u00f8rt og rent. Det har ogs\u00e5 en flot og moderne design, der passer til enhver stil og indretning.<\/p>\n<p><\/p>\n<p>Badeforh\u00e6nget Amreen m\u00e5ler 180x200cm, s\u00e5 det d\u00e6kker hele bruseomr\u00e5det. Det har praktiske metalringe, som g\u00f8r det nemt at h\u00e6nge op p\u00e5 en brusestang. Farven p\u00e5 badeforh\u00e6nget er ikke angivet, men du kan v\u00e6lge mellem flere forskellige farver p\u00e5 vores hjemmeside. Du kan ogs\u00e5 finde matchende h\u00e5ndkl\u00e6der og badev\u00e6relsestilbeh\u00f8r fra ForrestDecor.<\/p>\n<p><\/p>\n<p>Bestil dit badeforh\u00e6ng Amreen i dag og giv dit badev\u00e6relse et friskt og elegant look. Du vil elske at tage et brusebad bag dette smukke og kvalitetsbevidste badeforh\u00e6ng.<\/p>\n<p><\/p>\n<p>Leveringstid: Leveringstid 1 uge<br \/>\nMateriale: polyester<br \/>\nFarve: ikke angivet<br \/>\nDimensioner: 180x200cm<br \/>\nFabrikant: ForrestDecor<\/p>\n","protected":false},"excerpt":{"rendered":"<p>Er du p\u00e5 udkig efter et nyt badeforh\u00e6ng til dit badev\u00e6relse? S\u00e5 er badeforh\u00e6nget Amreen fra ForrestDecor et godt valg. Det er lavet af polyester, som er et slidst\u00e6rkt og vandafvisende materiale, der holder dit gulv t\u00f8rt og rent. Det har ogs\u00e5 en flot og moderne design, der passer til enhver stil og indretning. Badeforh\u00e6nget [&hellip;]<\/p>\n","protected":false},"featured_media":15732,"comment_status":"open","ping_status":"closed","template":"","meta":[],"product_brand":[],"product_cat":[300],"product_tag":[],"class_list":{"0":"post-15743","1":"product","2":"type-product","3":"status-publish","4":"has-post-thumbnail","6":"product_cat-shower-curtains","8":"first","9":"instock","10":"shipping-taxable","11":"purchasable","12":"product-type-simple"},"yoast_head":"<!-- This site is optimized with the Yoast SEO plugin v24.8.1 - https:\/\/yoast.com\/wordpress\/plugins\/seo\/ -->\n<title>Badeforh\u00e6ng Amreen 180x200cm - LASTCHANCE Deals | Danmark<\/title>\n<meta name=\"robots\" content=\"index, follow, max-snippet:-1, max-image-preview:large, max-video-preview:-1\" \/>\n<link rel=\"canonical\" href=\"https:\/\/last-chance.dk\/?product=badeforhaeng-amreen-180x200cm\" \/>\n<meta property=\"og:locale\" content=\"da_DK\" \/>\n<meta property=\"og:type\" content=\"article\" \/>\n<meta property=\"og:title\" content=\"Badeforh\u00e6ng Amreen 180x200cm - LASTCHANCE Deals | Danmark\" \/>\n<meta property=\"og:description\" content=\"Er du p\u00e5 udkig efter et nyt badeforh\u00e6ng til dit badev\u00e6relse? S\u00e5 er badeforh\u00e6nget Amreen fra ForrestDecor et godt valg. Det er lavet af polyester, som er et slidst\u00e6rkt og vandafvisende materiale, der holder dit gulv t\u00f8rt og rent. Det har ogs\u00e5 en flot og moderne design, der passer til enhver stil og indretning. Badeforh\u00e6nget [&hellip;]\" \/>\n<meta property=\"og:url\" content=\"https:\/\/last-chance.dk\/?product=badeforhaeng-amreen-180x200cm\" \/>\n<meta property=\"og:site_name\" content=\"LASTCHANCE Deals | Danmark\" \/>\n<meta property=\"og:image\" content=\"https:\/\/last-chance.dk\/wp-content\/uploads\/2024\/08\/amreen_a.jpg\" \/>\n\t<meta property=\"og:image:width\" content=\"750\" \/>\n\t<meta property=\"og:image:height\" content=\"750\" \/>\n\t<meta property=\"og:image:type\" content=\"image\/jpeg\" \/>\n<meta name=\"twitter:card\" content=\"summary_large_image\" \/>\n<meta name=\"twitter:label1\" content=\"Estimeret l\u00e6setid\" \/>\n\t<meta name=\"twitter:data1\" content=\"1 minut\" \/>\n<script type=\"application\/ld+json\" class=\"yoast-schema-graph\">{\"@context\":\"https:\/\/schema.org\",\"@graph\":[{\"@type\":\"WebPage\",\"@id\":\"https:\/\/last-chance.dk\/?product=badeforhaeng-amreen-180x200cm\",\"url\":\"https:\/\/last-chance.dk\/?product=badeforhaeng-amreen-180x200cm\",\"name\":\"Badeforh\u00e6ng Amreen 180x200cm - LASTCHANCE Deals | Danmark\",\"isPartOf\":{\"@id\":\"https:\/\/last-chance.dk\/#website\"},\"primaryImageOfPage\":{\"@id\":\"https:\/\/last-chance.dk\/?product=badeforhaeng-amreen-180x200cm#primaryimage\"},\"image\":{\"@id\":\"https:\/\/last-chance.dk\/?product=badeforhaeng-amreen-180x200cm#primaryimage\"},\"thumbnailUrl\":\"https:\/\/last-chance.dk\/wp-content\/uploads\/2024\/08\/amreen_a.jpg\",\"datePublished\":\"2024-08-02T21:12:01+00:00\",\"breadcrumb\":{\"@id\":\"https:\/\/last-chance.dk\/?product=badeforhaeng-amreen-180x200cm#breadcrumb\"},\"inLanguage\":\"da-DK\",\"potentialAction\":[{\"@type\":\"ReadAction\",\"target\":[\"https:\/\/last-chance.dk\/?product=badeforhaeng-amreen-180x200cm\"]}]},{\"@type\":\"ImageObject\",\"inLanguage\":\"da-DK\",\"@id\":\"https:\/\/last-chance.dk\/?product=badeforhaeng-amreen-180x200cm#primaryimage\",\"url\":\"https:\/\/last-chance.dk\/wp-content\/uploads\/2024\/08\/amreen_a.jpg\",\"contentUrl\":\"https:\/\/last-chance.dk\/wp-content\/uploads\/2024\/08\/amreen_a.jpg\",\"width\":750,\"height\":750},{\"@type\":\"BreadcrumbList\",\"@id\":\"https:\/\/last-chance.dk\/?product=badeforhaeng-amreen-180x200cm#breadcrumb\",\"itemListElement\":[{\"@type\":\"ListItem\",\"position\":1,\"name\":\"Home\",\"item\":\"https:\/\/last-chance.dk\/\"},{\"@type\":\"ListItem\",\"position\":2,\"name\":\"Badeforh\u00e6ng Amreen 180x200cm\"}]},{\"@type\":\"WebSite\",\"@id\":\"https:\/\/last-chance.dk\/#website\",\"url\":\"https:\/\/last-chance.dk\/\",\"name\":\"LASTCHANCE Deals | Danmark\",\"description\":\"LASTCHANCE Deals | Danmark\",\"publisher\":{\"@id\":\"https:\/\/last-chance.dk\/#organization\"},\"potentialAction\":[{\"@type\":\"SearchAction\",\"target\":{\"@type\":\"EntryPoint\",\"urlTemplate\":\"https:\/\/last-chance.dk\/?s={search_term_string}\"},\"query-input\":{\"@type\":\"PropertyValueSpecification\",\"valueRequired\":true,\"valueName\":\"search_term_string\"}}],\"inLanguage\":\"da-DK\"},{\"@type\":\"Organization\",\"@id\":\"https:\/\/last-chance.dk\/#organization\",\"name\":\"LASTCHANCE Deals | Danmark\",\"url\":\"https:\/\/last-chance.dk\/\",\"logo\":{\"@type\":\"ImageObject\",\"inLanguage\":\"da-DK\",\"@id\":\"https:\/\/last-chance.dk\/#\/schema\/logo\/image\/\",\"url\":\"https:\/\/last-chance.dk\/wp-content\/uploads\/2023\/10\/lastchancedeals_logo_dk_white.png\",\"contentUrl\":\"https:\/\/last-chance.dk\/wp-content\/uploads\/2023\/10\/lastchancedeals_logo_dk_white.png\",\"width\":470,\"height\":110,\"caption\":\"LASTCHANCE Deals | Danmark\"},\"image\":{\"@id\":\"https:\/\/last-chance.dk\/#\/schema\/logo\/image\/\"}}]}<\/script>\n<!-- \/ Yoast SEO plugin. -->","yoast_head_json":{"title":"Badeforh\u00e6ng Amreen 180x200cm - LASTCHANCE Deals | Danmark","robots":{"index":"index","follow":"follow","max-snippet":"max-snippet:-1","max-image-preview":"max-image-preview:large","max-video-preview":"max-video-preview:-1"},"canonical":"https:\/\/last-chance.dk\/?product=badeforhaeng-amreen-180x200cm","og_locale":"da_DK","og_type":"article","og_title":"Badeforh\u00e6ng Amreen 180x200cm - LASTCHANCE Deals | Danmark","og_description":"Er du p\u00e5 udkig efter et nyt badeforh\u00e6ng til dit badev\u00e6relse? S\u00e5 er badeforh\u00e6nget Amreen fra ForrestDecor et godt valg. Det er lavet af polyester, som er et slidst\u00e6rkt og vandafvisende materiale, der holder dit gulv t\u00f8rt og rent. Det har ogs\u00e5 en flot og moderne design, der passer til enhver stil og indretning. Badeforh\u00e6nget [&hellip;]","og_url":"https:\/\/last-chance.dk\/?product=badeforhaeng-amreen-180x200cm","og_site_name":"LASTCHANCE Deals | Danmark","og_image":[{"width":750,"height":750,"url":"https:\/\/last-chance.dk\/wp-content\/uploads\/2024\/08\/amreen_a.jpg","type":"image\/jpeg"}],"twitter_card":"summary_large_image","twitter_misc":{"Estimeret l\u00e6setid":"1 minut"},"schema":{"@context":"https:\/\/schema.org","@graph":[{"@type":"WebPage","@id":"https:\/\/last-chance.dk\/?product=badeforhaeng-amreen-180x200cm","url":"https:\/\/last-chance.dk\/?product=badeforhaeng-amreen-180x200cm","name":"Badeforh\u00e6ng Amreen 180x200cm - LASTCHANCE Deals | Danmark","isPartOf":{"@id":"https:\/\/last-chance.dk\/#website"},"primaryImageOfPage":{"@id":"https:\/\/last-chance.dk\/?product=badeforhaeng-amreen-180x200cm#primaryimage"},"image":{"@id":"https:\/\/last-chance.dk\/?product=badeforhaeng-amreen-180x200cm#primaryimage"},"thumbnailUrl":"https:\/\/last-chance.dk\/wp-content\/uploads\/2024\/08\/amreen_a.jpg","datePublished":"2024-08-02T21:12:01+00:00","breadcrumb":{"@id":"https:\/\/last-chance.dk\/?product=badeforhaeng-amreen-180x200cm#breadcrumb"},"inLanguage":"da-DK","potentialAction":[{"@type":"ReadAction","target":["https:\/\/last-chance.dk\/?product=badeforhaeng-amreen-180x200cm"]}]},{"@type":"ImageObject","inLanguage":"da-DK","@id":"https:\/\/last-chance.dk\/?product=badeforhaeng-amreen-180x200cm#primaryimage","url":"https:\/\/last-chance.dk\/wp-content\/uploads\/2024\/08\/amreen_a.jpg","contentUrl":"https:\/\/last-chance.dk\/wp-content\/uploads\/2024\/08\/amreen_a.jpg","width":750,"height":750},{"@type":"BreadcrumbList","@id":"https:\/\/last-chance.dk\/?product=badeforhaeng-amreen-180x200cm#breadcrumb","itemListElement":[{"@type":"ListItem","position":1,"name":"Home","item":"https:\/\/last-chance.dk\/"},{"@type":"ListItem","position":2,"name":"Badeforh\u00e6ng Amreen 180x200cm"}]},{"@type":"WebSite","@id":"https:\/\/last-chance.dk\/#website","url":"https:\/\/last-chance.dk\/","name":"LASTCHANCE Deals | Danmark","description":"LASTCHANCE Deals | Danmark","publisher":{"@id":"https:\/\/last-chance.dk\/#organization"},"potentialAction":[{"@type":"SearchAction","target":{"@type":"EntryPoint","urlTemplate":"https:\/\/last-chance.dk\/?s={search_term_string}"},"query-input":{"@type":"PropertyValueSpecification","valueRequired":true,"valueName":"search_term_string"}}],"inLanguage":"da-DK"},{"@type":"Organization","@id":"https:\/\/last-chance.dk\/#organization","name":"LASTCHANCE Deals | Danmark","url":"https:\/\/last-chance.dk\/","logo":{"@type":"ImageObject","inLanguage":"da-DK","@id":"https:\/\/last-chance.dk\/#\/schema\/logo\/image\/","url":"https:\/\/last-chance.dk\/wp-content\/uploads\/2023\/10\/lastchancedeals_logo_dk_white.png","contentUrl":"https:\/\/last-chance.dk\/wp-content\/uploads\/2023\/10\/lastchancedeals_logo_dk_white.png","width":470,"height":110,"caption":"LASTCHANCE Deals | Danmark"},"image":{"@id":"https:\/\/last-chance.dk\/#\/schema\/logo\/image\/"}}]}},"_links":{"self":[{"href":"https:\/\/last-chance.dk\/index.php?rest_route=\/wp\/v2\/product\/15743","targetHints":{"allow":["GET"]}}],"collection":[{"href":"https:\/\/last-chance.dk\/index.php?rest_route=\/wp\/v2\/product"}],"about":[{"href":"https:\/\/last-chance.dk\/index.php?rest_route=\/wp\/v2\/types\/product"}],"replies":[{"embeddable":true,"href":"https:\/\/last-chance.dk\/index.php?rest_route=%2Fwp%2Fv2%2Fcomments&post=15743"}],"wp:featuredmedia":[{"embeddable":true,"href":"https:\/\/last-chance.dk\/index.php?rest_route=\/wp\/v2\/media\/15732"}],"wp:attachment":[{"href":"https:\/\/last-chance.dk\/index.php?rest_route=%2Fwp%2Fv2%2Fmedia&parent=15743"}],"wp:term":[{"taxonomy":"product_brand","embeddable":true,"href":"https:\/\/last-chance.dk\/index.php?rest_route=%2Fwp%2Fv2%2Fproduct_brand&post=15743"},{"taxonomy":"product_cat","embeddable":true,"href":"https:\/\/last-chance.dk\/index.php?rest_route=%2Fwp%2Fv2%2Fproduct_cat&post=15743"},{"taxonomy":"product_tag","embeddable":true,"href":"https:\/\/last-chance.dk\/index.php?rest_route=%2Fwp%2Fv2%2Fproduct_tag&post=15743"}],"curies":[{"name":"wp","href":"https:\/\/api.w.org\/{rel}","templated":true}]}}