{"id":15746,"date":"2024-08-02T21:12:16","date_gmt":"2024-08-02T21:12:16","guid":{"rendered":"https:\/\/www.lastchance.deals\/dk\/produkt\/skoskab-blaire-hvid-mdf\/"},"modified":"2025-09-19T18:30:21","modified_gmt":"2025-09-19T18:30:21","slug":"skoskab-blaire-hvid-mdf","status":"publish","type":"product","link":"https:\/\/last-chance.dk\/?product=skoskab-blaire-hvid-mdf","title":{"rendered":"Skoskab Blaire hvid mdf"},"content":{"rendered":"<p>Er du p\u00e5 udkig efter et moderne og praktisk skoskab til din entr\u00e9? S\u00e5 er skoskabet Blaire fra ForrestDecor det perfekte valg for dig. Skoskabet er lavet af mdf i en flot hvid farve, der passer til enhver indretning. Skoskabet har to l\u00e5ger med plads til op til 16 par sko, s\u00e5 du kan holde orden i dit fodt\u00f8j. Skoskabet har ogs\u00e5 en skuffe til opbevaring af sm\u00e5ting som n\u00f8gler, handsker eller solbriller. Skoskabet har et enkelt og elegant design, der vil pynte i din entr\u00e9. Skoskabet m\u00e5ler 75x17x120cm og skal samles ved levering. Du f\u00e5r 6 m\u00e5neders garanti p\u00e5 skoskabet, s\u00e5 du kan v\u00e6re sikker p\u00e5 kvaliteten. Bestil skoskabet Blaire i dag og giv din entr\u00e9 et friskt pust.<\/p>\n<p><\/p>\n<p>Leveringstid: Leveringstid 1 uge<br \/>\nStil: moderne<br \/>\nMateriale: mdf<br \/>\nFarve: hvid<br \/>\nUdvendige dimensioner: 75x17x120cm<br \/>\nMontage: skal samles<br \/>\nGaranti: 6 m\u00e5neder<br \/>\nFabrikant: ForrestDecor<\/p>\n","protected":false},"excerpt":{"rendered":"<p>Er du p\u00e5 udkig efter et moderne og praktisk skoskab til din entr\u00e9? S\u00e5 er skoskabet Blaire fra ForrestDecor det perfekte valg for dig. Skoskabet er lavet af mdf i en flot hvid farve, der passer til enhver indretning. Skoskabet har to l\u00e5ger med plads til op til 16 par sko, s\u00e5 du kan holde [&hellip;]<\/p>\n","protected":false},"featured_media":15744,"comment_status":"open","ping_status":"closed","template":"","meta":[],"product_brand":[],"product_cat":[132],"product_tag":[],"class_list":{"0":"post-15746","1":"product","2":"type-product","3":"status-publish","4":"has-post-thumbnail","6":"product_cat-vestibule","8":"first","9":"instock","10":"shipping-taxable","11":"purchasable","12":"product-type-simple"},"yoast_head":"<!-- This site is optimized with the Yoast SEO plugin v24.8.1 - https:\/\/yoast.com\/wordpress\/plugins\/seo\/ -->\n<title>Skoskab Blaire hvid mdf - LASTCHANCE Deals | Danmark<\/title>\n<meta name=\"robots\" content=\"index, follow, max-snippet:-1, max-image-preview:large, max-video-preview:-1\" \/>\n<link rel=\"canonical\" href=\"https:\/\/last-chance.dk\/?product=skoskab-blaire-hvid-mdf\" \/>\n<meta property=\"og:locale\" content=\"da_DK\" \/>\n<meta property=\"og:type\" content=\"article\" \/>\n<meta property=\"og:title\" content=\"Skoskab Blaire hvid mdf - LASTCHANCE Deals | Danmark\" \/>\n<meta property=\"og:description\" content=\"Er du p\u00e5 udkig efter et moderne og praktisk skoskab til din entr\u00e9? S\u00e5 er skoskabet Blaire fra ForrestDecor det perfekte valg for dig. Skoskabet er lavet af mdf i en flot hvid farve, der passer til enhver indretning. Skoskabet har to l\u00e5ger med plads til op til 16 par sko, s\u00e5 du kan holde [&hellip;]\" \/>\n<meta property=\"og:url\" content=\"https:\/\/last-chance.dk\/?product=skoskab-blaire-hvid-mdf\" \/>\n<meta property=\"og:site_name\" content=\"LASTCHANCE Deals | Danmark\" \/>\n<meta property=\"article:modified_time\" content=\"2025-09-19T18:30:21+00:00\" \/>\n<meta property=\"og:image\" content=\"https:\/\/last-chance.dk\/wp-content\/uploads\/2024\/08\/blaire1.jpg\" \/>\n\t<meta property=\"og:image:width\" content=\"750\" \/>\n\t<meta property=\"og:image:height\" content=\"759\" \/>\n\t<meta property=\"og:image:type\" content=\"image\/jpeg\" \/>\n<meta name=\"twitter:card\" content=\"summary_large_image\" \/>\n<meta name=\"twitter:label1\" content=\"Estimeret l\u00e6setid\" \/>\n\t<meta name=\"twitter:data1\" content=\"1 minut\" \/>\n<script type=\"application\/ld+json\" class=\"yoast-schema-graph\">{\"@context\":\"https:\/\/schema.org\",\"@graph\":[{\"@type\":\"WebPage\",\"@id\":\"https:\/\/last-chance.dk\/?product=skoskab-blaire-hvid-mdf\",\"url\":\"https:\/\/last-chance.dk\/?product=skoskab-blaire-hvid-mdf\",\"name\":\"Skoskab Blaire hvid mdf - LASTCHANCE Deals | Danmark\",\"isPartOf\":{\"@id\":\"https:\/\/last-chance.dk\/#website\"},\"primaryImageOfPage\":{\"@id\":\"https:\/\/last-chance.dk\/?product=skoskab-blaire-hvid-mdf#primaryimage\"},\"image\":{\"@id\":\"https:\/\/last-chance.dk\/?product=skoskab-blaire-hvid-mdf#primaryimage\"},\"thumbnailUrl\":\"https:\/\/last-chance.dk\/wp-content\/uploads\/2024\/08\/blaire1.jpg\",\"datePublished\":\"2024-08-02T21:12:16+00:00\",\"dateModified\":\"2025-09-19T18:30:21+00:00\",\"breadcrumb\":{\"@id\":\"https:\/\/last-chance.dk\/?product=skoskab-blaire-hvid-mdf#breadcrumb\"},\"inLanguage\":\"da-DK\",\"potentialAction\":[{\"@type\":\"ReadAction\",\"target\":[\"https:\/\/last-chance.dk\/?product=skoskab-blaire-hvid-mdf\"]}]},{\"@type\":\"ImageObject\",\"inLanguage\":\"da-DK\",\"@id\":\"https:\/\/last-chance.dk\/?product=skoskab-blaire-hvid-mdf#primaryimage\",\"url\":\"https:\/\/last-chance.dk\/wp-content\/uploads\/2024\/08\/blaire1.jpg\",\"contentUrl\":\"https:\/\/last-chance.dk\/wp-content\/uploads\/2024\/08\/blaire1.jpg\",\"width\":750,\"height\":759},{\"@type\":\"BreadcrumbList\",\"@id\":\"https:\/\/last-chance.dk\/?product=skoskab-blaire-hvid-mdf#breadcrumb\",\"itemListElement\":[{\"@type\":\"ListItem\",\"position\":1,\"name\":\"Home\",\"item\":\"https:\/\/last-chance.dk\/\"},{\"@type\":\"ListItem\",\"position\":2,\"name\":\"Skoskab Blaire hvid mdf\"}]},{\"@type\":\"WebSite\",\"@id\":\"https:\/\/last-chance.dk\/#website\",\"url\":\"https:\/\/last-chance.dk\/\",\"name\":\"LASTCHANCE Deals | Danmark\",\"description\":\"LASTCHANCE Deals | Danmark\",\"publisher\":{\"@id\":\"https:\/\/last-chance.dk\/#organization\"},\"potentialAction\":[{\"@type\":\"SearchAction\",\"target\":{\"@type\":\"EntryPoint\",\"urlTemplate\":\"https:\/\/last-chance.dk\/?s={search_term_string}\"},\"query-input\":{\"@type\":\"PropertyValueSpecification\",\"valueRequired\":true,\"valueName\":\"search_term_string\"}}],\"inLanguage\":\"da-DK\"},{\"@type\":\"Organization\",\"@id\":\"https:\/\/last-chance.dk\/#organization\",\"name\":\"LASTCHANCE Deals | Danmark\",\"url\":\"https:\/\/last-chance.dk\/\",\"logo\":{\"@type\":\"ImageObject\",\"inLanguage\":\"da-DK\",\"@id\":\"https:\/\/last-chance.dk\/#\/schema\/logo\/image\/\",\"url\":\"https:\/\/last-chance.dk\/wp-content\/uploads\/2023\/10\/lastchancedeals_logo_dk_white.png\",\"contentUrl\":\"https:\/\/last-chance.dk\/wp-content\/uploads\/2023\/10\/lastchancedeals_logo_dk_white.png\",\"width\":470,\"height\":110,\"caption\":\"LASTCHANCE Deals | Danmark\"},\"image\":{\"@id\":\"https:\/\/last-chance.dk\/#\/schema\/logo\/image\/\"}}]}<\/script>\n<!-- \/ Yoast SEO plugin. -->","yoast_head_json":{"title":"Skoskab Blaire hvid mdf - LASTCHANCE Deals | Danmark","robots":{"index":"index","follow":"follow","max-snippet":"max-snippet:-1","max-image-preview":"max-image-preview:large","max-video-preview":"max-video-preview:-1"},"canonical":"https:\/\/last-chance.dk\/?product=skoskab-blaire-hvid-mdf","og_locale":"da_DK","og_type":"article","og_title":"Skoskab Blaire hvid mdf - LASTCHANCE Deals | Danmark","og_description":"Er du p\u00e5 udkig efter et moderne og praktisk skoskab til din entr\u00e9? S\u00e5 er skoskabet Blaire fra ForrestDecor det perfekte valg for dig. Skoskabet er lavet af mdf i en flot hvid farve, der passer til enhver indretning. Skoskabet har to l\u00e5ger med plads til op til 16 par sko, s\u00e5 du kan holde [&hellip;]","og_url":"https:\/\/last-chance.dk\/?product=skoskab-blaire-hvid-mdf","og_site_name":"LASTCHANCE Deals | Danmark","article_modified_time":"2025-09-19T18:30:21+00:00","og_image":[{"width":750,"height":759,"url":"https:\/\/last-chance.dk\/wp-content\/uploads\/2024\/08\/blaire1.jpg","type":"image\/jpeg"}],"twitter_card":"summary_large_image","twitter_misc":{"Estimeret l\u00e6setid":"1 minut"},"schema":{"@context":"https:\/\/schema.org","@graph":[{"@type":"WebPage","@id":"https:\/\/last-chance.dk\/?product=skoskab-blaire-hvid-mdf","url":"https:\/\/last-chance.dk\/?product=skoskab-blaire-hvid-mdf","name":"Skoskab Blaire hvid mdf - LASTCHANCE Deals | Danmark","isPartOf":{"@id":"https:\/\/last-chance.dk\/#website"},"primaryImageOfPage":{"@id":"https:\/\/last-chance.dk\/?product=skoskab-blaire-hvid-mdf#primaryimage"},"image":{"@id":"https:\/\/last-chance.dk\/?product=skoskab-blaire-hvid-mdf#primaryimage"},"thumbnailUrl":"https:\/\/last-chance.dk\/wp-content\/uploads\/2024\/08\/blaire1.jpg","datePublished":"2024-08-02T21:12:16+00:00","dateModified":"2025-09-19T18:30:21+00:00","breadcrumb":{"@id":"https:\/\/last-chance.dk\/?product=skoskab-blaire-hvid-mdf#breadcrumb"},"inLanguage":"da-DK","potentialAction":[{"@type":"ReadAction","target":["https:\/\/last-chance.dk\/?product=skoskab-blaire-hvid-mdf"]}]},{"@type":"ImageObject","inLanguage":"da-DK","@id":"https:\/\/last-chance.dk\/?product=skoskab-blaire-hvid-mdf#primaryimage","url":"https:\/\/last-chance.dk\/wp-content\/uploads\/2024\/08\/blaire1.jpg","contentUrl":"https:\/\/last-chance.dk\/wp-content\/uploads\/2024\/08\/blaire1.jpg","width":750,"height":759},{"@type":"BreadcrumbList","@id":"https:\/\/last-chance.dk\/?product=skoskab-blaire-hvid-mdf#breadcrumb","itemListElement":[{"@type":"ListItem","position":1,"name":"Home","item":"https:\/\/last-chance.dk\/"},{"@type":"ListItem","position":2,"name":"Skoskab Blaire hvid mdf"}]},{"@type":"WebSite","@id":"https:\/\/last-chance.dk\/#website","url":"https:\/\/last-chance.dk\/","name":"LASTCHANCE Deals | Danmark","description":"LASTCHANCE Deals | Danmark","publisher":{"@id":"https:\/\/last-chance.dk\/#organization"},"potentialAction":[{"@type":"SearchAction","target":{"@type":"EntryPoint","urlTemplate":"https:\/\/last-chance.dk\/?s={search_term_string}"},"query-input":{"@type":"PropertyValueSpecification","valueRequired":true,"valueName":"search_term_string"}}],"inLanguage":"da-DK"},{"@type":"Organization","@id":"https:\/\/last-chance.dk\/#organization","name":"LASTCHANCE Deals | Danmark","url":"https:\/\/last-chance.dk\/","logo":{"@type":"ImageObject","inLanguage":"da-DK","@id":"https:\/\/last-chance.dk\/#\/schema\/logo\/image\/","url":"https:\/\/last-chance.dk\/wp-content\/uploads\/2023\/10\/lastchancedeals_logo_dk_white.png","contentUrl":"https:\/\/last-chance.dk\/wp-content\/uploads\/2023\/10\/lastchancedeals_logo_dk_white.png","width":470,"height":110,"caption":"LASTCHANCE Deals | Danmark"},"image":{"@id":"https:\/\/last-chance.dk\/#\/schema\/logo\/image\/"}}]}},"_links":{"self":[{"href":"https:\/\/last-chance.dk\/index.php?rest_route=\/wp\/v2\/product\/15746","targetHints":{"allow":["GET"]}}],"collection":[{"href":"https:\/\/last-chance.dk\/index.php?rest_route=\/wp\/v2\/product"}],"about":[{"href":"https:\/\/last-chance.dk\/index.php?rest_route=\/wp\/v2\/types\/product"}],"replies":[{"embeddable":true,"href":"https:\/\/last-chance.dk\/index.php?rest_route=%2Fwp%2Fv2%2Fcomments&post=15746"}],"wp:featuredmedia":[{"embeddable":true,"href":"https:\/\/last-chance.dk\/index.php?rest_route=\/wp\/v2\/media\/15744"}],"wp:attachment":[{"href":"https:\/\/last-chance.dk\/index.php?rest_route=%2Fwp%2Fv2%2Fmedia&parent=15746"}],"wp:term":[{"taxonomy":"product_brand","embeddable":true,"href":"https:\/\/last-chance.dk\/index.php?rest_route=%2Fwp%2Fv2%2Fproduct_brand&post=15746"},{"taxonomy":"product_cat","embeddable":true,"href":"https:\/\/last-chance.dk\/index.php?rest_route=%2Fwp%2Fv2%2Fproduct_cat&post=15746"},{"taxonomy":"product_tag","embeddable":true,"href":"https:\/\/last-chance.dk\/index.php?rest_route=%2Fwp%2Fv2%2Fproduct_tag&post=15746"}],"curies":[{"name":"wp","href":"https:\/\/api.w.org\/{rel}","templated":true}]}}