{"id":15758,"date":"2024-08-02T21:13:14","date_gmt":"2024-08-02T21:13:14","guid":{"rendered":"https:\/\/www.lastchance.deals\/dk\/produkt\/sminkebord-pavia\/"},"modified":"2025-09-19T18:32:09","modified_gmt":"2025-09-19T18:32:09","slug":"sminkebord-pavia","status":"publish","type":"product","link":"https:\/\/last-chance.dk\/?product=sminkebord-pavia","title":{"rendered":"Sminkebord Pavia"},"content":{"rendered":"<p>Er du p\u00e5 udkig efter et moderne og praktisk sminkebord til dit sovev\u00e6relse? S\u00e5 er sminkebordet Pavia fra ForrestDecor det perfekte valg for dig! Dette elegante sminkebord er lavet af tr\u00e6 og har en hvid farve, der passer til enhver indretning. Det har en stor spejlramme med tre spejle, s\u00e5 du kan se dig selv fra alle vinkler. Det har ogs\u00e5 en rummelig senget\u00f8jskasse under bordpladen, hvor du kan opbevare dit makeup, smykker og andre personlige ting. Sminkebordet Pavia er nemt at samle og har en 12 m\u00e5neders rammegaranti fra fabrikanten. Bestil dit sminkebord Pavia i dag og g\u00f8r dig klar til at f\u00f8le dig smuk hver dag!<\/p>\n<p><\/p>\n<p>Leveringstid: Leveringstid 1 uge<br \/>\nStil: moderne<br \/>\nMateriale: tr\u00e6<br \/>\nRammemateriale: m\u00f8belplade<br \/>\nFarve: hvid<br \/>\nSenget\u00f8jskasse: inkluderet<br \/>\nUdvendige dimensioner: 105x48x171cm<br \/>\nMontage: skal samles<br \/>\nGaranti: 12 m\u00e5neders rammegaranti<br \/>\nFabrikant: ForrestDecor<\/p>\n","protected":false},"excerpt":{"rendered":"<p>Er du p\u00e5 udkig efter et moderne og praktisk sminkebord til dit sovev\u00e6relse? S\u00e5 er sminkebordet Pavia fra ForrestDecor det perfekte valg for dig! Dette elegante sminkebord er lavet af tr\u00e6 og har en hvid farve, der passer til enhver indretning. Det har en stor spejlramme med tre spejle, s\u00e5 du kan se dig selv [&hellip;]<\/p>\n","protected":false},"featured_media":15753,"comment_status":"open","ping_status":"closed","template":"","meta":[],"product_brand":[],"product_cat":[186],"product_tag":[],"class_list":{"0":"post-15758","1":"product","2":"type-product","3":"status-publish","4":"has-post-thumbnail","6":"product_cat-dressing-tables","8":"first","9":"instock","10":"shipping-taxable","11":"purchasable","12":"product-type-simple"},"yoast_head":"<!-- This site is optimized with the Yoast SEO plugin v24.8.1 - https:\/\/yoast.com\/wordpress\/plugins\/seo\/ -->\n<title>Sminkebord Pavia - LASTCHANCE Deals | Danmark<\/title>\n<meta name=\"robots\" content=\"index, follow, max-snippet:-1, max-image-preview:large, max-video-preview:-1\" \/>\n<link rel=\"canonical\" href=\"https:\/\/last-chance.dk\/?product=sminkebord-pavia\" \/>\n<meta property=\"og:locale\" content=\"da_DK\" \/>\n<meta property=\"og:type\" content=\"article\" \/>\n<meta property=\"og:title\" content=\"Sminkebord Pavia - LASTCHANCE Deals | Danmark\" \/>\n<meta property=\"og:description\" content=\"Er du p\u00e5 udkig efter et moderne og praktisk sminkebord til dit sovev\u00e6relse? S\u00e5 er sminkebordet Pavia fra ForrestDecor det perfekte valg for dig! Dette elegante sminkebord er lavet af tr\u00e6 og har en hvid farve, der passer til enhver indretning. Det har en stor spejlramme med tre spejle, s\u00e5 du kan se dig selv [&hellip;]\" \/>\n<meta property=\"og:url\" content=\"https:\/\/last-chance.dk\/?product=sminkebord-pavia\" \/>\n<meta property=\"og:site_name\" content=\"LASTCHANCE Deals | Danmark\" \/>\n<meta property=\"article:modified_time\" content=\"2025-09-19T18:32:09+00:00\" \/>\n<meta property=\"og:image\" content=\"https:\/\/last-chance.dk\/wp-content\/uploads\/2024\/08\/pavia2.png\" \/>\n\t<meta property=\"og:image:width\" content=\"748\" \/>\n\t<meta property=\"og:image:height\" content=\"757\" \/>\n\t<meta property=\"og:image:type\" content=\"image\/png\" \/>\n<meta name=\"twitter:card\" content=\"summary_large_image\" \/>\n<meta name=\"twitter:label1\" content=\"Estimeret l\u00e6setid\" \/>\n\t<meta name=\"twitter:data1\" content=\"1 minut\" \/>\n<script type=\"application\/ld+json\" class=\"yoast-schema-graph\">{\"@context\":\"https:\/\/schema.org\",\"@graph\":[{\"@type\":\"WebPage\",\"@id\":\"https:\/\/last-chance.dk\/?product=sminkebord-pavia\",\"url\":\"https:\/\/last-chance.dk\/?product=sminkebord-pavia\",\"name\":\"Sminkebord Pavia - LASTCHANCE Deals | Danmark\",\"isPartOf\":{\"@id\":\"https:\/\/last-chance.dk\/#website\"},\"primaryImageOfPage\":{\"@id\":\"https:\/\/last-chance.dk\/?product=sminkebord-pavia#primaryimage\"},\"image\":{\"@id\":\"https:\/\/last-chance.dk\/?product=sminkebord-pavia#primaryimage\"},\"thumbnailUrl\":\"https:\/\/last-chance.dk\/wp-content\/uploads\/2024\/08\/pavia2.png\",\"datePublished\":\"2024-08-02T21:13:14+00:00\",\"dateModified\":\"2025-09-19T18:32:09+00:00\",\"breadcrumb\":{\"@id\":\"https:\/\/last-chance.dk\/?product=sminkebord-pavia#breadcrumb\"},\"inLanguage\":\"da-DK\",\"potentialAction\":[{\"@type\":\"ReadAction\",\"target\":[\"https:\/\/last-chance.dk\/?product=sminkebord-pavia\"]}]},{\"@type\":\"ImageObject\",\"inLanguage\":\"da-DK\",\"@id\":\"https:\/\/last-chance.dk\/?product=sminkebord-pavia#primaryimage\",\"url\":\"https:\/\/last-chance.dk\/wp-content\/uploads\/2024\/08\/pavia2.png\",\"contentUrl\":\"https:\/\/last-chance.dk\/wp-content\/uploads\/2024\/08\/pavia2.png\",\"width\":748,\"height\":757},{\"@type\":\"BreadcrumbList\",\"@id\":\"https:\/\/last-chance.dk\/?product=sminkebord-pavia#breadcrumb\",\"itemListElement\":[{\"@type\":\"ListItem\",\"position\":1,\"name\":\"Home\",\"item\":\"https:\/\/last-chance.dk\/\"},{\"@type\":\"ListItem\",\"position\":2,\"name\":\"Sminkebord Pavia\"}]},{\"@type\":\"WebSite\",\"@id\":\"https:\/\/last-chance.dk\/#website\",\"url\":\"https:\/\/last-chance.dk\/\",\"name\":\"LASTCHANCE Deals | Danmark\",\"description\":\"LASTCHANCE Deals | Danmark\",\"publisher\":{\"@id\":\"https:\/\/last-chance.dk\/#organization\"},\"potentialAction\":[{\"@type\":\"SearchAction\",\"target\":{\"@type\":\"EntryPoint\",\"urlTemplate\":\"https:\/\/last-chance.dk\/?s={search_term_string}\"},\"query-input\":{\"@type\":\"PropertyValueSpecification\",\"valueRequired\":true,\"valueName\":\"search_term_string\"}}],\"inLanguage\":\"da-DK\"},{\"@type\":\"Organization\",\"@id\":\"https:\/\/last-chance.dk\/#organization\",\"name\":\"LASTCHANCE Deals | Danmark\",\"url\":\"https:\/\/last-chance.dk\/\",\"logo\":{\"@type\":\"ImageObject\",\"inLanguage\":\"da-DK\",\"@id\":\"https:\/\/last-chance.dk\/#\/schema\/logo\/image\/\",\"url\":\"https:\/\/last-chance.dk\/wp-content\/uploads\/2023\/10\/lastchancedeals_logo_dk_white.png\",\"contentUrl\":\"https:\/\/last-chance.dk\/wp-content\/uploads\/2023\/10\/lastchancedeals_logo_dk_white.png\",\"width\":470,\"height\":110,\"caption\":\"LASTCHANCE Deals | Danmark\"},\"image\":{\"@id\":\"https:\/\/last-chance.dk\/#\/schema\/logo\/image\/\"}}]}<\/script>\n<!-- \/ Yoast SEO plugin. -->","yoast_head_json":{"title":"Sminkebord Pavia - LASTCHANCE Deals | Danmark","robots":{"index":"index","follow":"follow","max-snippet":"max-snippet:-1","max-image-preview":"max-image-preview:large","max-video-preview":"max-video-preview:-1"},"canonical":"https:\/\/last-chance.dk\/?product=sminkebord-pavia","og_locale":"da_DK","og_type":"article","og_title":"Sminkebord Pavia - LASTCHANCE Deals | Danmark","og_description":"Er du p\u00e5 udkig efter et moderne og praktisk sminkebord til dit sovev\u00e6relse? S\u00e5 er sminkebordet Pavia fra ForrestDecor det perfekte valg for dig! Dette elegante sminkebord er lavet af tr\u00e6 og har en hvid farve, der passer til enhver indretning. Det har en stor spejlramme med tre spejle, s\u00e5 du kan se dig selv [&hellip;]","og_url":"https:\/\/last-chance.dk\/?product=sminkebord-pavia","og_site_name":"LASTCHANCE Deals | Danmark","article_modified_time":"2025-09-19T18:32:09+00:00","og_image":[{"width":748,"height":757,"url":"https:\/\/last-chance.dk\/wp-content\/uploads\/2024\/08\/pavia2.png","type":"image\/png"}],"twitter_card":"summary_large_image","twitter_misc":{"Estimeret l\u00e6setid":"1 minut"},"schema":{"@context":"https:\/\/schema.org","@graph":[{"@type":"WebPage","@id":"https:\/\/last-chance.dk\/?product=sminkebord-pavia","url":"https:\/\/last-chance.dk\/?product=sminkebord-pavia","name":"Sminkebord Pavia - LASTCHANCE Deals | Danmark","isPartOf":{"@id":"https:\/\/last-chance.dk\/#website"},"primaryImageOfPage":{"@id":"https:\/\/last-chance.dk\/?product=sminkebord-pavia#primaryimage"},"image":{"@id":"https:\/\/last-chance.dk\/?product=sminkebord-pavia#primaryimage"},"thumbnailUrl":"https:\/\/last-chance.dk\/wp-content\/uploads\/2024\/08\/pavia2.png","datePublished":"2024-08-02T21:13:14+00:00","dateModified":"2025-09-19T18:32:09+00:00","breadcrumb":{"@id":"https:\/\/last-chance.dk\/?product=sminkebord-pavia#breadcrumb"},"inLanguage":"da-DK","potentialAction":[{"@type":"ReadAction","target":["https:\/\/last-chance.dk\/?product=sminkebord-pavia"]}]},{"@type":"ImageObject","inLanguage":"da-DK","@id":"https:\/\/last-chance.dk\/?product=sminkebord-pavia#primaryimage","url":"https:\/\/last-chance.dk\/wp-content\/uploads\/2024\/08\/pavia2.png","contentUrl":"https:\/\/last-chance.dk\/wp-content\/uploads\/2024\/08\/pavia2.png","width":748,"height":757},{"@type":"BreadcrumbList","@id":"https:\/\/last-chance.dk\/?product=sminkebord-pavia#breadcrumb","itemListElement":[{"@type":"ListItem","position":1,"name":"Home","item":"https:\/\/last-chance.dk\/"},{"@type":"ListItem","position":2,"name":"Sminkebord Pavia"}]},{"@type":"WebSite","@id":"https:\/\/last-chance.dk\/#website","url":"https:\/\/last-chance.dk\/","name":"LASTCHANCE Deals | Danmark","description":"LASTCHANCE Deals | Danmark","publisher":{"@id":"https:\/\/last-chance.dk\/#organization"},"potentialAction":[{"@type":"SearchAction","target":{"@type":"EntryPoint","urlTemplate":"https:\/\/last-chance.dk\/?s={search_term_string}"},"query-input":{"@type":"PropertyValueSpecification","valueRequired":true,"valueName":"search_term_string"}}],"inLanguage":"da-DK"},{"@type":"Organization","@id":"https:\/\/last-chance.dk\/#organization","name":"LASTCHANCE Deals | Danmark","url":"https:\/\/last-chance.dk\/","logo":{"@type":"ImageObject","inLanguage":"da-DK","@id":"https:\/\/last-chance.dk\/#\/schema\/logo\/image\/","url":"https:\/\/last-chance.dk\/wp-content\/uploads\/2023\/10\/lastchancedeals_logo_dk_white.png","contentUrl":"https:\/\/last-chance.dk\/wp-content\/uploads\/2023\/10\/lastchancedeals_logo_dk_white.png","width":470,"height":110,"caption":"LASTCHANCE Deals | Danmark"},"image":{"@id":"https:\/\/last-chance.dk\/#\/schema\/logo\/image\/"}}]}},"_links":{"self":[{"href":"https:\/\/last-chance.dk\/index.php?rest_route=\/wp\/v2\/product\/15758","targetHints":{"allow":["GET"]}}],"collection":[{"href":"https:\/\/last-chance.dk\/index.php?rest_route=\/wp\/v2\/product"}],"about":[{"href":"https:\/\/last-chance.dk\/index.php?rest_route=\/wp\/v2\/types\/product"}],"replies":[{"embeddable":true,"href":"https:\/\/last-chance.dk\/index.php?rest_route=%2Fwp%2Fv2%2Fcomments&post=15758"}],"wp:featuredmedia":[{"embeddable":true,"href":"https:\/\/last-chance.dk\/index.php?rest_route=\/wp\/v2\/media\/15753"}],"wp:attachment":[{"href":"https:\/\/last-chance.dk\/index.php?rest_route=%2Fwp%2Fv2%2Fmedia&parent=15758"}],"wp:term":[{"taxonomy":"product_brand","embeddable":true,"href":"https:\/\/last-chance.dk\/index.php?rest_route=%2Fwp%2Fv2%2Fproduct_brand&post=15758"},{"taxonomy":"product_cat","embeddable":true,"href":"https:\/\/last-chance.dk\/index.php?rest_route=%2Fwp%2Fv2%2Fproduct_cat&post=15758"},{"taxonomy":"product_tag","embeddable":true,"href":"https:\/\/last-chance.dk\/index.php?rest_route=%2Fwp%2Fv2%2Fproduct_tag&post=15758"}],"curies":[{"name":"wp","href":"https:\/\/api.w.org\/{rel}","templated":true}]}}