{"id":15760,"date":"2024-08-02T21:14:07","date_gmt":"2024-08-02T21:14:07","guid":{"rendered":"https:\/\/www.lastchance.deals\/dk\/produkt\/garderobeskab-kelvin\/"},"modified":"2024-08-02T21:14:07","modified_gmt":"2024-08-02T21:14:07","slug":"garderobeskab-kelvin","status":"publish","type":"product","link":"https:\/\/last-chance.dk\/?product=garderobeskab-kelvin","title":{"rendered":"Garderobeskab Kelvin"},"content":{"rendered":"<p>Er du p\u00e5 udkig efter et praktisk og stilfuldt garderobeskab til dit sovev\u00e6relse eller din entr\u00e9? S\u00e5 er garderobeskabet Kelvin fra ForrestDecor et godt valg for dig. Dette skab er lavet af m\u00f8belplade i en flot hvid farve, der passer til enhver indretning. Skabet har to skyded\u00f8re, der sparer plads og giver nem adgang til dit t\u00f8j og tilbeh\u00f8r. Indvendigt har skabet en b\u00f8jlestang og fire hylder, s\u00e5 du kan organisere dine ting efter behov. Skabet har ogs\u00e5 en spejld\u00f8r, der g\u00f8r det nemt at tjekke dit outfit, f\u00f8r du g\u00e5r ud af d\u00f8ren.<\/p>\n<p><\/p>\n<p>Garderobeskabet Kelvin har dimensioner p\u00e5 80x50x180cm, s\u00e5 det passer ind i de fleste rum. Skabet skal samles ved levering, men det er ikke sv\u00e6rt at g\u00f8re med den medf\u00f8lgende vejledning. Skabet har en garanti p\u00e5 12 m\u00e5neder fra fabrikanten ForrestDecor, der er kendt for at lave kvalitetsm\u00f8bler til gode priser.<\/p>\n<p><\/p>\n<p>Hvis du vil have et garderobeskab, der kombinerer funktionalitet og design, s\u00e5 bestil garderobeskabet Kelvin fra ForrestDecor i dag. Du vil ikke fortryde det!<\/p>\n<p><\/p>\n<p>Leveringstid: Leveringstid 1 uge<br \/>\nMateriale: m\u00f8belplade<br \/>\nFarve: hvid<br \/>\nDimensioner: 80x50x180cm<br \/>\nMontage: skal samles<br \/>\nFabrikant: ForrestDecor<br \/>\nGaranti: 12 m\u00e5neder<\/p>\n","protected":false},"excerpt":{"rendered":"<p>Er du p\u00e5 udkig efter et praktisk og stilfuldt garderobeskab til dit sovev\u00e6relse eller din entr\u00e9? S\u00e5 er garderobeskabet Kelvin fra ForrestDecor et godt valg for dig. Dette skab er lavet af m\u00f8belplade i en flot hvid farve, der passer til enhver indretning. Skabet har to skyded\u00f8re, der sparer plads og giver nem adgang til [&hellip;]<\/p>\n","protected":false},"featured_media":15759,"comment_status":"open","ping_status":"closed","template":"","meta":[],"product_brand":[],"product_cat":[227],"product_tag":[],"class_list":{"0":"post-15760","1":"product","2":"type-product","3":"status-publish","4":"has-post-thumbnail","6":"product_cat-wardrobes","8":"first","9":"instock","10":"shipping-taxable","11":"purchasable","12":"product-type-simple"},"yoast_head":"<!-- This site is optimized with the Yoast SEO plugin v24.8.1 - https:\/\/yoast.com\/wordpress\/plugins\/seo\/ -->\n<title>Garderobeskab Kelvin - LASTCHANCE Deals | Danmark<\/title>\n<meta name=\"robots\" content=\"index, follow, max-snippet:-1, max-image-preview:large, max-video-preview:-1\" \/>\n<link rel=\"canonical\" href=\"https:\/\/last-chance.dk\/?product=garderobeskab-kelvin\" \/>\n<meta property=\"og:locale\" content=\"da_DK\" \/>\n<meta property=\"og:type\" content=\"article\" \/>\n<meta property=\"og:title\" content=\"Garderobeskab Kelvin - LASTCHANCE Deals | Danmark\" \/>\n<meta property=\"og:description\" content=\"Er du p\u00e5 udkig efter et praktisk og stilfuldt garderobeskab til dit sovev\u00e6relse eller din entr\u00e9? S\u00e5 er garderobeskabet Kelvin fra ForrestDecor et godt valg for dig. Dette skab er lavet af m\u00f8belplade i en flot hvid farve, der passer til enhver indretning. Skabet har to skyded\u00f8re, der sparer plads og giver nem adgang til [&hellip;]\" \/>\n<meta property=\"og:url\" content=\"https:\/\/last-chance.dk\/?product=garderobeskab-kelvin\" \/>\n<meta property=\"og:site_name\" content=\"LASTCHANCE Deals | Danmark\" \/>\n<meta property=\"og:image\" content=\"https:\/\/last-chance.dk\/wp-content\/uploads\/2024\/08\/kelvin_1.jpg\" \/>\n\t<meta property=\"og:image:width\" content=\"400\" \/>\n\t<meta property=\"og:image:height\" content=\"400\" \/>\n\t<meta property=\"og:image:type\" content=\"image\/jpeg\" \/>\n<meta name=\"twitter:card\" content=\"summary_large_image\" \/>\n<meta name=\"twitter:label1\" content=\"Estimeret l\u00e6setid\" \/>\n\t<meta name=\"twitter:data1\" content=\"1 minut\" \/>\n<script type=\"application\/ld+json\" class=\"yoast-schema-graph\">{\"@context\":\"https:\/\/schema.org\",\"@graph\":[{\"@type\":\"WebPage\",\"@id\":\"https:\/\/last-chance.dk\/?product=garderobeskab-kelvin\",\"url\":\"https:\/\/last-chance.dk\/?product=garderobeskab-kelvin\",\"name\":\"Garderobeskab Kelvin - LASTCHANCE Deals | Danmark\",\"isPartOf\":{\"@id\":\"https:\/\/last-chance.dk\/#website\"},\"primaryImageOfPage\":{\"@id\":\"https:\/\/last-chance.dk\/?product=garderobeskab-kelvin#primaryimage\"},\"image\":{\"@id\":\"https:\/\/last-chance.dk\/?product=garderobeskab-kelvin#primaryimage\"},\"thumbnailUrl\":\"https:\/\/last-chance.dk\/wp-content\/uploads\/2024\/08\/kelvin_1.jpg\",\"datePublished\":\"2024-08-02T21:14:07+00:00\",\"breadcrumb\":{\"@id\":\"https:\/\/last-chance.dk\/?product=garderobeskab-kelvin#breadcrumb\"},\"inLanguage\":\"da-DK\",\"potentialAction\":[{\"@type\":\"ReadAction\",\"target\":[\"https:\/\/last-chance.dk\/?product=garderobeskab-kelvin\"]}]},{\"@type\":\"ImageObject\",\"inLanguage\":\"da-DK\",\"@id\":\"https:\/\/last-chance.dk\/?product=garderobeskab-kelvin#primaryimage\",\"url\":\"https:\/\/last-chance.dk\/wp-content\/uploads\/2024\/08\/kelvin_1.jpg\",\"contentUrl\":\"https:\/\/last-chance.dk\/wp-content\/uploads\/2024\/08\/kelvin_1.jpg\",\"width\":400,\"height\":400},{\"@type\":\"BreadcrumbList\",\"@id\":\"https:\/\/last-chance.dk\/?product=garderobeskab-kelvin#breadcrumb\",\"itemListElement\":[{\"@type\":\"ListItem\",\"position\":1,\"name\":\"Home\",\"item\":\"https:\/\/last-chance.dk\/\"},{\"@type\":\"ListItem\",\"position\":2,\"name\":\"Garderobeskab Kelvin\"}]},{\"@type\":\"WebSite\",\"@id\":\"https:\/\/last-chance.dk\/#website\",\"url\":\"https:\/\/last-chance.dk\/\",\"name\":\"LASTCHANCE Deals | Danmark\",\"description\":\"LASTCHANCE Deals | Danmark\",\"publisher\":{\"@id\":\"https:\/\/last-chance.dk\/#organization\"},\"potentialAction\":[{\"@type\":\"SearchAction\",\"target\":{\"@type\":\"EntryPoint\",\"urlTemplate\":\"https:\/\/last-chance.dk\/?s={search_term_string}\"},\"query-input\":{\"@type\":\"PropertyValueSpecification\",\"valueRequired\":true,\"valueName\":\"search_term_string\"}}],\"inLanguage\":\"da-DK\"},{\"@type\":\"Organization\",\"@id\":\"https:\/\/last-chance.dk\/#organization\",\"name\":\"LASTCHANCE Deals | Danmark\",\"url\":\"https:\/\/last-chance.dk\/\",\"logo\":{\"@type\":\"ImageObject\",\"inLanguage\":\"da-DK\",\"@id\":\"https:\/\/last-chance.dk\/#\/schema\/logo\/image\/\",\"url\":\"https:\/\/last-chance.dk\/wp-content\/uploads\/2023\/10\/lastchancedeals_logo_dk_white.png\",\"contentUrl\":\"https:\/\/last-chance.dk\/wp-content\/uploads\/2023\/10\/lastchancedeals_logo_dk_white.png\",\"width\":470,\"height\":110,\"caption\":\"LASTCHANCE Deals | Danmark\"},\"image\":{\"@id\":\"https:\/\/last-chance.dk\/#\/schema\/logo\/image\/\"}}]}<\/script>\n<!-- \/ Yoast SEO plugin. -->","yoast_head_json":{"title":"Garderobeskab Kelvin - LASTCHANCE Deals | Danmark","robots":{"index":"index","follow":"follow","max-snippet":"max-snippet:-1","max-image-preview":"max-image-preview:large","max-video-preview":"max-video-preview:-1"},"canonical":"https:\/\/last-chance.dk\/?product=garderobeskab-kelvin","og_locale":"da_DK","og_type":"article","og_title":"Garderobeskab Kelvin - LASTCHANCE Deals | Danmark","og_description":"Er du p\u00e5 udkig efter et praktisk og stilfuldt garderobeskab til dit sovev\u00e6relse eller din entr\u00e9? S\u00e5 er garderobeskabet Kelvin fra ForrestDecor et godt valg for dig. Dette skab er lavet af m\u00f8belplade i en flot hvid farve, der passer til enhver indretning. Skabet har to skyded\u00f8re, der sparer plads og giver nem adgang til [&hellip;]","og_url":"https:\/\/last-chance.dk\/?product=garderobeskab-kelvin","og_site_name":"LASTCHANCE Deals | Danmark","og_image":[{"width":400,"height":400,"url":"https:\/\/last-chance.dk\/wp-content\/uploads\/2024\/08\/kelvin_1.jpg","type":"image\/jpeg"}],"twitter_card":"summary_large_image","twitter_misc":{"Estimeret l\u00e6setid":"1 minut"},"schema":{"@context":"https:\/\/schema.org","@graph":[{"@type":"WebPage","@id":"https:\/\/last-chance.dk\/?product=garderobeskab-kelvin","url":"https:\/\/last-chance.dk\/?product=garderobeskab-kelvin","name":"Garderobeskab Kelvin - LASTCHANCE Deals | Danmark","isPartOf":{"@id":"https:\/\/last-chance.dk\/#website"},"primaryImageOfPage":{"@id":"https:\/\/last-chance.dk\/?product=garderobeskab-kelvin#primaryimage"},"image":{"@id":"https:\/\/last-chance.dk\/?product=garderobeskab-kelvin#primaryimage"},"thumbnailUrl":"https:\/\/last-chance.dk\/wp-content\/uploads\/2024\/08\/kelvin_1.jpg","datePublished":"2024-08-02T21:14:07+00:00","breadcrumb":{"@id":"https:\/\/last-chance.dk\/?product=garderobeskab-kelvin#breadcrumb"},"inLanguage":"da-DK","potentialAction":[{"@type":"ReadAction","target":["https:\/\/last-chance.dk\/?product=garderobeskab-kelvin"]}]},{"@type":"ImageObject","inLanguage":"da-DK","@id":"https:\/\/last-chance.dk\/?product=garderobeskab-kelvin#primaryimage","url":"https:\/\/last-chance.dk\/wp-content\/uploads\/2024\/08\/kelvin_1.jpg","contentUrl":"https:\/\/last-chance.dk\/wp-content\/uploads\/2024\/08\/kelvin_1.jpg","width":400,"height":400},{"@type":"BreadcrumbList","@id":"https:\/\/last-chance.dk\/?product=garderobeskab-kelvin#breadcrumb","itemListElement":[{"@type":"ListItem","position":1,"name":"Home","item":"https:\/\/last-chance.dk\/"},{"@type":"ListItem","position":2,"name":"Garderobeskab Kelvin"}]},{"@type":"WebSite","@id":"https:\/\/last-chance.dk\/#website","url":"https:\/\/last-chance.dk\/","name":"LASTCHANCE Deals | Danmark","description":"LASTCHANCE Deals | Danmark","publisher":{"@id":"https:\/\/last-chance.dk\/#organization"},"potentialAction":[{"@type":"SearchAction","target":{"@type":"EntryPoint","urlTemplate":"https:\/\/last-chance.dk\/?s={search_term_string}"},"query-input":{"@type":"PropertyValueSpecification","valueRequired":true,"valueName":"search_term_string"}}],"inLanguage":"da-DK"},{"@type":"Organization","@id":"https:\/\/last-chance.dk\/#organization","name":"LASTCHANCE Deals | Danmark","url":"https:\/\/last-chance.dk\/","logo":{"@type":"ImageObject","inLanguage":"da-DK","@id":"https:\/\/last-chance.dk\/#\/schema\/logo\/image\/","url":"https:\/\/last-chance.dk\/wp-content\/uploads\/2023\/10\/lastchancedeals_logo_dk_white.png","contentUrl":"https:\/\/last-chance.dk\/wp-content\/uploads\/2023\/10\/lastchancedeals_logo_dk_white.png","width":470,"height":110,"caption":"LASTCHANCE Deals | Danmark"},"image":{"@id":"https:\/\/last-chance.dk\/#\/schema\/logo\/image\/"}}]}},"_links":{"self":[{"href":"https:\/\/last-chance.dk\/index.php?rest_route=\/wp\/v2\/product\/15760","targetHints":{"allow":["GET"]}}],"collection":[{"href":"https:\/\/last-chance.dk\/index.php?rest_route=\/wp\/v2\/product"}],"about":[{"href":"https:\/\/last-chance.dk\/index.php?rest_route=\/wp\/v2\/types\/product"}],"replies":[{"embeddable":true,"href":"https:\/\/last-chance.dk\/index.php?rest_route=%2Fwp%2Fv2%2Fcomments&post=15760"}],"wp:featuredmedia":[{"embeddable":true,"href":"https:\/\/last-chance.dk\/index.php?rest_route=\/wp\/v2\/media\/15759"}],"wp:attachment":[{"href":"https:\/\/last-chance.dk\/index.php?rest_route=%2Fwp%2Fv2%2Fmedia&parent=15760"}],"wp:term":[{"taxonomy":"product_brand","embeddable":true,"href":"https:\/\/last-chance.dk\/index.php?rest_route=%2Fwp%2Fv2%2Fproduct_brand&post=15760"},{"taxonomy":"product_cat","embeddable":true,"href":"https:\/\/last-chance.dk\/index.php?rest_route=%2Fwp%2Fv2%2Fproduct_cat&post=15760"},{"taxonomy":"product_tag","embeddable":true,"href":"https:\/\/last-chance.dk\/index.php?rest_route=%2Fwp%2Fv2%2Fproduct_tag&post=15760"}],"curies":[{"name":"wp","href":"https:\/\/api.w.org\/{rel}","templated":true}]}}