{"id":15766,"date":"2024-08-02T21:14:25","date_gmt":"2024-08-02T21:14:25","guid":{"rendered":"https:\/\/www.lastchance.deals\/dk\/produkt\/vaegdekoration-monica-60x40cm-x-3pcs-gylden\/"},"modified":"2025-10-13T12:09:47","modified_gmt":"2025-10-13T12:09:47","slug":"vaegdekoration-monica-60x40cm-x-3pcs-gylden","status":"publish","type":"product","link":"https:\/\/last-chance.dk\/?product=vaegdekoration-monica-60x40cm-x-3pcs-gylden","title":{"rendered":"V\u00e6gdekoration Monica 60x40cm x 3pcs gylden"},"content":{"rendered":"<p>Skab en stemningsfuld og elegant atmosf\u00e6re i dit hjem med denne smukke v\u00e6gdekoration fra ForrestDecor. V\u00e6gdekorationen best\u00e5r af tre metalplader i gylden farve, som hver har et unikt m\u00f8nster. Pladerne er lavet af jern og har en st\u00f8rrelse p\u00e5 60x40cm. Du kan h\u00e6nge dem sammen eller hver for sig, alt efter din smag og indretning.<\/p>\n<p><\/p>\n<p>V\u00e6gdekorationen er halvt samlet, s\u00e5 du skal blot fastg\u00f8re nogle skruer og kroge p\u00e5 bagsiden af pladerne. Derefter kan du nyde det flotte resultat p\u00e5 din v\u00e6g. V\u00e6gdekorationen passer til mange forskellige stilarter og rum, s\u00e5som stue, sovev\u00e6relse, kontor eller gang. Den er ogs\u00e5 en perfekt gaveide til en, du holder af.<\/p>\n<p><\/p>\n<p>Bestil din v\u00e6gdekoration Monica i dag og giv dit hjem et personligt og kunstnerisk touch.<\/p>\n<p><\/p>\n<p>Leveringstid: Leveringstid 1 uge<br \/>\nMateriale: metal,jern<br \/>\nFarve: gylden<br \/>\nDimensioner: 60x40cm x 3pcs<br \/>\nBel\u00f8b: 3pcs<br \/>\nMontage: halvt samlet<br \/>\nFabrikant: ForrestDecor<\/p>\n","protected":false},"excerpt":{"rendered":"<p>Skab en stemningsfuld og elegant atmosf\u00e6re i dit hjem med denne smukke v\u00e6gdekoration fra ForrestDecor. V\u00e6gdekorationen best\u00e5r af tre metalplader i gylden farve, som hver har et unikt m\u00f8nster. Pladerne er lavet af jern og har en st\u00f8rrelse p\u00e5 60x40cm. Du kan h\u00e6nge dem sammen eller hver for sig, alt efter din smag og indretning. [&hellip;]<\/p>\n","protected":false},"featured_media":15761,"comment_status":"open","ping_status":"closed","template":"","meta":[],"product_brand":[],"product_cat":[200],"product_tag":[],"class_list":{"0":"post-15766","1":"product","2":"type-product","3":"status-publish","4":"has-post-thumbnail","6":"product_cat-wall-decor","8":"first","9":"instock","10":"shipping-taxable","11":"purchasable","12":"product-type-simple"},"yoast_head":"<!-- This site is optimized with the Yoast SEO plugin v24.8.1 - https:\/\/yoast.com\/wordpress\/plugins\/seo\/ -->\n<title>V\u00e6gdekoration Monica 60x40cm x 3pcs gylden - LASTCHANCE Deals | Danmark<\/title>\n<meta name=\"robots\" content=\"index, follow, max-snippet:-1, max-image-preview:large, max-video-preview:-1\" \/>\n<link rel=\"canonical\" href=\"https:\/\/last-chance.dk\/?product=vaegdekoration-monica-60x40cm-x-3pcs-gylden\" \/>\n<meta property=\"og:locale\" content=\"da_DK\" \/>\n<meta property=\"og:type\" content=\"article\" \/>\n<meta property=\"og:title\" content=\"V\u00e6gdekoration Monica 60x40cm x 3pcs gylden - LASTCHANCE Deals | Danmark\" \/>\n<meta property=\"og:description\" content=\"Skab en stemningsfuld og elegant atmosf\u00e6re i dit hjem med denne smukke v\u00e6gdekoration fra ForrestDecor. V\u00e6gdekorationen best\u00e5r af tre metalplader i gylden farve, som hver har et unikt m\u00f8nster. Pladerne er lavet af jern og har en st\u00f8rrelse p\u00e5 60x40cm. Du kan h\u00e6nge dem sammen eller hver for sig, alt efter din smag og indretning. [&hellip;]\" \/>\n<meta property=\"og:url\" content=\"https:\/\/last-chance.dk\/?product=vaegdekoration-monica-60x40cm-x-3pcs-gylden\" \/>\n<meta property=\"og:site_name\" content=\"LASTCHANCE Deals | Danmark\" \/>\n<meta property=\"article:modified_time\" content=\"2025-10-13T12:09:47+00:00\" \/>\n<meta property=\"og:image\" content=\"https:\/\/last-chance.dk\/wp-content\/uploads\/2024\/08\/monica1.jpg\" \/>\n\t<meta property=\"og:image:width\" content=\"724\" \/>\n\t<meta property=\"og:image:height\" content=\"864\" \/>\n\t<meta property=\"og:image:type\" content=\"image\/jpeg\" \/>\n<meta name=\"twitter:card\" content=\"summary_large_image\" \/>\n<meta name=\"twitter:label1\" content=\"Estimeret l\u00e6setid\" \/>\n\t<meta name=\"twitter:data1\" content=\"1 minut\" \/>\n<script type=\"application\/ld+json\" class=\"yoast-schema-graph\">{\"@context\":\"https:\/\/schema.org\",\"@graph\":[{\"@type\":\"WebPage\",\"@id\":\"https:\/\/last-chance.dk\/?product=vaegdekoration-monica-60x40cm-x-3pcs-gylden\",\"url\":\"https:\/\/last-chance.dk\/?product=vaegdekoration-monica-60x40cm-x-3pcs-gylden\",\"name\":\"V\u00e6gdekoration Monica 60x40cm x 3pcs gylden - LASTCHANCE Deals | Danmark\",\"isPartOf\":{\"@id\":\"https:\/\/last-chance.dk\/#website\"},\"primaryImageOfPage\":{\"@id\":\"https:\/\/last-chance.dk\/?product=vaegdekoration-monica-60x40cm-x-3pcs-gylden#primaryimage\"},\"image\":{\"@id\":\"https:\/\/last-chance.dk\/?product=vaegdekoration-monica-60x40cm-x-3pcs-gylden#primaryimage\"},\"thumbnailUrl\":\"https:\/\/last-chance.dk\/wp-content\/uploads\/2024\/08\/monica1.jpg\",\"datePublished\":\"2024-08-02T21:14:25+00:00\",\"dateModified\":\"2025-10-13T12:09:47+00:00\",\"breadcrumb\":{\"@id\":\"https:\/\/last-chance.dk\/?product=vaegdekoration-monica-60x40cm-x-3pcs-gylden#breadcrumb\"},\"inLanguage\":\"da-DK\",\"potentialAction\":[{\"@type\":\"ReadAction\",\"target\":[\"https:\/\/last-chance.dk\/?product=vaegdekoration-monica-60x40cm-x-3pcs-gylden\"]}]},{\"@type\":\"ImageObject\",\"inLanguage\":\"da-DK\",\"@id\":\"https:\/\/last-chance.dk\/?product=vaegdekoration-monica-60x40cm-x-3pcs-gylden#primaryimage\",\"url\":\"https:\/\/last-chance.dk\/wp-content\/uploads\/2024\/08\/monica1.jpg\",\"contentUrl\":\"https:\/\/last-chance.dk\/wp-content\/uploads\/2024\/08\/monica1.jpg\",\"width\":724,\"height\":864},{\"@type\":\"BreadcrumbList\",\"@id\":\"https:\/\/last-chance.dk\/?product=vaegdekoration-monica-60x40cm-x-3pcs-gylden#breadcrumb\",\"itemListElement\":[{\"@type\":\"ListItem\",\"position\":1,\"name\":\"Home\",\"item\":\"https:\/\/last-chance.dk\/\"},{\"@type\":\"ListItem\",\"position\":2,\"name\":\"V\u00e6gdekoration Monica 60x40cm x 3pcs gylden\"}]},{\"@type\":\"WebSite\",\"@id\":\"https:\/\/last-chance.dk\/#website\",\"url\":\"https:\/\/last-chance.dk\/\",\"name\":\"LASTCHANCE Deals | Danmark\",\"description\":\"LASTCHANCE Deals | Danmark\",\"publisher\":{\"@id\":\"https:\/\/last-chance.dk\/#organization\"},\"potentialAction\":[{\"@type\":\"SearchAction\",\"target\":{\"@type\":\"EntryPoint\",\"urlTemplate\":\"https:\/\/last-chance.dk\/?s={search_term_string}\"},\"query-input\":{\"@type\":\"PropertyValueSpecification\",\"valueRequired\":true,\"valueName\":\"search_term_string\"}}],\"inLanguage\":\"da-DK\"},{\"@type\":\"Organization\",\"@id\":\"https:\/\/last-chance.dk\/#organization\",\"name\":\"LASTCHANCE Deals | Danmark\",\"url\":\"https:\/\/last-chance.dk\/\",\"logo\":{\"@type\":\"ImageObject\",\"inLanguage\":\"da-DK\",\"@id\":\"https:\/\/last-chance.dk\/#\/schema\/logo\/image\/\",\"url\":\"https:\/\/last-chance.dk\/wp-content\/uploads\/2023\/10\/lastchancedeals_logo_dk_white.png\",\"contentUrl\":\"https:\/\/last-chance.dk\/wp-content\/uploads\/2023\/10\/lastchancedeals_logo_dk_white.png\",\"width\":470,\"height\":110,\"caption\":\"LASTCHANCE Deals | Danmark\"},\"image\":{\"@id\":\"https:\/\/last-chance.dk\/#\/schema\/logo\/image\/\"}}]}<\/script>\n<!-- \/ Yoast SEO plugin. -->","yoast_head_json":{"title":"V\u00e6gdekoration Monica 60x40cm x 3pcs gylden - LASTCHANCE Deals | Danmark","robots":{"index":"index","follow":"follow","max-snippet":"max-snippet:-1","max-image-preview":"max-image-preview:large","max-video-preview":"max-video-preview:-1"},"canonical":"https:\/\/last-chance.dk\/?product=vaegdekoration-monica-60x40cm-x-3pcs-gylden","og_locale":"da_DK","og_type":"article","og_title":"V\u00e6gdekoration Monica 60x40cm x 3pcs gylden - LASTCHANCE Deals | Danmark","og_description":"Skab en stemningsfuld og elegant atmosf\u00e6re i dit hjem med denne smukke v\u00e6gdekoration fra ForrestDecor. V\u00e6gdekorationen best\u00e5r af tre metalplader i gylden farve, som hver har et unikt m\u00f8nster. Pladerne er lavet af jern og har en st\u00f8rrelse p\u00e5 60x40cm. Du kan h\u00e6nge dem sammen eller hver for sig, alt efter din smag og indretning. [&hellip;]","og_url":"https:\/\/last-chance.dk\/?product=vaegdekoration-monica-60x40cm-x-3pcs-gylden","og_site_name":"LASTCHANCE Deals | Danmark","article_modified_time":"2025-10-13T12:09:47+00:00","og_image":[{"width":724,"height":864,"url":"https:\/\/last-chance.dk\/wp-content\/uploads\/2024\/08\/monica1.jpg","type":"image\/jpeg"}],"twitter_card":"summary_large_image","twitter_misc":{"Estimeret l\u00e6setid":"1 minut"},"schema":{"@context":"https:\/\/schema.org","@graph":[{"@type":"WebPage","@id":"https:\/\/last-chance.dk\/?product=vaegdekoration-monica-60x40cm-x-3pcs-gylden","url":"https:\/\/last-chance.dk\/?product=vaegdekoration-monica-60x40cm-x-3pcs-gylden","name":"V\u00e6gdekoration Monica 60x40cm x 3pcs gylden - LASTCHANCE Deals | Danmark","isPartOf":{"@id":"https:\/\/last-chance.dk\/#website"},"primaryImageOfPage":{"@id":"https:\/\/last-chance.dk\/?product=vaegdekoration-monica-60x40cm-x-3pcs-gylden#primaryimage"},"image":{"@id":"https:\/\/last-chance.dk\/?product=vaegdekoration-monica-60x40cm-x-3pcs-gylden#primaryimage"},"thumbnailUrl":"https:\/\/last-chance.dk\/wp-content\/uploads\/2024\/08\/monica1.jpg","datePublished":"2024-08-02T21:14:25+00:00","dateModified":"2025-10-13T12:09:47+00:00","breadcrumb":{"@id":"https:\/\/last-chance.dk\/?product=vaegdekoration-monica-60x40cm-x-3pcs-gylden#breadcrumb"},"inLanguage":"da-DK","potentialAction":[{"@type":"ReadAction","target":["https:\/\/last-chance.dk\/?product=vaegdekoration-monica-60x40cm-x-3pcs-gylden"]}]},{"@type":"ImageObject","inLanguage":"da-DK","@id":"https:\/\/last-chance.dk\/?product=vaegdekoration-monica-60x40cm-x-3pcs-gylden#primaryimage","url":"https:\/\/last-chance.dk\/wp-content\/uploads\/2024\/08\/monica1.jpg","contentUrl":"https:\/\/last-chance.dk\/wp-content\/uploads\/2024\/08\/monica1.jpg","width":724,"height":864},{"@type":"BreadcrumbList","@id":"https:\/\/last-chance.dk\/?product=vaegdekoration-monica-60x40cm-x-3pcs-gylden#breadcrumb","itemListElement":[{"@type":"ListItem","position":1,"name":"Home","item":"https:\/\/last-chance.dk\/"},{"@type":"ListItem","position":2,"name":"V\u00e6gdekoration Monica 60x40cm x 3pcs gylden"}]},{"@type":"WebSite","@id":"https:\/\/last-chance.dk\/#website","url":"https:\/\/last-chance.dk\/","name":"LASTCHANCE Deals | Danmark","description":"LASTCHANCE Deals | Danmark","publisher":{"@id":"https:\/\/last-chance.dk\/#organization"},"potentialAction":[{"@type":"SearchAction","target":{"@type":"EntryPoint","urlTemplate":"https:\/\/last-chance.dk\/?s={search_term_string}"},"query-input":{"@type":"PropertyValueSpecification","valueRequired":true,"valueName":"search_term_string"}}],"inLanguage":"da-DK"},{"@type":"Organization","@id":"https:\/\/last-chance.dk\/#organization","name":"LASTCHANCE Deals | Danmark","url":"https:\/\/last-chance.dk\/","logo":{"@type":"ImageObject","inLanguage":"da-DK","@id":"https:\/\/last-chance.dk\/#\/schema\/logo\/image\/","url":"https:\/\/last-chance.dk\/wp-content\/uploads\/2023\/10\/lastchancedeals_logo_dk_white.png","contentUrl":"https:\/\/last-chance.dk\/wp-content\/uploads\/2023\/10\/lastchancedeals_logo_dk_white.png","width":470,"height":110,"caption":"LASTCHANCE Deals | Danmark"},"image":{"@id":"https:\/\/last-chance.dk\/#\/schema\/logo\/image\/"}}]}},"_links":{"self":[{"href":"https:\/\/last-chance.dk\/index.php?rest_route=\/wp\/v2\/product\/15766","targetHints":{"allow":["GET"]}}],"collection":[{"href":"https:\/\/last-chance.dk\/index.php?rest_route=\/wp\/v2\/product"}],"about":[{"href":"https:\/\/last-chance.dk\/index.php?rest_route=\/wp\/v2\/types\/product"}],"replies":[{"embeddable":true,"href":"https:\/\/last-chance.dk\/index.php?rest_route=%2Fwp%2Fv2%2Fcomments&post=15766"}],"wp:featuredmedia":[{"embeddable":true,"href":"https:\/\/last-chance.dk\/index.php?rest_route=\/wp\/v2\/media\/15761"}],"wp:attachment":[{"href":"https:\/\/last-chance.dk\/index.php?rest_route=%2Fwp%2Fv2%2Fmedia&parent=15766"}],"wp:term":[{"taxonomy":"product_brand","embeddable":true,"href":"https:\/\/last-chance.dk\/index.php?rest_route=%2Fwp%2Fv2%2Fproduct_brand&post=15766"},{"taxonomy":"product_cat","embeddable":true,"href":"https:\/\/last-chance.dk\/index.php?rest_route=%2Fwp%2Fv2%2Fproduct_cat&post=15766"},{"taxonomy":"product_tag","embeddable":true,"href":"https:\/\/last-chance.dk\/index.php?rest_route=%2Fwp%2Fv2%2Fproduct_tag&post=15766"}],"curies":[{"name":"wp","href":"https:\/\/api.w.org\/{rel}","templated":true}]}}