{"id":15768,"date":"2024-08-02T21:14:41","date_gmt":"2024-08-02T21:14:41","guid":{"rendered":"https:\/\/www.lastchance.deals\/dk\/produkt\/boernegarderobe-rhino-lyseroed-abs\/"},"modified":"2024-08-02T21:14:41","modified_gmt":"2024-08-02T21:14:41","slug":"boernegarderobe-rhino-lyseroed-abs","status":"publish","type":"product","link":"https:\/\/last-chance.dk\/?product=boernegarderobe-rhino-lyseroed-abs","title":{"rendered":"B\u00f8rnegarderobe Rhino lyser\u00f8d ABS"},"content":{"rendered":"<p>Er du p\u00e5 udkig efter en sjov og praktisk m\u00e5de at opbevare dit barns t\u00f8j og leget\u00f8j p\u00e5? S\u00e5 er b\u00f8rnegarderoben Rhino fra ForrestDecor lige noget for dig! Denne garderobe har form som et nuttet n\u00e6sehorn i lyser\u00f8d farve, der vil bringe gl\u00e6de og fantasi til ethvert b\u00f8rnev\u00e6relse. Garderoben er lavet af ABS, et holdbart og let materiale, der er nemt at reng\u00f8re. Den har to store skuffer og en b\u00f8jlestang, s\u00e5 du kan organisere dit barns ting p\u00e5 en overskuelig m\u00e5de. Garderoben m\u00e5ler 147x37x165cm og skal samles ved levering. Du f\u00e5r en detaljeret vejledning med i pakken, s\u00e5 du nemt kan s\u00e6tte den sammen. B\u00f8rnegarderoben Rhino er et unikt og funktionelt m\u00f8bel, der vil g\u00f8re dit barn glad hver dag!<\/p>\n<p><\/p>\n<p>Leveringstid: Leveringstid 1 uge<br \/>\nMateriale: ABS<br \/>\nFarve: lyser\u00f8d<br \/>\nDimensioner: 147x37x165cm<br \/>\nMontage: skal samles<br \/>\nFabrikant: ForrestDecor<\/p>\n","protected":false},"excerpt":{"rendered":"<p>Er du p\u00e5 udkig efter en sjov og praktisk m\u00e5de at opbevare dit barns t\u00f8j og leget\u00f8j p\u00e5? S\u00e5 er b\u00f8rnegarderoben Rhino fra ForrestDecor lige noget for dig! Denne garderobe har form som et nuttet n\u00e6sehorn i lyser\u00f8d farve, der vil bringe gl\u00e6de og fantasi til ethvert b\u00f8rnev\u00e6relse. Garderoben er lavet af ABS, et holdbart [&hellip;]<\/p>\n","protected":false},"featured_media":15767,"comment_status":"open","ping_status":"closed","template":"","meta":[],"product_brand":[],"product_cat":[229],"product_tag":[],"class_list":{"0":"post-15768","1":"product","2":"type-product","3":"status-publish","4":"has-post-thumbnail","6":"product_cat-childrens-room-storage","8":"first","9":"instock","10":"shipping-taxable","11":"purchasable","12":"product-type-simple"},"yoast_head":"<!-- This site is optimized with the Yoast SEO plugin v24.8.1 - https:\/\/yoast.com\/wordpress\/plugins\/seo\/ -->\n<title>B\u00f8rnegarderobe Rhino lyser\u00f8d ABS - LASTCHANCE Deals | Danmark<\/title>\n<meta name=\"robots\" content=\"index, follow, max-snippet:-1, max-image-preview:large, max-video-preview:-1\" \/>\n<link rel=\"canonical\" href=\"https:\/\/last-chance.dk\/?product=boernegarderobe-rhino-lyseroed-abs\" \/>\n<meta property=\"og:locale\" content=\"da_DK\" \/>\n<meta property=\"og:type\" content=\"article\" \/>\n<meta property=\"og:title\" content=\"B\u00f8rnegarderobe Rhino lyser\u00f8d ABS - LASTCHANCE Deals | Danmark\" \/>\n<meta property=\"og:description\" content=\"Er du p\u00e5 udkig efter en sjov og praktisk m\u00e5de at opbevare dit barns t\u00f8j og leget\u00f8j p\u00e5? S\u00e5 er b\u00f8rnegarderoben Rhino fra ForrestDecor lige noget for dig! Denne garderobe har form som et nuttet n\u00e6sehorn i lyser\u00f8d farve, der vil bringe gl\u00e6de og fantasi til ethvert b\u00f8rnev\u00e6relse. Garderoben er lavet af ABS, et holdbart [&hellip;]\" \/>\n<meta property=\"og:url\" content=\"https:\/\/last-chance.dk\/?product=boernegarderobe-rhino-lyseroed-abs\" \/>\n<meta property=\"og:site_name\" content=\"LASTCHANCE Deals | Danmark\" \/>\n<meta property=\"og:image\" content=\"https:\/\/last-chance.dk\/wp-content\/uploads\/2024\/08\/rhino1.jpg\" \/>\n\t<meta property=\"og:image:width\" content=\"800\" \/>\n\t<meta property=\"og:image:height\" content=\"734\" \/>\n\t<meta property=\"og:image:type\" content=\"image\/jpeg\" \/>\n<meta name=\"twitter:card\" content=\"summary_large_image\" \/>\n<meta name=\"twitter:label1\" content=\"Estimeret l\u00e6setid\" \/>\n\t<meta name=\"twitter:data1\" content=\"1 minut\" \/>\n<script type=\"application\/ld+json\" class=\"yoast-schema-graph\">{\"@context\":\"https:\/\/schema.org\",\"@graph\":[{\"@type\":\"WebPage\",\"@id\":\"https:\/\/last-chance.dk\/?product=boernegarderobe-rhino-lyseroed-abs\",\"url\":\"https:\/\/last-chance.dk\/?product=boernegarderobe-rhino-lyseroed-abs\",\"name\":\"B\u00f8rnegarderobe Rhino lyser\u00f8d ABS - LASTCHANCE Deals | Danmark\",\"isPartOf\":{\"@id\":\"https:\/\/last-chance.dk\/#website\"},\"primaryImageOfPage\":{\"@id\":\"https:\/\/last-chance.dk\/?product=boernegarderobe-rhino-lyseroed-abs#primaryimage\"},\"image\":{\"@id\":\"https:\/\/last-chance.dk\/?product=boernegarderobe-rhino-lyseroed-abs#primaryimage\"},\"thumbnailUrl\":\"https:\/\/last-chance.dk\/wp-content\/uploads\/2024\/08\/rhino1.jpg\",\"datePublished\":\"2024-08-02T21:14:41+00:00\",\"breadcrumb\":{\"@id\":\"https:\/\/last-chance.dk\/?product=boernegarderobe-rhino-lyseroed-abs#breadcrumb\"},\"inLanguage\":\"da-DK\",\"potentialAction\":[{\"@type\":\"ReadAction\",\"target\":[\"https:\/\/last-chance.dk\/?product=boernegarderobe-rhino-lyseroed-abs\"]}]},{\"@type\":\"ImageObject\",\"inLanguage\":\"da-DK\",\"@id\":\"https:\/\/last-chance.dk\/?product=boernegarderobe-rhino-lyseroed-abs#primaryimage\",\"url\":\"https:\/\/last-chance.dk\/wp-content\/uploads\/2024\/08\/rhino1.jpg\",\"contentUrl\":\"https:\/\/last-chance.dk\/wp-content\/uploads\/2024\/08\/rhino1.jpg\",\"width\":800,\"height\":734},{\"@type\":\"BreadcrumbList\",\"@id\":\"https:\/\/last-chance.dk\/?product=boernegarderobe-rhino-lyseroed-abs#breadcrumb\",\"itemListElement\":[{\"@type\":\"ListItem\",\"position\":1,\"name\":\"Home\",\"item\":\"https:\/\/last-chance.dk\/\"},{\"@type\":\"ListItem\",\"position\":2,\"name\":\"B\u00f8rnegarderobe Rhino lyser\u00f8d ABS\"}]},{\"@type\":\"WebSite\",\"@id\":\"https:\/\/last-chance.dk\/#website\",\"url\":\"https:\/\/last-chance.dk\/\",\"name\":\"LASTCHANCE Deals | Danmark\",\"description\":\"LASTCHANCE Deals | Danmark\",\"publisher\":{\"@id\":\"https:\/\/last-chance.dk\/#organization\"},\"potentialAction\":[{\"@type\":\"SearchAction\",\"target\":{\"@type\":\"EntryPoint\",\"urlTemplate\":\"https:\/\/last-chance.dk\/?s={search_term_string}\"},\"query-input\":{\"@type\":\"PropertyValueSpecification\",\"valueRequired\":true,\"valueName\":\"search_term_string\"}}],\"inLanguage\":\"da-DK\"},{\"@type\":\"Organization\",\"@id\":\"https:\/\/last-chance.dk\/#organization\",\"name\":\"LASTCHANCE Deals | Danmark\",\"url\":\"https:\/\/last-chance.dk\/\",\"logo\":{\"@type\":\"ImageObject\",\"inLanguage\":\"da-DK\",\"@id\":\"https:\/\/last-chance.dk\/#\/schema\/logo\/image\/\",\"url\":\"https:\/\/last-chance.dk\/wp-content\/uploads\/2023\/10\/lastchancedeals_logo_dk_white.png\",\"contentUrl\":\"https:\/\/last-chance.dk\/wp-content\/uploads\/2023\/10\/lastchancedeals_logo_dk_white.png\",\"width\":470,\"height\":110,\"caption\":\"LASTCHANCE Deals | Danmark\"},\"image\":{\"@id\":\"https:\/\/last-chance.dk\/#\/schema\/logo\/image\/\"}}]}<\/script>\n<!-- \/ Yoast SEO plugin. -->","yoast_head_json":{"title":"B\u00f8rnegarderobe Rhino lyser\u00f8d ABS - LASTCHANCE Deals | Danmark","robots":{"index":"index","follow":"follow","max-snippet":"max-snippet:-1","max-image-preview":"max-image-preview:large","max-video-preview":"max-video-preview:-1"},"canonical":"https:\/\/last-chance.dk\/?product=boernegarderobe-rhino-lyseroed-abs","og_locale":"da_DK","og_type":"article","og_title":"B\u00f8rnegarderobe Rhino lyser\u00f8d ABS - LASTCHANCE Deals | Danmark","og_description":"Er du p\u00e5 udkig efter en sjov og praktisk m\u00e5de at opbevare dit barns t\u00f8j og leget\u00f8j p\u00e5? S\u00e5 er b\u00f8rnegarderoben Rhino fra ForrestDecor lige noget for dig! Denne garderobe har form som et nuttet n\u00e6sehorn i lyser\u00f8d farve, der vil bringe gl\u00e6de og fantasi til ethvert b\u00f8rnev\u00e6relse. Garderoben er lavet af ABS, et holdbart [&hellip;]","og_url":"https:\/\/last-chance.dk\/?product=boernegarderobe-rhino-lyseroed-abs","og_site_name":"LASTCHANCE Deals | Danmark","og_image":[{"width":800,"height":734,"url":"https:\/\/last-chance.dk\/wp-content\/uploads\/2024\/08\/rhino1.jpg","type":"image\/jpeg"}],"twitter_card":"summary_large_image","twitter_misc":{"Estimeret l\u00e6setid":"1 minut"},"schema":{"@context":"https:\/\/schema.org","@graph":[{"@type":"WebPage","@id":"https:\/\/last-chance.dk\/?product=boernegarderobe-rhino-lyseroed-abs","url":"https:\/\/last-chance.dk\/?product=boernegarderobe-rhino-lyseroed-abs","name":"B\u00f8rnegarderobe Rhino lyser\u00f8d ABS - LASTCHANCE Deals | Danmark","isPartOf":{"@id":"https:\/\/last-chance.dk\/#website"},"primaryImageOfPage":{"@id":"https:\/\/last-chance.dk\/?product=boernegarderobe-rhino-lyseroed-abs#primaryimage"},"image":{"@id":"https:\/\/last-chance.dk\/?product=boernegarderobe-rhino-lyseroed-abs#primaryimage"},"thumbnailUrl":"https:\/\/last-chance.dk\/wp-content\/uploads\/2024\/08\/rhino1.jpg","datePublished":"2024-08-02T21:14:41+00:00","breadcrumb":{"@id":"https:\/\/last-chance.dk\/?product=boernegarderobe-rhino-lyseroed-abs#breadcrumb"},"inLanguage":"da-DK","potentialAction":[{"@type":"ReadAction","target":["https:\/\/last-chance.dk\/?product=boernegarderobe-rhino-lyseroed-abs"]}]},{"@type":"ImageObject","inLanguage":"da-DK","@id":"https:\/\/last-chance.dk\/?product=boernegarderobe-rhino-lyseroed-abs#primaryimage","url":"https:\/\/last-chance.dk\/wp-content\/uploads\/2024\/08\/rhino1.jpg","contentUrl":"https:\/\/last-chance.dk\/wp-content\/uploads\/2024\/08\/rhino1.jpg","width":800,"height":734},{"@type":"BreadcrumbList","@id":"https:\/\/last-chance.dk\/?product=boernegarderobe-rhino-lyseroed-abs#breadcrumb","itemListElement":[{"@type":"ListItem","position":1,"name":"Home","item":"https:\/\/last-chance.dk\/"},{"@type":"ListItem","position":2,"name":"B\u00f8rnegarderobe Rhino lyser\u00f8d ABS"}]},{"@type":"WebSite","@id":"https:\/\/last-chance.dk\/#website","url":"https:\/\/last-chance.dk\/","name":"LASTCHANCE Deals | Danmark","description":"LASTCHANCE Deals | Danmark","publisher":{"@id":"https:\/\/last-chance.dk\/#organization"},"potentialAction":[{"@type":"SearchAction","target":{"@type":"EntryPoint","urlTemplate":"https:\/\/last-chance.dk\/?s={search_term_string}"},"query-input":{"@type":"PropertyValueSpecification","valueRequired":true,"valueName":"search_term_string"}}],"inLanguage":"da-DK"},{"@type":"Organization","@id":"https:\/\/last-chance.dk\/#organization","name":"LASTCHANCE Deals | Danmark","url":"https:\/\/last-chance.dk\/","logo":{"@type":"ImageObject","inLanguage":"da-DK","@id":"https:\/\/last-chance.dk\/#\/schema\/logo\/image\/","url":"https:\/\/last-chance.dk\/wp-content\/uploads\/2023\/10\/lastchancedeals_logo_dk_white.png","contentUrl":"https:\/\/last-chance.dk\/wp-content\/uploads\/2023\/10\/lastchancedeals_logo_dk_white.png","width":470,"height":110,"caption":"LASTCHANCE Deals | Danmark"},"image":{"@id":"https:\/\/last-chance.dk\/#\/schema\/logo\/image\/"}}]}},"_links":{"self":[{"href":"https:\/\/last-chance.dk\/index.php?rest_route=\/wp\/v2\/product\/15768","targetHints":{"allow":["GET"]}}],"collection":[{"href":"https:\/\/last-chance.dk\/index.php?rest_route=\/wp\/v2\/product"}],"about":[{"href":"https:\/\/last-chance.dk\/index.php?rest_route=\/wp\/v2\/types\/product"}],"replies":[{"embeddable":true,"href":"https:\/\/last-chance.dk\/index.php?rest_route=%2Fwp%2Fv2%2Fcomments&post=15768"}],"wp:featuredmedia":[{"embeddable":true,"href":"https:\/\/last-chance.dk\/index.php?rest_route=\/wp\/v2\/media\/15767"}],"wp:attachment":[{"href":"https:\/\/last-chance.dk\/index.php?rest_route=%2Fwp%2Fv2%2Fmedia&parent=15768"}],"wp:term":[{"taxonomy":"product_brand","embeddable":true,"href":"https:\/\/last-chance.dk\/index.php?rest_route=%2Fwp%2Fv2%2Fproduct_brand&post=15768"},{"taxonomy":"product_cat","embeddable":true,"href":"https:\/\/last-chance.dk\/index.php?rest_route=%2Fwp%2Fv2%2Fproduct_cat&post=15768"},{"taxonomy":"product_tag","embeddable":true,"href":"https:\/\/last-chance.dk\/index.php?rest_route=%2Fwp%2Fv2%2Fproduct_tag&post=15768"}],"curies":[{"name":"wp","href":"https:\/\/api.w.org\/{rel}","templated":true}]}}