{"id":15778,"date":"2024-08-02T21:15:36","date_gmt":"2024-08-02T21:15:36","guid":{"rendered":"https:\/\/www.lastchance.deals\/dk\/produkt\/kontorstol-blandford-kunstigt-laedermetal\/"},"modified":"2024-08-02T21:15:36","modified_gmt":"2024-08-02T21:15:36","slug":"kontorstol-blandford-kunstigt-laedermetal","status":"publish","type":"product","link":"https:\/\/last-chance.dk\/?product=kontorstol-blandford-kunstigt-laedermetal","title":{"rendered":"Kontorstol Blandford  kunstigt l\u00e6der,metal"},"content":{"rendered":"<p>Hvis du leder efter en komfortabel og moderne kontorstol, s\u00e5 er Blandford det perfekte valg for dig. Blandford er en stilfuld stol med et kunstigt l\u00e6derbetr\u00e6k og en metalbase, der giver den et elegant og holdbart udseende. Stolen har en justerbar h\u00f8jde, s\u00e5 du kan tilpasse den til dit skrivebord og din kropsholdning. Stolen har ogs\u00e5 et ergonomisk design, der st\u00f8tter din ryg og nakke, s\u00e5 du kan arbejde uden at blive tr\u00e6t eller \u00f8m.<\/p>\n<p><\/p>\n<p>Blandford er fremstillet af ForrestDecor, en virksomhed der er kendt for at lave kvalitetsm\u00f8bler med et moderne twist. Stolen leveres i dele og skal samles, men det er nemt og hurtigt at g\u00f8re med den medf\u00f8lgende vejledning. N\u00e5r du k\u00f8ber Blandford, f\u00e5r du ogs\u00e5 12 m\u00e5neders garanti p\u00e5 rammen, s\u00e5 du kan v\u00e6re sikker p\u00e5 at din stol holder i lang tid.<\/p>\n<p><\/p>\n<p>Blandford er den ideelle kontorstol for dig, der vil have komfort og stil p\u00e5 dit kontor. Bestil din Blandford i dag og nyd godt af dens fordele.<\/p>\n<p><\/p>\n<p>Leveringstid: Leveringstid 1 uge<br \/>\nStil: moderne<br \/>\nMateriale: kunstigt l\u00e6der,metal<br \/>\nStolens dimensioner: 64x49x108-117cm<br \/>\nFabrikant: ForrestDecor<br \/>\nMontage: skal samles<br \/>\nGaranti: 12 m\u00e5neders rammegaranti<\/p>\n","protected":false},"excerpt":{"rendered":"<p>Hvis du leder efter en komfortabel og moderne kontorstol, s\u00e5 er Blandford det perfekte valg for dig. Blandford er en stilfuld stol med et kunstigt l\u00e6derbetr\u00e6k og en metalbase, der giver den et elegant og holdbart udseende. Stolen har en justerbar h\u00f8jde, s\u00e5 du kan tilpasse den til dit skrivebord og din kropsholdning. Stolen har [&hellip;]<\/p>\n","protected":false},"featured_media":15771,"comment_status":"open","ping_status":"closed","template":"","meta":[],"product_brand":[],"product_cat":[301],"product_tag":[],"class_list":{"0":"post-15778","1":"product","2":"type-product","3":"status-publish","4":"has-post-thumbnail","6":"product_cat-arbetsstolar","8":"first","9":"instock","10":"shipping-taxable","11":"purchasable","12":"product-type-simple"},"yoast_head":"<!-- This site is optimized with the Yoast SEO plugin v24.8.1 - https:\/\/yoast.com\/wordpress\/plugins\/seo\/ -->\n<title>Kontorstol Blandford kunstigt l\u00e6der,metal - LASTCHANCE Deals | Danmark<\/title>\n<meta name=\"robots\" content=\"index, follow, max-snippet:-1, max-image-preview:large, max-video-preview:-1\" \/>\n<link rel=\"canonical\" href=\"https:\/\/last-chance.dk\/?product=kontorstol-blandford-kunstigt-laedermetal\" \/>\n<meta property=\"og:locale\" content=\"da_DK\" \/>\n<meta property=\"og:type\" content=\"article\" \/>\n<meta property=\"og:title\" content=\"Kontorstol Blandford kunstigt l\u00e6der,metal - LASTCHANCE Deals | Danmark\" \/>\n<meta property=\"og:description\" content=\"Hvis du leder efter en komfortabel og moderne kontorstol, s\u00e5 er Blandford det perfekte valg for dig. Blandford er en stilfuld stol med et kunstigt l\u00e6derbetr\u00e6k og en metalbase, der giver den et elegant og holdbart udseende. Stolen har en justerbar h\u00f8jde, s\u00e5 du kan tilpasse den til dit skrivebord og din kropsholdning. Stolen har [&hellip;]\" \/>\n<meta property=\"og:url\" content=\"https:\/\/last-chance.dk\/?product=kontorstol-blandford-kunstigt-laedermetal\" \/>\n<meta property=\"og:site_name\" content=\"LASTCHANCE Deals | Danmark\" \/>\n<meta property=\"og:image\" content=\"https:\/\/last-chance.dk\/wp-content\/uploads\/2024\/08\/blandford_brown_1_1.jpg\" \/>\n\t<meta property=\"og:image:width\" content=\"800\" \/>\n\t<meta property=\"og:image:height\" content=\"800\" \/>\n\t<meta property=\"og:image:type\" content=\"image\/jpeg\" \/>\n<meta name=\"twitter:card\" content=\"summary_large_image\" \/>\n<meta name=\"twitter:label1\" content=\"Estimeret l\u00e6setid\" \/>\n\t<meta name=\"twitter:data1\" content=\"1 minut\" \/>\n<script type=\"application\/ld+json\" class=\"yoast-schema-graph\">{\"@context\":\"https:\/\/schema.org\",\"@graph\":[{\"@type\":\"WebPage\",\"@id\":\"https:\/\/last-chance.dk\/?product=kontorstol-blandford-kunstigt-laedermetal\",\"url\":\"https:\/\/last-chance.dk\/?product=kontorstol-blandford-kunstigt-laedermetal\",\"name\":\"Kontorstol Blandford kunstigt l\u00e6der,metal - LASTCHANCE Deals | Danmark\",\"isPartOf\":{\"@id\":\"https:\/\/last-chance.dk\/#website\"},\"primaryImageOfPage\":{\"@id\":\"https:\/\/last-chance.dk\/?product=kontorstol-blandford-kunstigt-laedermetal#primaryimage\"},\"image\":{\"@id\":\"https:\/\/last-chance.dk\/?product=kontorstol-blandford-kunstigt-laedermetal#primaryimage\"},\"thumbnailUrl\":\"https:\/\/last-chance.dk\/wp-content\/uploads\/2024\/08\/blandford_brown_1_1.jpg\",\"datePublished\":\"2024-08-02T21:15:36+00:00\",\"breadcrumb\":{\"@id\":\"https:\/\/last-chance.dk\/?product=kontorstol-blandford-kunstigt-laedermetal#breadcrumb\"},\"inLanguage\":\"da-DK\",\"potentialAction\":[{\"@type\":\"ReadAction\",\"target\":[\"https:\/\/last-chance.dk\/?product=kontorstol-blandford-kunstigt-laedermetal\"]}]},{\"@type\":\"ImageObject\",\"inLanguage\":\"da-DK\",\"@id\":\"https:\/\/last-chance.dk\/?product=kontorstol-blandford-kunstigt-laedermetal#primaryimage\",\"url\":\"https:\/\/last-chance.dk\/wp-content\/uploads\/2024\/08\/blandford_brown_1_1.jpg\",\"contentUrl\":\"https:\/\/last-chance.dk\/wp-content\/uploads\/2024\/08\/blandford_brown_1_1.jpg\",\"width\":800,\"height\":800},{\"@type\":\"BreadcrumbList\",\"@id\":\"https:\/\/last-chance.dk\/?product=kontorstol-blandford-kunstigt-laedermetal#breadcrumb\",\"itemListElement\":[{\"@type\":\"ListItem\",\"position\":1,\"name\":\"Home\",\"item\":\"https:\/\/last-chance.dk\/\"},{\"@type\":\"ListItem\",\"position\":2,\"name\":\"Kontorstol Blandford kunstigt l\u00e6der,metal\"}]},{\"@type\":\"WebSite\",\"@id\":\"https:\/\/last-chance.dk\/#website\",\"url\":\"https:\/\/last-chance.dk\/\",\"name\":\"LASTCHANCE Deals | Danmark\",\"description\":\"LASTCHANCE Deals | Danmark\",\"publisher\":{\"@id\":\"https:\/\/last-chance.dk\/#organization\"},\"potentialAction\":[{\"@type\":\"SearchAction\",\"target\":{\"@type\":\"EntryPoint\",\"urlTemplate\":\"https:\/\/last-chance.dk\/?s={search_term_string}\"},\"query-input\":{\"@type\":\"PropertyValueSpecification\",\"valueRequired\":true,\"valueName\":\"search_term_string\"}}],\"inLanguage\":\"da-DK\"},{\"@type\":\"Organization\",\"@id\":\"https:\/\/last-chance.dk\/#organization\",\"name\":\"LASTCHANCE Deals | Danmark\",\"url\":\"https:\/\/last-chance.dk\/\",\"logo\":{\"@type\":\"ImageObject\",\"inLanguage\":\"da-DK\",\"@id\":\"https:\/\/last-chance.dk\/#\/schema\/logo\/image\/\",\"url\":\"https:\/\/last-chance.dk\/wp-content\/uploads\/2023\/10\/lastchancedeals_logo_dk_white.png\",\"contentUrl\":\"https:\/\/last-chance.dk\/wp-content\/uploads\/2023\/10\/lastchancedeals_logo_dk_white.png\",\"width\":470,\"height\":110,\"caption\":\"LASTCHANCE Deals | Danmark\"},\"image\":{\"@id\":\"https:\/\/last-chance.dk\/#\/schema\/logo\/image\/\"}}]}<\/script>\n<!-- \/ Yoast SEO plugin. -->","yoast_head_json":{"title":"Kontorstol Blandford kunstigt l\u00e6der,metal - LASTCHANCE Deals | Danmark","robots":{"index":"index","follow":"follow","max-snippet":"max-snippet:-1","max-image-preview":"max-image-preview:large","max-video-preview":"max-video-preview:-1"},"canonical":"https:\/\/last-chance.dk\/?product=kontorstol-blandford-kunstigt-laedermetal","og_locale":"da_DK","og_type":"article","og_title":"Kontorstol Blandford kunstigt l\u00e6der,metal - LASTCHANCE Deals | Danmark","og_description":"Hvis du leder efter en komfortabel og moderne kontorstol, s\u00e5 er Blandford det perfekte valg for dig. Blandford er en stilfuld stol med et kunstigt l\u00e6derbetr\u00e6k og en metalbase, der giver den et elegant og holdbart udseende. Stolen har en justerbar h\u00f8jde, s\u00e5 du kan tilpasse den til dit skrivebord og din kropsholdning. Stolen har [&hellip;]","og_url":"https:\/\/last-chance.dk\/?product=kontorstol-blandford-kunstigt-laedermetal","og_site_name":"LASTCHANCE Deals | Danmark","og_image":[{"width":800,"height":800,"url":"https:\/\/last-chance.dk\/wp-content\/uploads\/2024\/08\/blandford_brown_1_1.jpg","type":"image\/jpeg"}],"twitter_card":"summary_large_image","twitter_misc":{"Estimeret l\u00e6setid":"1 minut"},"schema":{"@context":"https:\/\/schema.org","@graph":[{"@type":"WebPage","@id":"https:\/\/last-chance.dk\/?product=kontorstol-blandford-kunstigt-laedermetal","url":"https:\/\/last-chance.dk\/?product=kontorstol-blandford-kunstigt-laedermetal","name":"Kontorstol Blandford kunstigt l\u00e6der,metal - LASTCHANCE Deals | Danmark","isPartOf":{"@id":"https:\/\/last-chance.dk\/#website"},"primaryImageOfPage":{"@id":"https:\/\/last-chance.dk\/?product=kontorstol-blandford-kunstigt-laedermetal#primaryimage"},"image":{"@id":"https:\/\/last-chance.dk\/?product=kontorstol-blandford-kunstigt-laedermetal#primaryimage"},"thumbnailUrl":"https:\/\/last-chance.dk\/wp-content\/uploads\/2024\/08\/blandford_brown_1_1.jpg","datePublished":"2024-08-02T21:15:36+00:00","breadcrumb":{"@id":"https:\/\/last-chance.dk\/?product=kontorstol-blandford-kunstigt-laedermetal#breadcrumb"},"inLanguage":"da-DK","potentialAction":[{"@type":"ReadAction","target":["https:\/\/last-chance.dk\/?product=kontorstol-blandford-kunstigt-laedermetal"]}]},{"@type":"ImageObject","inLanguage":"da-DK","@id":"https:\/\/last-chance.dk\/?product=kontorstol-blandford-kunstigt-laedermetal#primaryimage","url":"https:\/\/last-chance.dk\/wp-content\/uploads\/2024\/08\/blandford_brown_1_1.jpg","contentUrl":"https:\/\/last-chance.dk\/wp-content\/uploads\/2024\/08\/blandford_brown_1_1.jpg","width":800,"height":800},{"@type":"BreadcrumbList","@id":"https:\/\/last-chance.dk\/?product=kontorstol-blandford-kunstigt-laedermetal#breadcrumb","itemListElement":[{"@type":"ListItem","position":1,"name":"Home","item":"https:\/\/last-chance.dk\/"},{"@type":"ListItem","position":2,"name":"Kontorstol Blandford kunstigt l\u00e6der,metal"}]},{"@type":"WebSite","@id":"https:\/\/last-chance.dk\/#website","url":"https:\/\/last-chance.dk\/","name":"LASTCHANCE Deals | Danmark","description":"LASTCHANCE Deals | Danmark","publisher":{"@id":"https:\/\/last-chance.dk\/#organization"},"potentialAction":[{"@type":"SearchAction","target":{"@type":"EntryPoint","urlTemplate":"https:\/\/last-chance.dk\/?s={search_term_string}"},"query-input":{"@type":"PropertyValueSpecification","valueRequired":true,"valueName":"search_term_string"}}],"inLanguage":"da-DK"},{"@type":"Organization","@id":"https:\/\/last-chance.dk\/#organization","name":"LASTCHANCE Deals | Danmark","url":"https:\/\/last-chance.dk\/","logo":{"@type":"ImageObject","inLanguage":"da-DK","@id":"https:\/\/last-chance.dk\/#\/schema\/logo\/image\/","url":"https:\/\/last-chance.dk\/wp-content\/uploads\/2023\/10\/lastchancedeals_logo_dk_white.png","contentUrl":"https:\/\/last-chance.dk\/wp-content\/uploads\/2023\/10\/lastchancedeals_logo_dk_white.png","width":470,"height":110,"caption":"LASTCHANCE Deals | Danmark"},"image":{"@id":"https:\/\/last-chance.dk\/#\/schema\/logo\/image\/"}}]}},"_links":{"self":[{"href":"https:\/\/last-chance.dk\/index.php?rest_route=\/wp\/v2\/product\/15778","targetHints":{"allow":["GET"]}}],"collection":[{"href":"https:\/\/last-chance.dk\/index.php?rest_route=\/wp\/v2\/product"}],"about":[{"href":"https:\/\/last-chance.dk\/index.php?rest_route=\/wp\/v2\/types\/product"}],"replies":[{"embeddable":true,"href":"https:\/\/last-chance.dk\/index.php?rest_route=%2Fwp%2Fv2%2Fcomments&post=15778"}],"wp:featuredmedia":[{"embeddable":true,"href":"https:\/\/last-chance.dk\/index.php?rest_route=\/wp\/v2\/media\/15771"}],"wp:attachment":[{"href":"https:\/\/last-chance.dk\/index.php?rest_route=%2Fwp%2Fv2%2Fmedia&parent=15778"}],"wp:term":[{"taxonomy":"product_brand","embeddable":true,"href":"https:\/\/last-chance.dk\/index.php?rest_route=%2Fwp%2Fv2%2Fproduct_brand&post=15778"},{"taxonomy":"product_cat","embeddable":true,"href":"https:\/\/last-chance.dk\/index.php?rest_route=%2Fwp%2Fv2%2Fproduct_cat&post=15778"},{"taxonomy":"product_tag","embeddable":true,"href":"https:\/\/last-chance.dk\/index.php?rest_route=%2Fwp%2Fv2%2Fproduct_tag&post=15778"}],"curies":[{"name":"wp","href":"https:\/\/api.w.org\/{rel}","templated":true}]}}