{"id":15783,"date":"2024-08-02T21:15:51","date_gmt":"2024-08-02T21:15:51","guid":{"rendered":"https:\/\/www.lastchance.deals\/dk\/produkt\/akustikplade-alton-60x60x0-9cm-polyester\/"},"modified":"2024-08-02T21:15:51","modified_gmt":"2024-08-02T21:15:51","slug":"akustikplade-alton-60x60x0-9cm-polyester","status":"publish","type":"product","link":"https:\/\/last-chance.dk\/?product=akustikplade-alton-60x60x0-9cm-polyester","title":{"rendered":"Akustikplade Alton 60x60x0.9cm polyester"},"content":{"rendered":"<p>Er du p\u00e5 udkig efter en m\u00e5de at forbedre akustikken i dit hjem eller kontor? S\u00e5 er Akustikplade Alton fra ForrestDecor det perfekte valg for dig. Denne akustikplade er lavet af polyester, et materiale der er b\u00e5de holdbart og milj\u00f8venligt. Den har en dimension p\u00e5 60x60x0.9cm, hvilket g\u00f8r den nem at montere p\u00e5 v\u00e6ggen eller loftet. Den er beregnet til indend\u00f8rs brug og kan hj\u00e6lpe med at reducere st\u00f8j og ekko i rummet. Den har ogs\u00e5 et elegant og moderne design, der passer til enhver indretning. Du f\u00e5r en akustikplade i pakken, men du kan bestille flere hvis du vil d\u00e6kke et st\u00f8rre omr\u00e5de. Bestil din Akustikplade Alton i dag og nyd en bedre lydoplevelse i dit hjem eller kontor.<\/p>\n<p><\/p>\n<p>Leveringstid: Leveringstid 1 uge<br \/>\nMateriale: polyester<br \/>\nDimensioner: 60x60x0.9cm<br \/>\nBeregnet til: Indend\u00f8rs brug<br \/>\nBel\u00f8b: 1<br \/>\nFabrikant: ForrestDecor<\/p>\n","protected":false},"excerpt":{"rendered":"<p>Er du p\u00e5 udkig efter en m\u00e5de at forbedre akustikken i dit hjem eller kontor? S\u00e5 er Akustikplade Alton fra ForrestDecor det perfekte valg for dig. Denne akustikplade er lavet af polyester, et materiale der er b\u00e5de holdbart og milj\u00f8venligt. Den har en dimension p\u00e5 60x60x0.9cm, hvilket g\u00f8r den nem at montere p\u00e5 v\u00e6ggen eller [&hellip;]<\/p>\n","protected":false},"featured_media":15779,"comment_status":"open","ping_status":"closed","template":"","meta":[],"product_brand":[],"product_cat":[247],"product_tag":[],"class_list":{"0":"post-15783","1":"product","2":"type-product","3":"status-publish","4":"has-post-thumbnail","6":"product_cat-ljudabsorbent","8":"first","9":"instock","10":"shipping-taxable","11":"purchasable","12":"product-type-simple"},"yoast_head":"<!-- This site is optimized with the Yoast SEO plugin v24.8.1 - https:\/\/yoast.com\/wordpress\/plugins\/seo\/ -->\n<title>Akustikplade Alton 60x60x0.9cm polyester - LASTCHANCE Deals | Danmark<\/title>\n<meta name=\"robots\" content=\"index, follow, max-snippet:-1, max-image-preview:large, max-video-preview:-1\" \/>\n<link rel=\"canonical\" href=\"https:\/\/last-chance.dk\/?product=akustikplade-alton-60x60x0-9cm-polyester\" \/>\n<meta property=\"og:locale\" content=\"da_DK\" \/>\n<meta property=\"og:type\" content=\"article\" \/>\n<meta property=\"og:title\" content=\"Akustikplade Alton 60x60x0.9cm polyester - LASTCHANCE Deals | Danmark\" \/>\n<meta property=\"og:description\" content=\"Er du p\u00e5 udkig efter en m\u00e5de at forbedre akustikken i dit hjem eller kontor? S\u00e5 er Akustikplade Alton fra ForrestDecor det perfekte valg for dig. Denne akustikplade er lavet af polyester, et materiale der er b\u00e5de holdbart og milj\u00f8venligt. Den har en dimension p\u00e5 60x60x0.9cm, hvilket g\u00f8r den nem at montere p\u00e5 v\u00e6ggen eller [&hellip;]\" \/>\n<meta property=\"og:url\" content=\"https:\/\/last-chance.dk\/?product=akustikplade-alton-60x60x0-9cm-polyester\" \/>\n<meta property=\"og:site_name\" content=\"LASTCHANCE Deals | Danmark\" \/>\n<meta property=\"og:image\" content=\"https:\/\/last-chance.dk\/wp-content\/uploads\/2024\/08\/alton1.png\" \/>\n\t<meta property=\"og:image:width\" content=\"800\" \/>\n\t<meta property=\"og:image:height\" content=\"800\" \/>\n\t<meta property=\"og:image:type\" content=\"image\/png\" \/>\n<meta name=\"twitter:card\" content=\"summary_large_image\" \/>\n<meta name=\"twitter:label1\" content=\"Estimeret l\u00e6setid\" \/>\n\t<meta name=\"twitter:data1\" content=\"1 minut\" \/>\n<script type=\"application\/ld+json\" class=\"yoast-schema-graph\">{\"@context\":\"https:\/\/schema.org\",\"@graph\":[{\"@type\":\"WebPage\",\"@id\":\"https:\/\/last-chance.dk\/?product=akustikplade-alton-60x60x0-9cm-polyester\",\"url\":\"https:\/\/last-chance.dk\/?product=akustikplade-alton-60x60x0-9cm-polyester\",\"name\":\"Akustikplade Alton 60x60x0.9cm polyester - LASTCHANCE Deals | Danmark\",\"isPartOf\":{\"@id\":\"https:\/\/last-chance.dk\/#website\"},\"primaryImageOfPage\":{\"@id\":\"https:\/\/last-chance.dk\/?product=akustikplade-alton-60x60x0-9cm-polyester#primaryimage\"},\"image\":{\"@id\":\"https:\/\/last-chance.dk\/?product=akustikplade-alton-60x60x0-9cm-polyester#primaryimage\"},\"thumbnailUrl\":\"https:\/\/last-chance.dk\/wp-content\/uploads\/2024\/08\/alton1.png\",\"datePublished\":\"2024-08-02T21:15:51+00:00\",\"breadcrumb\":{\"@id\":\"https:\/\/last-chance.dk\/?product=akustikplade-alton-60x60x0-9cm-polyester#breadcrumb\"},\"inLanguage\":\"da-DK\",\"potentialAction\":[{\"@type\":\"ReadAction\",\"target\":[\"https:\/\/last-chance.dk\/?product=akustikplade-alton-60x60x0-9cm-polyester\"]}]},{\"@type\":\"ImageObject\",\"inLanguage\":\"da-DK\",\"@id\":\"https:\/\/last-chance.dk\/?product=akustikplade-alton-60x60x0-9cm-polyester#primaryimage\",\"url\":\"https:\/\/last-chance.dk\/wp-content\/uploads\/2024\/08\/alton1.png\",\"contentUrl\":\"https:\/\/last-chance.dk\/wp-content\/uploads\/2024\/08\/alton1.png\",\"width\":800,\"height\":800},{\"@type\":\"BreadcrumbList\",\"@id\":\"https:\/\/last-chance.dk\/?product=akustikplade-alton-60x60x0-9cm-polyester#breadcrumb\",\"itemListElement\":[{\"@type\":\"ListItem\",\"position\":1,\"name\":\"Home\",\"item\":\"https:\/\/last-chance.dk\/\"},{\"@type\":\"ListItem\",\"position\":2,\"name\":\"Akustikplade Alton 60x60x0.9cm polyester\"}]},{\"@type\":\"WebSite\",\"@id\":\"https:\/\/last-chance.dk\/#website\",\"url\":\"https:\/\/last-chance.dk\/\",\"name\":\"LASTCHANCE Deals | Danmark\",\"description\":\"LASTCHANCE Deals | Danmark\",\"publisher\":{\"@id\":\"https:\/\/last-chance.dk\/#organization\"},\"potentialAction\":[{\"@type\":\"SearchAction\",\"target\":{\"@type\":\"EntryPoint\",\"urlTemplate\":\"https:\/\/last-chance.dk\/?s={search_term_string}\"},\"query-input\":{\"@type\":\"PropertyValueSpecification\",\"valueRequired\":true,\"valueName\":\"search_term_string\"}}],\"inLanguage\":\"da-DK\"},{\"@type\":\"Organization\",\"@id\":\"https:\/\/last-chance.dk\/#organization\",\"name\":\"LASTCHANCE Deals | Danmark\",\"url\":\"https:\/\/last-chance.dk\/\",\"logo\":{\"@type\":\"ImageObject\",\"inLanguage\":\"da-DK\",\"@id\":\"https:\/\/last-chance.dk\/#\/schema\/logo\/image\/\",\"url\":\"https:\/\/last-chance.dk\/wp-content\/uploads\/2023\/10\/lastchancedeals_logo_dk_white.png\",\"contentUrl\":\"https:\/\/last-chance.dk\/wp-content\/uploads\/2023\/10\/lastchancedeals_logo_dk_white.png\",\"width\":470,\"height\":110,\"caption\":\"LASTCHANCE Deals | Danmark\"},\"image\":{\"@id\":\"https:\/\/last-chance.dk\/#\/schema\/logo\/image\/\"}}]}<\/script>\n<!-- \/ Yoast SEO plugin. -->","yoast_head_json":{"title":"Akustikplade Alton 60x60x0.9cm polyester - LASTCHANCE Deals | Danmark","robots":{"index":"index","follow":"follow","max-snippet":"max-snippet:-1","max-image-preview":"max-image-preview:large","max-video-preview":"max-video-preview:-1"},"canonical":"https:\/\/last-chance.dk\/?product=akustikplade-alton-60x60x0-9cm-polyester","og_locale":"da_DK","og_type":"article","og_title":"Akustikplade Alton 60x60x0.9cm polyester - LASTCHANCE Deals | Danmark","og_description":"Er du p\u00e5 udkig efter en m\u00e5de at forbedre akustikken i dit hjem eller kontor? S\u00e5 er Akustikplade Alton fra ForrestDecor det perfekte valg for dig. Denne akustikplade er lavet af polyester, et materiale der er b\u00e5de holdbart og milj\u00f8venligt. Den har en dimension p\u00e5 60x60x0.9cm, hvilket g\u00f8r den nem at montere p\u00e5 v\u00e6ggen eller [&hellip;]","og_url":"https:\/\/last-chance.dk\/?product=akustikplade-alton-60x60x0-9cm-polyester","og_site_name":"LASTCHANCE Deals | Danmark","og_image":[{"width":800,"height":800,"url":"https:\/\/last-chance.dk\/wp-content\/uploads\/2024\/08\/alton1.png","type":"image\/png"}],"twitter_card":"summary_large_image","twitter_misc":{"Estimeret l\u00e6setid":"1 minut"},"schema":{"@context":"https:\/\/schema.org","@graph":[{"@type":"WebPage","@id":"https:\/\/last-chance.dk\/?product=akustikplade-alton-60x60x0-9cm-polyester","url":"https:\/\/last-chance.dk\/?product=akustikplade-alton-60x60x0-9cm-polyester","name":"Akustikplade Alton 60x60x0.9cm polyester - LASTCHANCE Deals | Danmark","isPartOf":{"@id":"https:\/\/last-chance.dk\/#website"},"primaryImageOfPage":{"@id":"https:\/\/last-chance.dk\/?product=akustikplade-alton-60x60x0-9cm-polyester#primaryimage"},"image":{"@id":"https:\/\/last-chance.dk\/?product=akustikplade-alton-60x60x0-9cm-polyester#primaryimage"},"thumbnailUrl":"https:\/\/last-chance.dk\/wp-content\/uploads\/2024\/08\/alton1.png","datePublished":"2024-08-02T21:15:51+00:00","breadcrumb":{"@id":"https:\/\/last-chance.dk\/?product=akustikplade-alton-60x60x0-9cm-polyester#breadcrumb"},"inLanguage":"da-DK","potentialAction":[{"@type":"ReadAction","target":["https:\/\/last-chance.dk\/?product=akustikplade-alton-60x60x0-9cm-polyester"]}]},{"@type":"ImageObject","inLanguage":"da-DK","@id":"https:\/\/last-chance.dk\/?product=akustikplade-alton-60x60x0-9cm-polyester#primaryimage","url":"https:\/\/last-chance.dk\/wp-content\/uploads\/2024\/08\/alton1.png","contentUrl":"https:\/\/last-chance.dk\/wp-content\/uploads\/2024\/08\/alton1.png","width":800,"height":800},{"@type":"BreadcrumbList","@id":"https:\/\/last-chance.dk\/?product=akustikplade-alton-60x60x0-9cm-polyester#breadcrumb","itemListElement":[{"@type":"ListItem","position":1,"name":"Home","item":"https:\/\/last-chance.dk\/"},{"@type":"ListItem","position":2,"name":"Akustikplade Alton 60x60x0.9cm polyester"}]},{"@type":"WebSite","@id":"https:\/\/last-chance.dk\/#website","url":"https:\/\/last-chance.dk\/","name":"LASTCHANCE Deals | Danmark","description":"LASTCHANCE Deals | Danmark","publisher":{"@id":"https:\/\/last-chance.dk\/#organization"},"potentialAction":[{"@type":"SearchAction","target":{"@type":"EntryPoint","urlTemplate":"https:\/\/last-chance.dk\/?s={search_term_string}"},"query-input":{"@type":"PropertyValueSpecification","valueRequired":true,"valueName":"search_term_string"}}],"inLanguage":"da-DK"},{"@type":"Organization","@id":"https:\/\/last-chance.dk\/#organization","name":"LASTCHANCE Deals | Danmark","url":"https:\/\/last-chance.dk\/","logo":{"@type":"ImageObject","inLanguage":"da-DK","@id":"https:\/\/last-chance.dk\/#\/schema\/logo\/image\/","url":"https:\/\/last-chance.dk\/wp-content\/uploads\/2023\/10\/lastchancedeals_logo_dk_white.png","contentUrl":"https:\/\/last-chance.dk\/wp-content\/uploads\/2023\/10\/lastchancedeals_logo_dk_white.png","width":470,"height":110,"caption":"LASTCHANCE Deals | Danmark"},"image":{"@id":"https:\/\/last-chance.dk\/#\/schema\/logo\/image\/"}}]}},"_links":{"self":[{"href":"https:\/\/last-chance.dk\/index.php?rest_route=\/wp\/v2\/product\/15783","targetHints":{"allow":["GET"]}}],"collection":[{"href":"https:\/\/last-chance.dk\/index.php?rest_route=\/wp\/v2\/product"}],"about":[{"href":"https:\/\/last-chance.dk\/index.php?rest_route=\/wp\/v2\/types\/product"}],"replies":[{"embeddable":true,"href":"https:\/\/last-chance.dk\/index.php?rest_route=%2Fwp%2Fv2%2Fcomments&post=15783"}],"wp:featuredmedia":[{"embeddable":true,"href":"https:\/\/last-chance.dk\/index.php?rest_route=\/wp\/v2\/media\/15779"}],"wp:attachment":[{"href":"https:\/\/last-chance.dk\/index.php?rest_route=%2Fwp%2Fv2%2Fmedia&parent=15783"}],"wp:term":[{"taxonomy":"product_brand","embeddable":true,"href":"https:\/\/last-chance.dk\/index.php?rest_route=%2Fwp%2Fv2%2Fproduct_brand&post=15783"},{"taxonomy":"product_cat","embeddable":true,"href":"https:\/\/last-chance.dk\/index.php?rest_route=%2Fwp%2Fv2%2Fproduct_cat&post=15783"},{"taxonomy":"product_tag","embeddable":true,"href":"https:\/\/last-chance.dk\/index.php?rest_route=%2Fwp%2Fv2%2Fproduct_tag&post=15783"}],"curies":[{"name":"wp","href":"https:\/\/api.w.org\/{rel}","templated":true}]}}