{"id":15791,"date":"2024-08-02T21:16:21","date_gmt":"2024-08-02T21:16:21","guid":{"rendered":"https:\/\/www.lastchance.deals\/dk\/produkt\/sofabord-lance-110x55cm\/"},"modified":"2025-09-19T18:35:31","modified_gmt":"2025-09-19T18:35:31","slug":"sofabord-lance-110x55cm","status":"publish","type":"product","link":"https:\/\/last-chance.dk\/?product=sofabord-lance-110x55cm","title":{"rendered":"Sofabord Lance 110x55cm"},"content":{"rendered":"<p>Leder du efter et moderne og elegant sofabord til din stue? S\u00e5 er sofabordet Lance det perfekte valg for dig. Dette sofabord har et simpelt og stilrent design, der passer til enhver indretning. Bordpladen er lavet af glas, der giver et let og luftigt udtryk, mens benene er lavet af metal, der sikrer stabilitet og holdbarhed. Bordet har en rektangul\u00e6r form og m\u00e5ler 110x55cm, hvilket giver dig god plads til at placere dine drikkevarer, snacks, b\u00f8ger eller pyntegenstande. Sofabordet Lance er nemt at samle og leveres med en 12 m\u00e5neders garanti fra fabrikanten ForrestDecor.<\/p>\n<p><\/p>\n<p>Bestil dit sofabord Lance i dag og nyd det smukke og funktionelle m\u00f8bel i din stue.<\/p>\n<p><\/p>\n<p>Leveringstid: Leveringstid 1 uge<br \/>\nStil: moderne<br \/>\nMateriale: glas,metal<br \/>\nFarve: ikke angivet<br \/>\nUdvendige dimensioner:  110x55cm<br \/>\nMontage: skal samles<br \/>\nGaranti: 12 m\u00e5neder<br \/>\nFabrikant: ForrestDecor<\/p>\n","protected":false},"excerpt":{"rendered":"<p>Leder du efter et moderne og elegant sofabord til din stue? S\u00e5 er sofabordet Lance det perfekte valg for dig. Dette sofabord har et simpelt og stilrent design, der passer til enhver indretning. Bordpladen er lavet af glas, der giver et let og luftigt udtryk, mens benene er lavet af metal, der sikrer stabilitet og [&hellip;]<\/p>\n","protected":false},"featured_media":15790,"comment_status":"open","ping_status":"closed","template":"","meta":[],"product_brand":[],"product_cat":[131],"product_tag":[],"class_list":{"0":"post-15791","1":"product","2":"type-product","3":"status-publish","4":"has-post-thumbnail","6":"product_cat-coffee-tables","8":"first","9":"instock","10":"shipping-taxable","11":"purchasable","12":"product-type-simple"},"yoast_head":"<!-- This site is optimized with the Yoast SEO plugin v24.8.1 - https:\/\/yoast.com\/wordpress\/plugins\/seo\/ -->\n<title>Sofabord Lance 110x55cm - LASTCHANCE Deals | Danmark<\/title>\n<meta name=\"robots\" content=\"index, follow, max-snippet:-1, max-image-preview:large, max-video-preview:-1\" \/>\n<link rel=\"canonical\" href=\"https:\/\/last-chance.dk\/?product=sofabord-lance-110x55cm\" \/>\n<meta property=\"og:locale\" content=\"da_DK\" \/>\n<meta property=\"og:type\" content=\"article\" \/>\n<meta property=\"og:title\" content=\"Sofabord Lance 110x55cm - LASTCHANCE Deals | Danmark\" \/>\n<meta property=\"og:description\" content=\"Leder du efter et moderne og elegant sofabord til din stue? S\u00e5 er sofabordet Lance det perfekte valg for dig. Dette sofabord har et simpelt og stilrent design, der passer til enhver indretning. Bordpladen er lavet af glas, der giver et let og luftigt udtryk, mens benene er lavet af metal, der sikrer stabilitet og [&hellip;]\" \/>\n<meta property=\"og:url\" content=\"https:\/\/last-chance.dk\/?product=sofabord-lance-110x55cm\" \/>\n<meta property=\"og:site_name\" content=\"LASTCHANCE Deals | Danmark\" \/>\n<meta property=\"article:modified_time\" content=\"2025-09-19T18:35:31+00:00\" \/>\n<meta property=\"og:image\" content=\"https:\/\/last-chance.dk\/wp-content\/uploads\/2024\/08\/a26.jpeg\" \/>\n\t<meta property=\"og:image:width\" content=\"750\" \/>\n\t<meta property=\"og:image:height\" content=\"536\" \/>\n\t<meta property=\"og:image:type\" content=\"image\/jpeg\" \/>\n<meta name=\"twitter:card\" content=\"summary_large_image\" \/>\n<meta name=\"twitter:label1\" content=\"Estimeret l\u00e6setid\" \/>\n\t<meta name=\"twitter:data1\" content=\"1 minut\" \/>\n<script type=\"application\/ld+json\" class=\"yoast-schema-graph\">{\"@context\":\"https:\/\/schema.org\",\"@graph\":[{\"@type\":\"WebPage\",\"@id\":\"https:\/\/last-chance.dk\/?product=sofabord-lance-110x55cm\",\"url\":\"https:\/\/last-chance.dk\/?product=sofabord-lance-110x55cm\",\"name\":\"Sofabord Lance 110x55cm - LASTCHANCE Deals | Danmark\",\"isPartOf\":{\"@id\":\"https:\/\/last-chance.dk\/#website\"},\"primaryImageOfPage\":{\"@id\":\"https:\/\/last-chance.dk\/?product=sofabord-lance-110x55cm#primaryimage\"},\"image\":{\"@id\":\"https:\/\/last-chance.dk\/?product=sofabord-lance-110x55cm#primaryimage\"},\"thumbnailUrl\":\"https:\/\/last-chance.dk\/wp-content\/uploads\/2024\/08\/a26.jpeg\",\"datePublished\":\"2024-08-02T21:16:21+00:00\",\"dateModified\":\"2025-09-19T18:35:31+00:00\",\"breadcrumb\":{\"@id\":\"https:\/\/last-chance.dk\/?product=sofabord-lance-110x55cm#breadcrumb\"},\"inLanguage\":\"da-DK\",\"potentialAction\":[{\"@type\":\"ReadAction\",\"target\":[\"https:\/\/last-chance.dk\/?product=sofabord-lance-110x55cm\"]}]},{\"@type\":\"ImageObject\",\"inLanguage\":\"da-DK\",\"@id\":\"https:\/\/last-chance.dk\/?product=sofabord-lance-110x55cm#primaryimage\",\"url\":\"https:\/\/last-chance.dk\/wp-content\/uploads\/2024\/08\/a26.jpeg\",\"contentUrl\":\"https:\/\/last-chance.dk\/wp-content\/uploads\/2024\/08\/a26.jpeg\",\"width\":750,\"height\":536},{\"@type\":\"BreadcrumbList\",\"@id\":\"https:\/\/last-chance.dk\/?product=sofabord-lance-110x55cm#breadcrumb\",\"itemListElement\":[{\"@type\":\"ListItem\",\"position\":1,\"name\":\"Home\",\"item\":\"https:\/\/last-chance.dk\/\"},{\"@type\":\"ListItem\",\"position\":2,\"name\":\"Sofabord Lance 110x55cm\"}]},{\"@type\":\"WebSite\",\"@id\":\"https:\/\/last-chance.dk\/#website\",\"url\":\"https:\/\/last-chance.dk\/\",\"name\":\"LASTCHANCE Deals | Danmark\",\"description\":\"LASTCHANCE Deals | Danmark\",\"publisher\":{\"@id\":\"https:\/\/last-chance.dk\/#organization\"},\"potentialAction\":[{\"@type\":\"SearchAction\",\"target\":{\"@type\":\"EntryPoint\",\"urlTemplate\":\"https:\/\/last-chance.dk\/?s={search_term_string}\"},\"query-input\":{\"@type\":\"PropertyValueSpecification\",\"valueRequired\":true,\"valueName\":\"search_term_string\"}}],\"inLanguage\":\"da-DK\"},{\"@type\":\"Organization\",\"@id\":\"https:\/\/last-chance.dk\/#organization\",\"name\":\"LASTCHANCE Deals | Danmark\",\"url\":\"https:\/\/last-chance.dk\/\",\"logo\":{\"@type\":\"ImageObject\",\"inLanguage\":\"da-DK\",\"@id\":\"https:\/\/last-chance.dk\/#\/schema\/logo\/image\/\",\"url\":\"https:\/\/last-chance.dk\/wp-content\/uploads\/2023\/10\/lastchancedeals_logo_dk_white.png\",\"contentUrl\":\"https:\/\/last-chance.dk\/wp-content\/uploads\/2023\/10\/lastchancedeals_logo_dk_white.png\",\"width\":470,\"height\":110,\"caption\":\"LASTCHANCE Deals | Danmark\"},\"image\":{\"@id\":\"https:\/\/last-chance.dk\/#\/schema\/logo\/image\/\"}}]}<\/script>\n<!-- \/ Yoast SEO plugin. -->","yoast_head_json":{"title":"Sofabord Lance 110x55cm - LASTCHANCE Deals | Danmark","robots":{"index":"index","follow":"follow","max-snippet":"max-snippet:-1","max-image-preview":"max-image-preview:large","max-video-preview":"max-video-preview:-1"},"canonical":"https:\/\/last-chance.dk\/?product=sofabord-lance-110x55cm","og_locale":"da_DK","og_type":"article","og_title":"Sofabord Lance 110x55cm - LASTCHANCE Deals | Danmark","og_description":"Leder du efter et moderne og elegant sofabord til din stue? S\u00e5 er sofabordet Lance det perfekte valg for dig. Dette sofabord har et simpelt og stilrent design, der passer til enhver indretning. Bordpladen er lavet af glas, der giver et let og luftigt udtryk, mens benene er lavet af metal, der sikrer stabilitet og [&hellip;]","og_url":"https:\/\/last-chance.dk\/?product=sofabord-lance-110x55cm","og_site_name":"LASTCHANCE Deals | Danmark","article_modified_time":"2025-09-19T18:35:31+00:00","og_image":[{"width":750,"height":536,"url":"https:\/\/last-chance.dk\/wp-content\/uploads\/2024\/08\/a26.jpeg","type":"image\/jpeg"}],"twitter_card":"summary_large_image","twitter_misc":{"Estimeret l\u00e6setid":"1 minut"},"schema":{"@context":"https:\/\/schema.org","@graph":[{"@type":"WebPage","@id":"https:\/\/last-chance.dk\/?product=sofabord-lance-110x55cm","url":"https:\/\/last-chance.dk\/?product=sofabord-lance-110x55cm","name":"Sofabord Lance 110x55cm - LASTCHANCE Deals | Danmark","isPartOf":{"@id":"https:\/\/last-chance.dk\/#website"},"primaryImageOfPage":{"@id":"https:\/\/last-chance.dk\/?product=sofabord-lance-110x55cm#primaryimage"},"image":{"@id":"https:\/\/last-chance.dk\/?product=sofabord-lance-110x55cm#primaryimage"},"thumbnailUrl":"https:\/\/last-chance.dk\/wp-content\/uploads\/2024\/08\/a26.jpeg","datePublished":"2024-08-02T21:16:21+00:00","dateModified":"2025-09-19T18:35:31+00:00","breadcrumb":{"@id":"https:\/\/last-chance.dk\/?product=sofabord-lance-110x55cm#breadcrumb"},"inLanguage":"da-DK","potentialAction":[{"@type":"ReadAction","target":["https:\/\/last-chance.dk\/?product=sofabord-lance-110x55cm"]}]},{"@type":"ImageObject","inLanguage":"da-DK","@id":"https:\/\/last-chance.dk\/?product=sofabord-lance-110x55cm#primaryimage","url":"https:\/\/last-chance.dk\/wp-content\/uploads\/2024\/08\/a26.jpeg","contentUrl":"https:\/\/last-chance.dk\/wp-content\/uploads\/2024\/08\/a26.jpeg","width":750,"height":536},{"@type":"BreadcrumbList","@id":"https:\/\/last-chance.dk\/?product=sofabord-lance-110x55cm#breadcrumb","itemListElement":[{"@type":"ListItem","position":1,"name":"Home","item":"https:\/\/last-chance.dk\/"},{"@type":"ListItem","position":2,"name":"Sofabord Lance 110x55cm"}]},{"@type":"WebSite","@id":"https:\/\/last-chance.dk\/#website","url":"https:\/\/last-chance.dk\/","name":"LASTCHANCE Deals | Danmark","description":"LASTCHANCE Deals | Danmark","publisher":{"@id":"https:\/\/last-chance.dk\/#organization"},"potentialAction":[{"@type":"SearchAction","target":{"@type":"EntryPoint","urlTemplate":"https:\/\/last-chance.dk\/?s={search_term_string}"},"query-input":{"@type":"PropertyValueSpecification","valueRequired":true,"valueName":"search_term_string"}}],"inLanguage":"da-DK"},{"@type":"Organization","@id":"https:\/\/last-chance.dk\/#organization","name":"LASTCHANCE Deals | Danmark","url":"https:\/\/last-chance.dk\/","logo":{"@type":"ImageObject","inLanguage":"da-DK","@id":"https:\/\/last-chance.dk\/#\/schema\/logo\/image\/","url":"https:\/\/last-chance.dk\/wp-content\/uploads\/2023\/10\/lastchancedeals_logo_dk_white.png","contentUrl":"https:\/\/last-chance.dk\/wp-content\/uploads\/2023\/10\/lastchancedeals_logo_dk_white.png","width":470,"height":110,"caption":"LASTCHANCE Deals | Danmark"},"image":{"@id":"https:\/\/last-chance.dk\/#\/schema\/logo\/image\/"}}]}},"_links":{"self":[{"href":"https:\/\/last-chance.dk\/index.php?rest_route=\/wp\/v2\/product\/15791","targetHints":{"allow":["GET"]}}],"collection":[{"href":"https:\/\/last-chance.dk\/index.php?rest_route=\/wp\/v2\/product"}],"about":[{"href":"https:\/\/last-chance.dk\/index.php?rest_route=\/wp\/v2\/types\/product"}],"replies":[{"embeddable":true,"href":"https:\/\/last-chance.dk\/index.php?rest_route=%2Fwp%2Fv2%2Fcomments&post=15791"}],"wp:featuredmedia":[{"embeddable":true,"href":"https:\/\/last-chance.dk\/index.php?rest_route=\/wp\/v2\/media\/15790"}],"wp:attachment":[{"href":"https:\/\/last-chance.dk\/index.php?rest_route=%2Fwp%2Fv2%2Fmedia&parent=15791"}],"wp:term":[{"taxonomy":"product_brand","embeddable":true,"href":"https:\/\/last-chance.dk\/index.php?rest_route=%2Fwp%2Fv2%2Fproduct_brand&post=15791"},{"taxonomy":"product_cat","embeddable":true,"href":"https:\/\/last-chance.dk\/index.php?rest_route=%2Fwp%2Fv2%2Fproduct_cat&post=15791"},{"taxonomy":"product_tag","embeddable":true,"href":"https:\/\/last-chance.dk\/index.php?rest_route=%2Fwp%2Fv2%2Fproduct_tag&post=15791"}],"curies":[{"name":"wp","href":"https:\/\/api.w.org\/{rel}","templated":true}]}}