{"id":15794,"date":"2024-08-02T21:16:51","date_gmt":"2024-08-02T21:16:51","guid":{"rendered":"https:\/\/www.lastchance.deals\/dk\/produkt\/stol-sophia-hvid\/"},"modified":"2025-09-19T18:41:00","modified_gmt":"2025-09-19T18:41:00","slug":"stol-sophia-hvid","status":"publish","type":"product","link":"https:\/\/last-chance.dk\/?product=stol-sophia-hvid","title":{"rendered":"Stol Sophia hvid"},"content":{"rendered":"<p>Stol Sophia er en klassisk og elegant stol, der passer til enhver indretning. Den er lavet af stof og tr\u00e6, og har en solid og holdbar ramme af tr\u00e6 og mdf. Stolen har en behagelig affjedring af zigzag metal, der giver en god siddekomfort. Stolen har en smuk hvid farve, der lyser op i rummet. Stolen har et enkelt og tidl\u00f8st design, der kan kombineres med forskellige borde og tilbeh\u00f8r. Stolen leveres samlet, s\u00e5 du kan nyde den med det samme. Stolen har en 24 m\u00e5neders rammegaranti, s\u00e5 du kan v\u00e6re sikker p\u00e5 kvaliteten. Stolen er lavet af ForrestDecor, en fabrikant med mange \u00e5rs erfaring i m\u00f8belbranchen.<\/p>\n<p><\/p>\n<p>Leveringstid: Leveringstid 1 uge<br \/>\nStil: klassisk<br \/>\nMateriale: stof,tr\u00e6<br \/>\nRammemateriale: solidt tr\u00e6,mdf<br \/>\nAffjedring: zigzag, metal<br \/>\nFarve: hvid<br \/>\nUdvendige dimensioner: 40x30x46cm<br \/>\nMontage: leveres samlet<br \/>\nGaranti: 24 m\u00e5neders rammegaranti<br \/>\nFabrikant: ForrestDecor<\/p>\n","protected":false},"excerpt":{"rendered":"<p>Stol Sophia er en klassisk og elegant stol, der passer til enhver indretning. Den er lavet af stof og tr\u00e6, og har en solid og holdbar ramme af tr\u00e6 og mdf. Stolen har en behagelig affjedring af zigzag metal, der giver en god siddekomfort. Stolen har en smuk hvid farve, der lyser op i rummet. [&hellip;]<\/p>\n","protected":false},"featured_media":15792,"comment_status":"open","ping_status":"closed","template":"","meta":[],"product_brand":[],"product_cat":[136],"product_tag":[],"class_list":{"0":"post-15794","1":"product","2":"type-product","3":"status-publish","4":"has-post-thumbnail","6":"product_cat-chairs","8":"first","9":"instock","10":"shipping-taxable","11":"purchasable","12":"product-type-simple"},"yoast_head":"<!-- This site is optimized with the Yoast SEO plugin v24.8.1 - https:\/\/yoast.com\/wordpress\/plugins\/seo\/ -->\n<title>Stol Sophia hvid - LASTCHANCE Deals | Danmark<\/title>\n<meta name=\"robots\" content=\"index, follow, max-snippet:-1, max-image-preview:large, max-video-preview:-1\" \/>\n<link rel=\"canonical\" href=\"https:\/\/last-chance.dk\/?product=stol-sophia-hvid\" \/>\n<meta property=\"og:locale\" content=\"da_DK\" \/>\n<meta property=\"og:type\" content=\"article\" \/>\n<meta property=\"og:title\" content=\"Stol Sophia hvid - LASTCHANCE Deals | Danmark\" \/>\n<meta property=\"og:description\" content=\"Stol Sophia er en klassisk og elegant stol, der passer til enhver indretning. Den er lavet af stof og tr\u00e6, og har en solid og holdbar ramme af tr\u00e6 og mdf. Stolen har en behagelig affjedring af zigzag metal, der giver en god siddekomfort. Stolen har en smuk hvid farve, der lyser op i rummet. [&hellip;]\" \/>\n<meta property=\"og:url\" content=\"https:\/\/last-chance.dk\/?product=stol-sophia-hvid\" \/>\n<meta property=\"og:site_name\" content=\"LASTCHANCE Deals | Danmark\" \/>\n<meta property=\"article:modified_time\" content=\"2025-09-19T18:41:00+00:00\" \/>\n<meta property=\"og:image\" content=\"https:\/\/last-chance.dk\/wp-content\/uploads\/2024\/08\/sophia1.jpg\" \/>\n\t<meta property=\"og:image:width\" content=\"650\" \/>\n\t<meta property=\"og:image:height\" content=\"650\" \/>\n\t<meta property=\"og:image:type\" content=\"image\/jpeg\" \/>\n<meta name=\"twitter:card\" content=\"summary_large_image\" \/>\n<meta name=\"twitter:label1\" content=\"Estimeret l\u00e6setid\" \/>\n\t<meta name=\"twitter:data1\" content=\"1 minut\" \/>\n<script type=\"application\/ld+json\" class=\"yoast-schema-graph\">{\"@context\":\"https:\/\/schema.org\",\"@graph\":[{\"@type\":\"WebPage\",\"@id\":\"https:\/\/last-chance.dk\/?product=stol-sophia-hvid\",\"url\":\"https:\/\/last-chance.dk\/?product=stol-sophia-hvid\",\"name\":\"Stol Sophia hvid - LASTCHANCE Deals | Danmark\",\"isPartOf\":{\"@id\":\"https:\/\/last-chance.dk\/#website\"},\"primaryImageOfPage\":{\"@id\":\"https:\/\/last-chance.dk\/?product=stol-sophia-hvid#primaryimage\"},\"image\":{\"@id\":\"https:\/\/last-chance.dk\/?product=stol-sophia-hvid#primaryimage\"},\"thumbnailUrl\":\"https:\/\/last-chance.dk\/wp-content\/uploads\/2024\/08\/sophia1.jpg\",\"datePublished\":\"2024-08-02T21:16:51+00:00\",\"dateModified\":\"2025-09-19T18:41:00+00:00\",\"breadcrumb\":{\"@id\":\"https:\/\/last-chance.dk\/?product=stol-sophia-hvid#breadcrumb\"},\"inLanguage\":\"da-DK\",\"potentialAction\":[{\"@type\":\"ReadAction\",\"target\":[\"https:\/\/last-chance.dk\/?product=stol-sophia-hvid\"]}]},{\"@type\":\"ImageObject\",\"inLanguage\":\"da-DK\",\"@id\":\"https:\/\/last-chance.dk\/?product=stol-sophia-hvid#primaryimage\",\"url\":\"https:\/\/last-chance.dk\/wp-content\/uploads\/2024\/08\/sophia1.jpg\",\"contentUrl\":\"https:\/\/last-chance.dk\/wp-content\/uploads\/2024\/08\/sophia1.jpg\",\"width\":650,\"height\":650},{\"@type\":\"BreadcrumbList\",\"@id\":\"https:\/\/last-chance.dk\/?product=stol-sophia-hvid#breadcrumb\",\"itemListElement\":[{\"@type\":\"ListItem\",\"position\":1,\"name\":\"Home\",\"item\":\"https:\/\/last-chance.dk\/\"},{\"@type\":\"ListItem\",\"position\":2,\"name\":\"Stol Sophia hvid\"}]},{\"@type\":\"WebSite\",\"@id\":\"https:\/\/last-chance.dk\/#website\",\"url\":\"https:\/\/last-chance.dk\/\",\"name\":\"LASTCHANCE Deals | Danmark\",\"description\":\"LASTCHANCE Deals | Danmark\",\"publisher\":{\"@id\":\"https:\/\/last-chance.dk\/#organization\"},\"potentialAction\":[{\"@type\":\"SearchAction\",\"target\":{\"@type\":\"EntryPoint\",\"urlTemplate\":\"https:\/\/last-chance.dk\/?s={search_term_string}\"},\"query-input\":{\"@type\":\"PropertyValueSpecification\",\"valueRequired\":true,\"valueName\":\"search_term_string\"}}],\"inLanguage\":\"da-DK\"},{\"@type\":\"Organization\",\"@id\":\"https:\/\/last-chance.dk\/#organization\",\"name\":\"LASTCHANCE Deals | Danmark\",\"url\":\"https:\/\/last-chance.dk\/\",\"logo\":{\"@type\":\"ImageObject\",\"inLanguage\":\"da-DK\",\"@id\":\"https:\/\/last-chance.dk\/#\/schema\/logo\/image\/\",\"url\":\"https:\/\/last-chance.dk\/wp-content\/uploads\/2023\/10\/lastchancedeals_logo_dk_white.png\",\"contentUrl\":\"https:\/\/last-chance.dk\/wp-content\/uploads\/2023\/10\/lastchancedeals_logo_dk_white.png\",\"width\":470,\"height\":110,\"caption\":\"LASTCHANCE Deals | Danmark\"},\"image\":{\"@id\":\"https:\/\/last-chance.dk\/#\/schema\/logo\/image\/\"}}]}<\/script>\n<!-- \/ Yoast SEO plugin. -->","yoast_head_json":{"title":"Stol Sophia hvid - LASTCHANCE Deals | Danmark","robots":{"index":"index","follow":"follow","max-snippet":"max-snippet:-1","max-image-preview":"max-image-preview:large","max-video-preview":"max-video-preview:-1"},"canonical":"https:\/\/last-chance.dk\/?product=stol-sophia-hvid","og_locale":"da_DK","og_type":"article","og_title":"Stol Sophia hvid - LASTCHANCE Deals | Danmark","og_description":"Stol Sophia er en klassisk og elegant stol, der passer til enhver indretning. Den er lavet af stof og tr\u00e6, og har en solid og holdbar ramme af tr\u00e6 og mdf. Stolen har en behagelig affjedring af zigzag metal, der giver en god siddekomfort. Stolen har en smuk hvid farve, der lyser op i rummet. [&hellip;]","og_url":"https:\/\/last-chance.dk\/?product=stol-sophia-hvid","og_site_name":"LASTCHANCE Deals | Danmark","article_modified_time":"2025-09-19T18:41:00+00:00","og_image":[{"width":650,"height":650,"url":"https:\/\/last-chance.dk\/wp-content\/uploads\/2024\/08\/sophia1.jpg","type":"image\/jpeg"}],"twitter_card":"summary_large_image","twitter_misc":{"Estimeret l\u00e6setid":"1 minut"},"schema":{"@context":"https:\/\/schema.org","@graph":[{"@type":"WebPage","@id":"https:\/\/last-chance.dk\/?product=stol-sophia-hvid","url":"https:\/\/last-chance.dk\/?product=stol-sophia-hvid","name":"Stol Sophia hvid - LASTCHANCE Deals | Danmark","isPartOf":{"@id":"https:\/\/last-chance.dk\/#website"},"primaryImageOfPage":{"@id":"https:\/\/last-chance.dk\/?product=stol-sophia-hvid#primaryimage"},"image":{"@id":"https:\/\/last-chance.dk\/?product=stol-sophia-hvid#primaryimage"},"thumbnailUrl":"https:\/\/last-chance.dk\/wp-content\/uploads\/2024\/08\/sophia1.jpg","datePublished":"2024-08-02T21:16:51+00:00","dateModified":"2025-09-19T18:41:00+00:00","breadcrumb":{"@id":"https:\/\/last-chance.dk\/?product=stol-sophia-hvid#breadcrumb"},"inLanguage":"da-DK","potentialAction":[{"@type":"ReadAction","target":["https:\/\/last-chance.dk\/?product=stol-sophia-hvid"]}]},{"@type":"ImageObject","inLanguage":"da-DK","@id":"https:\/\/last-chance.dk\/?product=stol-sophia-hvid#primaryimage","url":"https:\/\/last-chance.dk\/wp-content\/uploads\/2024\/08\/sophia1.jpg","contentUrl":"https:\/\/last-chance.dk\/wp-content\/uploads\/2024\/08\/sophia1.jpg","width":650,"height":650},{"@type":"BreadcrumbList","@id":"https:\/\/last-chance.dk\/?product=stol-sophia-hvid#breadcrumb","itemListElement":[{"@type":"ListItem","position":1,"name":"Home","item":"https:\/\/last-chance.dk\/"},{"@type":"ListItem","position":2,"name":"Stol Sophia hvid"}]},{"@type":"WebSite","@id":"https:\/\/last-chance.dk\/#website","url":"https:\/\/last-chance.dk\/","name":"LASTCHANCE Deals | Danmark","description":"LASTCHANCE Deals | Danmark","publisher":{"@id":"https:\/\/last-chance.dk\/#organization"},"potentialAction":[{"@type":"SearchAction","target":{"@type":"EntryPoint","urlTemplate":"https:\/\/last-chance.dk\/?s={search_term_string}"},"query-input":{"@type":"PropertyValueSpecification","valueRequired":true,"valueName":"search_term_string"}}],"inLanguage":"da-DK"},{"@type":"Organization","@id":"https:\/\/last-chance.dk\/#organization","name":"LASTCHANCE Deals | Danmark","url":"https:\/\/last-chance.dk\/","logo":{"@type":"ImageObject","inLanguage":"da-DK","@id":"https:\/\/last-chance.dk\/#\/schema\/logo\/image\/","url":"https:\/\/last-chance.dk\/wp-content\/uploads\/2023\/10\/lastchancedeals_logo_dk_white.png","contentUrl":"https:\/\/last-chance.dk\/wp-content\/uploads\/2023\/10\/lastchancedeals_logo_dk_white.png","width":470,"height":110,"caption":"LASTCHANCE Deals | Danmark"},"image":{"@id":"https:\/\/last-chance.dk\/#\/schema\/logo\/image\/"}}]}},"_links":{"self":[{"href":"https:\/\/last-chance.dk\/index.php?rest_route=\/wp\/v2\/product\/15794","targetHints":{"allow":["GET"]}}],"collection":[{"href":"https:\/\/last-chance.dk\/index.php?rest_route=\/wp\/v2\/product"}],"about":[{"href":"https:\/\/last-chance.dk\/index.php?rest_route=\/wp\/v2\/types\/product"}],"replies":[{"embeddable":true,"href":"https:\/\/last-chance.dk\/index.php?rest_route=%2Fwp%2Fv2%2Fcomments&post=15794"}],"wp:featuredmedia":[{"embeddable":true,"href":"https:\/\/last-chance.dk\/index.php?rest_route=\/wp\/v2\/media\/15792"}],"wp:attachment":[{"href":"https:\/\/last-chance.dk\/index.php?rest_route=%2Fwp%2Fv2%2Fmedia&parent=15794"}],"wp:term":[{"taxonomy":"product_brand","embeddable":true,"href":"https:\/\/last-chance.dk\/index.php?rest_route=%2Fwp%2Fv2%2Fproduct_brand&post=15794"},{"taxonomy":"product_cat","embeddable":true,"href":"https:\/\/last-chance.dk\/index.php?rest_route=%2Fwp%2Fv2%2Fproduct_cat&post=15794"},{"taxonomy":"product_tag","embeddable":true,"href":"https:\/\/last-chance.dk\/index.php?rest_route=%2Fwp%2Fv2%2Fproduct_tag&post=15794"}],"curies":[{"name":"wp","href":"https:\/\/api.w.org\/{rel}","templated":true}]}}