{"id":15796,"date":"2024-08-02T21:17:05","date_gmt":"2024-08-02T21:17:05","guid":{"rendered":"https:\/\/www.lastchance.deals\/dk\/produkt\/vaegmaleri-savonlinna-45x153cm\/"},"modified":"2025-10-13T12:11:19","modified_gmt":"2025-10-13T12:11:19","slug":"vaegmaleri-savonlinna-45x153cm","status":"publish","type":"product","link":"https:\/\/last-chance.dk\/?product=vaegmaleri-savonlinna-45x153cm","title":{"rendered":"V\u00e6gmaleri Savonlinna 45x153cm"},"content":{"rendered":"<p>Er du p\u00e5 udkig efter en unik og smuk m\u00e5de at dekorere dine v\u00e6gge p\u00e5? S\u00e5 er v\u00e6gmaleriet Savonlinna fra ForrestDecor det perfekte valg for dig. Dette v\u00e6gmaleri er lavet af stof og har et flot motiv af den finske by Savonlinna, der ligger ved en s\u00f8 omgivet af gr\u00f8nne skove. V\u00e6gmaleriet har en st\u00f8rrelse p\u00e5 45x153cm og passer til enhver indend\u00f8rs v\u00e6g, hvor du vil skabe en hyggelig og stemningsfuld atmosf\u00e6re. V\u00e6gmaleriet leveres samlet og er nemt at h\u00e6nge op med de medf\u00f8lgende beslag. Bestil dit v\u00e6gmaleri Savonlinna i dag og gl\u00e6d dig til at nyde det hver dag i dit hjem.<\/p>\n<p><\/p>\n<p>Leveringstid: Leveringstid 1 uge<br \/>\nMateriale: stof<br \/>\nFarve: ikke angivet<br \/>\nDimensioner: 45x153cm<br \/>\nBeregnet til: Indend\u00f8rs brug<br \/>\nBel\u00f8b: 1<br \/>\nMontage: leveres samlet<br \/>\nFabrikant: ForrestDecor<\/p>\n","protected":false},"excerpt":{"rendered":"<p>Er du p\u00e5 udkig efter en unik og smuk m\u00e5de at dekorere dine v\u00e6gge p\u00e5? S\u00e5 er v\u00e6gmaleriet Savonlinna fra ForrestDecor det perfekte valg for dig. Dette v\u00e6gmaleri er lavet af stof og har et flot motiv af den finske by Savonlinna, der ligger ved en s\u00f8 omgivet af gr\u00f8nne skove. V\u00e6gmaleriet har en st\u00f8rrelse [&hellip;]<\/p>\n","protected":false},"featured_media":15795,"comment_status":"open","ping_status":"closed","template":"","meta":[],"product_brand":[],"product_cat":[200],"product_tag":[],"class_list":{"0":"post-15796","1":"product","2":"type-product","3":"status-publish","4":"has-post-thumbnail","6":"product_cat-wall-decor","8":"first","9":"instock","10":"shipping-taxable","11":"purchasable","12":"product-type-simple"},"yoast_head":"<!-- This site is optimized with the Yoast SEO plugin v24.8.1 - https:\/\/yoast.com\/wordpress\/plugins\/seo\/ -->\n<title>V\u00e6gmaleri Savonlinna 45x153cm - LASTCHANCE Deals | Danmark<\/title>\n<meta name=\"robots\" content=\"index, follow, max-snippet:-1, max-image-preview:large, max-video-preview:-1\" \/>\n<link rel=\"canonical\" href=\"https:\/\/last-chance.dk\/?product=vaegmaleri-savonlinna-45x153cm\" \/>\n<meta property=\"og:locale\" content=\"da_DK\" \/>\n<meta property=\"og:type\" content=\"article\" \/>\n<meta property=\"og:title\" content=\"V\u00e6gmaleri Savonlinna 45x153cm - LASTCHANCE Deals | Danmark\" \/>\n<meta property=\"og:description\" content=\"Er du p\u00e5 udkig efter en unik og smuk m\u00e5de at dekorere dine v\u00e6gge p\u00e5? S\u00e5 er v\u00e6gmaleriet Savonlinna fra ForrestDecor det perfekte valg for dig. Dette v\u00e6gmaleri er lavet af stof og har et flot motiv af den finske by Savonlinna, der ligger ved en s\u00f8 omgivet af gr\u00f8nne skove. V\u00e6gmaleriet har en st\u00f8rrelse [&hellip;]\" \/>\n<meta property=\"og:url\" content=\"https:\/\/last-chance.dk\/?product=vaegmaleri-savonlinna-45x153cm\" \/>\n<meta property=\"og:site_name\" content=\"LASTCHANCE Deals | Danmark\" \/>\n<meta property=\"article:modified_time\" content=\"2025-10-13T12:11:19+00:00\" \/>\n<meta property=\"og:image\" content=\"https:\/\/last-chance.dk\/wp-content\/uploads\/2024\/08\/savonlinna.jpg\" \/>\n\t<meta property=\"og:image:width\" content=\"800\" \/>\n\t<meta property=\"og:image:height\" content=\"800\" \/>\n\t<meta property=\"og:image:type\" content=\"image\/jpeg\" \/>\n<meta name=\"twitter:card\" content=\"summary_large_image\" \/>\n<meta name=\"twitter:label1\" content=\"Estimeret l\u00e6setid\" \/>\n\t<meta name=\"twitter:data1\" content=\"1 minut\" \/>\n<script type=\"application\/ld+json\" class=\"yoast-schema-graph\">{\"@context\":\"https:\/\/schema.org\",\"@graph\":[{\"@type\":\"WebPage\",\"@id\":\"https:\/\/last-chance.dk\/?product=vaegmaleri-savonlinna-45x153cm\",\"url\":\"https:\/\/last-chance.dk\/?product=vaegmaleri-savonlinna-45x153cm\",\"name\":\"V\u00e6gmaleri Savonlinna 45x153cm - LASTCHANCE Deals | Danmark\",\"isPartOf\":{\"@id\":\"https:\/\/last-chance.dk\/#website\"},\"primaryImageOfPage\":{\"@id\":\"https:\/\/last-chance.dk\/?product=vaegmaleri-savonlinna-45x153cm#primaryimage\"},\"image\":{\"@id\":\"https:\/\/last-chance.dk\/?product=vaegmaleri-savonlinna-45x153cm#primaryimage\"},\"thumbnailUrl\":\"https:\/\/last-chance.dk\/wp-content\/uploads\/2024\/08\/savonlinna.jpg\",\"datePublished\":\"2024-08-02T21:17:05+00:00\",\"dateModified\":\"2025-10-13T12:11:19+00:00\",\"breadcrumb\":{\"@id\":\"https:\/\/last-chance.dk\/?product=vaegmaleri-savonlinna-45x153cm#breadcrumb\"},\"inLanguage\":\"da-DK\",\"potentialAction\":[{\"@type\":\"ReadAction\",\"target\":[\"https:\/\/last-chance.dk\/?product=vaegmaleri-savonlinna-45x153cm\"]}]},{\"@type\":\"ImageObject\",\"inLanguage\":\"da-DK\",\"@id\":\"https:\/\/last-chance.dk\/?product=vaegmaleri-savonlinna-45x153cm#primaryimage\",\"url\":\"https:\/\/last-chance.dk\/wp-content\/uploads\/2024\/08\/savonlinna.jpg\",\"contentUrl\":\"https:\/\/last-chance.dk\/wp-content\/uploads\/2024\/08\/savonlinna.jpg\",\"width\":800,\"height\":800},{\"@type\":\"BreadcrumbList\",\"@id\":\"https:\/\/last-chance.dk\/?product=vaegmaleri-savonlinna-45x153cm#breadcrumb\",\"itemListElement\":[{\"@type\":\"ListItem\",\"position\":1,\"name\":\"Home\",\"item\":\"https:\/\/last-chance.dk\/\"},{\"@type\":\"ListItem\",\"position\":2,\"name\":\"V\u00e6gmaleri Savonlinna 45x153cm\"}]},{\"@type\":\"WebSite\",\"@id\":\"https:\/\/last-chance.dk\/#website\",\"url\":\"https:\/\/last-chance.dk\/\",\"name\":\"LASTCHANCE Deals | Danmark\",\"description\":\"LASTCHANCE Deals | Danmark\",\"publisher\":{\"@id\":\"https:\/\/last-chance.dk\/#organization\"},\"potentialAction\":[{\"@type\":\"SearchAction\",\"target\":{\"@type\":\"EntryPoint\",\"urlTemplate\":\"https:\/\/last-chance.dk\/?s={search_term_string}\"},\"query-input\":{\"@type\":\"PropertyValueSpecification\",\"valueRequired\":true,\"valueName\":\"search_term_string\"}}],\"inLanguage\":\"da-DK\"},{\"@type\":\"Organization\",\"@id\":\"https:\/\/last-chance.dk\/#organization\",\"name\":\"LASTCHANCE Deals | Danmark\",\"url\":\"https:\/\/last-chance.dk\/\",\"logo\":{\"@type\":\"ImageObject\",\"inLanguage\":\"da-DK\",\"@id\":\"https:\/\/last-chance.dk\/#\/schema\/logo\/image\/\",\"url\":\"https:\/\/last-chance.dk\/wp-content\/uploads\/2023\/10\/lastchancedeals_logo_dk_white.png\",\"contentUrl\":\"https:\/\/last-chance.dk\/wp-content\/uploads\/2023\/10\/lastchancedeals_logo_dk_white.png\",\"width\":470,\"height\":110,\"caption\":\"LASTCHANCE Deals | Danmark\"},\"image\":{\"@id\":\"https:\/\/last-chance.dk\/#\/schema\/logo\/image\/\"}}]}<\/script>\n<!-- \/ Yoast SEO plugin. -->","yoast_head_json":{"title":"V\u00e6gmaleri Savonlinna 45x153cm - LASTCHANCE Deals | Danmark","robots":{"index":"index","follow":"follow","max-snippet":"max-snippet:-1","max-image-preview":"max-image-preview:large","max-video-preview":"max-video-preview:-1"},"canonical":"https:\/\/last-chance.dk\/?product=vaegmaleri-savonlinna-45x153cm","og_locale":"da_DK","og_type":"article","og_title":"V\u00e6gmaleri Savonlinna 45x153cm - LASTCHANCE Deals | Danmark","og_description":"Er du p\u00e5 udkig efter en unik og smuk m\u00e5de at dekorere dine v\u00e6gge p\u00e5? S\u00e5 er v\u00e6gmaleriet Savonlinna fra ForrestDecor det perfekte valg for dig. Dette v\u00e6gmaleri er lavet af stof og har et flot motiv af den finske by Savonlinna, der ligger ved en s\u00f8 omgivet af gr\u00f8nne skove. V\u00e6gmaleriet har en st\u00f8rrelse [&hellip;]","og_url":"https:\/\/last-chance.dk\/?product=vaegmaleri-savonlinna-45x153cm","og_site_name":"LASTCHANCE Deals | Danmark","article_modified_time":"2025-10-13T12:11:19+00:00","og_image":[{"width":800,"height":800,"url":"https:\/\/last-chance.dk\/wp-content\/uploads\/2024\/08\/savonlinna.jpg","type":"image\/jpeg"}],"twitter_card":"summary_large_image","twitter_misc":{"Estimeret l\u00e6setid":"1 minut"},"schema":{"@context":"https:\/\/schema.org","@graph":[{"@type":"WebPage","@id":"https:\/\/last-chance.dk\/?product=vaegmaleri-savonlinna-45x153cm","url":"https:\/\/last-chance.dk\/?product=vaegmaleri-savonlinna-45x153cm","name":"V\u00e6gmaleri Savonlinna 45x153cm - LASTCHANCE Deals | Danmark","isPartOf":{"@id":"https:\/\/last-chance.dk\/#website"},"primaryImageOfPage":{"@id":"https:\/\/last-chance.dk\/?product=vaegmaleri-savonlinna-45x153cm#primaryimage"},"image":{"@id":"https:\/\/last-chance.dk\/?product=vaegmaleri-savonlinna-45x153cm#primaryimage"},"thumbnailUrl":"https:\/\/last-chance.dk\/wp-content\/uploads\/2024\/08\/savonlinna.jpg","datePublished":"2024-08-02T21:17:05+00:00","dateModified":"2025-10-13T12:11:19+00:00","breadcrumb":{"@id":"https:\/\/last-chance.dk\/?product=vaegmaleri-savonlinna-45x153cm#breadcrumb"},"inLanguage":"da-DK","potentialAction":[{"@type":"ReadAction","target":["https:\/\/last-chance.dk\/?product=vaegmaleri-savonlinna-45x153cm"]}]},{"@type":"ImageObject","inLanguage":"da-DK","@id":"https:\/\/last-chance.dk\/?product=vaegmaleri-savonlinna-45x153cm#primaryimage","url":"https:\/\/last-chance.dk\/wp-content\/uploads\/2024\/08\/savonlinna.jpg","contentUrl":"https:\/\/last-chance.dk\/wp-content\/uploads\/2024\/08\/savonlinna.jpg","width":800,"height":800},{"@type":"BreadcrumbList","@id":"https:\/\/last-chance.dk\/?product=vaegmaleri-savonlinna-45x153cm#breadcrumb","itemListElement":[{"@type":"ListItem","position":1,"name":"Home","item":"https:\/\/last-chance.dk\/"},{"@type":"ListItem","position":2,"name":"V\u00e6gmaleri Savonlinna 45x153cm"}]},{"@type":"WebSite","@id":"https:\/\/last-chance.dk\/#website","url":"https:\/\/last-chance.dk\/","name":"LASTCHANCE Deals | Danmark","description":"LASTCHANCE Deals | Danmark","publisher":{"@id":"https:\/\/last-chance.dk\/#organization"},"potentialAction":[{"@type":"SearchAction","target":{"@type":"EntryPoint","urlTemplate":"https:\/\/last-chance.dk\/?s={search_term_string}"},"query-input":{"@type":"PropertyValueSpecification","valueRequired":true,"valueName":"search_term_string"}}],"inLanguage":"da-DK"},{"@type":"Organization","@id":"https:\/\/last-chance.dk\/#organization","name":"LASTCHANCE Deals | Danmark","url":"https:\/\/last-chance.dk\/","logo":{"@type":"ImageObject","inLanguage":"da-DK","@id":"https:\/\/last-chance.dk\/#\/schema\/logo\/image\/","url":"https:\/\/last-chance.dk\/wp-content\/uploads\/2023\/10\/lastchancedeals_logo_dk_white.png","contentUrl":"https:\/\/last-chance.dk\/wp-content\/uploads\/2023\/10\/lastchancedeals_logo_dk_white.png","width":470,"height":110,"caption":"LASTCHANCE Deals | Danmark"},"image":{"@id":"https:\/\/last-chance.dk\/#\/schema\/logo\/image\/"}}]}},"_links":{"self":[{"href":"https:\/\/last-chance.dk\/index.php?rest_route=\/wp\/v2\/product\/15796","targetHints":{"allow":["GET"]}}],"collection":[{"href":"https:\/\/last-chance.dk\/index.php?rest_route=\/wp\/v2\/product"}],"about":[{"href":"https:\/\/last-chance.dk\/index.php?rest_route=\/wp\/v2\/types\/product"}],"replies":[{"embeddable":true,"href":"https:\/\/last-chance.dk\/index.php?rest_route=%2Fwp%2Fv2%2Fcomments&post=15796"}],"wp:featuredmedia":[{"embeddable":true,"href":"https:\/\/last-chance.dk\/index.php?rest_route=\/wp\/v2\/media\/15795"}],"wp:attachment":[{"href":"https:\/\/last-chance.dk\/index.php?rest_route=%2Fwp%2Fv2%2Fmedia&parent=15796"}],"wp:term":[{"taxonomy":"product_brand","embeddable":true,"href":"https:\/\/last-chance.dk\/index.php?rest_route=%2Fwp%2Fv2%2Fproduct_brand&post=15796"},{"taxonomy":"product_cat","embeddable":true,"href":"https:\/\/last-chance.dk\/index.php?rest_route=%2Fwp%2Fv2%2Fproduct_cat&post=15796"},{"taxonomy":"product_tag","embeddable":true,"href":"https:\/\/last-chance.dk\/index.php?rest_route=%2Fwp%2Fv2%2Fproduct_tag&post=15796"}],"curies":[{"name":"wp","href":"https:\/\/api.w.org\/{rel}","templated":true}]}}