{"id":15801,"date":"2024-08-03T03:04:48","date_gmt":"2024-08-03T03:04:48","guid":{"rendered":"https:\/\/www.lastchance.deals\/dk\/produkt\/vaeghylde-trico\/"},"modified":"2025-10-13T12:10:03","modified_gmt":"2025-10-13T12:10:03","slug":"vaeghylde-trico","status":"publish","type":"product","link":"https:\/\/last-chance.dk\/?product=vaeghylde-trico","title":{"rendered":"V\u00e6ghylde Trico"},"content":{"rendered":"<p>Er du p\u00e5 udkig efter en moderne og praktisk v\u00e6ghylde til dit hjem? S\u00e5 er v\u00e6ghylden Trico fra ForrestDecor et godt valg for dig. Denne v\u00e6ghylde er lavet af mdf, et holdbart og milj\u00f8venligt materiale, der passer til enhver indretning. V\u00e6ghylden Trico har et unikt design med tre trekantede hylder, der giver dig masser af plads til at opbevare eller udstille dine ting. Du kan bruge den i stuen, sovev\u00e6relset, k\u00f8kkenet eller badev\u00e6relset, og skabe et personligt og hyggeligt rum. V\u00e6ghylden Trico har udvendige dimensioner p\u00e5 60x12x49.6cm, og skal samles f\u00f8r brug. Du f\u00e5r en nem og tydelig vejledning med i pakken, s\u00e5 du kan hurtigt og nemt h\u00e6nge den op p\u00e5 v\u00e6ggen. V\u00e6ghylden Trico er lavet af ForrestDecor, en anerkendt fabrikant af kvalitetsm\u00f8bler til hjemmet. Bestil din v\u00e6ghylde Trico i dag, og gl\u00e6d dig over et flot og funktionelt tilbeh\u00f8r til dit hjem.<\/p>\n<p><\/p>\n<p>Leveringstid: Leveringstid 1 uge<br \/>\nMateriale: mdf<br \/>\nUdvendige dimensioner: 60x12x49.6cm<br \/>\nMontage: skal samles<br \/>\nFabrikant: ForrestDecor<\/p>\n","protected":false},"excerpt":{"rendered":"<p>Er du p\u00e5 udkig efter en moderne og praktisk v\u00e6ghylde til dit hjem? S\u00e5 er v\u00e6ghylden Trico fra ForrestDecor et godt valg for dig. Denne v\u00e6ghylde er lavet af mdf, et holdbart og milj\u00f8venligt materiale, der passer til enhver indretning. V\u00e6ghylden Trico har et unikt design med tre trekantede hylder, der giver dig masser af [&hellip;]<\/p>\n","protected":false},"featured_media":15799,"comment_status":"open","ping_status":"closed","template":"","meta":[],"product_brand":[],"product_cat":[199],"product_tag":[],"class_list":{"0":"post-15801","1":"product","2":"type-product","3":"status-publish","4":"has-post-thumbnail","6":"product_cat-wall-shelves","8":"first","9":"instock","10":"shipping-taxable","11":"purchasable","12":"product-type-simple"},"yoast_head":"<!-- This site is optimized with the Yoast SEO plugin v24.8.1 - https:\/\/yoast.com\/wordpress\/plugins\/seo\/ -->\n<title>V\u00e6ghylde Trico - LASTCHANCE Deals | Danmark<\/title>\n<meta name=\"robots\" content=\"index, follow, max-snippet:-1, max-image-preview:large, max-video-preview:-1\" \/>\n<link rel=\"canonical\" href=\"https:\/\/last-chance.dk\/?product=vaeghylde-trico\" \/>\n<meta property=\"og:locale\" content=\"da_DK\" \/>\n<meta property=\"og:type\" content=\"article\" \/>\n<meta property=\"og:title\" content=\"V\u00e6ghylde Trico - LASTCHANCE Deals | Danmark\" \/>\n<meta property=\"og:description\" content=\"Er du p\u00e5 udkig efter en moderne og praktisk v\u00e6ghylde til dit hjem? S\u00e5 er v\u00e6ghylden Trico fra ForrestDecor et godt valg for dig. Denne v\u00e6ghylde er lavet af mdf, et holdbart og milj\u00f8venligt materiale, der passer til enhver indretning. V\u00e6ghylden Trico har et unikt design med tre trekantede hylder, der giver dig masser af [&hellip;]\" \/>\n<meta property=\"og:url\" content=\"https:\/\/last-chance.dk\/?product=vaeghylde-trico\" \/>\n<meta property=\"og:site_name\" content=\"LASTCHANCE Deals | Danmark\" \/>\n<meta property=\"article:modified_time\" content=\"2025-10-13T12:10:03+00:00\" \/>\n<meta property=\"og:image\" content=\"https:\/\/last-chance.dk\/wp-content\/uploads\/2024\/08\/trico_white_1_1.jpg\" \/>\n\t<meta property=\"og:image:width\" content=\"788\" \/>\n\t<meta property=\"og:image:height\" content=\"729\" \/>\n\t<meta property=\"og:image:type\" content=\"image\/jpeg\" \/>\n<meta name=\"twitter:card\" content=\"summary_large_image\" \/>\n<meta name=\"twitter:label1\" content=\"Estimeret l\u00e6setid\" \/>\n\t<meta name=\"twitter:data1\" content=\"1 minut\" \/>\n<script type=\"application\/ld+json\" class=\"yoast-schema-graph\">{\"@context\":\"https:\/\/schema.org\",\"@graph\":[{\"@type\":\"WebPage\",\"@id\":\"https:\/\/last-chance.dk\/?product=vaeghylde-trico\",\"url\":\"https:\/\/last-chance.dk\/?product=vaeghylde-trico\",\"name\":\"V\u00e6ghylde Trico - LASTCHANCE Deals | Danmark\",\"isPartOf\":{\"@id\":\"https:\/\/last-chance.dk\/#website\"},\"primaryImageOfPage\":{\"@id\":\"https:\/\/last-chance.dk\/?product=vaeghylde-trico#primaryimage\"},\"image\":{\"@id\":\"https:\/\/last-chance.dk\/?product=vaeghylde-trico#primaryimage\"},\"thumbnailUrl\":\"https:\/\/last-chance.dk\/wp-content\/uploads\/2024\/08\/trico_white_1_1.jpg\",\"datePublished\":\"2024-08-03T03:04:48+00:00\",\"dateModified\":\"2025-10-13T12:10:03+00:00\",\"breadcrumb\":{\"@id\":\"https:\/\/last-chance.dk\/?product=vaeghylde-trico#breadcrumb\"},\"inLanguage\":\"da-DK\",\"potentialAction\":[{\"@type\":\"ReadAction\",\"target\":[\"https:\/\/last-chance.dk\/?product=vaeghylde-trico\"]}]},{\"@type\":\"ImageObject\",\"inLanguage\":\"da-DK\",\"@id\":\"https:\/\/last-chance.dk\/?product=vaeghylde-trico#primaryimage\",\"url\":\"https:\/\/last-chance.dk\/wp-content\/uploads\/2024\/08\/trico_white_1_1.jpg\",\"contentUrl\":\"https:\/\/last-chance.dk\/wp-content\/uploads\/2024\/08\/trico_white_1_1.jpg\",\"width\":788,\"height\":729},{\"@type\":\"BreadcrumbList\",\"@id\":\"https:\/\/last-chance.dk\/?product=vaeghylde-trico#breadcrumb\",\"itemListElement\":[{\"@type\":\"ListItem\",\"position\":1,\"name\":\"Home\",\"item\":\"https:\/\/last-chance.dk\/\"},{\"@type\":\"ListItem\",\"position\":2,\"name\":\"V\u00e6ghylde Trico\"}]},{\"@type\":\"WebSite\",\"@id\":\"https:\/\/last-chance.dk\/#website\",\"url\":\"https:\/\/last-chance.dk\/\",\"name\":\"LASTCHANCE Deals | Danmark\",\"description\":\"LASTCHANCE Deals | Danmark\",\"publisher\":{\"@id\":\"https:\/\/last-chance.dk\/#organization\"},\"potentialAction\":[{\"@type\":\"SearchAction\",\"target\":{\"@type\":\"EntryPoint\",\"urlTemplate\":\"https:\/\/last-chance.dk\/?s={search_term_string}\"},\"query-input\":{\"@type\":\"PropertyValueSpecification\",\"valueRequired\":true,\"valueName\":\"search_term_string\"}}],\"inLanguage\":\"da-DK\"},{\"@type\":\"Organization\",\"@id\":\"https:\/\/last-chance.dk\/#organization\",\"name\":\"LASTCHANCE Deals | Danmark\",\"url\":\"https:\/\/last-chance.dk\/\",\"logo\":{\"@type\":\"ImageObject\",\"inLanguage\":\"da-DK\",\"@id\":\"https:\/\/last-chance.dk\/#\/schema\/logo\/image\/\",\"url\":\"https:\/\/last-chance.dk\/wp-content\/uploads\/2023\/10\/lastchancedeals_logo_dk_white.png\",\"contentUrl\":\"https:\/\/last-chance.dk\/wp-content\/uploads\/2023\/10\/lastchancedeals_logo_dk_white.png\",\"width\":470,\"height\":110,\"caption\":\"LASTCHANCE Deals | Danmark\"},\"image\":{\"@id\":\"https:\/\/last-chance.dk\/#\/schema\/logo\/image\/\"}}]}<\/script>\n<!-- \/ Yoast SEO plugin. -->","yoast_head_json":{"title":"V\u00e6ghylde Trico - LASTCHANCE Deals | Danmark","robots":{"index":"index","follow":"follow","max-snippet":"max-snippet:-1","max-image-preview":"max-image-preview:large","max-video-preview":"max-video-preview:-1"},"canonical":"https:\/\/last-chance.dk\/?product=vaeghylde-trico","og_locale":"da_DK","og_type":"article","og_title":"V\u00e6ghylde Trico - LASTCHANCE Deals | Danmark","og_description":"Er du p\u00e5 udkig efter en moderne og praktisk v\u00e6ghylde til dit hjem? S\u00e5 er v\u00e6ghylden Trico fra ForrestDecor et godt valg for dig. Denne v\u00e6ghylde er lavet af mdf, et holdbart og milj\u00f8venligt materiale, der passer til enhver indretning. V\u00e6ghylden Trico har et unikt design med tre trekantede hylder, der giver dig masser af [&hellip;]","og_url":"https:\/\/last-chance.dk\/?product=vaeghylde-trico","og_site_name":"LASTCHANCE Deals | Danmark","article_modified_time":"2025-10-13T12:10:03+00:00","og_image":[{"width":788,"height":729,"url":"https:\/\/last-chance.dk\/wp-content\/uploads\/2024\/08\/trico_white_1_1.jpg","type":"image\/jpeg"}],"twitter_card":"summary_large_image","twitter_misc":{"Estimeret l\u00e6setid":"1 minut"},"schema":{"@context":"https:\/\/schema.org","@graph":[{"@type":"WebPage","@id":"https:\/\/last-chance.dk\/?product=vaeghylde-trico","url":"https:\/\/last-chance.dk\/?product=vaeghylde-trico","name":"V\u00e6ghylde Trico - LASTCHANCE Deals | Danmark","isPartOf":{"@id":"https:\/\/last-chance.dk\/#website"},"primaryImageOfPage":{"@id":"https:\/\/last-chance.dk\/?product=vaeghylde-trico#primaryimage"},"image":{"@id":"https:\/\/last-chance.dk\/?product=vaeghylde-trico#primaryimage"},"thumbnailUrl":"https:\/\/last-chance.dk\/wp-content\/uploads\/2024\/08\/trico_white_1_1.jpg","datePublished":"2024-08-03T03:04:48+00:00","dateModified":"2025-10-13T12:10:03+00:00","breadcrumb":{"@id":"https:\/\/last-chance.dk\/?product=vaeghylde-trico#breadcrumb"},"inLanguage":"da-DK","potentialAction":[{"@type":"ReadAction","target":["https:\/\/last-chance.dk\/?product=vaeghylde-trico"]}]},{"@type":"ImageObject","inLanguage":"da-DK","@id":"https:\/\/last-chance.dk\/?product=vaeghylde-trico#primaryimage","url":"https:\/\/last-chance.dk\/wp-content\/uploads\/2024\/08\/trico_white_1_1.jpg","contentUrl":"https:\/\/last-chance.dk\/wp-content\/uploads\/2024\/08\/trico_white_1_1.jpg","width":788,"height":729},{"@type":"BreadcrumbList","@id":"https:\/\/last-chance.dk\/?product=vaeghylde-trico#breadcrumb","itemListElement":[{"@type":"ListItem","position":1,"name":"Home","item":"https:\/\/last-chance.dk\/"},{"@type":"ListItem","position":2,"name":"V\u00e6ghylde Trico"}]},{"@type":"WebSite","@id":"https:\/\/last-chance.dk\/#website","url":"https:\/\/last-chance.dk\/","name":"LASTCHANCE Deals | Danmark","description":"LASTCHANCE Deals | Danmark","publisher":{"@id":"https:\/\/last-chance.dk\/#organization"},"potentialAction":[{"@type":"SearchAction","target":{"@type":"EntryPoint","urlTemplate":"https:\/\/last-chance.dk\/?s={search_term_string}"},"query-input":{"@type":"PropertyValueSpecification","valueRequired":true,"valueName":"search_term_string"}}],"inLanguage":"da-DK"},{"@type":"Organization","@id":"https:\/\/last-chance.dk\/#organization","name":"LASTCHANCE Deals | Danmark","url":"https:\/\/last-chance.dk\/","logo":{"@type":"ImageObject","inLanguage":"da-DK","@id":"https:\/\/last-chance.dk\/#\/schema\/logo\/image\/","url":"https:\/\/last-chance.dk\/wp-content\/uploads\/2023\/10\/lastchancedeals_logo_dk_white.png","contentUrl":"https:\/\/last-chance.dk\/wp-content\/uploads\/2023\/10\/lastchancedeals_logo_dk_white.png","width":470,"height":110,"caption":"LASTCHANCE Deals | Danmark"},"image":{"@id":"https:\/\/last-chance.dk\/#\/schema\/logo\/image\/"}}]}},"_links":{"self":[{"href":"https:\/\/last-chance.dk\/index.php?rest_route=\/wp\/v2\/product\/15801","targetHints":{"allow":["GET"]}}],"collection":[{"href":"https:\/\/last-chance.dk\/index.php?rest_route=\/wp\/v2\/product"}],"about":[{"href":"https:\/\/last-chance.dk\/index.php?rest_route=\/wp\/v2\/types\/product"}],"replies":[{"embeddable":true,"href":"https:\/\/last-chance.dk\/index.php?rest_route=%2Fwp%2Fv2%2Fcomments&post=15801"}],"wp:featuredmedia":[{"embeddable":true,"href":"https:\/\/last-chance.dk\/index.php?rest_route=\/wp\/v2\/media\/15799"}],"wp:attachment":[{"href":"https:\/\/last-chance.dk\/index.php?rest_route=%2Fwp%2Fv2%2Fmedia&parent=15801"}],"wp:term":[{"taxonomy":"product_brand","embeddable":true,"href":"https:\/\/last-chance.dk\/index.php?rest_route=%2Fwp%2Fv2%2Fproduct_brand&post=15801"},{"taxonomy":"product_cat","embeddable":true,"href":"https:\/\/last-chance.dk\/index.php?rest_route=%2Fwp%2Fv2%2Fproduct_cat&post=15801"},{"taxonomy":"product_tag","embeddable":true,"href":"https:\/\/last-chance.dk\/index.php?rest_route=%2Fwp%2Fv2%2Fproduct_tag&post=15801"}],"curies":[{"name":"wp","href":"https:\/\/api.w.org\/{rel}","templated":true}]}}