{"id":15809,"date":"2024-08-24T13:21:10","date_gmt":"2024-08-24T13:21:10","guid":{"rendered":"https:\/\/www.lastchance.deals\/dk\/produkt\/tv-bord-og-sofabordssaet-gavin\/"},"modified":"2025-10-13T12:08:18","modified_gmt":"2025-10-13T12:08:18","slug":"tv-bord-og-sofabordssaet-gavin","status":"publish","type":"product","link":"https:\/\/last-chance.dk\/?product=tv-bord-og-sofabordssaet-gavin","title":{"rendered":"Tv-bord og sofabordss\u00e6t Gavin"},"content":{"rendered":"<p>Hvis du leder efter et moderne og elegant s\u00e6t af m\u00f8bler til din stue, s\u00e5 er tv-bord og sofabordss\u00e6t Gavin det perfekte valg for dig. Dette s\u00e6t best\u00e5r af et tv-bord og et sofabord, der er lavet af glas og metal i et minimalistisk design. Tv-bordet har en stor hylde til at opbevare dine elektroniske enheder, mens sofabordet har en rund form, der passer til enhver sofa. Begge borde har slanke metalben, der giver dem et let og luftigt udtryk.<\/p>\n<p><\/p>\n<p>Tv-bord og sofabordss\u00e6t Gavin er nemt at samle og kommer med en 6 m\u00e5neders rammegaranti fra fabrikanten ForrestDecor. Du kan v\u00e6re sikker p\u00e5, at du f\u00e5r et kvalitetsprodukt, der vil holde i mange \u00e5r. Bestil dit s\u00e6t i dag og giv din stue et nyt og moderne look.<\/p>\n<p><\/p>\n<p>Leveringstid: Leveringstid 1 uge<br \/>\nStil: moderne<br \/>\nMateriale: glas,metal<br \/>\nUdvendige dimensioner: 160x35x45\/100x50x45cm<br \/>\nMontage: skal samles<br \/>\nGaranti: 6 m\u00e5neders rammegaranti<br \/>\nFabrikant: ForrestDecor<\/p>\n","protected":false},"excerpt":{"rendered":"<p>Hvis du leder efter et moderne og elegant s\u00e6t af m\u00f8bler til din stue, s\u00e5 er tv-bord og sofabordss\u00e6t Gavin det perfekte valg for dig. Dette s\u00e6t best\u00e5r af et tv-bord og et sofabord, der er lavet af glas og metal i et minimalistisk design. Tv-bordet har en stor hylde til at opbevare dine elektroniske [&hellip;]<\/p>\n","protected":false},"featured_media":15806,"comment_status":"open","ping_status":"closed","template":"","meta":[],"product_brand":[],"product_cat":[152],"product_tag":[],"class_list":{"0":"post-15809","1":"product","2":"type-product","3":"status-publish","4":"has-post-thumbnail","6":"product_cat-tv-stands","8":"first","9":"instock","10":"shipping-taxable","11":"purchasable","12":"product-type-simple"},"yoast_head":"<!-- This site is optimized with the Yoast SEO plugin v24.8.1 - https:\/\/yoast.com\/wordpress\/plugins\/seo\/ -->\n<title>Tv-bord og sofabordss\u00e6t Gavin - LASTCHANCE Deals | Danmark<\/title>\n<meta name=\"robots\" content=\"index, follow, max-snippet:-1, max-image-preview:large, max-video-preview:-1\" \/>\n<link rel=\"canonical\" href=\"https:\/\/last-chance.dk\/?product=tv-bord-og-sofabordssaet-gavin\" \/>\n<meta property=\"og:locale\" content=\"da_DK\" \/>\n<meta property=\"og:type\" content=\"article\" \/>\n<meta property=\"og:title\" content=\"Tv-bord og sofabordss\u00e6t Gavin - LASTCHANCE Deals | Danmark\" \/>\n<meta property=\"og:description\" content=\"Hvis du leder efter et moderne og elegant s\u00e6t af m\u00f8bler til din stue, s\u00e5 er tv-bord og sofabordss\u00e6t Gavin det perfekte valg for dig. Dette s\u00e6t best\u00e5r af et tv-bord og et sofabord, der er lavet af glas og metal i et minimalistisk design. Tv-bordet har en stor hylde til at opbevare dine elektroniske [&hellip;]\" \/>\n<meta property=\"og:url\" content=\"https:\/\/last-chance.dk\/?product=tv-bord-og-sofabordssaet-gavin\" \/>\n<meta property=\"og:site_name\" content=\"LASTCHANCE Deals | Danmark\" \/>\n<meta property=\"article:modified_time\" content=\"2025-10-13T12:08:18+00:00\" \/>\n<meta property=\"og:image\" content=\"https:\/\/last-chance.dk\/wp-content\/uploads\/2024\/08\/gavin_black_1.jpg\" \/>\n\t<meta property=\"og:image:width\" content=\"750\" \/>\n\t<meta property=\"og:image:height\" content=\"778\" \/>\n\t<meta property=\"og:image:type\" content=\"image\/jpeg\" \/>\n<meta name=\"twitter:card\" content=\"summary_large_image\" \/>\n<meta name=\"twitter:label1\" content=\"Estimeret l\u00e6setid\" \/>\n\t<meta name=\"twitter:data1\" content=\"1 minut\" \/>\n<script type=\"application\/ld+json\" class=\"yoast-schema-graph\">{\"@context\":\"https:\/\/schema.org\",\"@graph\":[{\"@type\":\"WebPage\",\"@id\":\"https:\/\/last-chance.dk\/?product=tv-bord-og-sofabordssaet-gavin\",\"url\":\"https:\/\/last-chance.dk\/?product=tv-bord-og-sofabordssaet-gavin\",\"name\":\"Tv-bord og sofabordss\u00e6t Gavin - LASTCHANCE Deals | Danmark\",\"isPartOf\":{\"@id\":\"https:\/\/last-chance.dk\/#website\"},\"primaryImageOfPage\":{\"@id\":\"https:\/\/last-chance.dk\/?product=tv-bord-og-sofabordssaet-gavin#primaryimage\"},\"image\":{\"@id\":\"https:\/\/last-chance.dk\/?product=tv-bord-og-sofabordssaet-gavin#primaryimage\"},\"thumbnailUrl\":\"https:\/\/last-chance.dk\/wp-content\/uploads\/2024\/08\/gavin_black_1.jpg\",\"datePublished\":\"2024-08-24T13:21:10+00:00\",\"dateModified\":\"2025-10-13T12:08:18+00:00\",\"breadcrumb\":{\"@id\":\"https:\/\/last-chance.dk\/?product=tv-bord-og-sofabordssaet-gavin#breadcrumb\"},\"inLanguage\":\"da-DK\",\"potentialAction\":[{\"@type\":\"ReadAction\",\"target\":[\"https:\/\/last-chance.dk\/?product=tv-bord-og-sofabordssaet-gavin\"]}]},{\"@type\":\"ImageObject\",\"inLanguage\":\"da-DK\",\"@id\":\"https:\/\/last-chance.dk\/?product=tv-bord-og-sofabordssaet-gavin#primaryimage\",\"url\":\"https:\/\/last-chance.dk\/wp-content\/uploads\/2024\/08\/gavin_black_1.jpg\",\"contentUrl\":\"https:\/\/last-chance.dk\/wp-content\/uploads\/2024\/08\/gavin_black_1.jpg\",\"width\":750,\"height\":778},{\"@type\":\"BreadcrumbList\",\"@id\":\"https:\/\/last-chance.dk\/?product=tv-bord-og-sofabordssaet-gavin#breadcrumb\",\"itemListElement\":[{\"@type\":\"ListItem\",\"position\":1,\"name\":\"Home\",\"item\":\"https:\/\/last-chance.dk\/\"},{\"@type\":\"ListItem\",\"position\":2,\"name\":\"Tv-bord og sofabordss\u00e6t Gavin\"}]},{\"@type\":\"WebSite\",\"@id\":\"https:\/\/last-chance.dk\/#website\",\"url\":\"https:\/\/last-chance.dk\/\",\"name\":\"LASTCHANCE Deals | Danmark\",\"description\":\"LASTCHANCE Deals | Danmark\",\"publisher\":{\"@id\":\"https:\/\/last-chance.dk\/#organization\"},\"potentialAction\":[{\"@type\":\"SearchAction\",\"target\":{\"@type\":\"EntryPoint\",\"urlTemplate\":\"https:\/\/last-chance.dk\/?s={search_term_string}\"},\"query-input\":{\"@type\":\"PropertyValueSpecification\",\"valueRequired\":true,\"valueName\":\"search_term_string\"}}],\"inLanguage\":\"da-DK\"},{\"@type\":\"Organization\",\"@id\":\"https:\/\/last-chance.dk\/#organization\",\"name\":\"LASTCHANCE Deals | Danmark\",\"url\":\"https:\/\/last-chance.dk\/\",\"logo\":{\"@type\":\"ImageObject\",\"inLanguage\":\"da-DK\",\"@id\":\"https:\/\/last-chance.dk\/#\/schema\/logo\/image\/\",\"url\":\"https:\/\/last-chance.dk\/wp-content\/uploads\/2023\/10\/lastchancedeals_logo_dk_white.png\",\"contentUrl\":\"https:\/\/last-chance.dk\/wp-content\/uploads\/2023\/10\/lastchancedeals_logo_dk_white.png\",\"width\":470,\"height\":110,\"caption\":\"LASTCHANCE Deals | Danmark\"},\"image\":{\"@id\":\"https:\/\/last-chance.dk\/#\/schema\/logo\/image\/\"}}]}<\/script>\n<!-- \/ Yoast SEO plugin. -->","yoast_head_json":{"title":"Tv-bord og sofabordss\u00e6t Gavin - LASTCHANCE Deals | Danmark","robots":{"index":"index","follow":"follow","max-snippet":"max-snippet:-1","max-image-preview":"max-image-preview:large","max-video-preview":"max-video-preview:-1"},"canonical":"https:\/\/last-chance.dk\/?product=tv-bord-og-sofabordssaet-gavin","og_locale":"da_DK","og_type":"article","og_title":"Tv-bord og sofabordss\u00e6t Gavin - LASTCHANCE Deals | Danmark","og_description":"Hvis du leder efter et moderne og elegant s\u00e6t af m\u00f8bler til din stue, s\u00e5 er tv-bord og sofabordss\u00e6t Gavin det perfekte valg for dig. Dette s\u00e6t best\u00e5r af et tv-bord og et sofabord, der er lavet af glas og metal i et minimalistisk design. Tv-bordet har en stor hylde til at opbevare dine elektroniske [&hellip;]","og_url":"https:\/\/last-chance.dk\/?product=tv-bord-og-sofabordssaet-gavin","og_site_name":"LASTCHANCE Deals | Danmark","article_modified_time":"2025-10-13T12:08:18+00:00","og_image":[{"width":750,"height":778,"url":"https:\/\/last-chance.dk\/wp-content\/uploads\/2024\/08\/gavin_black_1.jpg","type":"image\/jpeg"}],"twitter_card":"summary_large_image","twitter_misc":{"Estimeret l\u00e6setid":"1 minut"},"schema":{"@context":"https:\/\/schema.org","@graph":[{"@type":"WebPage","@id":"https:\/\/last-chance.dk\/?product=tv-bord-og-sofabordssaet-gavin","url":"https:\/\/last-chance.dk\/?product=tv-bord-og-sofabordssaet-gavin","name":"Tv-bord og sofabordss\u00e6t Gavin - LASTCHANCE Deals | Danmark","isPartOf":{"@id":"https:\/\/last-chance.dk\/#website"},"primaryImageOfPage":{"@id":"https:\/\/last-chance.dk\/?product=tv-bord-og-sofabordssaet-gavin#primaryimage"},"image":{"@id":"https:\/\/last-chance.dk\/?product=tv-bord-og-sofabordssaet-gavin#primaryimage"},"thumbnailUrl":"https:\/\/last-chance.dk\/wp-content\/uploads\/2024\/08\/gavin_black_1.jpg","datePublished":"2024-08-24T13:21:10+00:00","dateModified":"2025-10-13T12:08:18+00:00","breadcrumb":{"@id":"https:\/\/last-chance.dk\/?product=tv-bord-og-sofabordssaet-gavin#breadcrumb"},"inLanguage":"da-DK","potentialAction":[{"@type":"ReadAction","target":["https:\/\/last-chance.dk\/?product=tv-bord-og-sofabordssaet-gavin"]}]},{"@type":"ImageObject","inLanguage":"da-DK","@id":"https:\/\/last-chance.dk\/?product=tv-bord-og-sofabordssaet-gavin#primaryimage","url":"https:\/\/last-chance.dk\/wp-content\/uploads\/2024\/08\/gavin_black_1.jpg","contentUrl":"https:\/\/last-chance.dk\/wp-content\/uploads\/2024\/08\/gavin_black_1.jpg","width":750,"height":778},{"@type":"BreadcrumbList","@id":"https:\/\/last-chance.dk\/?product=tv-bord-og-sofabordssaet-gavin#breadcrumb","itemListElement":[{"@type":"ListItem","position":1,"name":"Home","item":"https:\/\/last-chance.dk\/"},{"@type":"ListItem","position":2,"name":"Tv-bord og sofabordss\u00e6t Gavin"}]},{"@type":"WebSite","@id":"https:\/\/last-chance.dk\/#website","url":"https:\/\/last-chance.dk\/","name":"LASTCHANCE Deals | Danmark","description":"LASTCHANCE Deals | Danmark","publisher":{"@id":"https:\/\/last-chance.dk\/#organization"},"potentialAction":[{"@type":"SearchAction","target":{"@type":"EntryPoint","urlTemplate":"https:\/\/last-chance.dk\/?s={search_term_string}"},"query-input":{"@type":"PropertyValueSpecification","valueRequired":true,"valueName":"search_term_string"}}],"inLanguage":"da-DK"},{"@type":"Organization","@id":"https:\/\/last-chance.dk\/#organization","name":"LASTCHANCE Deals | Danmark","url":"https:\/\/last-chance.dk\/","logo":{"@type":"ImageObject","inLanguage":"da-DK","@id":"https:\/\/last-chance.dk\/#\/schema\/logo\/image\/","url":"https:\/\/last-chance.dk\/wp-content\/uploads\/2023\/10\/lastchancedeals_logo_dk_white.png","contentUrl":"https:\/\/last-chance.dk\/wp-content\/uploads\/2023\/10\/lastchancedeals_logo_dk_white.png","width":470,"height":110,"caption":"LASTCHANCE Deals | Danmark"},"image":{"@id":"https:\/\/last-chance.dk\/#\/schema\/logo\/image\/"}}]}},"_links":{"self":[{"href":"https:\/\/last-chance.dk\/index.php?rest_route=\/wp\/v2\/product\/15809","targetHints":{"allow":["GET"]}}],"collection":[{"href":"https:\/\/last-chance.dk\/index.php?rest_route=\/wp\/v2\/product"}],"about":[{"href":"https:\/\/last-chance.dk\/index.php?rest_route=\/wp\/v2\/types\/product"}],"replies":[{"embeddable":true,"href":"https:\/\/last-chance.dk\/index.php?rest_route=%2Fwp%2Fv2%2Fcomments&post=15809"}],"wp:featuredmedia":[{"embeddable":true,"href":"https:\/\/last-chance.dk\/index.php?rest_route=\/wp\/v2\/media\/15806"}],"wp:attachment":[{"href":"https:\/\/last-chance.dk\/index.php?rest_route=%2Fwp%2Fv2%2Fmedia&parent=15809"}],"wp:term":[{"taxonomy":"product_brand","embeddable":true,"href":"https:\/\/last-chance.dk\/index.php?rest_route=%2Fwp%2Fv2%2Fproduct_brand&post=15809"},{"taxonomy":"product_cat","embeddable":true,"href":"https:\/\/last-chance.dk\/index.php?rest_route=%2Fwp%2Fv2%2Fproduct_cat&post=15809"},{"taxonomy":"product_tag","embeddable":true,"href":"https:\/\/last-chance.dk\/index.php?rest_route=%2Fwp%2Fv2%2Fproduct_tag&post=15809"}],"curies":[{"name":"wp","href":"https:\/\/api.w.org\/{rel}","templated":true}]}}