{"id":15814,"date":"2024-08-24T13:26:47","date_gmt":"2024-08-24T13:26:47","guid":{"rendered":"https:\/\/www.lastchance.deals\/dk\/produkt\/tv-bord-luceluce\/"},"modified":"2025-10-13T12:07:47","modified_gmt":"2025-10-13T12:07:47","slug":"tv-bord-luceluce","status":"publish","type":"product","link":"https:\/\/last-chance.dk\/?product=tv-bord-luceluce","title":{"rendered":"TV-bord Luceluce"},"content":{"rendered":"<p>M\u00f8d vores elegante <strong>TV-bord Luceluce<\/strong> fra ForrestDecor. Med sine udvendige dimensioner p\u00e5 40x150x52 cm passer dette tv-bord til enhver stue. Bordets design er b\u00e5de stilfuldt og praktisk, hvilket g\u00f8r det til det ideelle valg til dit tv.<\/p>\n<p><\/p>\n<p>Dette sk\u00f8nne tv-bord er lavet i en <strong>klassisk sort farve<\/strong>, som passer ind i enhver indretning og til enhver farveskala. Bordet kommer <strong>halvt samlet<\/strong>, s\u00e5 du kan let fuldf\u00f8re monteringen uden besv\u00e6r. Med vores nemme instruktioner vil du have dit nye tv-bord oppe at st\u00e5 p\u00e5 ingen tid.<\/p>\n<p><\/p>\n<p>Vi er stolte over at kunne tilbyde tv-bordet fra ForrestDecor, en f\u00f8rende producent kendt for deres h\u00f8je kvalitet og holdbarhed. N\u00e5r du k\u00f8ber et produkt fra ForrestDecor, kan du v\u00e6re sikker p\u00e5 at du f\u00e5r et m\u00f8bel, der er lavet til at vare. Derfor giver vi en <strong>12 m\u00e5neders garanti<\/strong> p\u00e5 dette tv-bord &#8211; det er vores l\u00f8fte om kvalitet til dig.<\/p>\n<p><\/p>\n<p>Nyde din tv-tid med vores TV-bord Luceluce. L\u00e6g det i din indk\u00f8bskurv i dag og gl\u00e6d dig over det perfekte tilbeh\u00f8r til din stue.<\/p>\n<p><\/p>\n<p>Leveringstid: Leveringstid 1 uge<br \/>\nFarve: sort<br \/>\nUdvendige dimensioner: 40x150x52 cm<br \/>\nMontage: halvt samlet<br \/>\nGaranti: 12 m\u00e5neder<br \/>\nLavet: i EU<br \/>\nFabrikant: LuxCasa<\/p>\n","protected":false},"excerpt":{"rendered":"<p>M\u00f8d vores elegante TV-bord Luceluce fra ForrestDecor. Med sine udvendige dimensioner p\u00e5 40x150x52 cm passer dette tv-bord til enhver stue. Bordets design er b\u00e5de stilfuldt og praktisk, hvilket g\u00f8r det til det ideelle valg til dit tv. Dette sk\u00f8nne tv-bord er lavet i en klassisk sort farve, som passer ind i enhver indretning og til [&hellip;]<\/p>\n","protected":false},"featured_media":15810,"comment_status":"open","ping_status":"closed","template":"","meta":[],"product_brand":[],"product_cat":[152],"product_tag":[],"class_list":{"0":"post-15814","1":"product","2":"type-product","3":"status-publish","4":"has-post-thumbnail","6":"product_cat-tv-stands","8":"first","9":"instock","10":"shipping-taxable","11":"purchasable","12":"product-type-simple"},"yoast_head":"<!-- This site is optimized with the Yoast SEO plugin v24.8.1 - https:\/\/yoast.com\/wordpress\/plugins\/seo\/ -->\n<title>TV-bord Luceluce - LASTCHANCE Deals | Danmark<\/title>\n<meta name=\"robots\" content=\"index, follow, max-snippet:-1, max-image-preview:large, max-video-preview:-1\" \/>\n<link rel=\"canonical\" href=\"https:\/\/last-chance.dk\/?product=tv-bord-luceluce\" \/>\n<meta property=\"og:locale\" content=\"da_DK\" \/>\n<meta property=\"og:type\" content=\"article\" \/>\n<meta property=\"og:title\" content=\"TV-bord Luceluce - LASTCHANCE Deals | Danmark\" \/>\n<meta property=\"og:description\" content=\"M\u00f8d vores elegante TV-bord Luceluce fra ForrestDecor. Med sine udvendige dimensioner p\u00e5 40x150x52 cm passer dette tv-bord til enhver stue. Bordets design er b\u00e5de stilfuldt og praktisk, hvilket g\u00f8r det til det ideelle valg til dit tv. Dette sk\u00f8nne tv-bord er lavet i en klassisk sort farve, som passer ind i enhver indretning og til [&hellip;]\" \/>\n<meta property=\"og:url\" content=\"https:\/\/last-chance.dk\/?product=tv-bord-luceluce\" \/>\n<meta property=\"og:site_name\" content=\"LASTCHANCE Deals | Danmark\" \/>\n<meta property=\"article:modified_time\" content=\"2025-10-13T12:07:47+00:00\" \/>\n<meta property=\"og:image\" content=\"https:\/\/last-chance.dk\/wp-content\/uploads\/2024\/08\/img4_23.jpg\" \/>\n\t<meta property=\"og:image:width\" content=\"1920\" \/>\n\t<meta property=\"og:image:height\" content=\"1920\" \/>\n\t<meta property=\"og:image:type\" content=\"image\/jpeg\" \/>\n<meta name=\"twitter:card\" content=\"summary_large_image\" \/>\n<meta name=\"twitter:label1\" content=\"Estimeret l\u00e6setid\" \/>\n\t<meta name=\"twitter:data1\" content=\"1 minut\" \/>\n<script type=\"application\/ld+json\" class=\"yoast-schema-graph\">{\"@context\":\"https:\/\/schema.org\",\"@graph\":[{\"@type\":\"WebPage\",\"@id\":\"https:\/\/last-chance.dk\/?product=tv-bord-luceluce\",\"url\":\"https:\/\/last-chance.dk\/?product=tv-bord-luceluce\",\"name\":\"TV-bord Luceluce - LASTCHANCE Deals | Danmark\",\"isPartOf\":{\"@id\":\"https:\/\/last-chance.dk\/#website\"},\"primaryImageOfPage\":{\"@id\":\"https:\/\/last-chance.dk\/?product=tv-bord-luceluce#primaryimage\"},\"image\":{\"@id\":\"https:\/\/last-chance.dk\/?product=tv-bord-luceluce#primaryimage\"},\"thumbnailUrl\":\"https:\/\/last-chance.dk\/wp-content\/uploads\/2024\/08\/img4_23.jpg\",\"datePublished\":\"2024-08-24T13:26:47+00:00\",\"dateModified\":\"2025-10-13T12:07:47+00:00\",\"breadcrumb\":{\"@id\":\"https:\/\/last-chance.dk\/?product=tv-bord-luceluce#breadcrumb\"},\"inLanguage\":\"da-DK\",\"potentialAction\":[{\"@type\":\"ReadAction\",\"target\":[\"https:\/\/last-chance.dk\/?product=tv-bord-luceluce\"]}]},{\"@type\":\"ImageObject\",\"inLanguage\":\"da-DK\",\"@id\":\"https:\/\/last-chance.dk\/?product=tv-bord-luceluce#primaryimage\",\"url\":\"https:\/\/last-chance.dk\/wp-content\/uploads\/2024\/08\/img4_23.jpg\",\"contentUrl\":\"https:\/\/last-chance.dk\/wp-content\/uploads\/2024\/08\/img4_23.jpg\",\"width\":1920,\"height\":1920},{\"@type\":\"BreadcrumbList\",\"@id\":\"https:\/\/last-chance.dk\/?product=tv-bord-luceluce#breadcrumb\",\"itemListElement\":[{\"@type\":\"ListItem\",\"position\":1,\"name\":\"Home\",\"item\":\"https:\/\/last-chance.dk\/\"},{\"@type\":\"ListItem\",\"position\":2,\"name\":\"TV-bord Luceluce\"}]},{\"@type\":\"WebSite\",\"@id\":\"https:\/\/last-chance.dk\/#website\",\"url\":\"https:\/\/last-chance.dk\/\",\"name\":\"LASTCHANCE Deals | Danmark\",\"description\":\"LASTCHANCE Deals | Danmark\",\"publisher\":{\"@id\":\"https:\/\/last-chance.dk\/#organization\"},\"potentialAction\":[{\"@type\":\"SearchAction\",\"target\":{\"@type\":\"EntryPoint\",\"urlTemplate\":\"https:\/\/last-chance.dk\/?s={search_term_string}\"},\"query-input\":{\"@type\":\"PropertyValueSpecification\",\"valueRequired\":true,\"valueName\":\"search_term_string\"}}],\"inLanguage\":\"da-DK\"},{\"@type\":\"Organization\",\"@id\":\"https:\/\/last-chance.dk\/#organization\",\"name\":\"LASTCHANCE Deals | Danmark\",\"url\":\"https:\/\/last-chance.dk\/\",\"logo\":{\"@type\":\"ImageObject\",\"inLanguage\":\"da-DK\",\"@id\":\"https:\/\/last-chance.dk\/#\/schema\/logo\/image\/\",\"url\":\"https:\/\/last-chance.dk\/wp-content\/uploads\/2023\/10\/lastchancedeals_logo_dk_white.png\",\"contentUrl\":\"https:\/\/last-chance.dk\/wp-content\/uploads\/2023\/10\/lastchancedeals_logo_dk_white.png\",\"width\":470,\"height\":110,\"caption\":\"LASTCHANCE Deals | Danmark\"},\"image\":{\"@id\":\"https:\/\/last-chance.dk\/#\/schema\/logo\/image\/\"}}]}<\/script>\n<!-- \/ Yoast SEO plugin. -->","yoast_head_json":{"title":"TV-bord Luceluce - LASTCHANCE Deals | Danmark","robots":{"index":"index","follow":"follow","max-snippet":"max-snippet:-1","max-image-preview":"max-image-preview:large","max-video-preview":"max-video-preview:-1"},"canonical":"https:\/\/last-chance.dk\/?product=tv-bord-luceluce","og_locale":"da_DK","og_type":"article","og_title":"TV-bord Luceluce - LASTCHANCE Deals | Danmark","og_description":"M\u00f8d vores elegante TV-bord Luceluce fra ForrestDecor. Med sine udvendige dimensioner p\u00e5 40x150x52 cm passer dette tv-bord til enhver stue. Bordets design er b\u00e5de stilfuldt og praktisk, hvilket g\u00f8r det til det ideelle valg til dit tv. Dette sk\u00f8nne tv-bord er lavet i en klassisk sort farve, som passer ind i enhver indretning og til [&hellip;]","og_url":"https:\/\/last-chance.dk\/?product=tv-bord-luceluce","og_site_name":"LASTCHANCE Deals | Danmark","article_modified_time":"2025-10-13T12:07:47+00:00","og_image":[{"width":1920,"height":1920,"url":"https:\/\/last-chance.dk\/wp-content\/uploads\/2024\/08\/img4_23.jpg","type":"image\/jpeg"}],"twitter_card":"summary_large_image","twitter_misc":{"Estimeret l\u00e6setid":"1 minut"},"schema":{"@context":"https:\/\/schema.org","@graph":[{"@type":"WebPage","@id":"https:\/\/last-chance.dk\/?product=tv-bord-luceluce","url":"https:\/\/last-chance.dk\/?product=tv-bord-luceluce","name":"TV-bord Luceluce - LASTCHANCE Deals | Danmark","isPartOf":{"@id":"https:\/\/last-chance.dk\/#website"},"primaryImageOfPage":{"@id":"https:\/\/last-chance.dk\/?product=tv-bord-luceluce#primaryimage"},"image":{"@id":"https:\/\/last-chance.dk\/?product=tv-bord-luceluce#primaryimage"},"thumbnailUrl":"https:\/\/last-chance.dk\/wp-content\/uploads\/2024\/08\/img4_23.jpg","datePublished":"2024-08-24T13:26:47+00:00","dateModified":"2025-10-13T12:07:47+00:00","breadcrumb":{"@id":"https:\/\/last-chance.dk\/?product=tv-bord-luceluce#breadcrumb"},"inLanguage":"da-DK","potentialAction":[{"@type":"ReadAction","target":["https:\/\/last-chance.dk\/?product=tv-bord-luceluce"]}]},{"@type":"ImageObject","inLanguage":"da-DK","@id":"https:\/\/last-chance.dk\/?product=tv-bord-luceluce#primaryimage","url":"https:\/\/last-chance.dk\/wp-content\/uploads\/2024\/08\/img4_23.jpg","contentUrl":"https:\/\/last-chance.dk\/wp-content\/uploads\/2024\/08\/img4_23.jpg","width":1920,"height":1920},{"@type":"BreadcrumbList","@id":"https:\/\/last-chance.dk\/?product=tv-bord-luceluce#breadcrumb","itemListElement":[{"@type":"ListItem","position":1,"name":"Home","item":"https:\/\/last-chance.dk\/"},{"@type":"ListItem","position":2,"name":"TV-bord Luceluce"}]},{"@type":"WebSite","@id":"https:\/\/last-chance.dk\/#website","url":"https:\/\/last-chance.dk\/","name":"LASTCHANCE Deals | Danmark","description":"LASTCHANCE Deals | Danmark","publisher":{"@id":"https:\/\/last-chance.dk\/#organization"},"potentialAction":[{"@type":"SearchAction","target":{"@type":"EntryPoint","urlTemplate":"https:\/\/last-chance.dk\/?s={search_term_string}"},"query-input":{"@type":"PropertyValueSpecification","valueRequired":true,"valueName":"search_term_string"}}],"inLanguage":"da-DK"},{"@type":"Organization","@id":"https:\/\/last-chance.dk\/#organization","name":"LASTCHANCE Deals | Danmark","url":"https:\/\/last-chance.dk\/","logo":{"@type":"ImageObject","inLanguage":"da-DK","@id":"https:\/\/last-chance.dk\/#\/schema\/logo\/image\/","url":"https:\/\/last-chance.dk\/wp-content\/uploads\/2023\/10\/lastchancedeals_logo_dk_white.png","contentUrl":"https:\/\/last-chance.dk\/wp-content\/uploads\/2023\/10\/lastchancedeals_logo_dk_white.png","width":470,"height":110,"caption":"LASTCHANCE Deals | Danmark"},"image":{"@id":"https:\/\/last-chance.dk\/#\/schema\/logo\/image\/"}}]}},"_links":{"self":[{"href":"https:\/\/last-chance.dk\/index.php?rest_route=\/wp\/v2\/product\/15814","targetHints":{"allow":["GET"]}}],"collection":[{"href":"https:\/\/last-chance.dk\/index.php?rest_route=\/wp\/v2\/product"}],"about":[{"href":"https:\/\/last-chance.dk\/index.php?rest_route=\/wp\/v2\/types\/product"}],"replies":[{"embeddable":true,"href":"https:\/\/last-chance.dk\/index.php?rest_route=%2Fwp%2Fv2%2Fcomments&post=15814"}],"wp:featuredmedia":[{"embeddable":true,"href":"https:\/\/last-chance.dk\/index.php?rest_route=\/wp\/v2\/media\/15810"}],"wp:attachment":[{"href":"https:\/\/last-chance.dk\/index.php?rest_route=%2Fwp%2Fv2%2Fmedia&parent=15814"}],"wp:term":[{"taxonomy":"product_brand","embeddable":true,"href":"https:\/\/last-chance.dk\/index.php?rest_route=%2Fwp%2Fv2%2Fproduct_brand&post=15814"},{"taxonomy":"product_cat","embeddable":true,"href":"https:\/\/last-chance.dk\/index.php?rest_route=%2Fwp%2Fv2%2Fproduct_cat&post=15814"},{"taxonomy":"product_tag","embeddable":true,"href":"https:\/\/last-chance.dk\/index.php?rest_route=%2Fwp%2Fv2%2Fproduct_tag&post=15814"}],"curies":[{"name":"wp","href":"https:\/\/api.w.org\/{rel}","templated":true}]}}